{"id":123,"date":"2022-02-17T20:37:46","date_gmt":"2022-02-17T20:37:46","guid":{"rendered":"http:\/\/turismopalencia.digital\/?page_id=123"},"modified":"2022-04-04T19:37:34","modified_gmt":"2022-04-04T19:37:34","slug":"catedral","status":"publish","type":"page","link":"https:\/\/turismopalencia.digital\/index.php\/catedral\/","title":{"rendered":"Catedral"},"content":{"rendered":"\n<hr class=\"wp-block-separator\"\/>\n\n\n\n<figure class=\"wp-block-image size-full is-resized\"><img loading=\"lazy\" src=\"http:\/\/turismopalencia.digital\/wp-content\/uploads\/2022\/02\/01-1.jpg\" alt=\"\" class=\"wp-image-355\" width=\"1241\" height=\"1034\" srcset=\"https:\/\/turismopalencia.digital\/wp-content\/uploads\/2022\/02\/01-1.jpg 600w, https:\/\/turismopalencia.digital\/wp-content\/uploads\/2022\/02\/01-1-300x250.jpg 300w, https:\/\/turismopalencia.digital\/wp-content\/uploads\/2022\/02\/01-1-12x10.jpg 12w\" sizes=\"(max-width: 1241px) 100vw, 1241px\" \/><figcaption>Catedral de Palencia<\/figcaption><\/figure>\n\n\n\n<hr class=\"wp-block-separator\"\/>\n\n\n\n<p><strong>Es una iglesia de grandes proporciones: 130 metros de longitud, con una anchura de 50 metros en el crucero, m\u00e1s otros tantos del claustro y sala capitular; el \u00e1bside roza los 43 metros de altura. Est\u00e1 dedicada a san Antol\u00edn m\u00e1rtir, patrono de Palencia, parte de cuyas reliquias conserva.<\/strong><br><strong>&nbsp;&nbsp;&nbsp;&nbsp;&nbsp;Se trata de un edificio de estilo predominantemente g\u00f3tico, aunque conserva elementos anteriores, de \u00e9poca visigoda y rom\u00e1nica, y elementos decorativos renacentistas, barrocos y neocl\u00e1sicos. La construcci\u00f3n comenz\u00f3 en el siglo XIV, siendo la \u00fanica gran catedral castellana iniciada en esa centuria.<\/strong><br><strong>&nbsp;&nbsp;&nbsp;&nbsp;&nbsp;El exterior carece de una fachada principal propiamente dicha y se presenta austero y macizo, situaci\u00f3n que no refleja la grandeza de su interior, donde pueden verse m\u00e1s de veinte capillas de gran inter\u00e9s art\u00edstico e hist\u00f3rico.<\/strong><br><strong>&nbsp;&nbsp;&nbsp;&nbsp;&nbsp;Aunque la construcci\u00f3n de la catedral g\u00f3tica dur\u00f3 desde el siglo XIV hasta el XVI, en realidad lo que hoy d\u00eda se observa ha tardado casi catorce siglos en ser levantado, pues la parte m\u00e1s antigua de la Cripta de San Antol\u00edn data del siglo VII y hubo importantes obras y reformas en el S. XX.<\/strong><\/p>\n\n\n\n<hr class=\"wp-block-separator\"\/>\n\n\n\n<figure class=\"wp-block-embed is-type-video is-provider-youtube wp-block-embed-youtube wp-embed-aspect-16-9 wp-has-aspect-ratio\"><div class=\"wp-block-embed__wrapper\">\n<iframe loading=\"lazy\" title=\"&#039;A Pie de Calle&#039;  LA BELLA DESCONOCIDA\" width=\"1032\" height=\"581\" src=\"https:\/\/www.youtube.com\/embed\/34YKh9lWHfE?start=35&#038;feature=oembed\" frameborder=\"0\" allow=\"accelerometer; autoplay; clipboard-write; encrypted-media; gyroscope; picture-in-picture\" allowfullscreen><\/iframe>\n<\/div><\/figure>\n\n\n\n<hr class=\"wp-block-separator\"\/>\n\n\n\n<figure class=\"wp-block-gallery has-nested-images columns-default is-cropped\">\n<figure class=\"wp-block-image size-large\"><img loading=\"lazy\" width=\"1024\" height=\"427\" data-id=\"360\"  src=\"http:\/\/turismopalencia.digital\/wp-content\/uploads\/2022\/02\/cripta3-1024x427.jpg\" alt=\"\" class=\"wp-image-360\" srcset=\"https:\/\/turismopalencia.digital\/wp-content\/uploads\/2022\/02\/cripta3-1024x427.jpg 1024w, https:\/\/turismopalencia.digital\/wp-content\/uploads\/2022\/02\/cripta3-300x125.jpg 300w, https:\/\/turismopalencia.digital\/wp-content\/uploads\/2022\/02\/cripta3-768x320.jpg 768w, https:\/\/turismopalencia.digital\/wp-content\/uploads\/2022\/02\/cripta3-1536x640.jpg 1536w, https:\/\/turismopalencia.digital\/wp-content\/uploads\/2022\/02\/cripta3-24x10.jpg 24w, https:\/\/turismopalencia.digital\/wp-content\/uploads\/2022\/02\/cripta3.jpg 1920w\" sizes=\"(max-width: 1024px) 100vw, 1024px\" \/><\/figure>\n\n\n\n<figure class=\"wp-block-image size-large\"><img loading=\"lazy\" width=\"644\" height=\"429\" data-id=\"357\"  src=\"http:\/\/turismopalencia.digital\/wp-content\/uploads\/2022\/02\/FE91AED1-A5EB-254F-0B4F59372D1A8772.jpg\" alt=\"\" class=\"wp-image-357\" srcset=\"https:\/\/turismopalencia.digital\/wp-content\/uploads\/2022\/02\/FE91AED1-A5EB-254F-0B4F59372D1A8772.jpg 644w, https:\/\/turismopalencia.digital\/wp-content\/uploads\/2022\/02\/FE91AED1-A5EB-254F-0B4F59372D1A8772-300x200.jpg 300w, https:\/\/turismopalencia.digital\/wp-content\/uploads\/2022\/02\/FE91AED1-A5EB-254F-0B4F59372D1A8772-15x10.jpg 15w\" sizes=\"(max-width: 644px) 100vw, 644px\" \/><\/figure>\n\n\n\n<figure class=\"wp-block-image size-large\"><img loading=\"lazy\" width=\"1024\" height=\"683\" data-id=\"359\"  src=\"http:\/\/turismopalencia.digital\/wp-content\/uploads\/2022\/02\/interior-catedral-palencia-300f8b33-fd2a-4df1-ac6d-3feba29d7d74-1024x683.jpg\" alt=\"\" class=\"wp-image-359\" srcset=\"https:\/\/turismopalencia.digital\/wp-content\/uploads\/2022\/02\/interior-catedral-palencia-300f8b33-fd2a-4df1-ac6d-3feba29d7d74-1024x683.jpg 1024w, https:\/\/turismopalencia.digital\/wp-content\/uploads\/2022\/02\/interior-catedral-palencia-300f8b33-fd2a-4df1-ac6d-3feba29d7d74-300x200.jpg 300w, https:\/\/turismopalencia.digital\/wp-content\/uploads\/2022\/02\/interior-catedral-palencia-300f8b33-fd2a-4df1-ac6d-3feba29d7d74-768x512.jpg 768w, https:\/\/turismopalencia.digital\/wp-content\/uploads\/2022\/02\/interior-catedral-palencia-300f8b33-fd2a-4df1-ac6d-3feba29d7d74-1536x1024.jpg 1536w, https:\/\/turismopalencia.digital\/wp-content\/uploads\/2022\/02\/interior-catedral-palencia-300f8b33-fd2a-4df1-ac6d-3feba29d7d74-15x10.jpg 15w, https:\/\/turismopalencia.digital\/wp-content\/uploads\/2022\/02\/interior-catedral-palencia-300f8b33-fd2a-4df1-ac6d-3feba29d7d74.jpg 1620w\" sizes=\"(max-width: 1024px) 100vw, 1024px\" \/><\/figure>\n\n\n\n<figure class=\"wp-block-image size-large\"><img loading=\"lazy\" width=\"1024\" height=\"705\" data-id=\"358\"  src=\"http:\/\/turismopalencia.digital\/wp-content\/uploads\/2022\/02\/Palencia_-_Catedral_09_-_Gargolas-1024x705.jpg\" alt=\"\" class=\"wp-image-358\" srcset=\"https:\/\/turismopalencia.digital\/wp-content\/uploads\/2022\/02\/Palencia_-_Catedral_09_-_Gargolas-1024x705.jpg 1024w, https:\/\/turismopalencia.digital\/wp-content\/uploads\/2022\/02\/Palencia_-_Catedral_09_-_Gargolas-300x207.jpg 300w, https:\/\/turismopalencia.digital\/wp-content\/uploads\/2022\/02\/Palencia_-_Catedral_09_-_Gargolas-768x529.jpg 768w, https:\/\/turismopalencia.digital\/wp-content\/uploads\/2022\/02\/Palencia_-_Catedral_09_-_Gargolas-1536x1058.jpg 1536w, https:\/\/turismopalencia.digital\/wp-content\/uploads\/2022\/02\/Palencia_-_Catedral_09_-_Gargolas-15x10.jpg 15w, https:\/\/turismopalencia.digital\/wp-content\/uploads\/2022\/02\/Palencia_-_Catedral_09_-_Gargolas.jpg 1548w\" sizes=\"(max-width: 1024px) 100vw, 1024px\" \/><\/figure>\n\n\n\n<figure class=\"wp-block-image size-large\"><img loading=\"lazy\" width=\"1024\" height=\"684\" data-id=\"361\"  src=\"http:\/\/turismopalencia.digital\/wp-content\/uploads\/2022\/02\/Palencia-04.25.15-82-1024x684.jpg\" alt=\"\" class=\"wp-image-361\" srcset=\"https:\/\/turismopalencia.digital\/wp-content\/uploads\/2022\/02\/Palencia-04.25.15-82-1024x684.jpg 1024w, https:\/\/turismopalencia.digital\/wp-content\/uploads\/2022\/02\/Palencia-04.25.15-82-300x200.jpg 300w, https:\/\/turismopalencia.digital\/wp-content\/uploads\/2022\/02\/Palencia-04.25.15-82-768x513.jpg 768w, https:\/\/turismopalencia.digital\/wp-content\/uploads\/2022\/02\/Palencia-04.25.15-82-1536x1025.jpg 1536w, https:\/\/turismopalencia.digital\/wp-content\/uploads\/2022\/02\/Palencia-04.25.15-82-15x10.jpg 15w, https:\/\/turismopalencia.digital\/wp-content\/uploads\/2022\/02\/Palencia-04.25.15-82.jpg 1600w\" sizes=\"(max-width: 1024px) 100vw, 1024px\" \/><\/figure>\n<\/figure>\n\n\n\n<hr class=\"wp-block-separator\"\/>\n\n\n\n<p><strong>Plaza de la Inmaculada<\/strong><br><strong>34005 Palencia<\/strong><\/p>\n\n\n\n<p><strong>979 70 13 47<\/strong><\/p>\n\n\n\n<p><a href=\"https:\/\/catedraldepalencia.org\/\" target=\"_blank\" rel=\"noreferrer noopener\">https:\/\/catedraldepalencia.org\/<\/a><\/p>\n\n\n\n<hr class=\"wp-block-separator\"\/>\n\n\n\n<div class=\"wp-container-1 wp-block-buttons\">\n<div class=\"wp-block-button\"><a class=\"wp-block-button__link\" href=\"https:\/\/www.google.com\/maps\/dir\/\/Pl.+de+la+Inmaculada+34005+Palencia\/@42.0108752,-4.5368137,17z\/data=!4m5!4m4!1m0!1m2!1m1!1s0xd47b040d52806e3:0x996b82b9e470875b\" target=\"_blank\" rel=\"noreferrer noopener\">C\u00f3mo llegar<\/a><\/div>\n<\/div>\n\n\n\n<hr class=\"wp-block-separator\"\/>\n\n\n\n<hr class=\"wp-block-separator\"\/>\n","protected":false},"excerpt":{"rendered":"<p>Es una iglesia de grandes proporciones: 130 metros de longitud, con una anchura de 50 metros en el crucero, m\u00e1s otros tantos del claustro y &hellip;<\/p>\n","protected":false},"author":1,"featured_media":1248,"parent":0,"menu_order":0,"comment_status":"closed","ping_status":"closed","template":"","meta":{"_monsterinsights_skip_tracking":false,"_monsterinsights_sitenote_active":false,"_monsterinsights_sitenote_note":"","_monsterinsights_sitenote_category":0},"_links":{"self":[{"href":"https:\/\/turismopalencia.digital\/index.php\/wp-json\/wp\/v2\/pages\/123"}],"collection":[{"href":"https:\/\/turismopalencia.digital\/index.php\/wp-json\/wp\/v2\/pages"}],"about":[{"href":"https:\/\/turismopalencia.digital\/index.php\/wp-json\/wp\/v2\/types\/page"}],"author":[{"embeddable":true,"href":"https:\/\/turismopalencia.digital\/index.php\/wp-json\/wp\/v2\/users\/1"}],"replies":[{"embeddable":true,"href":"https:\/\/turismopalencia.digital\/index.php\/wp-json\/wp\/v2\/comments?post=123"}],"version-history":[{"count":4,"href":"https:\/\/turismopalencia.digital\/index.php\/wp-json\/wp\/v2\/pages\/123\/revisions"}],"predecessor-version":[{"id":382,"href":"https:\/\/turismopalencia.digital\/index.php\/wp-json\/wp\/v2\/pages\/123\/revisions\/382"}],"wp:featuredmedia":[{"embeddable":true,"href":"https:\/\/turismopalencia.digital\/index.php\/wp-json\/wp\/v2\/media\/1248"}],"wp:attachment":[{"href":"https:\/\/turismopalencia.digital\/index.php\/wp-json\/wp\/v2\/media?parent=123"}],"curies":[{"name":"wp","href":"https:\/\/api.w.org\/{rel}","templated":true}]}}