{"id":125,"date":"2022-02-17T20:37:46","date_gmt":"2022-02-17T20:37:46","guid":{"rendered":"http:\/\/turismopalencia.digital\/?page_id=125"},"modified":"2022-04-04T19:38:55","modified_gmt":"2022-04-04T19:38:55","slug":"convento-agustinas-canonigas","status":"publish","type":"page","link":"https:\/\/turismopalencia.digital\/index.php\/convento-agustinas-canonigas\/","title":{"rendered":"Convento Agustinas Can\u00f3nigas"},"content":{"rendered":"\n<hr class=\"wp-block-separator\"\/>\n\n\n\n<figure class=\"wp-block-image size-full is-resized\"><img loading=\"lazy\" src=\"http:\/\/turismopalencia.digital\/wp-content\/uploads\/2022\/02\/3264417292_2bb1a590ef_b.jpg\" alt=\"\" class=\"wp-image-366\" width=\"1239\" height=\"929\" srcset=\"https:\/\/turismopalencia.digital\/wp-content\/uploads\/2022\/02\/3264417292_2bb1a590ef_b.jpg 1024w, https:\/\/turismopalencia.digital\/wp-content\/uploads\/2022\/02\/3264417292_2bb1a590ef_b-300x225.jpg 300w, https:\/\/turismopalencia.digital\/wp-content\/uploads\/2022\/02\/3264417292_2bb1a590ef_b-768x576.jpg 768w, https:\/\/turismopalencia.digital\/wp-content\/uploads\/2022\/02\/3264417292_2bb1a590ef_b-13x10.jpg 13w\" sizes=\"(max-width: 1239px) 100vw, 1239px\" \/><figcaption>Convento de las Agustinas Can\u00f3nigas<\/figcaption><\/figure>\n\n\n\n<hr class=\"wp-block-separator\"\/>\n\n\n\n<p><strong>&nbsp;Aunque se desconoce la fecha exacta de instalaci\u00f3n en la ciudad de la congregaci\u00f3n de Agustinas Can\u00f3nigas, existen documentos que confirman ya su presencia en la calle Mayor de Palencia a finales del siglo XVI. Sin embargo el convento e iglesia primitivos no pueden ser los que hoy se conservan. Es en esos a\u00f1os finales del siglo XVI cuando se decidi\u00f3 reedificar la iglesia y ampliar el convento, para lo cual se adquirieron varias casas lim\u00edtrofes con objeto de ampliar el terreno de su propiedad.<\/strong><br><strong>&nbsp;&nbsp;&nbsp;&nbsp;&nbsp;Sin embargo poco queda actualmente en estos muros de la fundaci\u00f3n original, dado que este convento sufri\u00f3 saqueo durante la ocupaci\u00f3n francesa y fue uno de los conventos suprimidos por la disposici\u00f3n ministerial de octubre de 1868, siendo el convento dedicado, entre otras funciones, para acuartelamiento de tropas.<\/strong><br><strong>&nbsp;&nbsp;&nbsp;&nbsp;&nbsp;La fachada del convento contrasta claramente con la iglesia, tanto en altura como en materiales y decoraci\u00f3n. En esta fachada destaca la portada, realizada en piedra y formada por un arco de medio punto flanqueado por columnas adosadas con capiteles de volutas sobre las que descansa un arquitrabe con dos flameros que cierran el conjunto. En esta portada domina a\u00fan un lenguaje renacentista, que se mezcla con el gusto barroco en el paramento realizado en ladrillo llagado. Sin embargo tanto la presencia del ladrillo visto en el paramento, como la decoraci\u00f3n de los vanos, que constituye un eco de la de la portada, se debe realmente a una reforma de comienzos del siglo XX, realizada por el arquitecto Jer\u00f3nimo Arroyo. Lo m\u00e1s probable es que, como en los laterales de la iglesia, los muros fueran enfoscados. La reforma realizada por Arroyo, no s\u00f3lo regulariz\u00f3 alturas y huecos en la fachada, sino que le aport\u00f3 una nueva imagen siguiendo el gusto neoplateresco de la \u00e9poca.<\/strong><br><strong>&nbsp;&nbsp;&nbsp;&nbsp;&nbsp;Tras la fachada no queda nada del complejo conventual original, pues la congregaci\u00f3n abandon\u00f3 definitivamente el convento de la calle Mayor en el a\u00f1o 1984. El solar se parcel\u00f3, estando en la actualidad ocupado gran parte del mismo por diversas dependencias municipales. La iglesia, ha sido nuevamente dedicada al culto, tras unos a\u00f1os de indecisi\u00f3n sobre sus posibles usos.<\/strong><\/p>\n\n\n\n<hr class=\"wp-block-separator\"\/>\n\n\n\n<figure class=\"wp-block-gallery has-nested-images columns-default is-cropped\">\n<figure class=\"wp-block-image size-large\"><img loading=\"lazy\" width=\"375\" height=\"500\" data-id=\"369\"  src=\"http:\/\/turismopalencia.digital\/wp-content\/uploads\/2022\/02\/convento_agustinas_canonigas_02_mobile-1.jpg\" alt=\"\" class=\"wp-image-369\" srcset=\"https:\/\/turismopalencia.digital\/wp-content\/uploads\/2022\/02\/convento_agustinas_canonigas_02_mobile-1.jpg 375w, https:\/\/turismopalencia.digital\/wp-content\/uploads\/2022\/02\/convento_agustinas_canonigas_02_mobile-1-225x300.jpg 225w, https:\/\/turismopalencia.digital\/wp-content\/uploads\/2022\/02\/convento_agustinas_canonigas_02_mobile-1-8x10.jpg 8w\" sizes=\"(max-width: 375px) 100vw, 375px\" \/><\/figure>\n\n\n\n<figure class=\"wp-block-image size-large\"><img loading=\"lazy\" width=\"500\" height=\"375\" data-id=\"371\"  src=\"http:\/\/turismopalencia.digital\/wp-content\/uploads\/2022\/02\/convento_agustinas_canonigas_05_mobile.jpg\" alt=\"\" class=\"wp-image-371\" srcset=\"https:\/\/turismopalencia.digital\/wp-content\/uploads\/2022\/02\/convento_agustinas_canonigas_05_mobile.jpg 500w, https:\/\/turismopalencia.digital\/wp-content\/uploads\/2022\/02\/convento_agustinas_canonigas_05_mobile-300x225.jpg 300w, https:\/\/turismopalencia.digital\/wp-content\/uploads\/2022\/02\/convento_agustinas_canonigas_05_mobile-13x10.jpg 13w\" sizes=\"(max-width: 500px) 100vw, 500px\" \/><\/figure>\n\n\n\n<figure class=\"wp-block-image size-large\"><img loading=\"lazy\" width=\"800\" height=\"533\" data-id=\"370\"  src=\"http:\/\/turismopalencia.digital\/wp-content\/uploads\/2022\/02\/Convento-de-las-Agustinas-Canonigas-escudos-Palencia-48314.jpg\" alt=\"\" class=\"wp-image-370\" srcset=\"https:\/\/turismopalencia.digital\/wp-content\/uploads\/2022\/02\/Convento-de-las-Agustinas-Canonigas-escudos-Palencia-48314.jpg 800w, https:\/\/turismopalencia.digital\/wp-content\/uploads\/2022\/02\/Convento-de-las-Agustinas-Canonigas-escudos-Palencia-48314-300x200.jpg 300w, https:\/\/turismopalencia.digital\/wp-content\/uploads\/2022\/02\/Convento-de-las-Agustinas-Canonigas-escudos-Palencia-48314-768x512.jpg 768w, https:\/\/turismopalencia.digital\/wp-content\/uploads\/2022\/02\/Convento-de-las-Agustinas-Canonigas-escudos-Palencia-48314-15x10.jpg 15w\" sizes=\"(max-width: 800px) 100vw, 800px\" \/><\/figure>\n\n\n\n<figure class=\"wp-block-image size-large\"><img loading=\"lazy\" width=\"500\" height=\"375\" data-id=\"368\"  src=\"http:\/\/turismopalencia.digital\/wp-content\/uploads\/2022\/02\/palencia_convento_agustinas_recoletas_02_mobile-1.jpg\" alt=\"\" class=\"wp-image-368\" srcset=\"https:\/\/turismopalencia.digital\/wp-content\/uploads\/2022\/02\/palencia_convento_agustinas_recoletas_02_mobile-1.jpg 500w, https:\/\/turismopalencia.digital\/wp-content\/uploads\/2022\/02\/palencia_convento_agustinas_recoletas_02_mobile-1-300x225.jpg 300w, https:\/\/turismopalencia.digital\/wp-content\/uploads\/2022\/02\/palencia_convento_agustinas_recoletas_02_mobile-1-13x10.jpg 13w\" sizes=\"(max-width: 500px) 100vw, 500px\" \/><\/figure>\n<\/figure>\n\n\n\n<hr class=\"wp-block-separator\"\/>\n\n\n\n<div class=\"wp-container-1 wp-block-buttons\">\n<div class=\"wp-block-button\"><a class=\"wp-block-button__link\" href=\"https:\/\/www.google.com\/maps\/place\/Iglesia+del+Convento+Agustinas+Canonigas\/@42.012938,-4.5339156,15z\/data=!4m2!3m1!1s0x0:0xcbdce8a515023a8e?sa=X&amp;ved=2ahUKEwiCufPa_Yj2AhWBMH0KHR_3BiwQ_BJ6BAgiEAU\" target=\"_blank\" rel=\"noreferrer noopener\">C\u00f3mo llegar<\/a><\/div>\n<\/div>\n\n\n\n<hr class=\"wp-block-separator\"\/>\n\n\n\n<hr class=\"wp-block-separator\"\/>\n","protected":false},"excerpt":{"rendered":"<p>&nbsp;Aunque se desconoce la fecha exacta de instalaci\u00f3n en la ciudad de la congregaci\u00f3n de Agustinas Can\u00f3nigas, existen documentos que confirman ya su presencia en &hellip;<\/p>\n","protected":false},"author":1,"featured_media":1249,"parent":0,"menu_order":0,"comment_status":"closed","ping_status":"closed","template":"","meta":{"_monsterinsights_skip_tracking":false,"_monsterinsights_sitenote_active":false,"_monsterinsights_sitenote_note":"","_monsterinsights_sitenote_category":0},"_links":{"self":[{"href":"https:\/\/turismopalencia.digital\/index.php\/wp-json\/wp\/v2\/pages\/125"}],"collection":[{"href":"https:\/\/turismopalencia.digital\/index.php\/wp-json\/wp\/v2\/pages"}],"about":[{"href":"https:\/\/turismopalencia.digital\/index.php\/wp-json\/wp\/v2\/types\/page"}],"author":[{"embeddable":true,"href":"https:\/\/turismopalencia.digital\/index.php\/wp-json\/wp\/v2\/users\/1"}],"replies":[{"embeddable":true,"href":"https:\/\/turismopalencia.digital\/index.php\/wp-json\/wp\/v2\/comments?post=125"}],"version-history":[{"count":3,"href":"https:\/\/turismopalencia.digital\/index.php\/wp-json\/wp\/v2\/pages\/125\/revisions"}],"predecessor-version":[{"id":1250,"href":"https:\/\/turismopalencia.digital\/index.php\/wp-json\/wp\/v2\/pages\/125\/revisions\/1250"}],"wp:featuredmedia":[{"embeddable":true,"href":"https:\/\/turismopalencia.digital\/index.php\/wp-json\/wp\/v2\/media\/1249"}],"wp:attachment":[{"href":"https:\/\/turismopalencia.digital\/index.php\/wp-json\/wp\/v2\/media?parent=125"}],"curies":[{"name":"wp","href":"https:\/\/api.w.org\/{rel}","templated":true}]}}