{"id":126,"date":"2022-02-17T20:37:46","date_gmt":"2022-02-17T20:37:46","guid":{"rendered":"http:\/\/turismopalencia.digital\/?page_id=126"},"modified":"2022-04-04T19:40:06","modified_gmt":"2022-04-04T19:40:06","slug":"convento-agustinas-recoletas","status":"publish","type":"page","link":"https:\/\/turismopalencia.digital\/index.php\/convento-agustinas-recoletas\/","title":{"rendered":"Convento Agustinas Recoletas"},"content":{"rendered":"\n<hr class=\"wp-block-separator\"\/>\n\n\n\n<figure class=\"wp-block-image size-full is-resized\"><img loading=\"lazy\" src=\"http:\/\/turismopalencia.digital\/wp-content\/uploads\/2022\/02\/3203629578_8e03735053_b-1-1.jpg\" alt=\"\" class=\"wp-image-373\" width=\"1241\" height=\"931\" srcset=\"https:\/\/turismopalencia.digital\/wp-content\/uploads\/2022\/02\/3203629578_8e03735053_b-1-1.jpg 1024w, https:\/\/turismopalencia.digital\/wp-content\/uploads\/2022\/02\/3203629578_8e03735053_b-1-1-300x225.jpg 300w, https:\/\/turismopalencia.digital\/wp-content\/uploads\/2022\/02\/3203629578_8e03735053_b-1-1-768x576.jpg 768w, https:\/\/turismopalencia.digital\/wp-content\/uploads\/2022\/02\/3203629578_8e03735053_b-1-1-13x10.jpg 13w\" sizes=\"(max-width: 1241px) 100vw, 1241px\" \/><figcaption>Convento de las Agustinas Recoletas<\/figcaption><\/figure>\n\n\n\n<hr class=\"wp-block-separator\"\/>\n\n\n\n<p><strong>El Monasterio de Nuestra Se\u00f1ora de la Expectaci\u00f3n, o como popularmente se le conoce en Palencia, el Convento de las Agustinas Recoletas, est\u00e1 situado en pleno centro de la capital palentina y muy cerca de la catedral. El monasterio cuenta ya con m\u00e1s de 400 a\u00f1os de historia, ya que fue en 1610 cuando varias religiosas llegaron a Palencia con la intenci\u00f3n de fundar otro convento de Agustinas Recoletas, a imitaci\u00f3n de los que ya pose\u00edan en Eibar, Medina del Campo y Valladolid.<\/strong><br><strong>&nbsp;&nbsp;&nbsp;&nbsp;&nbsp;La iglesia, de una sola nave, tiene planta de cruz latina, se\u00f1alando su crucero con una c\u00fapula de linterna. La b\u00f3veda de ca\u00f1\u00f3n y la c\u00fapula est\u00e1n decoradas con una buena labor de yeser\u00eda cuyo dise\u00f1o se debe a Antonio de Canales. En el a\u00f1o 1696 se concluy\u00f3 la obra y en su fachada principal se coloc\u00f3 una imagen de San Agust\u00edn realizada por Pedro del Hoyo.<\/strong><br><strong>&nbsp;&nbsp;&nbsp;&nbsp;&nbsp;El retablo mayor que se realiz\u00f3 para la nueva iglesia consta de dos cuerpos y banco en horizontal, y tres calles separadas por columnas en vertical. El retablo, cargado de decoraci\u00f3n barroca caracter\u00edstica del siglo XVIII, est\u00e1 presidido por una pintura de San Agust\u00edn, situada en el centro del cuerpo alto.<\/strong><\/p>\n\n\n\n<hr class=\"wp-block-separator\"\/>\n\n\n\n<figure class=\"wp-block-gallery has-nested-images columns-default is-cropped\">\n<figure class=\"wp-block-image size-large\"><img loading=\"lazy\" width=\"800\" height=\"300\" data-id=\"378\"  src=\"http:\/\/turismopalencia.digital\/wp-content\/uploads\/2022\/02\/Convento-de-las-Agustinas-Recoletas_Palencia-superior.jpg\" alt=\"\" class=\"wp-image-378\" srcset=\"https:\/\/turismopalencia.digital\/wp-content\/uploads\/2022\/02\/Convento-de-las-Agustinas-Recoletas_Palencia-superior.jpg 800w, https:\/\/turismopalencia.digital\/wp-content\/uploads\/2022\/02\/Convento-de-las-Agustinas-Recoletas_Palencia-superior-300x113.jpg 300w, https:\/\/turismopalencia.digital\/wp-content\/uploads\/2022\/02\/Convento-de-las-Agustinas-Recoletas_Palencia-superior-768x288.jpg 768w, https:\/\/turismopalencia.digital\/wp-content\/uploads\/2022\/02\/Convento-de-las-Agustinas-Recoletas_Palencia-superior-27x10.jpg 27w\" sizes=\"(max-width: 800px) 100vw, 800px\" \/><\/figure>\n\n\n\n<figure class=\"wp-block-image size-large\"><img loading=\"lazy\" width=\"800\" height=\"533\" data-id=\"377\"  src=\"http:\/\/turismopalencia.digital\/wp-content\/uploads\/2022\/02\/Fachada.jpg\" alt=\"\" class=\"wp-image-377\" srcset=\"https:\/\/turismopalencia.digital\/wp-content\/uploads\/2022\/02\/Fachada.jpg 800w, https:\/\/turismopalencia.digital\/wp-content\/uploads\/2022\/02\/Fachada-300x200.jpg 300w, https:\/\/turismopalencia.digital\/wp-content\/uploads\/2022\/02\/Fachada-768x512.jpg 768w, https:\/\/turismopalencia.digital\/wp-content\/uploads\/2022\/02\/Fachada-15x10.jpg 15w\" sizes=\"(max-width: 800px) 100vw, 800px\" \/><\/figure>\n\n\n\n<figure class=\"wp-block-image size-large\"><img loading=\"lazy\" width=\"768\" height=\"1024\" data-id=\"380\"  src=\"http:\/\/turismopalencia.digital\/wp-content\/uploads\/2022\/02\/Iglesia_del_Convento_de_las_Agustinas_Recoletas_Palencia-768x1024.jpg\" alt=\"\" class=\"wp-image-380\" srcset=\"https:\/\/turismopalencia.digital\/wp-content\/uploads\/2022\/02\/Iglesia_del_Convento_de_las_Agustinas_Recoletas_Palencia-768x1024.jpg 768w, https:\/\/turismopalencia.digital\/wp-content\/uploads\/2022\/02\/Iglesia_del_Convento_de_las_Agustinas_Recoletas_Palencia-225x300.jpg 225w, https:\/\/turismopalencia.digital\/wp-content\/uploads\/2022\/02\/Iglesia_del_Convento_de_las_Agustinas_Recoletas_Palencia-1152x1536.jpg 1152w, https:\/\/turismopalencia.digital\/wp-content\/uploads\/2022\/02\/Iglesia_del_Convento_de_las_Agustinas_Recoletas_Palencia-1536x2048.jpg 1536w, https:\/\/turismopalencia.digital\/wp-content\/uploads\/2022\/02\/Iglesia_del_Convento_de_las_Agustinas_Recoletas_Palencia-7x10.jpg 7w, https:\/\/turismopalencia.digital\/wp-content\/uploads\/2022\/02\/Iglesia_del_Convento_de_las_Agustinas_Recoletas_Palencia-scaled.jpg 1919w\" sizes=\"(max-width: 768px) 100vw, 768px\" \/><\/figure>\n\n\n\n<figure class=\"wp-block-image size-large\"><img loading=\"lazy\" width=\"500\" height=\"375\" data-id=\"376\"  src=\"http:\/\/turismopalencia.digital\/wp-content\/uploads\/2022\/02\/palencia_convento_agustinas_recoletas_02_mobile.jpg\" alt=\"\" class=\"wp-image-376\" srcset=\"https:\/\/turismopalencia.digital\/wp-content\/uploads\/2022\/02\/palencia_convento_agustinas_recoletas_02_mobile.jpg 500w, https:\/\/turismopalencia.digital\/wp-content\/uploads\/2022\/02\/palencia_convento_agustinas_recoletas_02_mobile-300x225.jpg 300w, https:\/\/turismopalencia.digital\/wp-content\/uploads\/2022\/02\/palencia_convento_agustinas_recoletas_02_mobile-13x10.jpg 13w\" sizes=\"(max-width: 500px) 100vw, 500px\" \/><\/figure>\n\n\n\n<figure class=\"wp-block-image size-large\"><img loading=\"lazy\" width=\"367\" height=\"500\" data-id=\"375\"  src=\"http:\/\/turismopalencia.digital\/wp-content\/uploads\/2022\/02\/palencia_convento_agustinas_recoletas_03_mobile.jpg\" alt=\"\" class=\"wp-image-375\" srcset=\"https:\/\/turismopalencia.digital\/wp-content\/uploads\/2022\/02\/palencia_convento_agustinas_recoletas_03_mobile.jpg 367w, https:\/\/turismopalencia.digital\/wp-content\/uploads\/2022\/02\/palencia_convento_agustinas_recoletas_03_mobile-220x300.jpg 220w, https:\/\/turismopalencia.digital\/wp-content\/uploads\/2022\/02\/palencia_convento_agustinas_recoletas_03_mobile-7x10.jpg 7w\" sizes=\"(max-width: 367px) 100vw, 367px\" \/><\/figure>\n\n\n\n<figure class=\"wp-block-image size-large\"><img loading=\"lazy\" width=\"768\" height=\"1024\" data-id=\"379\"  src=\"http:\/\/turismopalencia.digital\/wp-content\/uploads\/2022\/02\/Retablo_mayor_del_convento_de_las_Agustinas_Recoletas_de_Palencia-1-768x1024.jpg\" alt=\"\" class=\"wp-image-379\" srcset=\"https:\/\/turismopalencia.digital\/wp-content\/uploads\/2022\/02\/Retablo_mayor_del_convento_de_las_Agustinas_Recoletas_de_Palencia-1-768x1024.jpg 768w, https:\/\/turismopalencia.digital\/wp-content\/uploads\/2022\/02\/Retablo_mayor_del_convento_de_las_Agustinas_Recoletas_de_Palencia-1-225x300.jpg 225w, https:\/\/turismopalencia.digital\/wp-content\/uploads\/2022\/02\/Retablo_mayor_del_convento_de_las_Agustinas_Recoletas_de_Palencia-1-1152x1536.jpg 1152w, https:\/\/turismopalencia.digital\/wp-content\/uploads\/2022\/02\/Retablo_mayor_del_convento_de_las_Agustinas_Recoletas_de_Palencia-1-1536x2048.jpg 1536w, https:\/\/turismopalencia.digital\/wp-content\/uploads\/2022\/02\/Retablo_mayor_del_convento_de_las_Agustinas_Recoletas_de_Palencia-1-8x10.jpg 8w, https:\/\/turismopalencia.digital\/wp-content\/uploads\/2022\/02\/Retablo_mayor_del_convento_de_las_Agustinas_Recoletas_de_Palencia-1-scaled.jpg 1920w\" sizes=\"(max-width: 768px) 100vw, 768px\" \/><\/figure>\n<\/figure>\n\n\n\n<hr class=\"wp-block-separator\"\/>\n\n\n\n<p><strong>Calle Gil de Fuentes, 21<\/strong><br><strong>34001 Palencia<\/strong><\/p>\n\n\n\n<p><strong>979 74 12 25<\/strong><\/p>\n\n\n\n<div class=\"wp-container-1 wp-block-buttons\">\n<div class=\"wp-block-button\"><a class=\"wp-block-button__link\" href=\"https:\/\/www.google.com\/maps\/place\/Agustinas+Recoletas\/@42.0112102,-4.5356259,15z\/data=!4m5!3m4!1s0x0:0x47007fce5f817dfc!8m2!3d42.0112157!4d-4.5356148\" target=\"_blank\" rel=\"noreferrer noopener\">C\u00f3mo llegar<\/a><\/div>\n<\/div>\n\n\n\n<hr class=\"wp-block-separator\"\/>\n\n\n\n<hr class=\"wp-block-separator\"\/>\n","protected":false},"excerpt":{"rendered":"<p>El Monasterio de Nuestra Se\u00f1ora de la Expectaci\u00f3n, o como popularmente se le conoce en Palencia, el Convento de las Agustinas Recoletas, est\u00e1 situado en &hellip;<\/p>\n","protected":false},"author":1,"featured_media":1251,"parent":0,"menu_order":0,"comment_status":"closed","ping_status":"closed","template":"","meta":{"_monsterinsights_skip_tracking":false,"_monsterinsights_sitenote_active":false,"_monsterinsights_sitenote_note":"","_monsterinsights_sitenote_category":0},"_links":{"self":[{"href":"https:\/\/turismopalencia.digital\/index.php\/wp-json\/wp\/v2\/pages\/126"}],"collection":[{"href":"https:\/\/turismopalencia.digital\/index.php\/wp-json\/wp\/v2\/pages"}],"about":[{"href":"https:\/\/turismopalencia.digital\/index.php\/wp-json\/wp\/v2\/types\/page"}],"author":[{"embeddable":true,"href":"https:\/\/turismopalencia.digital\/index.php\/wp-json\/wp\/v2\/users\/1"}],"replies":[{"embeddable":true,"href":"https:\/\/turismopalencia.digital\/index.php\/wp-json\/wp\/v2\/comments?post=126"}],"version-history":[{"count":3,"href":"https:\/\/turismopalencia.digital\/index.php\/wp-json\/wp\/v2\/pages\/126\/revisions"}],"predecessor-version":[{"id":1252,"href":"https:\/\/turismopalencia.digital\/index.php\/wp-json\/wp\/v2\/pages\/126\/revisions\/1252"}],"wp:featuredmedia":[{"embeddable":true,"href":"https:\/\/turismopalencia.digital\/index.php\/wp-json\/wp\/v2\/media\/1251"}],"wp:attachment":[{"href":"https:\/\/turismopalencia.digital\/index.php\/wp-json\/wp\/v2\/media?parent=126"}],"curies":[{"name":"wp","href":"https:\/\/api.w.org\/{rel}","templated":true}]}}