{"id":127,"date":"2022-02-17T20:37:46","date_gmt":"2022-02-17T20:37:46","guid":{"rendered":"http:\/\/turismopalencia.digital\/?page_id=127"},"modified":"2022-04-04T19:41:01","modified_gmt":"2022-04-04T19:41:01","slug":"convento-santa-clara","status":"publish","type":"page","link":"https:\/\/turismopalencia.digital\/index.php\/convento-santa-clara\/","title":{"rendered":"Convento Santa Clara"},"content":{"rendered":"\n<hr class=\"wp-block-separator\"\/>\n\n\n\n<figure class=\"wp-block-image size-full is-resized\"><img loading=\"lazy\" src=\"http:\/\/turismopalencia.digital\/wp-content\/uploads\/2022\/02\/monasterio-de-santa-clara-1.jpg\" alt=\"\" class=\"wp-image-383\" width=\"1238\" height=\"930\" srcset=\"https:\/\/turismopalencia.digital\/wp-content\/uploads\/2022\/02\/monasterio-de-santa-clara-1.jpg 550w, https:\/\/turismopalencia.digital\/wp-content\/uploads\/2022\/02\/monasterio-de-santa-clara-1-300x225.jpg 300w, https:\/\/turismopalencia.digital\/wp-content\/uploads\/2022\/02\/monasterio-de-santa-clara-1-13x10.jpg 13w\" sizes=\"(max-width: 1238px) 100vw, 1238px\" \/><figcaption>Convento de Santa Clara<\/figcaption><\/figure>\n\n\n\n<hr class=\"wp-block-separator\"\/>\n\n\n\n<p><strong>El Monasterio de Santa Clara, m\u00e1s conocido popularmente como Monasterio de las Claras, es un edificio religioso construido en estilo g\u00f3tico entre los siglos XIV y XV. La parte conventual sigue estando habitada por una comunidad de monjas Clarisas y la iglesia est\u00e1 abierta al culto regular. El monasterio basa su fama en la imagen devocional del Sant\u00edsimo Cristo de las Claras, una figura yacente cuya acusada expresividad ha dado p\u00e1bulo a una literatura de leyendas y milagros.<\/strong><br><strong>&nbsp;&nbsp;&nbsp;&nbsp;&nbsp;La fundaci\u00f3n del monasterio se remonta a una decisi\u00f3n regia de Enrique II de Castilla y su mujer, la reina Juana Manuel, hacia 1378, cuando fue tra\u00eddo aqu\u00ed un grupo de monjas clarisas de la localidad de Reinoso. Un a\u00f1o m\u00e1s tarde, con el fallecimiento del monarca, el patronato monacal fue asumido por su sobrino Alfonso Enr\u00edquez de Castilla, Almirante de Castilla, y su esposa, Juana de Mendoza, quienes hacia 1395 iniciaron la construcci\u00f3n de la actual iglesia, proyect\u00e1ndola de manera que les sirviera de pante\u00f3n. De este monumento funerario, que pudo tener forma de nav\u00edo, no queda ning\u00fan resto.<\/strong><br><strong>&nbsp;&nbsp;&nbsp;&nbsp;&nbsp;A principios del siglo XVIII el patronato recobr\u00f3 su car\u00e1cter real al asumirlo la Corona borb\u00f3nica en tiempos de Felipe V, con la Revoluci\u00f3n de 1868, el convento fue exclaustrado y convertido en hospital, debiendo las monjas alojarse en el Real Monasterio de la Consolaci\u00f3n en la cercana poblaci\u00f3n de Calabazanos, de la misma orden. En 1874, con el derrocamiento de la I Rep\u00fablica, las Clarisas pudieron retornar a su monasterio palentino.<\/strong><br><strong>&nbsp;&nbsp;&nbsp;&nbsp;&nbsp;En este monasterio situ\u00f3 el dramaturgo rom\u00e1ntico vallisoletano Jos\u00e9 Zorrilla la trama de su leyenda Margarita la Tornera.<\/strong><\/p>\n\n\n\n<hr class=\"wp-block-separator\"\/>\n\n\n\n<figure class=\"wp-block-embed is-type-video is-provider-youtube wp-block-embed-youtube wp-embed-aspect-16-9 wp-has-aspect-ratio\"><div class=\"wp-block-embed__wrapper\">\n<iframe loading=\"lazy\" title=\"Iglesia del Monasterio de Santa Clara Palencia\" width=\"1032\" height=\"581\" src=\"https:\/\/www.youtube.com\/embed\/8WzwmCm2jxk?feature=oembed\" frameborder=\"0\" allow=\"accelerometer; autoplay; clipboard-write; encrypted-media; gyroscope; picture-in-picture\" allowfullscreen><\/iframe>\n<\/div><\/figure>\n\n\n\n<hr class=\"wp-block-separator\"\/>\n\n\n\n<figure class=\"wp-block-gallery has-nested-images columns-default is-cropped\">\n<figure class=\"wp-block-image size-large\"><img loading=\"lazy\" width=\"170\" height=\"227\" data-id=\"389\"  src=\"http:\/\/turismopalencia.digital\/wp-content\/uploads\/2022\/02\/170px-Palencia_-_Monasterio_de_Santa_Clara_19.jpg\" alt=\"\" class=\"wp-image-389\" srcset=\"https:\/\/turismopalencia.digital\/wp-content\/uploads\/2022\/02\/170px-Palencia_-_Monasterio_de_Santa_Clara_19.jpg 170w, https:\/\/turismopalencia.digital\/wp-content\/uploads\/2022\/02\/170px-Palencia_-_Monasterio_de_Santa_Clara_19-7x10.jpg 7w\" sizes=\"(max-width: 170px) 100vw, 170px\" \/><\/figure>\n\n\n\n<figure class=\"wp-block-image size-large\"><img loading=\"lazy\" width=\"734\" height=\"1024\" data-id=\"387\"  src=\"http:\/\/turismopalencia.digital\/wp-content\/uploads\/2022\/02\/800px-Palencia_-_Monasterio_de_Santa_Clara_05-734x1024.jpg\" alt=\"\" class=\"wp-image-387\" srcset=\"https:\/\/turismopalencia.digital\/wp-content\/uploads\/2022\/02\/800px-Palencia_-_Monasterio_de_Santa_Clara_05-734x1024.jpg 734w, https:\/\/turismopalencia.digital\/wp-content\/uploads\/2022\/02\/800px-Palencia_-_Monasterio_de_Santa_Clara_05-215x300.jpg 215w, https:\/\/turismopalencia.digital\/wp-content\/uploads\/2022\/02\/800px-Palencia_-_Monasterio_de_Santa_Clara_05-768x1071.jpg 768w, https:\/\/turismopalencia.digital\/wp-content\/uploads\/2022\/02\/800px-Palencia_-_Monasterio_de_Santa_Clara_05-7x10.jpg 7w, https:\/\/turismopalencia.digital\/wp-content\/uploads\/2022\/02\/800px-Palencia_-_Monasterio_de_Santa_Clara_05.jpg 800w\" sizes=\"(max-width: 734px) 100vw, 734px\" \/><\/figure>\n\n\n\n<figure class=\"wp-block-image size-large\"><img loading=\"lazy\" width=\"800\" height=\"997\" data-id=\"386\"  src=\"http:\/\/turismopalencia.digital\/wp-content\/uploads\/2022\/02\/800px-Palencia_-_Monasterio_de_Santa_Clara_16.jpg\" alt=\"\" class=\"wp-image-386\" srcset=\"https:\/\/turismopalencia.digital\/wp-content\/uploads\/2022\/02\/800px-Palencia_-_Monasterio_de_Santa_Clara_16.jpg 800w, https:\/\/turismopalencia.digital\/wp-content\/uploads\/2022\/02\/800px-Palencia_-_Monasterio_de_Santa_Clara_16-241x300.jpg 241w, https:\/\/turismopalencia.digital\/wp-content\/uploads\/2022\/02\/800px-Palencia_-_Monasterio_de_Santa_Clara_16-768x957.jpg 768w, https:\/\/turismopalencia.digital\/wp-content\/uploads\/2022\/02\/800px-Palencia_-_Monasterio_de_Santa_Clara_16-8x10.jpg 8w\" sizes=\"(max-width: 800px) 100vw, 800px\" \/><\/figure>\n\n\n\n<figure class=\"wp-block-image size-large\"><img loading=\"lazy\" width=\"829\" height=\"535\" data-id=\"388\"  src=\"http:\/\/turismopalencia.digital\/wp-content\/uploads\/2022\/02\/2017-11-06-9.png\" alt=\"\" class=\"wp-image-388\" srcset=\"https:\/\/turismopalencia.digital\/wp-content\/uploads\/2022\/02\/2017-11-06-9.png 829w, https:\/\/turismopalencia.digital\/wp-content\/uploads\/2022\/02\/2017-11-06-9-300x194.png 300w, https:\/\/turismopalencia.digital\/wp-content\/uploads\/2022\/02\/2017-11-06-9-768x496.png 768w, https:\/\/turismopalencia.digital\/wp-content\/uploads\/2022\/02\/2017-11-06-9-15x10.png 15w\" sizes=\"(max-width: 829px) 100vw, 829px\" \/><\/figure>\n\n\n\n<figure class=\"wp-block-image size-large\"><img loading=\"lazy\" width=\"1024\" height=\"768\" data-id=\"390\"  src=\"http:\/\/turismopalencia.digital\/wp-content\/uploads\/2022\/02\/Arco_conopial_de_las_Claras-1024x768.jpg\" alt=\"\" class=\"wp-image-390\" srcset=\"https:\/\/turismopalencia.digital\/wp-content\/uploads\/2022\/02\/Arco_conopial_de_las_Claras-1024x768.jpg 1024w, https:\/\/turismopalencia.digital\/wp-content\/uploads\/2022\/02\/Arco_conopial_de_las_Claras-300x225.jpg 300w, https:\/\/turismopalencia.digital\/wp-content\/uploads\/2022\/02\/Arco_conopial_de_las_Claras-768x576.jpg 768w, https:\/\/turismopalencia.digital\/wp-content\/uploads\/2022\/02\/Arco_conopial_de_las_Claras-1536x1152.jpg 1536w, https:\/\/turismopalencia.digital\/wp-content\/uploads\/2022\/02\/Arco_conopial_de_las_Claras-2048x1536.jpg 2048w, https:\/\/turismopalencia.digital\/wp-content\/uploads\/2022\/02\/Arco_conopial_de_las_Claras-13x10.jpg 13w\" sizes=\"(max-width: 1024px) 100vw, 1024px\" \/><\/figure>\n\n\n\n<figure class=\"wp-block-image size-large\"><img loading=\"lazy\" width=\"338\" height=\"450\" data-id=\"385\"  src=\"http:\/\/turismopalencia.digital\/wp-content\/uploads\/2022\/02\/monasterio-de-santa-clara-1-1.jpg\" alt=\"\" class=\"wp-image-385\" srcset=\"https:\/\/turismopalencia.digital\/wp-content\/uploads\/2022\/02\/monasterio-de-santa-clara-1-1.jpg 338w, https:\/\/turismopalencia.digital\/wp-content\/uploads\/2022\/02\/monasterio-de-santa-clara-1-1-225x300.jpg 225w, https:\/\/turismopalencia.digital\/wp-content\/uploads\/2022\/02\/monasterio-de-santa-clara-1-1-8x10.jpg 8w\" sizes=\"(max-width: 338px) 100vw, 338px\" \/><\/figure>\n\n\n\n<figure class=\"wp-block-image size-large\"><img loading=\"lazy\" width=\"1024\" height=\"538\" data-id=\"392\"  src=\"http:\/\/turismopalencia.digital\/wp-content\/uploads\/2022\/02\/Palencia_-_Monasterio_de_Santa_Clara_06-1024x538.jpg\" alt=\"\" class=\"wp-image-392\" srcset=\"https:\/\/turismopalencia.digital\/wp-content\/uploads\/2022\/02\/Palencia_-_Monasterio_de_Santa_Clara_06-1024x538.jpg 1024w, https:\/\/turismopalencia.digital\/wp-content\/uploads\/2022\/02\/Palencia_-_Monasterio_de_Santa_Clara_06-300x158.jpg 300w, https:\/\/turismopalencia.digital\/wp-content\/uploads\/2022\/02\/Palencia_-_Monasterio_de_Santa_Clara_06-768x403.jpg 768w, https:\/\/turismopalencia.digital\/wp-content\/uploads\/2022\/02\/Palencia_-_Monasterio_de_Santa_Clara_06-19x10.jpg 19w, https:\/\/turismopalencia.digital\/wp-content\/uploads\/2022\/02\/Palencia_-_Monasterio_de_Santa_Clara_06.jpg 1200w\" sizes=\"(max-width: 1024px) 100vw, 1024px\" \/><\/figure>\n<\/figure>\n\n\n\n<hr class=\"wp-block-separator\"\/>\n\n\n\n<p><strong>Calle Burgos, 6<\/strong><br><strong>34001 Palencia<\/strong><\/p>\n\n\n\n<p><strong>979 70 00 43<\/strong><\/p>\n\n\n\n<p><a href=\"https:\/\/es.wikipedia.org\/wiki\/Monasterio_de_Santa_Clara_(Palencia)\" target=\"_blank\" rel=\"noreferrer noopener\">https:\/\/es.wikipedia.org\/wiki\/Monasterio_de_Santa_Clara_(Palencia)<\/a><\/p>\n\n\n\n<hr class=\"wp-block-separator\"\/>\n\n\n\n<div class=\"wp-container-1 wp-block-buttons\">\n<div class=\"wp-block-button\"><a class=\"wp-block-button__link\" href=\"https:\/\/www.google.com\/maps\/place\/Monasterio+de+Santa+Clara\/@42.0096523,-4.5307926,15z\/data=!4m2!3m1!1s0x0:0x3e422cfdcdd16b65?sa=X&amp;ved=2ahUKEwj5zqnfgIn2AhWF8rsIHXhhDAcQ_BJ6BAgsEAU\" target=\"_blank\" rel=\"noreferrer noopener\">C\u00f3mo llegar<\/a><\/div>\n<\/div>\n\n\n\n<hr class=\"wp-block-separator\"\/>\n\n\n\n<hr class=\"wp-block-separator\"\/>\n","protected":false},"excerpt":{"rendered":"<p>El Monasterio de Santa Clara, m\u00e1s conocido popularmente como Monasterio de las Claras, es un edificio religioso construido en estilo g\u00f3tico entre los siglos XIV &hellip;<\/p>\n","protected":false},"author":1,"featured_media":1253,"parent":0,"menu_order":0,"comment_status":"closed","ping_status":"closed","template":"","meta":{"_monsterinsights_skip_tracking":false,"_monsterinsights_sitenote_active":false,"_monsterinsights_sitenote_note":"","_monsterinsights_sitenote_category":0},"_links":{"self":[{"href":"https:\/\/turismopalencia.digital\/index.php\/wp-json\/wp\/v2\/pages\/127"}],"collection":[{"href":"https:\/\/turismopalencia.digital\/index.php\/wp-json\/wp\/v2\/pages"}],"about":[{"href":"https:\/\/turismopalencia.digital\/index.php\/wp-json\/wp\/v2\/types\/page"}],"author":[{"embeddable":true,"href":"https:\/\/turismopalencia.digital\/index.php\/wp-json\/wp\/v2\/users\/1"}],"replies":[{"embeddable":true,"href":"https:\/\/turismopalencia.digital\/index.php\/wp-json\/wp\/v2\/comments?post=127"}],"version-history":[{"count":3,"href":"https:\/\/turismopalencia.digital\/index.php\/wp-json\/wp\/v2\/pages\/127\/revisions"}],"predecessor-version":[{"id":1254,"href":"https:\/\/turismopalencia.digital\/index.php\/wp-json\/wp\/v2\/pages\/127\/revisions\/1254"}],"wp:featuredmedia":[{"embeddable":true,"href":"https:\/\/turismopalencia.digital\/index.php\/wp-json\/wp\/v2\/media\/1253"}],"wp:attachment":[{"href":"https:\/\/turismopalencia.digital\/index.php\/wp-json\/wp\/v2\/media?parent=127"}],"curies":[{"name":"wp","href":"https:\/\/api.w.org\/{rel}","templated":true}]}}