{"id":130,"date":"2022-02-17T20:37:46","date_gmt":"2022-02-17T20:37:46","guid":{"rendered":"http:\/\/turismopalencia.digital\/?page_id=130"},"modified":"2022-04-04T19:45:44","modified_gmt":"2022-04-04T19:45:44","slug":"san-francisco","status":"publish","type":"page","link":"https:\/\/turismopalencia.digital\/index.php\/san-francisco\/","title":{"rendered":"San Francisco"},"content":{"rendered":"\n<hr class=\"wp-block-separator\"\/>\n\n\n\n<figure class=\"wp-block-image size-full is-resized\"><img loading=\"lazy\" src=\"http:\/\/turismopalencia.digital\/wp-content\/uploads\/2022\/02\/la-capital-05-1.jpg\" alt=\"\" class=\"wp-image-417\" width=\"1239\" height=\"696\" srcset=\"https:\/\/turismopalencia.digital\/wp-content\/uploads\/2022\/02\/la-capital-05-1.jpg 940w, https:\/\/turismopalencia.digital\/wp-content\/uploads\/2022\/02\/la-capital-05-1-300x169.jpg 300w, https:\/\/turismopalencia.digital\/wp-content\/uploads\/2022\/02\/la-capital-05-1-768x431.jpg 768w, https:\/\/turismopalencia.digital\/wp-content\/uploads\/2022\/02\/la-capital-05-1-18x10.jpg 18w\" sizes=\"(max-width: 1239px) 100vw, 1239px\" \/><figcaption>San Francisco<\/figcaption><\/figure>\n\n\n\n<hr class=\"wp-block-separator\"\/>\n\n\n\n<p><strong>Esta iglesia, situada en pleno centro de Palencia, tiene mucha historia, ya que desde su construcci\u00f3n fue convento franciscano en el siglo XIII, sede de las Cortes Generales del Reino en el siglo XIV, residencia temporal de reyes, y en la actualidad pertenece a la orden jesuita. Est\u00e1 declarada Monumento Nacional.<\/strong><br><strong>&nbsp;&nbsp;&nbsp;&nbsp;&nbsp;La fachada tiene una espada\u00f1a con dos campaniles y un gran roset\u00f3n g\u00f3tico. Conserva restos de un claustro de arcos ojivales apoyados en columnas muy finas.<\/strong><br><strong>&nbsp;&nbsp;&nbsp;&nbsp;&nbsp;En el interior destacan los artesonados mud\u00e9jares de madera policromada del siglo XVI situados bajo el coro y en la sacrist\u00eda, as\u00ed como la capilla funeraria de los Sarmiento. El retablo mayor es barroco, realizado por Pedro de Correas, correspondiendo la obra escult\u00f3rica a Jos\u00e9 de la Sierra.<\/strong><br><strong>&nbsp;&nbsp;&nbsp;&nbsp;&nbsp;El templo tiene una \u00fanica nave, 39 metros de longitud y 13 de anchura. Su cabecera es de b\u00f3veda de crucer\u00eda policromada y escudos de los Mendoza. El crucero es de estilo ojival.<\/strong><\/p>\n\n\n\n<hr class=\"wp-block-separator\"\/>\n\n\n\n<figure class=\"wp-block-gallery has-nested-images columns-default is-cropped\">\n<figure class=\"wp-block-image size-large\"><img loading=\"lazy\" width=\"1024\" height=\"768\" data-id=\"420\"  src=\"http:\/\/turismopalencia.digital\/wp-content\/uploads\/2022\/02\/3170684664_ab07c49f4c_b.jpg\" alt=\"\" class=\"wp-image-420\" srcset=\"https:\/\/turismopalencia.digital\/wp-content\/uploads\/2022\/02\/3170684664_ab07c49f4c_b.jpg 1024w, https:\/\/turismopalencia.digital\/wp-content\/uploads\/2022\/02\/3170684664_ab07c49f4c_b-300x225.jpg 300w, https:\/\/turismopalencia.digital\/wp-content\/uploads\/2022\/02\/3170684664_ab07c49f4c_b-768x576.jpg 768w, https:\/\/turismopalencia.digital\/wp-content\/uploads\/2022\/02\/3170684664_ab07c49f4c_b-13x10.jpg 13w\" sizes=\"(max-width: 1024px) 100vw, 1024px\" \/><\/figure>\n\n\n\n<figure class=\"wp-block-image size-large\"><img loading=\"lazy\" width=\"1024\" height=\"768\" data-id=\"421\"  src=\"http:\/\/turismopalencia.digital\/wp-content\/uploads\/2022\/02\/5046118481_f342eb3c88_b.jpg\" alt=\"\" class=\"wp-image-421\" srcset=\"https:\/\/turismopalencia.digital\/wp-content\/uploads\/2022\/02\/5046118481_f342eb3c88_b.jpg 1024w, https:\/\/turismopalencia.digital\/wp-content\/uploads\/2022\/02\/5046118481_f342eb3c88_b-300x225.jpg 300w, https:\/\/turismopalencia.digital\/wp-content\/uploads\/2022\/02\/5046118481_f342eb3c88_b-768x576.jpg 768w, https:\/\/turismopalencia.digital\/wp-content\/uploads\/2022\/02\/5046118481_f342eb3c88_b-13x10.jpg 13w\" sizes=\"(max-width: 1024px) 100vw, 1024px\" \/><\/figure>\n\n\n\n<figure class=\"wp-block-image size-large\"><img loading=\"lazy\" width=\"800\" height=\"533\" data-id=\"419\"  src=\"http:\/\/turismopalencia.digital\/wp-content\/uploads\/2022\/02\/fachada-1.jpg\" alt=\"\" class=\"wp-image-419\" srcset=\"https:\/\/turismopalencia.digital\/wp-content\/uploads\/2022\/02\/fachada-1.jpg 800w, https:\/\/turismopalencia.digital\/wp-content\/uploads\/2022\/02\/fachada-1-300x200.jpg 300w, https:\/\/turismopalencia.digital\/wp-content\/uploads\/2022\/02\/fachada-1-768x512.jpg 768w, https:\/\/turismopalencia.digital\/wp-content\/uploads\/2022\/02\/fachada-1-15x10.jpg 15w\" sizes=\"(max-width: 800px) 100vw, 800px\" \/><\/figure>\n<\/figure>\n\n\n\n<hr class=\"wp-block-separator\"\/>\n\n\n\n<p><strong>Plaza San Francisco, 1<\/strong><br><strong>34001 Palencia<\/strong><\/p>\n\n\n\n<p><a href=\"https:\/\/es.wikipedia.org\/wiki\/Iglesia_de_San_Francisco_(Palencia)\" target=\"_blank\" rel=\"noreferrer noopener\">https:\/\/es.wikipedia.org\/wiki\/Iglesia_de_San_Francisco_(Palencia)<\/a><\/p>\n\n\n\n<hr class=\"wp-block-separator\"\/>\n\n\n\n<div class=\"wp-container-1 wp-block-buttons\">\n<div class=\"wp-block-button\"><a class=\"wp-block-button__link\" href=\"https:\/\/www.google.com\/maps\/place\/Iglesia+de+San+Francisco\/@42.0113796,-4.5323012,15z\/data=!4m2!3m1!1s0x0:0x9cd4b77cf64ff8f4?sa=X&amp;ved=2ahUKEwjRg83HhYn2AhW-IDQIHSiLDlAQ_BJ6BAgtEAU\" target=\"_blank\" rel=\"noreferrer noopener\">C\u00f3mo llegar<\/a><\/div>\n<\/div>\n\n\n\n<hr class=\"wp-block-separator\"\/>\n\n\n\n<hr class=\"wp-block-separator\"\/>\n","protected":false},"excerpt":{"rendered":"<p>Esta iglesia, situada en pleno centro de Palencia, tiene mucha historia, ya que desde su construcci\u00f3n fue convento franciscano en el siglo XIII, sede de &hellip;<\/p>\n","protected":false},"author":1,"featured_media":1258,"parent":0,"menu_order":0,"comment_status":"closed","ping_status":"closed","template":"","meta":{"_monsterinsights_skip_tracking":false,"_monsterinsights_sitenote_active":false,"_monsterinsights_sitenote_note":"","_monsterinsights_sitenote_category":0},"_links":{"self":[{"href":"https:\/\/turismopalencia.digital\/index.php\/wp-json\/wp\/v2\/pages\/130"}],"collection":[{"href":"https:\/\/turismopalencia.digital\/index.php\/wp-json\/wp\/v2\/pages"}],"about":[{"href":"https:\/\/turismopalencia.digital\/index.php\/wp-json\/wp\/v2\/types\/page"}],"author":[{"embeddable":true,"href":"https:\/\/turismopalencia.digital\/index.php\/wp-json\/wp\/v2\/users\/1"}],"replies":[{"embeddable":true,"href":"https:\/\/turismopalencia.digital\/index.php\/wp-json\/wp\/v2\/comments?post=130"}],"version-history":[{"count":3,"href":"https:\/\/turismopalencia.digital\/index.php\/wp-json\/wp\/v2\/pages\/130\/revisions"}],"predecessor-version":[{"id":1259,"href":"https:\/\/turismopalencia.digital\/index.php\/wp-json\/wp\/v2\/pages\/130\/revisions\/1259"}],"wp:featuredmedia":[{"embeddable":true,"href":"https:\/\/turismopalencia.digital\/index.php\/wp-json\/wp\/v2\/media\/1258"}],"wp:attachment":[{"href":"https:\/\/turismopalencia.digital\/index.php\/wp-json\/wp\/v2\/media?parent=130"}],"curies":[{"name":"wp","href":"https:\/\/api.w.org\/{rel}","templated":true}]}}