{"id":131,"date":"2022-02-17T20:37:46","date_gmt":"2022-02-17T20:37:46","guid":{"rendered":"http:\/\/turismopalencia.digital\/?page_id=131"},"modified":"2022-04-04T19:48:00","modified_gmt":"2022-04-04T19:48:00","slug":"san-lazaro","status":"publish","type":"page","link":"https:\/\/turismopalencia.digital\/index.php\/san-lazaro\/","title":{"rendered":"San L\u00e1zaro"},"content":{"rendered":"\n<hr class=\"wp-block-separator\"\/>\n\n\n\n<figure class=\"wp-block-image size-large is-resized\"><img loading=\"lazy\" src=\"http:\/\/turismopalencia.digital\/wp-content\/uploads\/2022\/02\/1200px-San_Lazaro-1-1024x768.jpg\" alt=\"\" class=\"wp-image-430\" width=\"1239\" height=\"929\" srcset=\"https:\/\/turismopalencia.digital\/wp-content\/uploads\/2022\/02\/1200px-San_Lazaro-1-1024x768.jpg 1024w, https:\/\/turismopalencia.digital\/wp-content\/uploads\/2022\/02\/1200px-San_Lazaro-1-300x225.jpg 300w, https:\/\/turismopalencia.digital\/wp-content\/uploads\/2022\/02\/1200px-San_Lazaro-1-768x576.jpg 768w, https:\/\/turismopalencia.digital\/wp-content\/uploads\/2022\/02\/1200px-San_Lazaro-1-13x10.jpg 13w, https:\/\/turismopalencia.digital\/wp-content\/uploads\/2022\/02\/1200px-San_Lazaro-1.jpg 1200w\" sizes=\"(max-width: 1239px) 100vw, 1239px\" \/><figcaption>San L\u00e1zaro<\/figcaption><\/figure>\n\n\n\n<hr class=\"wp-block-separator\"\/>\n\n\n\n<p><strong>La iglesia de San L\u00e1zaro es un templo parroquial construido en diversas etapas evolutivas a partir del siglo XIV dentro del arte g\u00f3tico, aunque en tiempos recientes ha sido profundamente reformado. Su mayor inter\u00e9s art\u00edstico reside en el retablo mayor, realizado en estilo renacentista plateresco.<\/strong><br><strong>&nbsp;&nbsp;&nbsp;&nbsp;&nbsp;La tradici\u00f3n adjudica la erecci\u00f3n de esta iglesia en 1076 en un inmueble fundado por el Cid Campeador que funcionaba como hospital de peregrinos y leprosos, tal como recuerda una inscripci\u00f3n sobre la puerta. El lazareto pertenec\u00eda al barrio de la Puebla, extramuros de la ciudad. A principios del siglo XVI, concretamente a partir de 1508, la iglesia, que se hallaba en un estado ruinoso, fue casi enteramente reconstruida por don Sancho de Castilla, se\u00f1or de Palencia, quien dispuso la instalaci\u00f3n all\u00ed de su mausoleo familiar. Entonces, San L\u00e1zaro pas\u00f3 a manos de la Orden Hospitalaria de San Juan de Dios y posteriormente comenz\u00f3 a celebrar culto regular como parroquia, funci\u00f3n que se prolonga hasta el d\u00eda de hoy.<\/strong><br><strong>&nbsp;&nbsp;&nbsp;&nbsp;&nbsp;Un incendio y el posterior hundimiento de las b\u00f3vedas entre 1955 y 1959 obligaron a rehacer la parte central del edificio, reconstrucci\u00f3n que desvirtu\u00f3 la l\u00ednea g\u00f3tica primitiva. En 2006 la iglesia fue sometida a un proceso de limpieza y reacondicionamiento para el culto. El 2 de enero de 2008 se conmemor\u00f3 el 500 aniversario de la fundaci\u00f3n del templo por don Sancho de Castilla.<\/strong><\/p>\n\n\n\n<hr class=\"wp-block-separator\"\/>\n\n\n\n<figure class=\"wp-block-gallery has-nested-images columns-default is-cropped\">\n<figure class=\"wp-block-image size-large\"><img loading=\"lazy\" width=\"1024\" height=\"776\" data-id=\"433\"  src=\"http:\/\/turismopalencia.digital\/wp-content\/uploads\/2022\/02\/3447804079_240fd5e423_b.jpg\" alt=\"\" class=\"wp-image-433\" srcset=\"https:\/\/turismopalencia.digital\/wp-content\/uploads\/2022\/02\/3447804079_240fd5e423_b.jpg 1024w, https:\/\/turismopalencia.digital\/wp-content\/uploads\/2022\/02\/3447804079_240fd5e423_b-300x227.jpg 300w, https:\/\/turismopalencia.digital\/wp-content\/uploads\/2022\/02\/3447804079_240fd5e423_b-768x582.jpg 768w, https:\/\/turismopalencia.digital\/wp-content\/uploads\/2022\/02\/3447804079_240fd5e423_b-13x10.jpg 13w\" sizes=\"(max-width: 1024px) 100vw, 1024px\" \/><\/figure>\n\n\n\n<figure class=\"wp-block-image size-large\"><img loading=\"lazy\" width=\"500\" height=\"375\" data-id=\"432\"  src=\"http:\/\/turismopalencia.digital\/wp-content\/uploads\/2022\/02\/iglesia_san_lazaro_palencia_02_mobile.jpg\" alt=\"\" class=\"wp-image-432\" srcset=\"https:\/\/turismopalencia.digital\/wp-content\/uploads\/2022\/02\/iglesia_san_lazaro_palencia_02_mobile.jpg 500w, https:\/\/turismopalencia.digital\/wp-content\/uploads\/2022\/02\/iglesia_san_lazaro_palencia_02_mobile-300x225.jpg 300w, https:\/\/turismopalencia.digital\/wp-content\/uploads\/2022\/02\/iglesia_san_lazaro_palencia_02_mobile-13x10.jpg 13w\" sizes=\"(max-width: 500px) 100vw, 500px\" \/><\/figure>\n\n\n\n<figure class=\"wp-block-image size-large\"><img loading=\"lazy\" width=\"770\" height=\"493\" data-id=\"434\"  src=\"http:\/\/turismopalencia.digital\/wp-content\/uploads\/2022\/02\/1467742278_974249_1467742572_noticia_normal.jpg\" alt=\"\" class=\"wp-image-434\" srcset=\"https:\/\/turismopalencia.digital\/wp-content\/uploads\/2022\/02\/1467742278_974249_1467742572_noticia_normal.jpg 770w, https:\/\/turismopalencia.digital\/wp-content\/uploads\/2022\/02\/1467742278_974249_1467742572_noticia_normal-300x192.jpg 300w, https:\/\/turismopalencia.digital\/wp-content\/uploads\/2022\/02\/1467742278_974249_1467742572_noticia_normal-768x492.jpg 768w, https:\/\/turismopalencia.digital\/wp-content\/uploads\/2022\/02\/1467742278_974249_1467742572_noticia_normal-16x10.jpg 16w\" sizes=\"(max-width: 770px) 100vw, 770px\" \/><\/figure>\n<\/figure>\n\n\n\n<hr class=\"wp-block-separator\"\/>\n\n\n\n<p><strong>Plaza San Lazaro<\/strong><br><strong>34002 Palencia<\/strong><\/p>\n\n\n\n<p><strong>979 74 27 24<\/strong><\/p>\n\n\n\n<p><a href=\"https:\/\/es.wikipedia.org\/wiki\/Iglesia_de_San_L%C3%A1zaro_(Palencia)\" target=\"_blank\" rel=\"noreferrer noopener\">https:\/\/es.wikipedia.org\/wiki\/Iglesia_de_San_L%C3%A1zaro_(Palencia)<\/a><\/p>\n\n\n\n<hr class=\"wp-block-separator\"\/>\n\n\n\n<div class=\"wp-container-1 wp-block-buttons\">\n<div class=\"wp-block-button\"><a class=\"wp-block-button__link\" href=\"https:\/\/www.google.com\/maps\/place\/Parroquia+de+San+L%C3%A1zaro\/@42.0095301,-4.5296098,15z\/data=!4m2!3m1!1s0x0:0xcdd413e458faba3e?sa=X&amp;ved=2ahUKEwiAwKvPh4n2AhWtz4UKHfQIBRsQ_BJ6BAgwEAU\" target=\"_blank\" rel=\"noreferrer noopener\">C\u00f3mo llegar<\/a><\/div>\n<\/div>\n\n\n\n<hr class=\"wp-block-separator\"\/>\n\n\n\n<hr class=\"wp-block-separator\"\/>\n","protected":false},"excerpt":{"rendered":"<p>La iglesia de San L\u00e1zaro es un templo parroquial construido en diversas etapas evolutivas a partir del siglo XIV dentro del arte g\u00f3tico, aunque en &hellip;<\/p>\n","protected":false},"author":1,"featured_media":1262,"parent":0,"menu_order":0,"comment_status":"closed","ping_status":"closed","template":"","meta":{"_monsterinsights_skip_tracking":false,"_monsterinsights_sitenote_active":false,"_monsterinsights_sitenote_note":"","_monsterinsights_sitenote_category":0},"_links":{"self":[{"href":"https:\/\/turismopalencia.digital\/index.php\/wp-json\/wp\/v2\/pages\/131"}],"collection":[{"href":"https:\/\/turismopalencia.digital\/index.php\/wp-json\/wp\/v2\/pages"}],"about":[{"href":"https:\/\/turismopalencia.digital\/index.php\/wp-json\/wp\/v2\/types\/page"}],"author":[{"embeddable":true,"href":"https:\/\/turismopalencia.digital\/index.php\/wp-json\/wp\/v2\/users\/1"}],"replies":[{"embeddable":true,"href":"https:\/\/turismopalencia.digital\/index.php\/wp-json\/wp\/v2\/comments?post=131"}],"version-history":[{"count":3,"href":"https:\/\/turismopalencia.digital\/index.php\/wp-json\/wp\/v2\/pages\/131\/revisions"}],"predecessor-version":[{"id":1263,"href":"https:\/\/turismopalencia.digital\/index.php\/wp-json\/wp\/v2\/pages\/131\/revisions\/1263"}],"wp:featuredmedia":[{"embeddable":true,"href":"https:\/\/turismopalencia.digital\/index.php\/wp-json\/wp\/v2\/media\/1262"}],"wp:attachment":[{"href":"https:\/\/turismopalencia.digital\/index.php\/wp-json\/wp\/v2\/media?parent=131"}],"curies":[{"name":"wp","href":"https:\/\/api.w.org\/{rel}","templated":true}]}}