{"id":132,"date":"2022-02-17T20:37:46","date_gmt":"2022-02-17T20:37:46","guid":{"rendered":"http:\/\/turismopalencia.digital\/?page_id=132"},"modified":"2022-04-04T19:48:56","modified_gmt":"2022-04-04T19:48:56","slug":"san-miguel","status":"publish","type":"page","link":"https:\/\/turismopalencia.digital\/index.php\/san-miguel\/","title":{"rendered":"San Miguel"},"content":{"rendered":"\n<hr class=\"wp-block-separator\"\/>\n\n\n\n<figure class=\"wp-block-image size-large is-resized\"><img loading=\"lazy\" src=\"http:\/\/turismopalencia.digital\/wp-content\/uploads\/2022\/02\/sanmiguel-1024x721.jpg\" alt=\"\" class=\"wp-image-436\" width=\"1238\" height=\"872\" srcset=\"https:\/\/turismopalencia.digital\/wp-content\/uploads\/2022\/02\/sanmiguel-1024x721.jpg 1024w, https:\/\/turismopalencia.digital\/wp-content\/uploads\/2022\/02\/sanmiguel-300x211.jpg 300w, https:\/\/turismopalencia.digital\/wp-content\/uploads\/2022\/02\/sanmiguel-768x541.jpg 768w, https:\/\/turismopalencia.digital\/wp-content\/uploads\/2022\/02\/sanmiguel-1536x1082.jpg 1536w, https:\/\/turismopalencia.digital\/wp-content\/uploads\/2022\/02\/sanmiguel-14x10.jpg 14w, https:\/\/turismopalencia.digital\/wp-content\/uploads\/2022\/02\/sanmiguel.jpg 1600w\" sizes=\"(max-width: 1238px) 100vw, 1238px\" \/><figcaption>San Miguel<\/figcaption><\/figure>\n\n\n\n<hr class=\"wp-block-separator\"\/>\n\n\n\n<p><strong>La iglesia de San Miguel, es una construcci\u00f3n de estilo Rom\u00e1nico y G\u00f3tico, situada a orillas del r\u00edo Carri\u00f3n. Lo m\u00e1s destacado de ella es su torre calada, m\u00e1s similar a la de un castillo que a la de una iglesia. Actualmente, est\u00e1 considerada como BIC (Bien de Inter\u00e9s Cultural) , tambi\u00e9n fue declarada Monumento hist\u00f3rico-art\u00edstico.<\/strong><br><strong>&nbsp;&nbsp;&nbsp;&nbsp;&nbsp;La tradici\u00f3n legendaria afirma que en esta iglesia se casaron Rodrigo D\u00edaz de Vivar, el Cid Campeador, y su esposa Do\u00f1a Jimena.<\/strong><br><strong>&nbsp;&nbsp;&nbsp;&nbsp;&nbsp;En este templo se guarda la imagen del Cristo de Medinaceli de Palencia, talla que desfila el Martes y Viernes Santo portado por la cofrad\u00eda del mismo nombre.<\/strong><br><strong>&nbsp;&nbsp;&nbsp;&nbsp;&nbsp;En los alrededores de esta iglesia tienen lugar dos celebraciones muy populares en la ciudad: El Bautizo del Ni\u00f1o, que se celebra el 1 de enero y es fiesta de Inter\u00e9s Tur\u00edstico Regional y la tradicional bendici\u00f3n de los animales el d\u00eda de san Ant\u00f3n.<\/strong><\/p>\n\n\n\n<hr class=\"wp-block-separator\"\/>\n\n\n\n<figure class=\"wp-block-gallery has-nested-images columns-default is-cropped\">\n<figure class=\"wp-block-image size-large\"><img loading=\"lazy\" width=\"755\" height=\"1024\" data-id=\"440\"  src=\"http:\/\/turismopalencia.digital\/wp-content\/uploads\/2022\/02\/8218055397_c725b9a046_b.jpg\" alt=\"\" class=\"wp-image-440\" srcset=\"https:\/\/turismopalencia.digital\/wp-content\/uploads\/2022\/02\/8218055397_c725b9a046_b.jpg 755w, https:\/\/turismopalencia.digital\/wp-content\/uploads\/2022\/02\/8218055397_c725b9a046_b-221x300.jpg 221w, https:\/\/turismopalencia.digital\/wp-content\/uploads\/2022\/02\/8218055397_c725b9a046_b-7x10.jpg 7w\" sizes=\"(max-width: 755px) 100vw, 755px\" \/><\/figure>\n\n\n\n<figure class=\"wp-block-image size-large\"><img loading=\"lazy\" width=\"768\" height=\"1024\" data-id=\"439\"  src=\"http:\/\/turismopalencia.digital\/wp-content\/uploads\/2022\/02\/Iglesia_de_San_Miguel-768x1024.jpg\" alt=\"\" class=\"wp-image-439\" srcset=\"https:\/\/turismopalencia.digital\/wp-content\/uploads\/2022\/02\/Iglesia_de_San_Miguel-768x1024.jpg 768w, https:\/\/turismopalencia.digital\/wp-content\/uploads\/2022\/02\/Iglesia_de_San_Miguel-225x300.jpg 225w, https:\/\/turismopalencia.digital\/wp-content\/uploads\/2022\/02\/Iglesia_de_San_Miguel-1152x1536.jpg 1152w, https:\/\/turismopalencia.digital\/wp-content\/uploads\/2022\/02\/Iglesia_de_San_Miguel-8x10.jpg 8w, https:\/\/turismopalencia.digital\/wp-content\/uploads\/2022\/02\/Iglesia_de_San_Miguel.jpg 1536w\" sizes=\"(max-width: 768px) 100vw, 768px\" \/><figcaption>San Miguel<\/figcaption><\/figure>\n\n\n\n<figure class=\"wp-block-image size-large\"><img loading=\"lazy\" width=\"712\" height=\"1024\" data-id=\"438\"  src=\"http:\/\/turismopalencia.digital\/wp-content\/uploads\/2022\/02\/sanmiguelreflejadaenelcarrion-712x1024.jpg\" alt=\"\" class=\"wp-image-438\" srcset=\"https:\/\/turismopalencia.digital\/wp-content\/uploads\/2022\/02\/sanmiguelreflejadaenelcarrion-712x1024.jpg 712w, https:\/\/turismopalencia.digital\/wp-content\/uploads\/2022\/02\/sanmiguelreflejadaenelcarrion-209x300.jpg 209w, https:\/\/turismopalencia.digital\/wp-content\/uploads\/2022\/02\/sanmiguelreflejadaenelcarrion-768x1105.jpg 768w, https:\/\/turismopalencia.digital\/wp-content\/uploads\/2022\/02\/sanmiguelreflejadaenelcarrion-1068x1536.jpg 1068w, https:\/\/turismopalencia.digital\/wp-content\/uploads\/2022\/02\/sanmiguelreflejadaenelcarrion-7x10.jpg 7w, https:\/\/turismopalencia.digital\/wp-content\/uploads\/2022\/02\/sanmiguelreflejadaenelcarrion.jpg 1112w\" sizes=\"(max-width: 712px) 100vw, 712px\" \/><\/figure>\n\n\n\n<figure class=\"wp-block-image size-large\"><img loading=\"lazy\" width=\"291\" height=\"173\" data-id=\"441\"  src=\"http:\/\/turismopalencia.digital\/wp-content\/uploads\/2022\/02\/images-1.jpg\" alt=\"\" class=\"wp-image-441\" srcset=\"https:\/\/turismopalencia.digital\/wp-content\/uploads\/2022\/02\/images-1.jpg 291w, https:\/\/turismopalencia.digital\/wp-content\/uploads\/2022\/02\/images-1-17x10.jpg 17w\" sizes=\"(max-width: 291px) 100vw, 291px\" \/><\/figure>\n<\/figure>\n\n\n\n<hr class=\"wp-block-separator\"\/>\n\n\n\n<p><strong>Plaza San Miguel, 2<\/strong><br><strong>34002 Palencia<\/strong><\/p>\n\n\n\n<p><strong>979 70 08 84<\/strong><\/p>\n\n\n\n<p><a href=\"https:\/\/www.asturnatura.com\/turismo\/iglesia-de-san-miguel-de-palencia\/3007.html\" target=\"_blank\" rel=\"noreferrer noopener\">https:\/\/www.asturnatura.com\/turismo\/iglesia-de-san-miguel-de-palencia\/3007.html<\/a><\/p>\n\n\n\n<hr class=\"wp-block-separator\"\/>\n\n\n\n<div class=\"wp-container-1 wp-block-buttons\">\n<div class=\"wp-block-button\"><a class=\"wp-block-button__link\" href=\"https:\/\/www.google.com\/maps\/place\/Iglesia+de+San+Miguel\/@42.0077812,-4.5344628,15z\/data=!4m2!3m1!1s0x0:0x873fcda30463aa09?sa=X&amp;ved=2ahUKEwj0pfzTiIn2AhV3iv0HHfGuD0wQ_BJ6BAgyEAU\" target=\"_blank\" rel=\"noreferrer noopener\">C\u00f3mo llegar<\/a><\/div>\n<\/div>\n\n\n\n<hr class=\"wp-block-separator\"\/>\n\n\n\n<hr class=\"wp-block-separator\"\/>\n","protected":false},"excerpt":{"rendered":"<p>La iglesia de San Miguel, es una construcci\u00f3n de estilo Rom\u00e1nico y G\u00f3tico, situada a orillas del r\u00edo Carri\u00f3n. Lo m\u00e1s destacado de ella es &hellip;<\/p>\n","protected":false},"author":1,"featured_media":1264,"parent":0,"menu_order":0,"comment_status":"closed","ping_status":"closed","template":"","meta":{"_monsterinsights_skip_tracking":false,"_monsterinsights_sitenote_active":false,"_monsterinsights_sitenote_note":"","_monsterinsights_sitenote_category":0},"_links":{"self":[{"href":"https:\/\/turismopalencia.digital\/index.php\/wp-json\/wp\/v2\/pages\/132"}],"collection":[{"href":"https:\/\/turismopalencia.digital\/index.php\/wp-json\/wp\/v2\/pages"}],"about":[{"href":"https:\/\/turismopalencia.digital\/index.php\/wp-json\/wp\/v2\/types\/page"}],"author":[{"embeddable":true,"href":"https:\/\/turismopalencia.digital\/index.php\/wp-json\/wp\/v2\/users\/1"}],"replies":[{"embeddable":true,"href":"https:\/\/turismopalencia.digital\/index.php\/wp-json\/wp\/v2\/comments?post=132"}],"version-history":[{"count":3,"href":"https:\/\/turismopalencia.digital\/index.php\/wp-json\/wp\/v2\/pages\/132\/revisions"}],"predecessor-version":[{"id":1265,"href":"https:\/\/turismopalencia.digital\/index.php\/wp-json\/wp\/v2\/pages\/132\/revisions\/1265"}],"wp:featuredmedia":[{"embeddable":true,"href":"https:\/\/turismopalencia.digital\/index.php\/wp-json\/wp\/v2\/media\/1264"}],"wp:attachment":[{"href":"https:\/\/turismopalencia.digital\/index.php\/wp-json\/wp\/v2\/media?parent=132"}],"curies":[{"name":"wp","href":"https:\/\/api.w.org\/{rel}","templated":true}]}}