{"id":135,"date":"2022-02-17T20:37:46","date_gmt":"2022-02-17T20:37:46","guid":{"rendered":"http:\/\/turismopalencia.digital\/?page_id=135"},"modified":"2022-04-04T19:53:00","modified_gmt":"2022-04-04T19:53:00","slug":"virgen-de-la-calle","status":"publish","type":"page","link":"https:\/\/turismopalencia.digital\/index.php\/virgen-de-la-calle\/","title":{"rendered":"Virgen de la Calle"},"content":{"rendered":"\n<hr class=\"wp-block-separator\"\/>\n\n\n\n<figure class=\"wp-block-image size-full is-resized\"><img loading=\"lazy\" src=\"http:\/\/turismopalencia.digital\/wp-content\/uploads\/2022\/02\/iglesia-de-nuestra-senora-de-la-calle2-1.jpg__940x620_q83-1.jpg\" alt=\"\" class=\"wp-image-472\" width=\"1241\" height=\"819\" srcset=\"https:\/\/turismopalencia.digital\/wp-content\/uploads\/2022\/02\/iglesia-de-nuestra-senora-de-la-calle2-1.jpg__940x620_q83-1.jpg 940w, https:\/\/turismopalencia.digital\/wp-content\/uploads\/2022\/02\/iglesia-de-nuestra-senora-de-la-calle2-1.jpg__940x620_q83-1-300x198.jpg 300w, https:\/\/turismopalencia.digital\/wp-content\/uploads\/2022\/02\/iglesia-de-nuestra-senora-de-la-calle2-1.jpg__940x620_q83-1-768x507.jpg 768w, https:\/\/turismopalencia.digital\/wp-content\/uploads\/2022\/02\/iglesia-de-nuestra-senora-de-la-calle2-1.jpg__940x620_q83-1-15x10.jpg 15w\" sizes=\"(max-width: 1241px) 100vw, 1241px\" \/><\/figure>\n\n\n\n<hr class=\"wp-block-separator\"\/>\n\n\n\n<p><strong>La iglesia de la Compa\u00f1\u00eda se la conoce tambi\u00e9n como Nuestra Se\u00f1ora de la Calle. Constru\u00edda por los jesuitas a finales del siglo XVI, alberga a la patrona de la capital palentina, la Virgen de la Calle, cuya festividad se celebra el 2 de febrero.<\/strong><br><strong>&nbsp;&nbsp;&nbsp;&nbsp;&nbsp;El templo fue construido por la Compa\u00f1\u00eda de Jes\u00fas entre 1584 y 1599, de ah\u00ed la denominaci\u00f3n popular que recibe. Originalmente estuvo dedicado a san Lorenzo. Tras la expulsi\u00f3n de la Orden de Espa\u00f1a en 1767, el edificio qued\u00f3 convertido en parroquia-santuario al colocarse en su interior la imagen de la Virgen de la Calle. En las \u00faltimas d\u00e9cadas del siglo XIX se construy\u00f3 como edificaci\u00f3n anexa el Seminario Diocesano. Cuando en 1871 los jesuitas regresaron a Palencia, no tomaron posesi\u00f3n de su antigua iglesia, sino que, en virtud de un acuerdo con el Obispado de Palencia, pasaron a regentar la iglesia del exclaustrado convento de San Francisco.<\/strong><br><strong>&nbsp;&nbsp;&nbsp;&nbsp;&nbsp;Desde 1982 la iglesia de la Compa\u00f1\u00eda es Bien de Inter\u00e9s Cultural (BIC) con categor\u00eda de Monumento Hist\u00f3rico-Art\u00edstico de inter\u00e9s nacional.<\/strong><\/p>\n\n\n\n<hr class=\"wp-block-separator\"\/>\n\n\n\n<figure class=\"wp-block-gallery has-nested-images columns-default is-cropped\">\n<figure class=\"wp-block-image size-large\"><img loading=\"lazy\" width=\"768\" height=\"1024\" data-id=\"474\"  src=\"http:\/\/turismopalencia.digital\/wp-content\/uploads\/2022\/02\/800px-Palencia_-_Nra_Sra_de_la_Calle_07-768x1024.jpg\" alt=\"\" class=\"wp-image-474\" srcset=\"https:\/\/turismopalencia.digital\/wp-content\/uploads\/2022\/02\/800px-Palencia_-_Nra_Sra_de_la_Calle_07-768x1024.jpg 768w, https:\/\/turismopalencia.digital\/wp-content\/uploads\/2022\/02\/800px-Palencia_-_Nra_Sra_de_la_Calle_07-225x300.jpg 225w, https:\/\/turismopalencia.digital\/wp-content\/uploads\/2022\/02\/800px-Palencia_-_Nra_Sra_de_la_Calle_07-7x10.jpg 7w, https:\/\/turismopalencia.digital\/wp-content\/uploads\/2022\/02\/800px-Palencia_-_Nra_Sra_de_la_Calle_07.jpg 800w\" sizes=\"(max-width: 768px) 100vw, 768px\" \/><\/figure>\n\n\n\n<figure class=\"wp-block-image size-large\"><img loading=\"lazy\" width=\"768\" height=\"1024\" data-id=\"475\"  src=\"http:\/\/turismopalencia.digital\/wp-content\/uploads\/2022\/02\/800px-Palencia_-_Nra_Sra_de_la_Calle_10-768x1024.jpg\" alt=\"\" class=\"wp-image-475\" srcset=\"https:\/\/turismopalencia.digital\/wp-content\/uploads\/2022\/02\/800px-Palencia_-_Nra_Sra_de_la_Calle_10-768x1024.jpg 768w, https:\/\/turismopalencia.digital\/wp-content\/uploads\/2022\/02\/800px-Palencia_-_Nra_Sra_de_la_Calle_10-225x300.jpg 225w, https:\/\/turismopalencia.digital\/wp-content\/uploads\/2022\/02\/800px-Palencia_-_Nra_Sra_de_la_Calle_10-7x10.jpg 7w, https:\/\/turismopalencia.digital\/wp-content\/uploads\/2022\/02\/800px-Palencia_-_Nra_Sra_de_la_Calle_10.jpg 800w\" sizes=\"(max-width: 768px) 100vw, 768px\" \/><\/figure>\n\n\n\n<figure class=\"wp-block-image size-large\"><img loading=\"lazy\" width=\"1024\" height=\"768\" data-id=\"476\"  src=\"http:\/\/turismopalencia.digital\/wp-content\/uploads\/2022\/02\/3328213545_8a6d6bebf8_b.jpg\" alt=\"\" class=\"wp-image-476\" srcset=\"https:\/\/turismopalencia.digital\/wp-content\/uploads\/2022\/02\/3328213545_8a6d6bebf8_b.jpg 1024w, https:\/\/turismopalencia.digital\/wp-content\/uploads\/2022\/02\/3328213545_8a6d6bebf8_b-300x225.jpg 300w, https:\/\/turismopalencia.digital\/wp-content\/uploads\/2022\/02\/3328213545_8a6d6bebf8_b-768x576.jpg 768w, https:\/\/turismopalencia.digital\/wp-content\/uploads\/2022\/02\/3328213545_8a6d6bebf8_b-13x10.jpg 13w\" sizes=\"(max-width: 1024px) 100vw, 1024px\" \/><\/figure>\n\n\n\n<figure class=\"wp-block-image size-large\"><img loading=\"lazy\" width=\"800\" height=\"533\" data-id=\"478\"  src=\"http:\/\/turismopalencia.digital\/wp-content\/uploads\/2022\/02\/fiesta-pal07.jpg\" alt=\"\" class=\"wp-image-478\" srcset=\"https:\/\/turismopalencia.digital\/wp-content\/uploads\/2022\/02\/fiesta-pal07.jpg 800w, https:\/\/turismopalencia.digital\/wp-content\/uploads\/2022\/02\/fiesta-pal07-300x200.jpg 300w, https:\/\/turismopalencia.digital\/wp-content\/uploads\/2022\/02\/fiesta-pal07-768x512.jpg 768w, https:\/\/turismopalencia.digital\/wp-content\/uploads\/2022\/02\/fiesta-pal07-15x10.jpg 15w\" sizes=\"(max-width: 800px) 100vw, 800px\" \/><\/figure>\n\n\n\n<figure class=\"wp-block-image size-large\"><img loading=\"lazy\" width=\"800\" height=\"402\" data-id=\"477\"  src=\"http:\/\/turismopalencia.digital\/wp-content\/uploads\/2022\/02\/fiesta-pal47.jpg\" alt=\"\" class=\"wp-image-477\" srcset=\"https:\/\/turismopalencia.digital\/wp-content\/uploads\/2022\/02\/fiesta-pal47.jpg 800w, https:\/\/turismopalencia.digital\/wp-content\/uploads\/2022\/02\/fiesta-pal47-300x151.jpg 300w, https:\/\/turismopalencia.digital\/wp-content\/uploads\/2022\/02\/fiesta-pal47-768x386.jpg 768w, https:\/\/turismopalencia.digital\/wp-content\/uploads\/2022\/02\/fiesta-pal47-20x10.jpg 20w\" sizes=\"(max-width: 800px) 100vw, 800px\" \/><\/figure>\n\n\n\n<figure class=\"wp-block-image size-large\"><img loading=\"lazy\" width=\"610\" height=\"407\" data-id=\"479\"  src=\"http:\/\/turismopalencia.digital\/wp-content\/uploads\/2022\/02\/img_0606_grande.jpg\" alt=\"\" class=\"wp-image-479\" srcset=\"https:\/\/turismopalencia.digital\/wp-content\/uploads\/2022\/02\/img_0606_grande.jpg 610w, https:\/\/turismopalencia.digital\/wp-content\/uploads\/2022\/02\/img_0606_grande-300x200.jpg 300w, https:\/\/turismopalencia.digital\/wp-content\/uploads\/2022\/02\/img_0606_grande-15x10.jpg 15w\" sizes=\"(max-width: 610px) 100vw, 610px\" \/><\/figure>\n\n\n\n<figure class=\"wp-block-image size-large\"><img loading=\"lazy\" width=\"768\" height=\"1024\" data-id=\"480\"  src=\"http:\/\/turismopalencia.digital\/wp-content\/uploads\/2022\/02\/Palencia_-_Nra_Sra_de_la_Calle_01-768x1024.jpg\" alt=\"\" class=\"wp-image-480\" srcset=\"https:\/\/turismopalencia.digital\/wp-content\/uploads\/2022\/02\/Palencia_-_Nra_Sra_de_la_Calle_01-768x1024.jpg 768w, https:\/\/turismopalencia.digital\/wp-content\/uploads\/2022\/02\/Palencia_-_Nra_Sra_de_la_Calle_01-225x300.jpg 225w, https:\/\/turismopalencia.digital\/wp-content\/uploads\/2022\/02\/Palencia_-_Nra_Sra_de_la_Calle_01-8x10.jpg 8w, https:\/\/turismopalencia.digital\/wp-content\/uploads\/2022\/02\/Palencia_-_Nra_Sra_de_la_Calle_01.jpg 1000w\" sizes=\"(max-width: 768px) 100vw, 768px\" \/><\/figure>\n<\/figure>\n\n\n\n<hr class=\"wp-block-separator\"\/>\n\n\n\n<p><strong>Plaza Isabel la Cat\u00f3lica, 3<br>34005 Palencia<\/strong><\/p>\n\n\n\n<p><strong>979 74 04 25<\/strong><\/p>\n\n\n\n<p><a href=\"https:\/\/es.wikipedia.org\/wiki\/Iglesia_de_la_Compa%C3%B1%C3%ADa_(Palencia)\" target=\"_blank\" rel=\"noreferrer noopener\">https:\/\/es.wikipedia.org\/wiki\/Iglesia_de_la_Compa%C3%B1%C3%ADa_(Palencia)<\/a><\/p>\n\n\n\n<hr class=\"wp-block-separator\"\/>\n\n\n\n<div class=\"wp-container-1 wp-block-buttons\">\n<div class=\"wp-block-button\"><a class=\"wp-block-button__link\" href=\"https:\/\/www.google.com\/maps\/place\/Iglesia+de+Nuestra+Se%C3%B1ora+de+la+Calle\/@42.0095129,-4.53433,15z\/data=!4m2!3m1!1s0x0:0x671aec36aefe0808?sa=X&amp;ved=2ahUKEwiB98fFjon2AhUMg_0HHc7yB7AQ_BJ6BAgeEAU\" target=\"_blank\" rel=\"noreferrer noopener\">C\u00f3mo llegar<\/a><\/div>\n<\/div>\n\n\n\n<hr class=\"wp-block-separator\"\/>\n\n\n\n<hr class=\"wp-block-separator\"\/>\n","protected":false},"excerpt":{"rendered":"<p>La iglesia de la Compa\u00f1\u00eda se la conoce tambi\u00e9n como Nuestra Se\u00f1ora de la Calle. Constru\u00edda por los jesuitas a finales del siglo XVI, alberga &hellip;<\/p>\n","protected":false},"author":1,"featured_media":1270,"parent":0,"menu_order":0,"comment_status":"closed","ping_status":"closed","template":"","meta":{"_monsterinsights_skip_tracking":false,"_monsterinsights_sitenote_active":false,"_monsterinsights_sitenote_note":"","_monsterinsights_sitenote_category":0},"_links":{"self":[{"href":"https:\/\/turismopalencia.digital\/index.php\/wp-json\/wp\/v2\/pages\/135"}],"collection":[{"href":"https:\/\/turismopalencia.digital\/index.php\/wp-json\/wp\/v2\/pages"}],"about":[{"href":"https:\/\/turismopalencia.digital\/index.php\/wp-json\/wp\/v2\/types\/page"}],"author":[{"embeddable":true,"href":"https:\/\/turismopalencia.digital\/index.php\/wp-json\/wp\/v2\/users\/1"}],"replies":[{"embeddable":true,"href":"https:\/\/turismopalencia.digital\/index.php\/wp-json\/wp\/v2\/comments?post=135"}],"version-history":[{"count":4,"href":"https:\/\/turismopalencia.digital\/index.php\/wp-json\/wp\/v2\/pages\/135\/revisions"}],"predecessor-version":[{"id":1271,"href":"https:\/\/turismopalencia.digital\/index.php\/wp-json\/wp\/v2\/pages\/135\/revisions\/1271"}],"wp:featuredmedia":[{"embeddable":true,"href":"https:\/\/turismopalencia.digital\/index.php\/wp-json\/wp\/v2\/media\/1270"}],"wp:attachment":[{"href":"https:\/\/turismopalencia.digital\/index.php\/wp-json\/wp\/v2\/media?parent=135"}],"curies":[{"name":"wp","href":"https:\/\/api.w.org\/{rel}","templated":true}]}}