{"id":1411,"date":"2022-04-05T12:16:18","date_gmt":"2022-04-05T12:16:18","guid":{"rendered":"http:\/\/turismopalencia.digital\/?page_id=1411"},"modified":"2022-04-05T19:32:05","modified_gmt":"2022-04-05T19:32:05","slug":"camino-de-santiago","status":"publish","type":"page","link":"https:\/\/turismopalencia.digital\/index.php\/camino-de-santiago\/","title":{"rendered":"Camino de Santiago"},"content":{"rendered":"\n<hr class=\"wp-block-separator\"\/>\n\n\n\n<figure class=\"wp-block-image size-large is-resized\"><img loading=\"lazy\" src=\"http:\/\/turismopalencia.digital\/wp-content\/uploads\/2022\/04\/maxresdefault-1-1024x512.jpg\" alt=\"\" class=\"wp-image-1416\" width=\"1240\" height=\"620\" srcset=\"https:\/\/turismopalencia.digital\/wp-content\/uploads\/2022\/04\/maxresdefault-1-1024x512.jpg 1024w, https:\/\/turismopalencia.digital\/wp-content\/uploads\/2022\/04\/maxresdefault-1-300x150.jpg 300w, https:\/\/turismopalencia.digital\/wp-content\/uploads\/2022\/04\/maxresdefault-1-768x384.jpg 768w, https:\/\/turismopalencia.digital\/wp-content\/uploads\/2022\/04\/maxresdefault-1-20x10.jpg 20w, https:\/\/turismopalencia.digital\/wp-content\/uploads\/2022\/04\/maxresdefault-1.jpg 1200w\" sizes=\"(max-width: 1240px) 100vw, 1240px\" \/><\/figure>\n\n\n\n<hr class=\"wp-block-separator\"\/>\n\n\n\n<p class=\"has-text-align-center\"><strong>El Camino de Santiago o Camino Franc\u00e9s, atraviesa la provincia de Palencia de este a oeste, casi por el centro geogr\u00e1fico de la misma.<\/strong><br><strong>&nbsp;&nbsp;&nbsp;&nbsp;&nbsp;Cruza nuestra provincia desde Burgos hacia Le\u00f3n, a lo largo de 70 kil\u00f3metros, a los que se pueden sumar otros 36 kil\u00f3metros que corresponden al itinerario que siguen los turistas o peregrinos en bicicleta.<\/strong><br><strong>&nbsp;&nbsp;&nbsp;&nbsp;&nbsp;El paisaje que descubrir\u00e1s en este tramo del camino a su paso por Palencia, va desde las verdes riberas de los r\u00edos Carri\u00f3n o Pisuerga y el frescor del Canal de Castilla a las inmensidades cereal\u00edsticas de la Tierra de Campos.<\/strong><\/p>\n\n\n\n<hr class=\"wp-block-separator\"\/>\n\n\n\n<div class=\"wp-block-media-text alignwide is-stacked-on-mobile is-vertically-aligned-top\"><figure class=\"wp-block-media-text__media\"><a href=\"https:\/\/clickturismo.es\/palencia\/iterodelavega\/\"><img loading=\"lazy\" width=\"996\" height=\"486\" src=\"http:\/\/turismopalencia.digital\/wp-content\/uploads\/2022\/04\/puente-de-fuentefitero.jpg\" alt=\"\" class=\"wp-image-1418 size-full\" srcset=\"https:\/\/turismopalencia.digital\/wp-content\/uploads\/2022\/04\/puente-de-fuentefitero.jpg 996w, https:\/\/turismopalencia.digital\/wp-content\/uploads\/2022\/04\/puente-de-fuentefitero-300x146.jpg 300w, https:\/\/turismopalencia.digital\/wp-content\/uploads\/2022\/04\/puente-de-fuentefitero-768x375.jpg 768w, https:\/\/turismopalencia.digital\/wp-content\/uploads\/2022\/04\/puente-de-fuentefitero-20x10.jpg 20w\" sizes=\"(max-width: 996px) 100vw, 996px\" \/><\/a><\/figure><div class=\"wp-block-media-text__content\">\n<p class=\"has-large-font-size\">Itero de la Vega<\/p>\n\n\n\n<p><strong>El puente de Puentefitero que sortea las aguas del r\u00edo<\/strong><br><strong>Pisuerga, sirve de l\u00edmite entre las provincias de Burgos y Palencia.<\/strong><br><strong>&nbsp;&nbsp;&nbsp;&nbsp;&nbsp;Tras pasar sobre sus once ojos, llegamos al primer pueblo palentino: Itero de la Vega, donde veremos su rollo jurisdiccional y visitaremos el templo parroquial de San Pedro, del S.XVI y sobretodo la ermita de la Piedad obra de inicios del g\u00f3tico, con un bello ventanal del \u00e1bside y en capiteles del siglo XIII.<\/strong><\/p>\n<\/div><\/div>\n\n\n\n<hr class=\"wp-block-separator\"\/>\n\n\n\n<div class=\"wp-block-media-text alignwide is-stacked-on-mobile is-vertically-aligned-top\"><figure class=\"wp-block-media-text__media\"><a href=\"https:\/\/clickturismo.es\/palencia\/boadilladelcamino\/\"><img loading=\"lazy\" width=\"800\" height=\"400\" src=\"http:\/\/turismopalencia.digital\/wp-content\/uploads\/2022\/04\/iglesia_senora_asuncion.jpg\" alt=\"\" class=\"wp-image-1419 size-full\" srcset=\"https:\/\/turismopalencia.digital\/wp-content\/uploads\/2022\/04\/iglesia_senora_asuncion.jpg 800w, https:\/\/turismopalencia.digital\/wp-content\/uploads\/2022\/04\/iglesia_senora_asuncion-300x150.jpg 300w, https:\/\/turismopalencia.digital\/wp-content\/uploads\/2022\/04\/iglesia_senora_asuncion-768x384.jpg 768w, https:\/\/turismopalencia.digital\/wp-content\/uploads\/2022\/04\/iglesia_senora_asuncion-20x10.jpg 20w\" sizes=\"(max-width: 800px) 100vw, 800px\" \/><\/a><\/figure><div class=\"wp-block-media-text__content\">\n<p class=\"has-large-font-size\">Boadilla del Camino<\/p>\n\n\n\n<p><strong>Boadilla del Camino destaca por su iglesia, junto a la cual se alza un gran rollo jurisdiccional de estilo g\u00f3tico y obra del siglo XV. Junto a \u00e9l se eleva la iglesia de la Asunci\u00f3n, templo de tres naves con una gran cabecera presidida por un magn\u00edfico retablo renacentista obra de 1548. La pila bautismal es una obra rom\u00e1nica de transici\u00f3n.<\/strong><\/p>\n<\/div><\/div>\n\n\n\n<hr class=\"wp-block-separator\"\/>\n\n\n\n<div class=\"wp-block-media-text alignwide is-stacked-on-mobile is-vertically-aligned-top\"><figure class=\"wp-block-media-text__media\"><a href=\"https:\/\/clickturismo.es\/fromista\/\"><img loading=\"lazy\" width=\"1024\" height=\"706\" src=\"http:\/\/turismopalencia.digital\/wp-content\/uploads\/2022\/04\/1491992240439-1024x706.jpg\" alt=\"\" class=\"wp-image-1435 size-full\" srcset=\"https:\/\/turismopalencia.digital\/wp-content\/uploads\/2022\/04\/1491992240439-1024x706.jpg 1024w, https:\/\/turismopalencia.digital\/wp-content\/uploads\/2022\/04\/1491992240439-300x207.jpg 300w, https:\/\/turismopalencia.digital\/wp-content\/uploads\/2022\/04\/1491992240439-768x530.jpg 768w, https:\/\/turismopalencia.digital\/wp-content\/uploads\/2022\/04\/1491992240439-14x10.jpg 14w, https:\/\/turismopalencia.digital\/wp-content\/uploads\/2022\/04\/1491992240439.jpg 1280w\" sizes=\"(max-width: 1024px) 100vw, 1024px\" \/><\/a><\/figure><div class=\"wp-block-media-text__content\">\n<p class=\"has-large-font-size\">Fr\u00f3mista<\/p>\n\n\n\n<p><strong>Fr\u00f3mista es un importante enclave del Camino de Santiago<\/strong><br><strong>y un buen punto de partida para explorar el Canal de Castilla.<\/strong><br><strong>Situada en una encrucijada de caminos en la comarca de Tierra de Campos (a 32 km de Palencia), Fr\u00f3mista es un precioso pueblo con un rico patrimonio cultural y art\u00edstico que merece ser visitado y que atrae a miles de visitantes cada a\u00f1o.<\/strong><\/p>\n<\/div><\/div>\n\n\n\n<hr class=\"wp-block-separator\"\/>\n\n\n\n<div class=\"wp-block-media-text alignwide is-stacked-on-mobile is-vertically-aligned-top\"><figure class=\"wp-block-media-text__media\"><a href=\"https:\/\/clickturismo.es\/palencia\/poblaciondecampos\/\"><img loading=\"lazy\" width=\"1024\" height=\"752\" src=\"http:\/\/turismopalencia.digital\/wp-content\/uploads\/2022\/04\/magdalena.jpg\" alt=\"\" class=\"wp-image-1420 size-full\" srcset=\"https:\/\/turismopalencia.digital\/wp-content\/uploads\/2022\/04\/magdalena.jpg 1024w, https:\/\/turismopalencia.digital\/wp-content\/uploads\/2022\/04\/magdalena-300x220.jpg 300w, https:\/\/turismopalencia.digital\/wp-content\/uploads\/2022\/04\/magdalena-768x564.jpg 768w, https:\/\/turismopalencia.digital\/wp-content\/uploads\/2022\/04\/magdalena-14x10.jpg 14w\" sizes=\"(max-width: 1024px) 100vw, 1024px\" \/><\/a><\/figure><div class=\"wp-block-media-text__content\">\n<p class=\"has-large-font-size\">Poblaci\u00f3n de Campos<\/p>\n\n\n\n<p><strong>Desde Fr\u00f3mista llegamos a Poblaci\u00f3n de Campos donde sobre el caser\u00edo se<\/strong><br><strong>eleva la iglesia barroca dedicada a la Magdalena. Son muy interesantes la ermita de la Virgen del Socorro (s.XIII), edificio tardorom\u00e1nico semienterrado entre el alzado actual de las calles, y la ermita de San Miguel (s.XIII), obra rom\u00e1nica con elementos protog\u00f3ticos.<\/strong><\/p>\n<\/div><\/div>\n\n\n\n<hr class=\"wp-block-separator\"\/>\n\n\n\n<div class=\"wp-block-media-text alignwide is-stacked-on-mobile is-vertically-aligned-top\"><figure class=\"wp-block-media-text__media\"><a href=\"https:\/\/clickturismo.es\/palencia\/revengadecampos\/\"><img loading=\"lazy\" width=\"1024\" height=\"766\" src=\"http:\/\/turismopalencia.digital\/wp-content\/uploads\/2022\/04\/san-lorenzo.jpg\" alt=\"\" class=\"wp-image-1421 size-full\" srcset=\"https:\/\/turismopalencia.digital\/wp-content\/uploads\/2022\/04\/san-lorenzo.jpg 1024w, https:\/\/turismopalencia.digital\/wp-content\/uploads\/2022\/04\/san-lorenzo-300x224.jpg 300w, https:\/\/turismopalencia.digital\/wp-content\/uploads\/2022\/04\/san-lorenzo-768x575.jpg 768w, https:\/\/turismopalencia.digital\/wp-content\/uploads\/2022\/04\/san-lorenzo-13x10.jpg 13w\" sizes=\"(max-width: 1024px) 100vw, 1024px\" \/><\/a><\/figure><div class=\"wp-block-media-text__content\">\n<p class=\"has-large-font-size\">Revenga de Campos<\/p>\n\n\n\n<p><strong>&nbsp;En Revenga de Campos adem\u00e1s de algunas casa blasonadas, veremos el monolito del General Amor, h\u00e9roe de la Guerra de la Independencia y la iglesia de<\/strong><br><strong>San Lorenzo con buenos retablos y una interesante puerta con pliegues.<\/strong><\/p>\n<\/div><\/div>\n\n\n\n<hr class=\"wp-block-separator\"\/>\n\n\n\n<div class=\"wp-block-media-text alignwide is-stacked-on-mobile is-vertically-aligned-top\"><figure class=\"wp-block-media-text__media\"><a href=\"https:\/\/clickturismo.es\/palencia\/villarmentero\/\"><img loading=\"lazy\" width=\"736\" height=\"552\" src=\"http:\/\/turismopalencia.digital\/wp-content\/uploads\/2022\/04\/d15c9ce597493ff9b78f08f06b26571c.jpg\" alt=\"\" class=\"wp-image-1423 size-full\" srcset=\"https:\/\/turismopalencia.digital\/wp-content\/uploads\/2022\/04\/d15c9ce597493ff9b78f08f06b26571c.jpg 736w, https:\/\/turismopalencia.digital\/wp-content\/uploads\/2022\/04\/d15c9ce597493ff9b78f08f06b26571c-300x225.jpg 300w, https:\/\/turismopalencia.digital\/wp-content\/uploads\/2022\/04\/d15c9ce597493ff9b78f08f06b26571c-13x10.jpg 13w\" sizes=\"(max-width: 736px) 100vw, 736px\" \/><\/a><\/figure><div class=\"wp-block-media-text__content\">\n<p class=\"has-large-font-size\">Villarmentero<\/p>\n\n\n\n<p><strong>En la peque\u00f1a localidad de Villarmentero de Campos el templo parroquial de San Mart\u00edn de Tours, nos recuerda viejas leyendas de la peregrinaci\u00f3n con una mula por protagonista llevando bajo su lomo las reliquias.<\/strong><\/p>\n<\/div><\/div>\n\n\n\n<hr class=\"wp-block-separator\"\/>\n\n\n\n<div class=\"wp-block-media-text alignwide is-stacked-on-mobile is-vertically-aligned-top\"><figure class=\"wp-block-media-text__media\"><a href=\"https:\/\/clickturismo.es\/palencia\/villalcazardesirga\/\"><img loading=\"lazy\" width=\"736\" height=\"497\" src=\"http:\/\/turismopalencia.digital\/wp-content\/uploads\/2022\/04\/5a7373cedcd956f6d9d685e2e05f72b6.jpg\" alt=\"\" class=\"wp-image-1424 size-full\" srcset=\"https:\/\/turismopalencia.digital\/wp-content\/uploads\/2022\/04\/5a7373cedcd956f6d9d685e2e05f72b6.jpg 736w, https:\/\/turismopalencia.digital\/wp-content\/uploads\/2022\/04\/5a7373cedcd956f6d9d685e2e05f72b6-300x203.jpg 300w, https:\/\/turismopalencia.digital\/wp-content\/uploads\/2022\/04\/5a7373cedcd956f6d9d685e2e05f72b6-15x10.jpg 15w\" sizes=\"(max-width: 736px) 100vw, 736px\" \/><\/a><\/figure><div class=\"wp-block-media-text__content\">\n<p class=\"has-large-font-size\">Villalc\u00e1zar de Sirga<\/p>\n\n\n\n<p><strong>En Vill\u00e1cazar de Sirga, la iglesia de Santa Mar\u00eda la Blanca domina el caser\u00edo.<\/strong><br><strong>&nbsp;&nbsp;&nbsp;&nbsp;&nbsp;Construida en el siglo XIII, alberga en su interior la imagen de la Virgen a la que cant\u00f3 en las Cantigas el, rey Alfonso X el Sabio y de la que tan devoto era<\/strong> <strong>Sancho IV el Bravo.<\/strong><\/p>\n<\/div><\/div>\n\n\n\n<hr class=\"wp-block-separator\"\/>\n\n\n\n<div class=\"wp-block-media-text alignwide is-stacked-on-mobile\"><figure class=\"wp-block-media-text__media\"><a href=\"https:\/\/clickturismo.es\/carriondeloscondes\/\"><img loading=\"lazy\" width=\"1024\" height=\"514\" src=\"http:\/\/turismopalencia.digital\/wp-content\/uploads\/2022\/04\/1200px-Carrion_de_Los_Condes_006_Saint_Zoilo_001_Cloister-1024x514.jpg\" alt=\"\" class=\"wp-image-1434 size-full\" srcset=\"https:\/\/turismopalencia.digital\/wp-content\/uploads\/2022\/04\/1200px-Carrion_de_Los_Condes_006_Saint_Zoilo_001_Cloister-1024x514.jpg 1024w, https:\/\/turismopalencia.digital\/wp-content\/uploads\/2022\/04\/1200px-Carrion_de_Los_Condes_006_Saint_Zoilo_001_Cloister-300x151.jpg 300w, https:\/\/turismopalencia.digital\/wp-content\/uploads\/2022\/04\/1200px-Carrion_de_Los_Condes_006_Saint_Zoilo_001_Cloister-768x385.jpg 768w, https:\/\/turismopalencia.digital\/wp-content\/uploads\/2022\/04\/1200px-Carrion_de_Los_Condes_006_Saint_Zoilo_001_Cloister-20x10.jpg 20w, https:\/\/turismopalencia.digital\/wp-content\/uploads\/2022\/04\/1200px-Carrion_de_Los_Condes_006_Saint_Zoilo_001_Cloister.jpg 1200w\" sizes=\"(max-width: 1024px) 100vw, 1024px\" \/><\/a><\/figure><div class=\"wp-block-media-text__content\">\n<p class=\"has-large-font-size\">Carri\u00f3n de los Condes<\/p>\n\n\n\n<p>Carri\u00f3n se llama lo mismo que el r\u00edo que lo recorre.<br>Se trata de un pueblo monumental de pasado medieval con vestigios de antiguas murallas,<br>con iglesias, palacios, conventos y hospitales, adem\u00e1s de convertirse en un enclave neur\u00e1lgico dentro del Camino de Santiago, su principal villa en Palencia.<\/p>\n<\/div><\/div>\n\n\n\n<hr class=\"wp-block-separator\"\/>\n\n\n\n<div class=\"wp-block-media-text alignwide is-stacked-on-mobile is-vertically-aligned-top\"><figure class=\"wp-block-media-text__media\"><a href=\"https:\/\/clickturismo.es\/palencia\/calzadadelosmolinos\/\"><img loading=\"lazy\" width=\"1024\" height=\"768\" src=\"http:\/\/turismopalencia.digital\/wp-content\/uploads\/2022\/04\/iglesia-1024x768.jpg\" alt=\"\" class=\"wp-image-1426 size-full\" srcset=\"https:\/\/turismopalencia.digital\/wp-content\/uploads\/2022\/04\/iglesia-1024x768.jpg 1024w, https:\/\/turismopalencia.digital\/wp-content\/uploads\/2022\/04\/iglesia-300x225.jpg 300w, https:\/\/turismopalencia.digital\/wp-content\/uploads\/2022\/04\/iglesia-768x576.jpg 768w, https:\/\/turismopalencia.digital\/wp-content\/uploads\/2022\/04\/iglesia-1536x1152.jpg 1536w, https:\/\/turismopalencia.digital\/wp-content\/uploads\/2022\/04\/iglesia-13x10.jpg 13w, https:\/\/turismopalencia.digital\/wp-content\/uploads\/2022\/04\/iglesia.jpg 1632w\" sizes=\"(max-width: 1024px) 100vw, 1024px\" \/><\/a><\/figure><div class=\"wp-block-media-text__content\">\n<p class=\"has-large-font-size\">Calzada de los Molinos<\/p>\n\n\n\n<p><strong>En Calzada de los Molinos nos detendremos a ver la iglesia de Santiago, con un bello artesonado mud\u00e9jar en la capilla mayor y un retablo renacentista con una<\/strong><br><strong>curiosa representaci\u00f3n de Santiago Matamoros.<\/strong><\/p>\n<\/div><\/div>\n\n\n\n<hr class=\"wp-block-separator\"\/>\n\n\n\n<div class=\"wp-block-media-text alignwide is-stacked-on-mobile is-vertically-aligned-top\"><figure class=\"wp-block-media-text__media\"><a href=\"https:\/\/clickturismo.es\/palencia\/cervatosdelacueza\/\"><img loading=\"lazy\" width=\"500\" height=\"375\" src=\"http:\/\/turismopalencia.digital\/wp-content\/uploads\/2022\/04\/ayuntamiento-cervatos-de-la-cueza-24499543.jpg\" alt=\"\" class=\"wp-image-1427 size-full\" srcset=\"https:\/\/turismopalencia.digital\/wp-content\/uploads\/2022\/04\/ayuntamiento-cervatos-de-la-cueza-24499543.jpg 500w, https:\/\/turismopalencia.digital\/wp-content\/uploads\/2022\/04\/ayuntamiento-cervatos-de-la-cueza-24499543-300x225.jpg 300w, https:\/\/turismopalencia.digital\/wp-content\/uploads\/2022\/04\/ayuntamiento-cervatos-de-la-cueza-24499543-13x10.jpg 13w\" sizes=\"(max-width: 500px) 100vw, 500px\" \/><\/a><\/figure><div class=\"wp-block-media-text__content\">\n<p class=\"has-large-font-size\">Cervatos de la Cueza<\/p>\n\n\n\n<p><strong>Llegamos a Cervatos de la Cueza donde visitaremos la casa-museo del General San Mart\u00edn, h\u00e9roe y libertador de Latinoam\u00e9rica.<\/strong><br><strong>&nbsp;&nbsp;&nbsp;&nbsp;&nbsp;A \u00e9l est\u00e1 dedicado un monumento en la plaza mayor.<\/strong><br><strong>&nbsp;&nbsp;&nbsp;&nbsp;&nbsp;De los antiguos templos s\u00f3lo quedan sus torres, ya que la nueva iglesia de tipo colonial fue costeada en el siglo XX por la Rep\u00fablica Argentina.<\/strong><\/p>\n<\/div><\/div>\n\n\n\n<hr class=\"wp-block-separator\"\/>\n\n\n\n<div class=\"wp-block-media-text alignwide is-stacked-on-mobile is-vertically-aligned-top\"><figure class=\"wp-block-media-text__media\"><a href=\"https:\/\/clickturismo.es\/palencia\/quintanilladelacueza\/\"><img loading=\"lazy\" width=\"550\" height=\"367\" src=\"http:\/\/turismopalencia.digital\/wp-content\/uploads\/2022\/04\/la-tejada-1.jpg\" alt=\"\" class=\"wp-image-1428 size-full\" srcset=\"https:\/\/turismopalencia.digital\/wp-content\/uploads\/2022\/04\/la-tejada-1.jpg 550w, https:\/\/turismopalencia.digital\/wp-content\/uploads\/2022\/04\/la-tejada-1-300x200.jpg 300w, https:\/\/turismopalencia.digital\/wp-content\/uploads\/2022\/04\/la-tejada-1-15x10.jpg 15w\" sizes=\"(max-width: 550px) 100vw, 550px\" \/><\/a><\/figure><div class=\"wp-block-media-text__content\">\n<p class=\"has-large-font-size\">Quintanilla de la Cueza<\/p>\n\n\n\n<p><strong>En Quintanilla de la Cueza se encuentra la Villa Romana de la Tejada. Es uno de esos fundios romanos de uso agr\u00edcola del siglo II, cuyo esplendor discurri\u00f3 a lo largo de los siglos III y IV. Son visitables varias salas que conservan in situ unos magn\u00edficos mosaicos, la piscina y los hipocaustos, origen de las famosas \u201cglorias\u201d castellanas.<\/strong><\/p>\n<\/div><\/div>\n\n\n\n<hr class=\"wp-block-separator\"\/>\n\n\n\n<div class=\"wp-block-media-text alignwide is-stacked-on-mobile is-vertically-aligned-top\"><figure class=\"wp-block-media-text__media\"><a href=\"https:\/\/clickturismo.es\/palencia\/calzadilladelacueza\/\"><img loading=\"lazy\" width=\"643\" height=\"401\" src=\"http:\/\/turismopalencia.digital\/wp-content\/uploads\/2022\/04\/Camino-Santiago-Calzadilla-Cueza-Palencia-Via-Aquitana_EDIIMA20160414_0011_18.jpg\" alt=\"\" class=\"wp-image-1429 size-full\" srcset=\"https:\/\/turismopalencia.digital\/wp-content\/uploads\/2022\/04\/Camino-Santiago-Calzadilla-Cueza-Palencia-Via-Aquitana_EDIIMA20160414_0011_18.jpg 643w, https:\/\/turismopalencia.digital\/wp-content\/uploads\/2022\/04\/Camino-Santiago-Calzadilla-Cueza-Palencia-Via-Aquitana_EDIIMA20160414_0011_18-300x187.jpg 300w, https:\/\/turismopalencia.digital\/wp-content\/uploads\/2022\/04\/Camino-Santiago-Calzadilla-Cueza-Palencia-Via-Aquitana_EDIIMA20160414_0011_18-16x10.jpg 16w\" sizes=\"(max-width: 643px) 100vw, 643px\" \/><\/a><\/figure><div class=\"wp-block-media-text__content\">\n<p class=\"has-large-font-size\">Calzadilla de la Cueza<\/p>\n\n\n\n<p><strong>La iglesia parroquial de Calzadilla, dedicada a San Mart\u00edn de Tours, es de tapial y ladrillo, de una nave con tres tramos y espada\u00f1a y p\u00f3rtico al lado del Evangelio. En el presbiterio sobresale ante todo su magn\u00edfico retablo mayor del segundo tercio del siglo XVI de un disc\u00edpulo de Juan de Juni con un tabern\u00e1culo con varios relieves. Buena imagen de Santiago y de la Virgen con el Ni\u00f1o. Parece proceder este retablo del monasterio de Santa Mar\u00eda de las Tiendas.<\/strong><\/p>\n<\/div><\/div>\n\n\n\n<hr class=\"wp-block-separator\"\/>\n\n\n\n<div class=\"wp-block-media-text alignwide is-stacked-on-mobile is-vertically-aligned-top\"><figure class=\"wp-block-media-text__media\"><a href=\"https:\/\/clickturismo.es\/palencia\/ledigos\/\"><img loading=\"lazy\" width=\"1024\" height=\"768\" src=\"http:\/\/turismopalencia.digital\/wp-content\/uploads\/2022\/04\/18926204.jpg\" alt=\"\" class=\"wp-image-1430 size-full\" srcset=\"https:\/\/turismopalencia.digital\/wp-content\/uploads\/2022\/04\/18926204.jpg 1024w, https:\/\/turismopalencia.digital\/wp-content\/uploads\/2022\/04\/18926204-300x225.jpg 300w, https:\/\/turismopalencia.digital\/wp-content\/uploads\/2022\/04\/18926204-768x576.jpg 768w, https:\/\/turismopalencia.digital\/wp-content\/uploads\/2022\/04\/18926204-13x10.jpg 13w\" sizes=\"(max-width: 1024px) 100vw, 1024px\" \/><\/a><\/figure><div class=\"wp-block-media-text__content\">\n<p class=\"has-large-font-size\">Ledigos<\/p>\n\n\n\n<p><strong>En Ledigos su iglesia dedicada al ap\u00f3stol se eleva sobre un peque\u00f1o altozano<\/strong><br><strong>desde el que se ve Terradillos de los Templarios.<\/strong><\/p>\n<\/div><\/div>\n\n\n\n<hr class=\"wp-block-separator\"\/>\n\n\n\n<div class=\"wp-block-media-text alignwide is-stacked-on-mobile is-vertically-aligned-top\"><figure class=\"wp-block-media-text__media\"><a href=\"https:\/\/clickturismo.es\/palencia\/terradillosdelostemplarios\/\"><img loading=\"lazy\" width=\"750\" height=\"498\" src=\"http:\/\/turismopalencia.digital\/wp-content\/uploads\/2022\/04\/DSC_0065.jpg\" alt=\"\" class=\"wp-image-1431 size-full\" srcset=\"https:\/\/turismopalencia.digital\/wp-content\/uploads\/2022\/04\/DSC_0065.jpg 750w, https:\/\/turismopalencia.digital\/wp-content\/uploads\/2022\/04\/DSC_0065-300x199.jpg 300w, https:\/\/turismopalencia.digital\/wp-content\/uploads\/2022\/04\/DSC_0065-15x10.jpg 15w\" sizes=\"(max-width: 750px) 100vw, 750px\" \/><\/a><\/figure><div class=\"wp-block-media-text__content\">\n<p class=\"has-large-font-size\">Terradillos de los Templarios<\/p>\n\n\n\n<p><strong>El nombre de Terradillos de los Templarios, con sus viviendas de ladrillo y adobe, hace menci\u00f3n a este \u00ablugar de peque\u00f1os techos de tierra o terrazas\u00bb. De hecho, el pueblo se sit\u00faa en un sencillo promontorio que levanta las primeras casas. Sin embargo, si por algo se conoce hoy este n\u00facleo es por su relaci\u00f3n con el Temple, ya que fue territorio jurisdiccional de esta orden.<\/strong><\/p>\n<\/div><\/div>\n\n\n\n<hr class=\"wp-block-separator\"\/>\n\n\n\n<div class=\"wp-block-media-text alignwide is-stacked-on-mobile is-vertically-aligned-top\"><figure class=\"wp-block-media-text__media\"><a href=\"https:\/\/clickturismo.es\/palencia\/moratinos\/\"><img loading=\"lazy\" width=\"500\" height=\"366\" src=\"http:\/\/turismopalencia.digital\/wp-content\/uploads\/2022\/04\/17524033.jpg\" alt=\"\" class=\"wp-image-1432 size-full\" srcset=\"https:\/\/turismopalencia.digital\/wp-content\/uploads\/2022\/04\/17524033.jpg 500w, https:\/\/turismopalencia.digital\/wp-content\/uploads\/2022\/04\/17524033-300x220.jpg 300w, https:\/\/turismopalencia.digital\/wp-content\/uploads\/2022\/04\/17524033-14x10.jpg 14w\" sizes=\"(max-width: 500px) 100vw, 500px\" \/><\/a><\/figure><div class=\"wp-block-media-text__content\">\n<p class=\"has-large-font-size\">Moratinos<\/p>\n\n\n\n<p><strong>&nbsp;&nbsp;Iglesia Parroquial Santo Tom\u00e1s de Aquino<\/strong><br><strong>&nbsp;&nbsp;&nbsp;&nbsp;&nbsp;&nbsp;Sencillo pero hermoso templo que fue erigido entre los siglos XVI y XVII. Esta construida en ladrillo, de una sola nave, con cubierta plana y c\u00fapula rebajada sobre el presbiterio.<\/strong><\/p>\n<\/div><\/div>\n\n\n\n<hr class=\"wp-block-separator\"\/>\n\n\n\n<div class=\"wp-block-media-text alignwide is-stacked-on-mobile is-vertically-aligned-top\"><figure class=\"wp-block-media-text__media\"><a href=\"https:\/\/clickturismo.es\/palencia\/sannicolasdelrealcamino\/\"><img loading=\"lazy\" width=\"800\" height=\"450\" src=\"http:\/\/turismopalencia.digital\/wp-content\/uploads\/2022\/04\/Church-in-San-Nicolas-del-Real-Camino-Spain-Camino-de-Santiago-Spain-Camino-de-Santiago.jpg\" alt=\"\" class=\"wp-image-1433 size-full\" srcset=\"https:\/\/turismopalencia.digital\/wp-content\/uploads\/2022\/04\/Church-in-San-Nicolas-del-Real-Camino-Spain-Camino-de-Santiago-Spain-Camino-de-Santiago.jpg 800w, https:\/\/turismopalencia.digital\/wp-content\/uploads\/2022\/04\/Church-in-San-Nicolas-del-Real-Camino-Spain-Camino-de-Santiago-Spain-Camino-de-Santiago-300x169.jpg 300w, https:\/\/turismopalencia.digital\/wp-content\/uploads\/2022\/04\/Church-in-San-Nicolas-del-Real-Camino-Spain-Camino-de-Santiago-Spain-Camino-de-Santiago-768x432.jpg 768w, https:\/\/turismopalencia.digital\/wp-content\/uploads\/2022\/04\/Church-in-San-Nicolas-del-Real-Camino-Spain-Camino-de-Santiago-Spain-Camino-de-Santiago-18x10.jpg 18w\" sizes=\"(max-width: 800px) 100vw, 800px\" \/><\/a><\/figure><div class=\"wp-block-media-text__content\">\n<p class=\"has-large-font-size\">San Nicol\u00e1s del Real Camino<\/p>\n\n\n\n<p><strong>De su relaci\u00f3n con el Camino de Santiago se ha conservado su propio nombre ( Del Real Camino ) y algunos documentos que avalan que en este lugar hubo en el siglo XII un hospital para peregrinos y leprosos custodiado por la Orden de San Agust\u00edn, hospital estaba bajo la advocaci\u00f3n de San Nicol\u00e1s. Desde 1.554 fueron las monjas dominicas las administradoras de este hospital, que se cree que estaba ubicado junto al cementerio.<\/strong><\/p>\n<\/div><\/div>\n\n\n\n<hr class=\"wp-block-separator\"\/>\n\n\n\n<hr class=\"wp-block-separator\"\/>\n\n\n\n<h2>CAMINO de SANTIAGO. Palencia<\/h2>\n\n\n\n<iframe loading=\"lazy\" src=\"https:\/\/www.google.com\/maps\/d\/embed?mid=1kCxRtZkdYDyp6ItE_F3n1XoR0QCiWhrH&amp;ehbc=2E312F\" width=\"1200\" height=\"480\"><\/iframe>\n\n\n\n<hr class=\"wp-block-separator\"\/>\n\n\n\n<hr class=\"wp-block-separator\"\/>\n","protected":false},"excerpt":{"rendered":"<p>El Camino de Santiago o Camino Franc\u00e9s, atraviesa la provincia de Palencia de este a oeste, casi por el centro geogr\u00e1fico de la misma.&nbsp;&nbsp;&nbsp;&nbsp;&nbsp;Cruza nuestra &hellip;<\/p>\n","protected":false},"author":1,"featured_media":1415,"parent":0,"menu_order":0,"comment_status":"closed","ping_status":"closed","template":"","meta":{"_monsterinsights_skip_tracking":false,"_monsterinsights_sitenote_active":false,"_monsterinsights_sitenote_note":"","_monsterinsights_sitenote_category":0},"_links":{"self":[{"href":"https:\/\/turismopalencia.digital\/index.php\/wp-json\/wp\/v2\/pages\/1411"}],"collection":[{"href":"https:\/\/turismopalencia.digital\/index.php\/wp-json\/wp\/v2\/pages"}],"about":[{"href":"https:\/\/turismopalencia.digital\/index.php\/wp-json\/wp\/v2\/types\/page"}],"author":[{"embeddable":true,"href":"https:\/\/turismopalencia.digital\/index.php\/wp-json\/wp\/v2\/users\/1"}],"replies":[{"embeddable":true,"href":"https:\/\/turismopalencia.digital\/index.php\/wp-json\/wp\/v2\/comments?post=1411"}],"version-history":[{"count":5,"href":"https:\/\/turismopalencia.digital\/index.php\/wp-json\/wp\/v2\/pages\/1411\/revisions"}],"predecessor-version":[{"id":1527,"href":"https:\/\/turismopalencia.digital\/index.php\/wp-json\/wp\/v2\/pages\/1411\/revisions\/1527"}],"wp:featuredmedia":[{"embeddable":true,"href":"https:\/\/turismopalencia.digital\/index.php\/wp-json\/wp\/v2\/media\/1415"}],"wp:attachment":[{"href":"https:\/\/turismopalencia.digital\/index.php\/wp-json\/wp\/v2\/media?parent=1411"}],"curies":[{"name":"wp","href":"https:\/\/api.w.org\/{rel}","templated":true}]}}