{"id":164,"date":"2022-02-17T20:55:42","date_gmt":"2022-02-17T20:55:42","guid":{"rendered":"http:\/\/turismopalencia.digital\/?page_id=164"},"modified":"2022-04-04T19:46:43","modified_gmt":"2022-04-04T19:46:43","slug":"san-juan","status":"publish","type":"page","link":"https:\/\/turismopalencia.digital\/index.php\/san-juan\/","title":{"rendered":"San Juan"},"content":{"rendered":"\n<hr class=\"wp-block-separator\"\/>\n\n\n\n<figure class=\"wp-block-image size-full is-resized\"><img loading=\"lazy\" src=\"http:\/\/turismopalencia.digital\/wp-content\/uploads\/2022\/02\/A1-1201179934.jpg\" alt=\"\" class=\"wp-image-423\" width=\"1240\" height=\"901\" srcset=\"https:\/\/turismopalencia.digital\/wp-content\/uploads\/2022\/02\/A1-1201179934.jpg 800w, https:\/\/turismopalencia.digital\/wp-content\/uploads\/2022\/02\/A1-1201179934-300x218.jpg 300w, https:\/\/turismopalencia.digital\/wp-content\/uploads\/2022\/02\/A1-1201179934-768x558.jpg 768w, https:\/\/turismopalencia.digital\/wp-content\/uploads\/2022\/02\/A1-1201179934-14x10.jpg 14w, https:\/\/turismopalencia.digital\/wp-content\/uploads\/2022\/02\/A1-1201179934-413x300.jpg 413w\" sizes=\"(max-width: 1240px) 100vw, 1240px\" \/><figcaption>Huerta Guadi\u00e1n<\/figcaption><\/figure>\n\n\n\n<hr class=\"wp-block-separator\"\/>\n\n\n\n<p><strong>La ermita de San Juan Bautista (conocida tambi\u00e9n como iglesia de San Juan) es uno de los mejores ejemplos del arte r\u00f3manico sencillo tan t\u00edpico de la provincia de Palencia.<\/strong><br><strong>&nbsp;&nbsp;&nbsp;&nbsp;&nbsp;Fue construida en el siglo XI en la localidad palentina de Villanueva del R\u00edo, desaparecida por la construcci\u00f3n del Embalse de Aguilar. Tras pensarlo se decidi\u00f3 trasladar piedra por piedra esta ermita rom\u00e1nica al coraz\u00f3n de uno de los parques m\u00e1s t\u00edpicos de la capital palentina: La Huerta de Guadi\u00e1n.<\/strong><br><strong>&nbsp;&nbsp;&nbsp;&nbsp;&nbsp;Todav\u00eda se puede apreciar en la cabecera de la iglesia la numeraci\u00f3n con la que se sirvieron los conservadores para reconstruirla.<\/strong><br><strong>&nbsp;&nbsp;&nbsp;&nbsp;&nbsp;&nbsp;La ermita permaneci\u00f3 en estado de obras desde 1972 hasta el a\u00f1o 1980 (ocho despu\u00e9s de su traslado). En este a\u00f1o, la Direcci\u00f3n General de Arquitectura concedi\u00f3 una subvenci\u00f3n de siete millones de pesetas con lo que su reconstrucci\u00f3n pudo ser concluida con \u00e9xito.<\/strong><br><strong>&nbsp;&nbsp;&nbsp;&nbsp;&nbsp;Fue declarada Monumento Nacional en 1981.<\/strong><\/p>\n\n\n\n<hr class=\"wp-block-separator\"\/>\n\n\n\n<figure class=\"wp-block-embed is-type-video is-provider-youtube wp-block-embed-youtube wp-embed-aspect-4-3 wp-has-aspect-ratio\"><div class=\"wp-block-embed__wrapper\">\n<iframe loading=\"lazy\" title=\"Video de la iglesia de San Juan Bautista en la Huerta Guadi\u00e1n (Palencia)\" width=\"1032\" height=\"774\" src=\"https:\/\/www.youtube.com\/embed\/GzbQ92-2iGg?feature=oembed\" frameborder=\"0\" allow=\"accelerometer; autoplay; clipboard-write; encrypted-media; gyroscope; picture-in-picture\" allowfullscreen><\/iframe>\n<\/div><\/figure>\n\n\n\n<hr class=\"wp-block-separator\"\/>\n\n\n\n<figure class=\"wp-block-gallery has-nested-images columns-default is-cropped\">\n<figure class=\"wp-block-image size-large\"><img loading=\"lazy\" width=\"800\" height=\"600\" data-id=\"427\"  src=\"http:\/\/turismopalencia.digital\/wp-content\/uploads\/2022\/02\/800px-San_Juan02.jpg\" alt=\"\" class=\"wp-image-427\" srcset=\"https:\/\/turismopalencia.digital\/wp-content\/uploads\/2022\/02\/800px-San_Juan02.jpg 800w, https:\/\/turismopalencia.digital\/wp-content\/uploads\/2022\/02\/800px-San_Juan02-300x225.jpg 300w, https:\/\/turismopalencia.digital\/wp-content\/uploads\/2022\/02\/800px-San_Juan02-768x576.jpg 768w, https:\/\/turismopalencia.digital\/wp-content\/uploads\/2022\/02\/800px-San_Juan02-13x10.jpg 13w\" sizes=\"(max-width: 800px) 100vw, 800px\" \/><\/figure>\n\n\n\n<figure class=\"wp-block-image size-large\"><img loading=\"lazy\" width=\"691\" height=\"511\" data-id=\"428\"  src=\"http:\/\/turismopalencia.digital\/wp-content\/uploads\/2022\/02\/2017-11-06-17.png\" alt=\"\" class=\"wp-image-428\" srcset=\"https:\/\/turismopalencia.digital\/wp-content\/uploads\/2022\/02\/2017-11-06-17.png 691w, https:\/\/turismopalencia.digital\/wp-content\/uploads\/2022\/02\/2017-11-06-17-300x222.png 300w, https:\/\/turismopalencia.digital\/wp-content\/uploads\/2022\/02\/2017-11-06-17-14x10.png 14w\" sizes=\"(max-width: 691px) 100vw, 691px\" \/><\/figure>\n\n\n\n<figure class=\"wp-block-image size-large\"><img loading=\"lazy\" width=\"259\" height=\"194\" data-id=\"425\"  src=\"http:\/\/turismopalencia.digital\/wp-content\/uploads\/2022\/02\/descarga-2.jpg\" alt=\"\" class=\"wp-image-425\" srcset=\"https:\/\/turismopalencia.digital\/wp-content\/uploads\/2022\/02\/descarga-2.jpg 259w, https:\/\/turismopalencia.digital\/wp-content\/uploads\/2022\/02\/descarga-2-13x10.jpg 13w\" sizes=\"(max-width: 259px) 100vw, 259px\" \/><\/figure>\n\n\n\n<figure class=\"wp-block-image size-large\"><img loading=\"lazy\" width=\"940\" height=\"620\" data-id=\"426\"  src=\"http:\/\/turismopalencia.digital\/wp-content\/uploads\/2022\/02\/parque-de-la-huerta-del-guardian.jpg__940x620_q83.jpg\" alt=\"\" class=\"wp-image-426\" srcset=\"https:\/\/turismopalencia.digital\/wp-content\/uploads\/2022\/02\/parque-de-la-huerta-del-guardian.jpg__940x620_q83.jpg 940w, https:\/\/turismopalencia.digital\/wp-content\/uploads\/2022\/02\/parque-de-la-huerta-del-guardian.jpg__940x620_q83-300x198.jpg 300w, https:\/\/turismopalencia.digital\/wp-content\/uploads\/2022\/02\/parque-de-la-huerta-del-guardian.jpg__940x620_q83-768x507.jpg 768w, https:\/\/turismopalencia.digital\/wp-content\/uploads\/2022\/02\/parque-de-la-huerta-del-guardian.jpg__940x620_q83-15x10.jpg 15w\" sizes=\"(max-width: 940px) 100vw, 940px\" \/><\/figure>\n<\/figure>\n\n\n\n<hr class=\"wp-block-separator\"\/>\n\n\n\n<p><strong>Huerta Guadi\u00e1n<\/strong><br><strong>34002 Palencia<\/strong><\/p>\n\n\n\n<p><a href=\"https:\/\/www.asturnatura.com\/turismo\/iglesia-de-san-juan-bautista-de-palencia\/3004.html\" target=\"_blank\" rel=\"noreferrer noopener\">https:\/\/www.asturnatura.com\/turismo\/iglesia-de-san-juan-bautista-de-palencia\/3004.html<\/a><\/p>\n\n\n\n<hr class=\"wp-block-separator\"\/>\n\n\n\n<div class=\"wp-container-1 wp-block-buttons\">\n<div class=\"wp-block-button\"><a class=\"wp-block-button__link\" href=\"https:\/\/www.google.com\/maps\/place\/Parque+Huerta+de+Guadi%C3%A1n\/@42.007636,-4.524845,15z\/data=!4m2!3m1!1s0x0:0x1b3de38c04814939?sa=X&amp;ved=2ahUKEwjR-o7Whon2AhVPzhoKHTRvBhsQ_BJ6BAgpEAU\" target=\"_blank\" rel=\"noreferrer noopener\">C\u00f3mo llegar<\/a><\/div>\n<\/div>\n\n\n\n<hr class=\"wp-block-separator\"\/>\n\n\n\n<hr class=\"wp-block-separator\"\/>\n","protected":false},"excerpt":{"rendered":"<p>La ermita de San Juan Bautista (conocida tambi\u00e9n como iglesia de San Juan) es uno de los mejores ejemplos del arte r\u00f3manico sencillo tan t\u00edpico &hellip;<\/p>\n","protected":false},"author":1,"featured_media":1260,"parent":0,"menu_order":0,"comment_status":"closed","ping_status":"closed","template":"","meta":{"_monsterinsights_skip_tracking":false,"_monsterinsights_sitenote_active":false,"_monsterinsights_sitenote_note":"","_monsterinsights_sitenote_category":0},"_links":{"self":[{"href":"https:\/\/turismopalencia.digital\/index.php\/wp-json\/wp\/v2\/pages\/164"}],"collection":[{"href":"https:\/\/turismopalencia.digital\/index.php\/wp-json\/wp\/v2\/pages"}],"about":[{"href":"https:\/\/turismopalencia.digital\/index.php\/wp-json\/wp\/v2\/types\/page"}],"author":[{"embeddable":true,"href":"https:\/\/turismopalencia.digital\/index.php\/wp-json\/wp\/v2\/users\/1"}],"replies":[{"embeddable":true,"href":"https:\/\/turismopalencia.digital\/index.php\/wp-json\/wp\/v2\/comments?post=164"}],"version-history":[{"count":3,"href":"https:\/\/turismopalencia.digital\/index.php\/wp-json\/wp\/v2\/pages\/164\/revisions"}],"predecessor-version":[{"id":1261,"href":"https:\/\/turismopalencia.digital\/index.php\/wp-json\/wp\/v2\/pages\/164\/revisions\/1261"}],"wp:featuredmedia":[{"embeddable":true,"href":"https:\/\/turismopalencia.digital\/index.php\/wp-json\/wp\/v2\/media\/1260"}],"wp:attachment":[{"href":"https:\/\/turismopalencia.digital\/index.php\/wp-json\/wp\/v2\/media?parent=164"}],"curies":[{"name":"wp","href":"https:\/\/api.w.org\/{rel}","templated":true}]}}