{"id":191,"date":"2022-02-17T21:41:09","date_gmt":"2022-02-17T21:41:09","guid":{"rendered":"http:\/\/turismopalencia.digital\/?page_id=191"},"modified":"2022-04-04T19:56:08","modified_gmt":"2022-04-04T19:56:08","slug":"museo-arqueologico","status":"publish","type":"page","link":"https:\/\/turismopalencia.digital\/index.php\/museo-arqueologico\/","title":{"rendered":"Museo Arqueol\u00f3gico"},"content":{"rendered":"\n<hr class=\"wp-block-separator\"\/>\n\n\n\n<figure class=\"wp-block-image size-full is-resized\"><img loading=\"lazy\" src=\"http:\/\/turismopalencia.digital\/wp-content\/uploads\/2022\/02\/554-casa-del-cordon-museo-arqueologico-palencia-1.jpg\" alt=\"\" class=\"wp-image-491\" width=\"1239\" height=\"929\" srcset=\"https:\/\/turismopalencia.digital\/wp-content\/uploads\/2022\/02\/554-casa-del-cordon-museo-arqueologico-palencia-1.jpg 800w, https:\/\/turismopalencia.digital\/wp-content\/uploads\/2022\/02\/554-casa-del-cordon-museo-arqueologico-palencia-1-300x225.jpg 300w, https:\/\/turismopalencia.digital\/wp-content\/uploads\/2022\/02\/554-casa-del-cordon-museo-arqueologico-palencia-1-768x576.jpg 768w, https:\/\/turismopalencia.digital\/wp-content\/uploads\/2022\/02\/554-casa-del-cordon-museo-arqueologico-palencia-1-13x10.jpg 13w\" sizes=\"(max-width: 1239px) 100vw, 1239px\" \/><figcaption>Museo Arqueol\u00f3gico<\/figcaption><\/figure>\n\n\n\n<hr class=\"wp-block-separator\"\/>\n\n\n\n<p><strong>El museo de Palencia, ubicado en la llamada casa del Cord\u00f3n, es el principal museo de la capital palentina, y recoge multitud de obras prehist\u00f3ricas, romanas y medievales de la provincia de Palencia.<\/strong><br><strong>&nbsp;&nbsp;&nbsp;&nbsp;&nbsp;El edificio que alberga el Museo Arqueol\u00f3gico Provincial es una antigua posada del s. XVI de estilo renacentista, \u00fanico en la capital. El exterior conserva su trazado original y destaca su cord\u00f3n franciscano que, a modo de alfiz, decora la puerta junto con dos escudos muy bien conservados.4 A juzgar por estos escudos, el edificio perteneci\u00f3 al mayorazgo de Isabel Rodr\u00edguez Monroy y su esposo, el relator del Consejo de Castilla Francisco N\u00fa\u00f1ez de Paz.5 Se construy\u00f3 en la primera mitad del siglo XVI y es el \u00fanico edificio de arquitectura civil de esta \u00e9poca que se conserva en la capital palentina.<\/strong><br><strong>&nbsp;&nbsp;&nbsp;&nbsp;&nbsp;El interior sorprende por conservar columnas antiguas pero tener un estilo completamente contempor\u00e1neo. Posee tres plantas, la baja alberga la recepci\u00f3n y las obras de la prehistoria; la primera, por la que se accede mediante una escalera de caracol muy amplia, guarda obras romanas y la segunda, las guarda de la Edad Media. El techo est\u00e1 cubierto con un enorme tragaluz visible desde todas las plantas ya que la primera y segunda presentan sendos grandes huecos circulares que permiten la llegada de la luz a la planta baja. La restauraci\u00f3n del edificio, bajo proyecto de Luis Arranz Alguer\u00f3, incluy\u00f3 la pr\u00e1ctica demolici\u00f3n de su interior, adoptando en su interior un estilo brutalista y manteniendo la apariencia exterior original.<\/strong><\/p>\n\n\n\n<hr class=\"wp-block-separator\"\/>\n\n\n\n<figure class=\"wp-block-embed is-type-video is-provider-youtube wp-block-embed-youtube wp-embed-aspect-4-3 wp-has-aspect-ratio\"><div class=\"wp-block-embed__wrapper\">\n<iframe loading=\"lazy\" title=\"Museo Arqueol\u00f3gico de Palencia.mpg\" width=\"1032\" height=\"774\" src=\"https:\/\/www.youtube.com\/embed\/OsEfsTMOg-s?feature=oembed\" frameborder=\"0\" allow=\"accelerometer; autoplay; clipboard-write; encrypted-media; gyroscope; picture-in-picture\" allowfullscreen><\/iframe>\n<\/div><\/figure>\n\n\n\n<hr class=\"wp-block-separator\"\/>\n\n\n\n<figure class=\"wp-block-gallery has-nested-images columns-default is-cropped\">\n<figure class=\"wp-block-image size-large\"><img loading=\"lazy\" width=\"1024\" height=\"370\" data-id=\"493\"  src=\"http:\/\/turismopalencia.digital\/wp-content\/uploads\/2022\/02\/36438_SD_0-1024x370.jpg\" alt=\"\" class=\"wp-image-493\" srcset=\"https:\/\/turismopalencia.digital\/wp-content\/uploads\/2022\/02\/36438_SD_0-1024x370.jpg 1024w, https:\/\/turismopalencia.digital\/wp-content\/uploads\/2022\/02\/36438_SD_0-300x108.jpg 300w, https:\/\/turismopalencia.digital\/wp-content\/uploads\/2022\/02\/36438_SD_0-768x277.jpg 768w, https:\/\/turismopalencia.digital\/wp-content\/uploads\/2022\/02\/36438_SD_0-28x10.jpg 28w, https:\/\/turismopalencia.digital\/wp-content\/uploads\/2022\/02\/36438_SD_0.jpg 1440w\" sizes=\"(max-width: 1024px) 100vw, 1024px\" \/><\/figure>\n\n\n\n<figure class=\"wp-block-image size-large\"><img loading=\"lazy\" width=\"1024\" height=\"680\" data-id=\"495\"  src=\"http:\/\/turismopalencia.digital\/wp-content\/uploads\/2022\/02\/DSC06219-1024x680.jpg\" alt=\"\" class=\"wp-image-495\" srcset=\"https:\/\/turismopalencia.digital\/wp-content\/uploads\/2022\/02\/DSC06219-1024x680.jpg 1024w, https:\/\/turismopalencia.digital\/wp-content\/uploads\/2022\/02\/DSC06219-300x199.jpg 300w, https:\/\/turismopalencia.digital\/wp-content\/uploads\/2022\/02\/DSC06219-768x510.jpg 768w, https:\/\/turismopalencia.digital\/wp-content\/uploads\/2022\/02\/DSC06219-1536x1020.jpg 1536w, https:\/\/turismopalencia.digital\/wp-content\/uploads\/2022\/02\/DSC06219-15x10.jpg 15w, https:\/\/turismopalencia.digital\/wp-content\/uploads\/2022\/02\/DSC06219.jpg 1600w\" sizes=\"(max-width: 1024px) 100vw, 1024px\" \/><\/figure>\n\n\n\n<figure class=\"wp-block-image size-large\"><img loading=\"lazy\" width=\"250\" height=\"167\" data-id=\"496\"  src=\"http:\/\/turismopalencia.digital\/wp-content\/uploads\/2022\/02\/Museo_Arqueologico_de_Palencia_-_05.jpg\" alt=\"\" class=\"wp-image-496\" srcset=\"https:\/\/turismopalencia.digital\/wp-content\/uploads\/2022\/02\/Museo_Arqueologico_de_Palencia_-_05.jpg 250w, https:\/\/turismopalencia.digital\/wp-content\/uploads\/2022\/02\/Museo_Arqueologico_de_Palencia_-_05-15x10.jpg 15w\" sizes=\"(max-width: 250px) 100vw, 250px\" \/><\/figure>\n\n\n\n<figure class=\"wp-block-image size-large\"><img loading=\"lazy\" width=\"636\" height=\"303\" data-id=\"494\"  src=\"http:\/\/turismopalencia.digital\/wp-content\/uploads\/2022\/02\/Museo_Arqueologico_Palencia_interior.jpg\" alt=\"\" class=\"wp-image-494\" srcset=\"https:\/\/turismopalencia.digital\/wp-content\/uploads\/2022\/02\/Museo_Arqueologico_Palencia_interior.jpg 636w, https:\/\/turismopalencia.digital\/wp-content\/uploads\/2022\/02\/Museo_Arqueologico_Palencia_interior-300x143.jpg 300w, https:\/\/turismopalencia.digital\/wp-content\/uploads\/2022\/02\/Museo_Arqueologico_Palencia_interior-21x10.jpg 21w\" sizes=\"(max-width: 636px) 100vw, 636px\" \/><\/figure>\n<\/figure>\n\n\n\n<hr class=\"wp-block-separator\"\/>\n\n\n\n<p><strong>Plaza del Cord\u00f3n, 1<br>34001 Palencia<\/strong><\/p>\n\n\n\n<p><strong>979 75 23 28<\/strong><\/p>\n\n\n\n<p><a href=\"https:\/\/museoscastillayleon.jcyl.es\/web\/es\/museopalencia\/museo-palencia.html\" target=\"_blank\" rel=\"noreferrer noopener\">https:\/\/museoscastillayleon.jcyl.es\/web\/es\/museopalencia\/museo-palencia.html<\/a><\/p>\n\n\n\n<hr class=\"wp-block-separator\"\/>\n\n\n\n<div class=\"wp-container-1 wp-block-buttons\">\n<div class=\"wp-block-button\"><a class=\"wp-block-button__link\" href=\"https:\/\/www.google.com\/maps\/place\/Museo+de+Palencia\/@42.009492,-4.5355389,15z\/data=!4m2!3m1!1s0x0:0x73ae15511a1387bb?sa=X&amp;ved=2ahUKEwjCrKT6kIn2AhWByKQKHSNhCV4Q_BJ6BAgoEAU\" target=\"_blank\" rel=\"noreferrer noopener\">C\u00f3mo llegar<\/a><\/div>\n<\/div>\n\n\n\n<hr class=\"wp-block-separator\"\/>\n\n\n\n<hr class=\"wp-block-separator\"\/>\n","protected":false},"excerpt":{"rendered":"<p>El museo de Palencia, ubicado en la llamada casa del Cord\u00f3n, es el principal museo de la capital palentina, y recoge multitud de obras prehist\u00f3ricas, &hellip;<\/p>\n","protected":false},"author":1,"featured_media":1274,"parent":0,"menu_order":0,"comment_status":"closed","ping_status":"closed","template":"","meta":{"_monsterinsights_skip_tracking":false,"_monsterinsights_sitenote_active":false,"_monsterinsights_sitenote_note":"","_monsterinsights_sitenote_category":0},"_links":{"self":[{"href":"https:\/\/turismopalencia.digital\/index.php\/wp-json\/wp\/v2\/pages\/191"}],"collection":[{"href":"https:\/\/turismopalencia.digital\/index.php\/wp-json\/wp\/v2\/pages"}],"about":[{"href":"https:\/\/turismopalencia.digital\/index.php\/wp-json\/wp\/v2\/types\/page"}],"author":[{"embeddable":true,"href":"https:\/\/turismopalencia.digital\/index.php\/wp-json\/wp\/v2\/users\/1"}],"replies":[{"embeddable":true,"href":"https:\/\/turismopalencia.digital\/index.php\/wp-json\/wp\/v2\/comments?post=191"}],"version-history":[{"count":4,"href":"https:\/\/turismopalencia.digital\/index.php\/wp-json\/wp\/v2\/pages\/191\/revisions"}],"predecessor-version":[{"id":1275,"href":"https:\/\/turismopalencia.digital\/index.php\/wp-json\/wp\/v2\/pages\/191\/revisions\/1275"}],"wp:featuredmedia":[{"embeddable":true,"href":"https:\/\/turismopalencia.digital\/index.php\/wp-json\/wp\/v2\/media\/1274"}],"wp:attachment":[{"href":"https:\/\/turismopalencia.digital\/index.php\/wp-json\/wp\/v2\/media?parent=191"}],"curies":[{"name":"wp","href":"https:\/\/api.w.org\/{rel}","templated":true}]}}