{"id":192,"date":"2022-02-17T21:41:09","date_gmt":"2022-02-17T21:41:09","guid":{"rendered":"http:\/\/turismopalencia.digital\/?page_id=192"},"modified":"2022-04-04T19:57:12","modified_gmt":"2022-04-04T19:57:12","slug":"museo-del-agua","status":"publish","type":"page","link":"https:\/\/turismopalencia.digital\/index.php\/museo-del-agua\/","title":{"rendered":"Museo del Agua"},"content":{"rendered":"\n<hr class=\"wp-block-separator\"\/>\n\n\n\n<figure class=\"wp-block-image size-full is-resized\"><img loading=\"lazy\" src=\"http:\/\/turismopalencia.digital\/wp-content\/uploads\/2022\/02\/foto-dc3a1rsena-y-museo-1.jpg\" alt=\"\" class=\"wp-image-499\" width=\"1240\" height=\"930\" srcset=\"https:\/\/turismopalencia.digital\/wp-content\/uploads\/2022\/02\/foto-dc3a1rsena-y-museo-1.jpg 1000w, https:\/\/turismopalencia.digital\/wp-content\/uploads\/2022\/02\/foto-dc3a1rsena-y-museo-1-300x225.jpg 300w, https:\/\/turismopalencia.digital\/wp-content\/uploads\/2022\/02\/foto-dc3a1rsena-y-museo-1-768x576.jpg 768w, https:\/\/turismopalencia.digital\/wp-content\/uploads\/2022\/02\/foto-dc3a1rsena-y-museo-1-13x10.jpg 13w\" sizes=\"(max-width: 1240px) 100vw, 1240px\" \/><figcaption>Museo del Agua<\/figcaption><\/figure>\n\n\n\n<hr class=\"wp-block-separator\"\/>\n\n\n\n<p><strong>El Museo del Agua de Palencia es un proyecto pionero en Castilla y Le\u00f3n, ideado a partir de un concepto innovador que emplea las \u00faltimas tecnolog\u00edas audiovisuales. Destinado a todos los p\u00fablicos, es un espacio de conocimiento, de sensibilizaci\u00f3n y de entretenimiento.<\/strong><br><strong>&nbsp;&nbsp;&nbsp;&nbsp;&nbsp;Nos acerca al mundo del agua desde una perspectiva global y local, en \u00e9l conoceremos el valioso patrimonio hidr\u00e1ulico palentino y descubriremos c\u00f3mo podemos contribuir a la conservaci\u00f3n de los recursos h\u00eddricos y al consumo responsable del agua.<\/strong><br><strong>&nbsp;&nbsp;&nbsp;&nbsp;&nbsp;El agua es un bien natural, un recurso vital y un derecho universal de especial importancia en Palencia, es un elemento diferenciador de sus paisajes y un recurso de desarrollo territorial. El acceso al agua potable es un desaf\u00edo que requiere tanto de tecnolog\u00eda como de concienciaci\u00f3n<\/strong><br><strong>y colaboraci\u00f3n por parte de todos.<\/strong><br><strong>&nbsp;&nbsp;&nbsp;&nbsp;&nbsp;En este sentido Palencia apuesta por la sostenibilidad y se posiciona como \u201cciudad inteligente\u201d.<\/strong><br><strong>&nbsp;&nbsp;&nbsp;&nbsp;&nbsp;Ubicado una de las d\u00e1rsenas del Canal de Castilla en Palencia, el edificio fue un antiguo almac\u00e9n de cereales. La restauraci\u00f3n y rehabilitaci\u00f3n realizada en el a\u00f1o 2010 en este edificio su entorno, junto a su dotaci\u00f3n muse\u00edstica, supone una aportaci\u00f3n del Consistorio palentino a la dinamizaci\u00f3n del canal y se convierte adem\u00e1s en otro de los muchos atractivos tur\u00edsticos de la ciudad.<\/strong><\/p>\n\n\n\n<hr class=\"wp-block-separator\"\/>\n\n\n\n<figure class=\"wp-block-embed is-type-video is-provider-youtube wp-block-embed-youtube wp-embed-aspect-4-3 wp-has-aspect-ratio\"><div class=\"wp-block-embed__wrapper\">\n<iframe loading=\"lazy\" title=\"Museo del Agua\" width=\"1032\" height=\"774\" src=\"https:\/\/www.youtube.com\/embed\/DzzNdh09ai8?feature=oembed\" frameborder=\"0\" allow=\"accelerometer; autoplay; clipboard-write; encrypted-media; gyroscope; picture-in-picture\" allowfullscreen><\/iframe>\n<\/div><\/figure>\n\n\n\n<hr class=\"wp-block-separator\"\/>\n\n\n\n<figure class=\"wp-block-gallery has-nested-images columns-default is-cropped\">\n<figure class=\"wp-block-image size-large\"><img loading=\"lazy\" width=\"1024\" height=\"681\" data-id=\"502\"  src=\"http:\/\/turismopalencia.digital\/wp-content\/uploads\/2022\/02\/30182_l.jpg\" alt=\"\" class=\"wp-image-502\" srcset=\"https:\/\/turismopalencia.digital\/wp-content\/uploads\/2022\/02\/30182_l.jpg 1024w, https:\/\/turismopalencia.digital\/wp-content\/uploads\/2022\/02\/30182_l-300x200.jpg 300w, https:\/\/turismopalencia.digital\/wp-content\/uploads\/2022\/02\/30182_l-768x511.jpg 768w, https:\/\/turismopalencia.digital\/wp-content\/uploads\/2022\/02\/30182_l-15x10.jpg 15w\" sizes=\"(max-width: 1024px) 100vw, 1024px\" \/><\/figure>\n\n\n\n<figure class=\"wp-block-image size-large\"><img loading=\"lazy\" width=\"640\" height=\"431\" data-id=\"501\"  src=\"http:\/\/turismopalencia.digital\/wp-content\/uploads\/2022\/02\/Museo-del-Agua-interior-1.jpg\" alt=\"\" class=\"wp-image-501\" srcset=\"https:\/\/turismopalencia.digital\/wp-content\/uploads\/2022\/02\/Museo-del-Agua-interior-1.jpg 640w, https:\/\/turismopalencia.digital\/wp-content\/uploads\/2022\/02\/Museo-del-Agua-interior-1-300x202.jpg 300w, https:\/\/turismopalencia.digital\/wp-content\/uploads\/2022\/02\/Museo-del-Agua-interior-1-15x10.jpg 15w\" sizes=\"(max-width: 640px) 100vw, 640px\" \/><\/figure>\n\n\n\n<figure class=\"wp-block-image size-large\"><img loading=\"lazy\" width=\"640\" height=\"357\" data-id=\"503\"  src=\"http:\/\/turismopalencia.digital\/wp-content\/uploads\/2022\/02\/Museo-del-Agua-interior-9.jpg\" alt=\"\" class=\"wp-image-503\" srcset=\"https:\/\/turismopalencia.digital\/wp-content\/uploads\/2022\/02\/Museo-del-Agua-interior-9.jpg 640w, https:\/\/turismopalencia.digital\/wp-content\/uploads\/2022\/02\/Museo-del-Agua-interior-9-300x167.jpg 300w, https:\/\/turismopalencia.digital\/wp-content\/uploads\/2022\/02\/Museo-del-Agua-interior-9-18x10.jpg 18w\" sizes=\"(max-width: 640px) 100vw, 640px\" \/><\/figure>\n<\/figure>\n\n\n\n<hr class=\"wp-block-separator\"\/>\n\n\n\n<p><strong>D\u00e1rsena del Canal<\/strong><br><strong>34005 Palencia<\/strong><\/p>\n\n\n\n<p><strong>979 71 81 97<\/strong><\/p>\n\n\n\n<p><a href=\"https:\/\/www.aytopalencia.es\/sites\/default\/files\/folleto_museo_del_agua_palencia.pdf\" target=\"_blank\" rel=\"noreferrer noopener\">https:\/\/www.aytopalencia.es\/sites\/default\/files\/folleto_museo_del_agua_palencia.pdf<\/a><\/p>\n\n\n\n<hr class=\"wp-block-separator\"\/>\n\n\n\n<div class=\"wp-container-1 wp-block-buttons\">\n<div class=\"wp-block-button\"><a class=\"wp-block-button__link\" href=\"https:\/\/www.google.com\/maps\/place\/Museo+del+Agua\/@42.0081006,-4.5399271,15z\/data=!4m2!3m1!1s0x0:0x7e44e49dc45d0933?sa=X&amp;ved=2ahUKEwjI4_OCkon2AhUG2BoKHWTOChoQ_BJ6BAgiEAU\" target=\"_blank\" rel=\"noreferrer noopener\">C\u00f3mo llegar<\/a><\/div>\n<\/div>\n\n\n\n<hr class=\"wp-block-separator\"\/>\n\n\n\n<hr class=\"wp-block-separator\"\/>\n","protected":false},"excerpt":{"rendered":"<p>El Museo del Agua de Palencia es un proyecto pionero en Castilla y Le\u00f3n, ideado a partir de un concepto innovador que emplea las \u00faltimas &hellip;<\/p>\n","protected":false},"author":1,"featured_media":1276,"parent":0,"menu_order":0,"comment_status":"closed","ping_status":"closed","template":"","meta":{"_monsterinsights_skip_tracking":false,"_monsterinsights_sitenote_active":false,"_monsterinsights_sitenote_note":"","_monsterinsights_sitenote_category":0},"_links":{"self":[{"href":"https:\/\/turismopalencia.digital\/index.php\/wp-json\/wp\/v2\/pages\/192"}],"collection":[{"href":"https:\/\/turismopalencia.digital\/index.php\/wp-json\/wp\/v2\/pages"}],"about":[{"href":"https:\/\/turismopalencia.digital\/index.php\/wp-json\/wp\/v2\/types\/page"}],"author":[{"embeddable":true,"href":"https:\/\/turismopalencia.digital\/index.php\/wp-json\/wp\/v2\/users\/1"}],"replies":[{"embeddable":true,"href":"https:\/\/turismopalencia.digital\/index.php\/wp-json\/wp\/v2\/comments?post=192"}],"version-history":[{"count":3,"href":"https:\/\/turismopalencia.digital\/index.php\/wp-json\/wp\/v2\/pages\/192\/revisions"}],"predecessor-version":[{"id":1277,"href":"https:\/\/turismopalencia.digital\/index.php\/wp-json\/wp\/v2\/pages\/192\/revisions\/1277"}],"wp:featuredmedia":[{"embeddable":true,"href":"https:\/\/turismopalencia.digital\/index.php\/wp-json\/wp\/v2\/media\/1276"}],"wp:attachment":[{"href":"https:\/\/turismopalencia.digital\/index.php\/wp-json\/wp\/v2\/media?parent=192"}],"curies":[{"name":"wp","href":"https:\/\/api.w.org\/{rel}","templated":true}]}}