{"id":193,"date":"2022-02-17T21:41:09","date_gmt":"2022-02-17T21:41:09","guid":{"rendered":"http:\/\/turismopalencia.digital\/?page_id=193"},"modified":"2022-04-04T20:00:49","modified_gmt":"2022-04-04T20:00:49","slug":"museo-de-farmacia","status":"publish","type":"page","link":"https:\/\/turismopalencia.digital\/index.php\/museo-de-farmacia\/","title":{"rendered":"Museo de Farmacia y Medicina"},"content":{"rendered":"\n<hr class=\"wp-block-separator\"\/>\n\n\n\n<figure class=\"wp-block-image size-large is-resized\"><img loading=\"lazy\" src=\"http:\/\/turismopalencia.digital\/wp-content\/uploads\/2022\/02\/Dkoer9DX4AAWXZE-1024x768.jpg\" alt=\"\" class=\"wp-image-512\" width=\"1237\" height=\"928\" srcset=\"https:\/\/turismopalencia.digital\/wp-content\/uploads\/2022\/02\/Dkoer9DX4AAWXZE-1024x768.jpg 1024w, https:\/\/turismopalencia.digital\/wp-content\/uploads\/2022\/02\/Dkoer9DX4AAWXZE-300x225.jpg 300w, https:\/\/turismopalencia.digital\/wp-content\/uploads\/2022\/02\/Dkoer9DX4AAWXZE-768x576.jpg 768w, https:\/\/turismopalencia.digital\/wp-content\/uploads\/2022\/02\/Dkoer9DX4AAWXZE-13x10.jpg 13w, https:\/\/turismopalencia.digital\/wp-content\/uploads\/2022\/02\/Dkoer9DX4AAWXZE.jpg 1200w\" sizes=\"(max-width: 1237px) 100vw, 1237px\" \/><figcaption>Museo de Framacia<\/figcaption><\/figure>\n\n\n\n<hr class=\"wp-block-separator\"\/>\n\n\n\n<p><strong>La Colecci\u00f3n de Medicina y Farmacia de la Fundaci\u00f3n San Antol\u00edn y San Bernab\u00e9 de Palencia reproduce la botica, las consultas m\u00e9dicas y la sala de operaciones del antiguo hospital de San Antol\u00edn con todo el material usado para diagnosticar enfermedades y practicar operaciones en los siglos XIX y XX.<\/strong><br><strong>Aunque el hospital de San Antol\u00edn y San Bernab\u00e9 fue fundado en 1183 y funcion\u00f3 de forma ininterrumpida hasta finales de la d\u00e9cada de los a\u00f1os sesenta, la mayor parte del material expuesto corresponde a los siglos XIX y XX, y pertenece al antiguo hospital, a colecciones privadas donadas por m\u00e9dicos y farmac\u00e9uticos, a Cruz Roja y al Hospital R\u00edo Carri\u00f3n.<\/strong><br><strong>Tienen especial importancia los aparatos de rayos X que se muestran.<\/strong><br><strong>Entre ellos uno inventado por Wilhem Roentgen en 1895 que ahora se expone en la reproducci\u00f3n de una antigua consulta m\u00e9dica donde el doctor tomaba nota de las dolencias en una antigua m\u00e1quina de escribir.<\/strong><br><strong>En el quir\u00f3fano puede verse gran parte del material usado en las operaciones: juegos de agujas, material quir\u00fargico -fundamentalmente de ginecolog\u00eda-, autoclaves para la esterilizaci\u00f3n del instrumental, un aspirador de secreciones de la d\u00e9cada de los a\u00f1os treinta y hasta una incubadora neonatal de la d\u00e9cada de los sesenta.<\/strong><br><strong>La farmacia, situada en la zona donde estuvo la antigua botica, exhibe, en un gran armario de 1815, infinidad de botes con tintura de clavo o de colombo, ra\u00edz de ratania y armenio, y los aparatos de alquimista con los que el boticario preparaba personalmente las medicinas.<\/strong><\/p>\n\n\n\n<hr class=\"wp-block-separator\"\/>\n\n\n\n<figure class=\"wp-block-embed is-type-video is-provider-youtube wp-block-embed-youtube wp-embed-aspect-16-9 wp-has-aspect-ratio\"><div class=\"wp-block-embed__wrapper\">\n<iframe loading=\"lazy\" title=\"Museo de Farmacia y Medicina de Palencia\" width=\"1032\" height=\"581\" src=\"https:\/\/www.youtube.com\/embed\/Q1ZgcjH8Mks?feature=oembed\" frameborder=\"0\" allow=\"accelerometer; autoplay; clipboard-write; encrypted-media; gyroscope; picture-in-picture\" allowfullscreen><\/iframe>\n<\/div><\/figure>\n\n\n\n<hr class=\"wp-block-separator\"\/>\n\n\n\n<figure class=\"wp-block-gallery has-nested-images columns-default is-cropped\">\n<figure class=\"wp-block-image size-large\"><img loading=\"lazy\" width=\"852\" height=\"479\" data-id=\"518\"  src=\"http:\/\/turismopalencia.digital\/wp-content\/uploads\/2022\/02\/Captura-de-pantalla-79.png\" alt=\"\" class=\"wp-image-518\" srcset=\"https:\/\/turismopalencia.digital\/wp-content\/uploads\/2022\/02\/Captura-de-pantalla-79.png 852w, https:\/\/turismopalencia.digital\/wp-content\/uploads\/2022\/02\/Captura-de-pantalla-79-300x169.png 300w, https:\/\/turismopalencia.digital\/wp-content\/uploads\/2022\/02\/Captura-de-pantalla-79-768x432.png 768w, https:\/\/turismopalencia.digital\/wp-content\/uploads\/2022\/02\/Captura-de-pantalla-79-18x10.png 18w\" sizes=\"(max-width: 852px) 100vw, 852px\" \/><\/figure>\n\n\n\n<figure class=\"wp-block-image size-large\"><img loading=\"lazy\" width=\"1024\" height=\"512\" data-id=\"517\"  src=\"http:\/\/turismopalencia.digital\/wp-content\/uploads\/2022\/02\/DkoepITX0AAJpyB-1024x512.jpg\" alt=\"\" class=\"wp-image-517\" srcset=\"https:\/\/turismopalencia.digital\/wp-content\/uploads\/2022\/02\/DkoepITX0AAJpyB-1024x512.jpg 1024w, https:\/\/turismopalencia.digital\/wp-content\/uploads\/2022\/02\/DkoepITX0AAJpyB-300x150.jpg 300w, https:\/\/turismopalencia.digital\/wp-content\/uploads\/2022\/02\/DkoepITX0AAJpyB-768x384.jpg 768w, https:\/\/turismopalencia.digital\/wp-content\/uploads\/2022\/02\/DkoepITX0AAJpyB-20x10.jpg 20w, https:\/\/turismopalencia.digital\/wp-content\/uploads\/2022\/02\/DkoepITX0AAJpyB.jpg 1200w\" sizes=\"(max-width: 1024px) 100vw, 1024px\" \/><\/figure>\n\n\n\n<figure class=\"wp-block-image size-large\"><img loading=\"lazy\" width=\"550\" height=\"413\" data-id=\"519\"  src=\"http:\/\/turismopalencia.digital\/wp-content\/uploads\/2022\/02\/museo-farmacia-y-medicina-1.jpg\" alt=\"\" class=\"wp-image-519\" srcset=\"https:\/\/turismopalencia.digital\/wp-content\/uploads\/2022\/02\/museo-farmacia-y-medicina-1.jpg 550w, https:\/\/turismopalencia.digital\/wp-content\/uploads\/2022\/02\/museo-farmacia-y-medicina-1-300x225.jpg 300w, https:\/\/turismopalencia.digital\/wp-content\/uploads\/2022\/02\/museo-farmacia-y-medicina-1-13x10.jpg 13w\" sizes=\"(max-width: 550px) 100vw, 550px\" \/><\/figure>\n\n\n\n<figure class=\"wp-block-image size-large\"><img loading=\"lazy\" width=\"338\" height=\"450\" data-id=\"515\"  src=\"http:\/\/turismopalencia.digital\/wp-content\/uploads\/2022\/02\/museo-farmacia-y-medicina.jpg\" alt=\"\" class=\"wp-image-515\" srcset=\"https:\/\/turismopalencia.digital\/wp-content\/uploads\/2022\/02\/museo-farmacia-y-medicina.jpg 338w, https:\/\/turismopalencia.digital\/wp-content\/uploads\/2022\/02\/museo-farmacia-y-medicina-225x300.jpg 225w, https:\/\/turismopalencia.digital\/wp-content\/uploads\/2022\/02\/museo-farmacia-y-medicina-8x10.jpg 8w\" sizes=\"(max-width: 338px) 100vw, 338px\" \/><\/figure>\n\n\n\n<figure class=\"wp-block-image size-large\"><img loading=\"lazy\" width=\"1024\" height=\"768\" data-id=\"516\"  src=\"http:\/\/turismopalencia.digital\/wp-content\/uploads\/2022\/02\/Palencia_-_Hospital_de_San_Bernabe_02-1-1024x768.jpg\" alt=\"\" class=\"wp-image-516\" srcset=\"https:\/\/turismopalencia.digital\/wp-content\/uploads\/2022\/02\/Palencia_-_Hospital_de_San_Bernabe_02-1-1024x768.jpg 1024w, https:\/\/turismopalencia.digital\/wp-content\/uploads\/2022\/02\/Palencia_-_Hospital_de_San_Bernabe_02-1-300x225.jpg 300w, https:\/\/turismopalencia.digital\/wp-content\/uploads\/2022\/02\/Palencia_-_Hospital_de_San_Bernabe_02-1-768x576.jpg 768w, https:\/\/turismopalencia.digital\/wp-content\/uploads\/2022\/02\/Palencia_-_Hospital_de_San_Bernabe_02-1-13x10.jpg 13w, https:\/\/turismopalencia.digital\/wp-content\/uploads\/2022\/02\/Palencia_-_Hospital_de_San_Bernabe_02-1.jpg 1200w\" sizes=\"(max-width: 1024px) 100vw, 1024px\" \/><\/figure>\n\n\n\n<figure class=\"wp-block-image size-large\"><img loading=\"lazy\" width=\"480\" height=\"363\" data-id=\"520\"  src=\"http:\/\/turismopalencia.digital\/wp-content\/uploads\/2022\/02\/img_0001-1.jpg\" alt=\"\" class=\"wp-image-520\" srcset=\"https:\/\/turismopalencia.digital\/wp-content\/uploads\/2022\/02\/img_0001-1.jpg 480w, https:\/\/turismopalencia.digital\/wp-content\/uploads\/2022\/02\/img_0001-1-300x227.jpg 300w, https:\/\/turismopalencia.digital\/wp-content\/uploads\/2022\/02\/img_0001-1-13x10.jpg 13w\" sizes=\"(max-width: 480px) 100vw, 480px\" \/><\/figure>\n<\/figure>\n\n\n\n<hr class=\"wp-block-separator\"\/>\n\n\n\n<p><strong>Calle Hospital, 2,<\/strong><br><strong>&nbsp;34005 Palencia<\/strong><\/p>\n\n\n\n<p><strong>979 74 95 00<\/strong><\/p>\n\n\n\n<hr class=\"wp-block-separator\"\/>\n\n\n\n<div class=\"wp-container-1 wp-block-buttons\">\n<div class=\"wp-block-button\"><a class=\"wp-block-button__link\" href=\"https:\/\/www.google.com\/maps\/place\/Residencia+San+Bernab%C3%A9+y+San+Antol%C3%ADn\/@42.0124861,-4.5375041,15z\/data=!4m2!3m1!1s0x0:0x38c9f043131291ce?sa=X&amp;ved=2ahUKEwiCv4XblIn2AhUzgf0HHfO6CwAQ_BJ6BAgxEAU\" target=\"_blank\" rel=\"noreferrer noopener\">C\u00f3mo llegar<\/a><\/div>\n<\/div>\n\n\n\n<hr class=\"wp-block-separator\"\/>\n\n\n\n<hr class=\"wp-block-separator\"\/>\n","protected":false},"excerpt":{"rendered":"<p>La Colecci\u00f3n de Medicina y Farmacia de la Fundaci\u00f3n San Antol\u00edn y San Bernab\u00e9 de Palencia reproduce la botica, las consultas m\u00e9dicas y la sala &hellip;<\/p>\n","protected":false},"author":1,"featured_media":1280,"parent":0,"menu_order":0,"comment_status":"closed","ping_status":"closed","template":"","meta":{"_monsterinsights_skip_tracking":false,"_monsterinsights_sitenote_active":false,"_monsterinsights_sitenote_note":"","_monsterinsights_sitenote_category":0},"_links":{"self":[{"href":"https:\/\/turismopalencia.digital\/index.php\/wp-json\/wp\/v2\/pages\/193"}],"collection":[{"href":"https:\/\/turismopalencia.digital\/index.php\/wp-json\/wp\/v2\/pages"}],"about":[{"href":"https:\/\/turismopalencia.digital\/index.php\/wp-json\/wp\/v2\/types\/page"}],"author":[{"embeddable":true,"href":"https:\/\/turismopalencia.digital\/index.php\/wp-json\/wp\/v2\/users\/1"}],"replies":[{"embeddable":true,"href":"https:\/\/turismopalencia.digital\/index.php\/wp-json\/wp\/v2\/comments?post=193"}],"version-history":[{"count":3,"href":"https:\/\/turismopalencia.digital\/index.php\/wp-json\/wp\/v2\/pages\/193\/revisions"}],"predecessor-version":[{"id":1281,"href":"https:\/\/turismopalencia.digital\/index.php\/wp-json\/wp\/v2\/pages\/193\/revisions\/1281"}],"wp:featuredmedia":[{"embeddable":true,"href":"https:\/\/turismopalencia.digital\/index.php\/wp-json\/wp\/v2\/media\/1280"}],"wp:attachment":[{"href":"https:\/\/turismopalencia.digital\/index.php\/wp-json\/wp\/v2\/media?parent=193"}],"curies":[{"name":"wp","href":"https:\/\/api.w.org\/{rel}","templated":true}]}}