{"id":194,"date":"2022-02-17T21:41:09","date_gmt":"2022-02-17T21:41:09","guid":{"rendered":"http:\/\/turismopalencia.digital\/?page_id=194"},"modified":"2022-04-04T20:02:28","modified_gmt":"2022-04-04T20:02:28","slug":"museo-victorio-macho","status":"publish","type":"page","link":"https:\/\/turismopalencia.digital\/index.php\/museo-victorio-macho\/","title":{"rendered":"Museo Victorio Macho"},"content":{"rendered":"\n<hr class=\"wp-block-separator\"\/>\n\n\n\n<figure class=\"wp-block-image size-large is-resized\"><img loading=\"lazy\" src=\"http:\/\/turismopalencia.digital\/wp-content\/uploads\/2022\/02\/grande-128-1024x514.jpg\" alt=\"\" class=\"wp-image-522\" width=\"1239\" height=\"622\" srcset=\"https:\/\/turismopalencia.digital\/wp-content\/uploads\/2022\/02\/grande-128-1024x514.jpg 1024w, https:\/\/turismopalencia.digital\/wp-content\/uploads\/2022\/02\/grande-128-300x151.jpg 300w, https:\/\/turismopalencia.digital\/wp-content\/uploads\/2022\/02\/grande-128-768x385.jpg 768w, https:\/\/turismopalencia.digital\/wp-content\/uploads\/2022\/02\/grande-128-20x10.jpg 20w, https:\/\/turismopalencia.digital\/wp-content\/uploads\/2022\/02\/grande-128.jpg 1198w\" sizes=\"(max-width: 1239px) 100vw, 1239px\" \/><figcaption>Museo Victorio Macho<\/figcaption><\/figure>\n\n\n\n<hr class=\"wp-block-separator\"\/>\n\n\n\n<p><strong>&nbsp;&nbsp;&nbsp;&nbsp;El centro de interpretaci\u00f3n est\u00e1 situado junto a la ermita, justo debajo del Cristo del Otero. El museo est\u00e1 dedicado a las obras que el artista realiz\u00f3 en su ciudad natal, y que forman parte del patrimonio municipal. Se distribuye en diversas estancias comunicadas. En la primera, los visitantes podr\u00e1n contemplar una visi\u00f3n global de la vida y la obra del escultor, adem\u00e1s de algunas de sus primeros trabajos.<\/strong><\/p>\n\n\n\n<hr class=\"wp-block-separator\"\/>\n\n\n\n<figure class=\"wp-block-embed is-type-video is-provider-youtube wp-block-embed-youtube wp-embed-aspect-4-3 wp-has-aspect-ratio\"><div class=\"wp-block-embed__wrapper\">\n<iframe loading=\"lazy\" title=\"Vida y Obra de Victorio Macho\" width=\"1032\" height=\"774\" src=\"https:\/\/www.youtube.com\/embed\/98PXKxf84Dw?feature=oembed\" frameborder=\"0\" allow=\"accelerometer; autoplay; clipboard-write; encrypted-media; gyroscope; picture-in-picture\" allowfullscreen><\/iframe>\n<\/div><\/figure>\n\n\n\n<hr class=\"wp-block-separator\"\/>\n\n\n\n<figure class=\"wp-block-gallery has-nested-images columns-default is-cropped\">\n<figure class=\"wp-block-image size-large\"><img loading=\"lazy\" width=\"644\" height=\"362\" data-id=\"528\"  src=\"http:\/\/turismopalencia.digital\/wp-content\/uploads\/2022\/02\/4-644x362-1.jpg\" alt=\"\" class=\"wp-image-528\" srcset=\"https:\/\/turismopalencia.digital\/wp-content\/uploads\/2022\/02\/4-644x362-1.jpg 644w, https:\/\/turismopalencia.digital\/wp-content\/uploads\/2022\/02\/4-644x362-1-300x169.jpg 300w, https:\/\/turismopalencia.digital\/wp-content\/uploads\/2022\/02\/4-644x362-1-18x10.jpg 18w\" sizes=\"(max-width: 644px) 100vw, 644px\" \/><\/figure>\n\n\n\n<figure class=\"wp-block-image size-large\"><img loading=\"lazy\" width=\"660\" height=\"365\" data-id=\"525\"  src=\"http:\/\/turismopalencia.digital\/wp-content\/uploads\/2022\/02\/hermano_marcelo_victorio_macho_c.jpg_1306973099.jpg\" alt=\"\" class=\"wp-image-525\" srcset=\"https:\/\/turismopalencia.digital\/wp-content\/uploads\/2022\/02\/hermano_marcelo_victorio_macho_c.jpg_1306973099.jpg 660w, https:\/\/turismopalencia.digital\/wp-content\/uploads\/2022\/02\/hermano_marcelo_victorio_macho_c.jpg_1306973099-300x166.jpg 300w, https:\/\/turismopalencia.digital\/wp-content\/uploads\/2022\/02\/hermano_marcelo_victorio_macho_c.jpg_1306973099-18x10.jpg 18w\" sizes=\"(max-width: 660px) 100vw, 660px\" \/><\/figure>\n\n\n\n<figure class=\"wp-block-image size-large\"><img loading=\"lazy\" width=\"650\" height=\"487\" data-id=\"529\"  src=\"http:\/\/turismopalencia.digital\/wp-content\/uploads\/2022\/02\/imgcontenido61944-1.jpg\" alt=\"\" class=\"wp-image-529\" srcset=\"https:\/\/turismopalencia.digital\/wp-content\/uploads\/2022\/02\/imgcontenido61944-1.jpg 650w, https:\/\/turismopalencia.digital\/wp-content\/uploads\/2022\/02\/imgcontenido61944-1-300x225.jpg 300w, https:\/\/turismopalencia.digital\/wp-content\/uploads\/2022\/02\/imgcontenido61944-1-13x10.jpg 13w\" sizes=\"(max-width: 650px) 100vw, 650px\" \/><\/figure>\n\n\n\n<figure class=\"wp-block-image size-large\"><img loading=\"lazy\" width=\"200\" height=\"223\" data-id=\"524\"  src=\"http:\/\/turismopalencia.digital\/wp-content\/uploads\/2022\/02\/macho7.jpg\" alt=\"\" class=\"wp-image-524\" srcset=\"https:\/\/turismopalencia.digital\/wp-content\/uploads\/2022\/02\/macho7.jpg 200w, https:\/\/turismopalencia.digital\/wp-content\/uploads\/2022\/02\/macho7-9x10.jpg 9w\" sizes=\"(max-width: 200px) 100vw, 200px\" \/><\/figure>\n\n\n\n<figure class=\"wp-block-image size-large\"><img loading=\"lazy\" width=\"660\" height=\"365\" data-id=\"526\"  src=\"http:\/\/turismopalencia.digital\/wp-content\/uploads\/2022\/02\/o_cristo_del_otero_victorio_macho_palencia_t3400018.jpg_1306973099.jpg\" alt=\"\" class=\"wp-image-526\" srcset=\"https:\/\/turismopalencia.digital\/wp-content\/uploads\/2022\/02\/o_cristo_del_otero_victorio_macho_palencia_t3400018.jpg_1306973099.jpg 660w, https:\/\/turismopalencia.digital\/wp-content\/uploads\/2022\/02\/o_cristo_del_otero_victorio_macho_palencia_t3400018.jpg_1306973099-300x166.jpg 300w, https:\/\/turismopalencia.digital\/wp-content\/uploads\/2022\/02\/o_cristo_del_otero_victorio_macho_palencia_t3400018.jpg_1306973099-18x10.jpg 18w\" sizes=\"(max-width: 660px) 100vw, 660px\" \/><\/figure>\n\n\n\n<figure class=\"wp-block-image size-large\"><img loading=\"lazy\" width=\"900\" height=\"225\" data-id=\"527\"  src=\"http:\/\/turismopalencia.digital\/wp-content\/uploads\/2022\/02\/Portada_Victorio_Macho_Museo_TRES.jpg\" alt=\"\" class=\"wp-image-527\" srcset=\"https:\/\/turismopalencia.digital\/wp-content\/uploads\/2022\/02\/Portada_Victorio_Macho_Museo_TRES.jpg 900w, https:\/\/turismopalencia.digital\/wp-content\/uploads\/2022\/02\/Portada_Victorio_Macho_Museo_TRES-300x75.jpg 300w, https:\/\/turismopalencia.digital\/wp-content\/uploads\/2022\/02\/Portada_Victorio_Macho_Museo_TRES-768x192.jpg 768w, https:\/\/turismopalencia.digital\/wp-content\/uploads\/2022\/02\/Portada_Victorio_Macho_Museo_TRES-40x10.jpg 40w\" sizes=\"(max-width: 900px) 100vw, 900px\" \/><\/figure>\n<\/figure>\n\n\n\n<hr class=\"wp-block-separator\"\/>\n\n\n\n<p><strong>Cristo del Otero<\/strong><br><strong>34003 Palencia<\/strong><\/p>\n\n\n\n<p><strong>979 18 02 19<\/strong><\/p>\n\n\n\n<p>9<strong>79 71 81 97<\/strong><\/p>\n\n\n\n<p><a href=\"https:\/\/palencia.portaldetuciudad.com\/es-es\/informacion\/museo-victorio-macho-014_14_1_619.html\" target=\"_blank\" rel=\"noreferrer noopener\">https:\/\/palencia.portaldetuciudad.com\/es-es\/informacion\/museo-victorio-macho-014_14_1_619.html<\/a><\/p>\n\n\n\n<hr class=\"wp-block-separator\"\/>\n\n\n\n<div class=\"wp-container-1 wp-block-buttons\">\n<div class=\"wp-block-button\"><a class=\"wp-block-button__link\" href=\"https:\/\/www.google.com\/maps\/place\/Centro+de+Interpretacion+Victorio+Macho\/@42.0286018,-4.5288663,15z\/data=!4m2!3m1!1s0x0:0x745d3d9fc8e1b407?sa=X&amp;ved=2ahUKEwj2kLvSlYn2AhVMhf0HHZgBCckQ_BJ6BAglEAU\" target=\"_blank\" rel=\"noreferrer noopener\">C\u00f3mo llegar<\/a><\/div>\n<\/div>\n\n\n\n<hr class=\"wp-block-separator\"\/>\n\n\n\n<hr class=\"wp-block-separator\"\/>\n","protected":false},"excerpt":{"rendered":"<p>&nbsp;&nbsp;&nbsp;&nbsp;El centro de interpretaci\u00f3n est\u00e1 situado junto a la ermita, justo debajo del Cristo del Otero. El museo est\u00e1 dedicado a las obras que el &hellip;<\/p>\n","protected":false},"author":1,"featured_media":1282,"parent":0,"menu_order":0,"comment_status":"closed","ping_status":"closed","template":"","meta":{"_monsterinsights_skip_tracking":false,"_monsterinsights_sitenote_active":false,"_monsterinsights_sitenote_note":"","_monsterinsights_sitenote_category":0},"_links":{"self":[{"href":"https:\/\/turismopalencia.digital\/index.php\/wp-json\/wp\/v2\/pages\/194"}],"collection":[{"href":"https:\/\/turismopalencia.digital\/index.php\/wp-json\/wp\/v2\/pages"}],"about":[{"href":"https:\/\/turismopalencia.digital\/index.php\/wp-json\/wp\/v2\/types\/page"}],"author":[{"embeddable":true,"href":"https:\/\/turismopalencia.digital\/index.php\/wp-json\/wp\/v2\/users\/1"}],"replies":[{"embeddable":true,"href":"https:\/\/turismopalencia.digital\/index.php\/wp-json\/wp\/v2\/comments?post=194"}],"version-history":[{"count":4,"href":"https:\/\/turismopalencia.digital\/index.php\/wp-json\/wp\/v2\/pages\/194\/revisions"}],"predecessor-version":[{"id":1283,"href":"https:\/\/turismopalencia.digital\/index.php\/wp-json\/wp\/v2\/pages\/194\/revisions\/1283"}],"wp:featuredmedia":[{"embeddable":true,"href":"https:\/\/turismopalencia.digital\/index.php\/wp-json\/wp\/v2\/media\/1282"}],"wp:attachment":[{"href":"https:\/\/turismopalencia.digital\/index.php\/wp-json\/wp\/v2\/media?parent=194"}],"curies":[{"name":"wp","href":"https:\/\/api.w.org\/{rel}","templated":true}]}}