{"id":195,"date":"2022-02-17T21:41:09","date_gmt":"2022-02-17T21:41:09","guid":{"rendered":"http:\/\/turismopalencia.digital\/?page_id=195"},"modified":"2022-04-04T19:58:39","modified_gmt":"2022-04-04T19:58:39","slug":"museo-diocesano","status":"publish","type":"page","link":"https:\/\/turismopalencia.digital\/index.php\/museo-diocesano\/","title":{"rendered":"Museo Diocesano"},"content":{"rendered":"\n<hr class=\"wp-block-separator\"\/>\n\n\n\n<figure class=\"wp-block-image size-large is-resized\"><img loading=\"lazy\" src=\"http:\/\/turismopalencia.digital\/wp-content\/uploads\/2022\/02\/Palencia_-_Palacio_Episcopal_y_Museo_Diocesano_de_Arte_2-1024x725.jpg\" alt=\"\" class=\"wp-image-506\" width=\"1237\" height=\"876\" srcset=\"https:\/\/turismopalencia.digital\/wp-content\/uploads\/2022\/02\/Palencia_-_Palacio_Episcopal_y_Museo_Diocesano_de_Arte_2-1024x725.jpg 1024w, https:\/\/turismopalencia.digital\/wp-content\/uploads\/2022\/02\/Palencia_-_Palacio_Episcopal_y_Museo_Diocesano_de_Arte_2-300x213.jpg 300w, https:\/\/turismopalencia.digital\/wp-content\/uploads\/2022\/02\/Palencia_-_Palacio_Episcopal_y_Museo_Diocesano_de_Arte_2-768x544.jpg 768w, https:\/\/turismopalencia.digital\/wp-content\/uploads\/2022\/02\/Palencia_-_Palacio_Episcopal_y_Museo_Diocesano_de_Arte_2-1536x1088.jpg 1536w, https:\/\/turismopalencia.digital\/wp-content\/uploads\/2022\/02\/Palencia_-_Palacio_Episcopal_y_Museo_Diocesano_de_Arte_2-14x10.jpg 14w, https:\/\/turismopalencia.digital\/wp-content\/uploads\/2022\/02\/Palencia_-_Palacio_Episcopal_y_Museo_Diocesano_de_Arte_2.jpg 1598w\" sizes=\"(max-width: 1237px) 100vw, 1237px\" \/><figcaption>Museo Diocesano<\/figcaption><\/figure>\n\n\n\n<hr class=\"wp-block-separator\"\/>\n\n\n\n<p><strong>&nbsp;&nbsp;El Museo Diocesano de Palencia es un museo dependiente del obispado de Palencia y dedicado a la custodia y estudio del arte sacro de la di\u00f3cesis. Est\u00e1 situado en el Palacio Episcopal de la capital palentina, y fue inaugurado en 1973.1 Alberga obras de importantes artistas, como Pedro Berruguete, Felipe Bigarny, Jan Provost, Juan de Juni o Juan de Flandes, entre otros.<\/strong><br><strong>&nbsp;&nbsp;&nbsp;&nbsp;&nbsp;El museo est\u00e1 ubicado en la planta baja, s\u00f3tanos, patio y primer piso del palacio Episcopal de Palencia, cuya traza actual se debe a la reedificaci\u00f3n, entre los a\u00f1os 1780 y 1800, en estilo Neocl\u00e1sico con influencias herrarianas, del antiguo palacio, cuyos or\u00edgenes se remontan al siglo XVI.<\/strong><br><strong>&nbsp;&nbsp;&nbsp;&nbsp;&nbsp;La residencia del obispo de Palencia hasta el siglo XV, que se encontraba adosada a la muralla de la ciudad y cercana a la Catedral y a los Estudios generales, fue destruida en una revuelta popular el a\u00f1o 1465. En una parte del solar, el obispo Crist\u00f3bal Fern\u00e1ndez Valtodano quiso construir un nuevo edificio, obra que comenz\u00f3 en 1567, pero no se llev\u00f3 a t\u00e9rmino durante el mandato del ordinario, quedando el palacio en condiciones muy mejorables hasta el siglo XVIII.<\/strong><br><strong>&nbsp;&nbsp;&nbsp;&nbsp;&nbsp;Jos\u00e9 Luis de Mollinedo, elegido obispo de Palencia en 1780, orden\u00f3 inmediatamente la construcci\u00f3n de un nuevo edificio de grandes proporciones, en piedra de siller\u00eda, con s\u00f3tano, entresuelo, dos plantas y patio porticado.<\/strong><\/p>\n\n\n\n<hr class=\"wp-block-separator\"\/>\n\n\n\n<figure class=\"wp-block-embed is-type-video is-provider-youtube wp-block-embed-youtube wp-embed-aspect-16-9 wp-has-aspect-ratio\"><div class=\"wp-block-embed__wrapper\">\n<iframe loading=\"lazy\" title=\"#comparteexperiencias Palencia. Museo Diocesano\" width=\"1032\" height=\"581\" src=\"https:\/\/www.youtube.com\/embed\/-OIgnIpXHF0?feature=oembed\" frameborder=\"0\" allow=\"accelerometer; autoplay; clipboard-write; encrypted-media; gyroscope; picture-in-picture\" allowfullscreen><\/iframe>\n<\/div><\/figure>\n\n\n\n<hr class=\"wp-block-separator\"\/>\n\n\n\n<figure class=\"wp-block-gallery has-nested-images columns-default is-cropped\">\n<figure class=\"wp-block-image size-large\"><img loading=\"lazy\" width=\"1024\" height=\"768\" data-id=\"510\"  src=\"http:\/\/turismopalencia.digital\/wp-content\/uploads\/2022\/02\/2013-07-30_18.00.37-1024x768.jpg\" alt=\"\" class=\"wp-image-510\" srcset=\"https:\/\/turismopalencia.digital\/wp-content\/uploads\/2022\/02\/2013-07-30_18.00.37-1024x768.jpg 1024w, https:\/\/turismopalencia.digital\/wp-content\/uploads\/2022\/02\/2013-07-30_18.00.37-300x225.jpg 300w, https:\/\/turismopalencia.digital\/wp-content\/uploads\/2022\/02\/2013-07-30_18.00.37-768x576.jpg 768w, https:\/\/turismopalencia.digital\/wp-content\/uploads\/2022\/02\/2013-07-30_18.00.37-1536x1152.jpg 1536w, https:\/\/turismopalencia.digital\/wp-content\/uploads\/2022\/02\/2013-07-30_18.00.37-2048x1536.jpg 2048w, https:\/\/turismopalencia.digital\/wp-content\/uploads\/2022\/02\/2013-07-30_18.00.37-13x10.jpg 13w\" sizes=\"(max-width: 1024px) 100vw, 1024px\" \/><\/figure>\n\n\n\n<figure class=\"wp-block-image size-large\"><img loading=\"lazy\" width=\"660\" height=\"365\" data-id=\"509\"  src=\"http:\/\/turismopalencia.digital\/wp-content\/uploads\/2022\/02\/o_museo_diocesano_berruguete_palencia_t3400056.jpg_1306973099.jpg\" alt=\"\" class=\"wp-image-509\" srcset=\"https:\/\/turismopalencia.digital\/wp-content\/uploads\/2022\/02\/o_museo_diocesano_berruguete_palencia_t3400056.jpg_1306973099.jpg 660w, https:\/\/turismopalencia.digital\/wp-content\/uploads\/2022\/02\/o_museo_diocesano_berruguete_palencia_t3400056.jpg_1306973099-300x166.jpg 300w, https:\/\/turismopalencia.digital\/wp-content\/uploads\/2022\/02\/o_museo_diocesano_berruguete_palencia_t3400056.jpg_1306973099-18x10.jpg 18w\" sizes=\"(max-width: 660px) 100vw, 660px\" \/><\/figure>\n\n\n\n<figure class=\"wp-block-image size-large\"><img loading=\"lazy\" width=\"1024\" height=\"725\" data-id=\"508\"  src=\"http:\/\/turismopalencia.digital\/wp-content\/uploads\/2022\/02\/Palencia_-_Palacio_Episcopal_y_Museo_Diocesano_de_Arte_2-1-1024x725.jpg\" alt=\"\" class=\"wp-image-508\" srcset=\"https:\/\/turismopalencia.digital\/wp-content\/uploads\/2022\/02\/Palencia_-_Palacio_Episcopal_y_Museo_Diocesano_de_Arte_2-1-1024x725.jpg 1024w, https:\/\/turismopalencia.digital\/wp-content\/uploads\/2022\/02\/Palencia_-_Palacio_Episcopal_y_Museo_Diocesano_de_Arte_2-1-300x213.jpg 300w, https:\/\/turismopalencia.digital\/wp-content\/uploads\/2022\/02\/Palencia_-_Palacio_Episcopal_y_Museo_Diocesano_de_Arte_2-1-768x544.jpg 768w, https:\/\/turismopalencia.digital\/wp-content\/uploads\/2022\/02\/Palencia_-_Palacio_Episcopal_y_Museo_Diocesano_de_Arte_2-1-1536x1088.jpg 1536w, https:\/\/turismopalencia.digital\/wp-content\/uploads\/2022\/02\/Palencia_-_Palacio_Episcopal_y_Museo_Diocesano_de_Arte_2-1-14x10.jpg 14w, https:\/\/turismopalencia.digital\/wp-content\/uploads\/2022\/02\/Palencia_-_Palacio_Episcopal_y_Museo_Diocesano_de_Arte_2-1.jpg 1598w\" sizes=\"(max-width: 1024px) 100vw, 1024px\" \/><\/figure>\n<\/figure>\n\n\n\n<hr class=\"wp-block-separator\"\/>\n\n\n\n<p><strong>Calle Mayor Antigua, 22<\/strong><br><strong>34005 Palencia<\/strong><\/p>\n\n\n\n<p><strong>979 70 69 13<\/strong><\/p>\n\n\n\n<p><a href=\"https:\/\/es.wikipedia.org\/wiki\/Museo_Diocesano_de_Palencia\" target=\"_blank\" rel=\"noreferrer noopener\">https:\/\/es.wikipedia.org\/wiki\/Museo_Diocesano_de_Palencia<\/a><\/p>\n\n\n\n<hr class=\"wp-block-separator\"\/>\n\n\n\n<div class=\"wp-container-1 wp-block-buttons\">\n<div class=\"wp-block-button\"><a class=\"wp-block-button__link\" href=\"https:\/\/www.google.com\/maps\/place\/Museo+Diocesano+de+Arte+Sacro\/@42.0126515,-4.5393093,15z\/data=!4m2!3m1!1s0x0:0x499d5fc14cbec936?sa=X&amp;ved=2ahUKEwi4_-SFk4n2AhXhx4UKHc_jDBsQ_BJ6BAgQEAU\" target=\"_blank\" rel=\"noreferrer noopener\">C\u00f3mo llegar<\/a><\/div>\n<\/div>\n\n\n\n<hr class=\"wp-block-separator\"\/>\n\n\n\n<hr class=\"wp-block-separator\"\/>\n","protected":false},"excerpt":{"rendered":"<p>&nbsp;&nbsp;El Museo Diocesano de Palencia es un museo dependiente del obispado de Palencia y dedicado a la custodia y estudio del arte sacro de la &hellip;<\/p>\n","protected":false},"author":1,"featured_media":1278,"parent":0,"menu_order":0,"comment_status":"closed","ping_status":"closed","template":"","meta":{"_monsterinsights_skip_tracking":false,"_monsterinsights_sitenote_active":false,"_monsterinsights_sitenote_note":"","_monsterinsights_sitenote_category":0},"_links":{"self":[{"href":"https:\/\/turismopalencia.digital\/index.php\/wp-json\/wp\/v2\/pages\/195"}],"collection":[{"href":"https:\/\/turismopalencia.digital\/index.php\/wp-json\/wp\/v2\/pages"}],"about":[{"href":"https:\/\/turismopalencia.digital\/index.php\/wp-json\/wp\/v2\/types\/page"}],"author":[{"embeddable":true,"href":"https:\/\/turismopalencia.digital\/index.php\/wp-json\/wp\/v2\/users\/1"}],"replies":[{"embeddable":true,"href":"https:\/\/turismopalencia.digital\/index.php\/wp-json\/wp\/v2\/comments?post=195"}],"version-history":[{"count":3,"href":"https:\/\/turismopalencia.digital\/index.php\/wp-json\/wp\/v2\/pages\/195\/revisions"}],"predecessor-version":[{"id":1279,"href":"https:\/\/turismopalencia.digital\/index.php\/wp-json\/wp\/v2\/pages\/195\/revisions\/1279"}],"wp:featuredmedia":[{"embeddable":true,"href":"https:\/\/turismopalencia.digital\/index.php\/wp-json\/wp\/v2\/media\/1278"}],"wp:attachment":[{"href":"https:\/\/turismopalencia.digital\/index.php\/wp-json\/wp\/v2\/media?parent=195"}],"curies":[{"name":"wp","href":"https:\/\/api.w.org\/{rel}","templated":true}]}}