{"id":240,"date":"2022-02-17T22:18:10","date_gmt":"2022-02-17T22:18:10","guid":{"rendered":"http:\/\/turismopalencia.digital\/?page_id=240"},"modified":"2022-04-04T20:04:47","modified_gmt":"2022-04-04T20:04:47","slug":"archivo-municipal","status":"publish","type":"page","link":"https:\/\/turismopalencia.digital\/index.php\/archivo-municipal\/","title":{"rendered":"Archivo Municipal"},"content":{"rendered":"\n<hr class=\"wp-block-separator\"\/>\n\n\n\n<figure class=\"wp-block-image size-full is-resized\"><img loading=\"lazy\" src=\"http:\/\/turismopalencia.digital\/wp-content\/uploads\/2022\/02\/archivo-1.jpg\" alt=\"\" class=\"wp-image-532\" width=\"1237\" height=\"928\" srcset=\"https:\/\/turismopalencia.digital\/wp-content\/uploads\/2022\/02\/archivo-1.jpg 640w, https:\/\/turismopalencia.digital\/wp-content\/uploads\/2022\/02\/archivo-1-300x225.jpg 300w, https:\/\/turismopalencia.digital\/wp-content\/uploads\/2022\/02\/archivo-1-13x10.jpg 13w\" sizes=\"(max-width: 1237px) 100vw, 1237px\" \/><figcaption>Archivo Municipal<\/figcaption><\/figure>\n\n\n\n<hr class=\"wp-block-separator\"\/>\n\n\n\n<p><strong>La fachada contrasta claramente con la iglesia, tanto en altura como en materiales y decoraci\u00f3n. En esta fachada destaca la portada, realizada en piedra y formada por un arco de medio punto flanqueado por columnas adosadas con capiteles de volutas sobre las que descansa un arquitrabe con dos flameros que cierran el conjunto. En esta portada domina a\u00fan un lenguaje renacentista, que se mezcla con el gusto barroco en el paramento realizado en ladrillo llagado. Sin embargo tanto la presencia del ladrillo visto en el paramento, como la decoraci\u00f3n de los vanos, que constituye un eco de la de la portada, se debe realmente a una reforma de comienzos del siglo XX, realizada por el arquitecto Jer\u00f3nimo Arroyo. Lo m\u00e1s probable es que, como en los laterales de la iglesia, los muros fueran enfoscados. La reforma realizada por Arroyo, no s\u00f3lo regulariz\u00f3 alturas y huecos en la fachada, sino que le aport\u00f3 una nueva imagen siguiendo el gusto neoplateresco de la \u00e9poca.<\/strong><br><strong>&nbsp;&nbsp;&nbsp;&nbsp;&nbsp;Tras la fachada no queda nada del complejo conventual original, pues la congregaci\u00f3n abandon\u00f3 definitivamente el convento de la calle Mayor en el a\u00f1o 1984. El solar se parcel\u00f3, estando en la actualidad ocupado gran parte del mismo por diversas dependencias municipales. La iglesia, ha sido nuevamente dedicada al culto, tras unos a\u00f1os de indecisi\u00f3n sobre sus posibles usos.<\/strong><\/p>\n\n\n\n<hr class=\"wp-block-separator\"\/>\n\n\n\n<figure class=\"wp-block-image size-large is-resized\"><img loading=\"lazy\" src=\"http:\/\/turismopalencia.digital\/wp-content\/uploads\/2022\/02\/Pergamino_Web-894x1024.jpg\" alt=\"\" class=\"wp-image-534\" width=\"1234\" height=\"1413\" srcset=\"https:\/\/turismopalencia.digital\/wp-content\/uploads\/2022\/02\/Pergamino_Web-894x1024.jpg 894w, https:\/\/turismopalencia.digital\/wp-content\/uploads\/2022\/02\/Pergamino_Web-262x300.jpg 262w, https:\/\/turismopalencia.digital\/wp-content\/uploads\/2022\/02\/Pergamino_Web-768x879.jpg 768w, https:\/\/turismopalencia.digital\/wp-content\/uploads\/2022\/02\/Pergamino_Web-9x10.jpg 9w, https:\/\/turismopalencia.digital\/wp-content\/uploads\/2022\/02\/Pergamino_Web.jpg 1048w\" sizes=\"(max-width: 1234px) 100vw, 1234px\" \/><\/figure>\n\n\n\n<figure class=\"wp-block-image size-full is-resized\"><img loading=\"lazy\" src=\"http:\/\/turismopalencia.digital\/wp-content\/uploads\/2022\/02\/unnamed.jpg\" alt=\"\" class=\"wp-image-535\" width=\"1236\" height=\"611\" srcset=\"https:\/\/turismopalencia.digital\/wp-content\/uploads\/2022\/02\/unnamed.jpg 512w, https:\/\/turismopalencia.digital\/wp-content\/uploads\/2022\/02\/unnamed-300x148.jpg 300w, https:\/\/turismopalencia.digital\/wp-content\/uploads\/2022\/02\/unnamed-20x10.jpg 20w\" sizes=\"(max-width: 1236px) 100vw, 1236px\" \/><\/figure>\n\n\n\n<hr class=\"wp-block-separator\"\/>\n\n\n\n<p><strong>Calle Mayor Principal, 7<\/strong><br><strong>34001 Palencia<\/strong><\/p>\n\n\n\n<hr class=\"wp-block-separator\"\/>\n\n\n\n<div class=\"wp-container-1 wp-block-buttons\">\n<div class=\"wp-block-button\"><a class=\"wp-block-button__link\" href=\"https:\/\/www.google.com\/maps\/place\/Iglesia+del+Convento+Agustinas+Canonigas\/@42.012938,-4.5339156,15z\/data=!4m5!3m4!1s0x0:0xcbdce8a515023a8e!8m2!3d42.0128967!4d-4.5339061\" target=\"_blank\" rel=\"noreferrer noopener\">C\u00f3mo llegar<\/a><\/div>\n<\/div>\n\n\n\n<hr class=\"wp-block-separator\"\/>\n\n\n\n<hr class=\"wp-block-separator\"\/>\n","protected":false},"excerpt":{"rendered":"<p>La fachada contrasta claramente con la iglesia, tanto en altura como en materiales y decoraci\u00f3n. En esta fachada destaca la portada, realizada en piedra y &hellip;<\/p>\n","protected":false},"author":1,"featured_media":1284,"parent":0,"menu_order":0,"comment_status":"closed","ping_status":"closed","template":"","meta":{"_monsterinsights_skip_tracking":false,"_monsterinsights_sitenote_active":false,"_monsterinsights_sitenote_note":"","_monsterinsights_sitenote_category":0},"_links":{"self":[{"href":"https:\/\/turismopalencia.digital\/index.php\/wp-json\/wp\/v2\/pages\/240"}],"collection":[{"href":"https:\/\/turismopalencia.digital\/index.php\/wp-json\/wp\/v2\/pages"}],"about":[{"href":"https:\/\/turismopalencia.digital\/index.php\/wp-json\/wp\/v2\/types\/page"}],"author":[{"embeddable":true,"href":"https:\/\/turismopalencia.digital\/index.php\/wp-json\/wp\/v2\/users\/1"}],"replies":[{"embeddable":true,"href":"https:\/\/turismopalencia.digital\/index.php\/wp-json\/wp\/v2\/comments?post=240"}],"version-history":[{"count":3,"href":"https:\/\/turismopalencia.digital\/index.php\/wp-json\/wp\/v2\/pages\/240\/revisions"}],"predecessor-version":[{"id":1285,"href":"https:\/\/turismopalencia.digital\/index.php\/wp-json\/wp\/v2\/pages\/240\/revisions\/1285"}],"wp:featuredmedia":[{"embeddable":true,"href":"https:\/\/turismopalencia.digital\/index.php\/wp-json\/wp\/v2\/media\/1284"}],"wp:attachment":[{"href":"https:\/\/turismopalencia.digital\/index.php\/wp-json\/wp\/v2\/media?parent=240"}],"curies":[{"name":"wp","href":"https:\/\/api.w.org\/{rel}","templated":true}]}}