{"id":242,"date":"2022-02-17T22:18:10","date_gmt":"2022-02-17T22:18:10","guid":{"rendered":"http:\/\/turismopalencia.digital\/?page_id=242"},"modified":"2022-04-04T20:06:05","modified_gmt":"2022-04-04T20:06:05","slug":"calle-mayor","status":"publish","type":"page","link":"https:\/\/turismopalencia.digital\/index.php\/calle-mayor\/","title":{"rendered":"Calle Mayor"},"content":{"rendered":"\n<hr class=\"wp-block-separator\"\/>\n\n\n\n<figure class=\"wp-block-image size-large is-resized\"><img loading=\"lazy\" src=\"http:\/\/turismopalencia.digital\/wp-content\/uploads\/2022\/02\/d67b52d70e5a820cd65113d0c4dd7eb6-1-1024x627.jpg\" alt=\"\" class=\"wp-image-537\" width=\"1237\" height=\"757\" srcset=\"https:\/\/turismopalencia.digital\/wp-content\/uploads\/2022\/02\/d67b52d70e5a820cd65113d0c4dd7eb6-1-1024x627.jpg 1024w, https:\/\/turismopalencia.digital\/wp-content\/uploads\/2022\/02\/d67b52d70e5a820cd65113d0c4dd7eb6-1-300x184.jpg 300w, https:\/\/turismopalencia.digital\/wp-content\/uploads\/2022\/02\/d67b52d70e5a820cd65113d0c4dd7eb6-1-768x471.jpg 768w, https:\/\/turismopalencia.digital\/wp-content\/uploads\/2022\/02\/d67b52d70e5a820cd65113d0c4dd7eb6-1-1536x941.jpg 1536w, https:\/\/turismopalencia.digital\/wp-content\/uploads\/2022\/02\/d67b52d70e5a820cd65113d0c4dd7eb6-1-16x10.jpg 16w, https:\/\/turismopalencia.digital\/wp-content\/uploads\/2022\/02\/d67b52d70e5a820cd65113d0c4dd7eb6-1.jpg 1890w\" sizes=\"(max-width: 1237px) 100vw, 1237px\" \/><figcaption>Calle Mayor<\/figcaption><\/figure>\n\n\n\n<hr class=\"wp-block-separator\"\/>\n\n\n\n<p><strong>La calle Mayor de Palencia (conocida tambi\u00e9n como calle Mayor Principal para diferenciarla de la calle Mayor Antigua) es una v\u00eda p\u00fablica situada en pleno coraz\u00f3n de la ciudad, es la espina dorsal de \u00e9sta, centro comercial por excelencia y emplazamiento de la mayor parte de los monumentos civiles palentinos. La calle Mayor conserva todo el esp\u00edritu, la esencia y arquitectura de la burgues\u00eda palentina de los siglos XIX y XX.<\/strong><br><strong>&nbsp;&nbsp;&nbsp;&nbsp;&nbsp;Con sus m\u00e1s de 900 metros de longitud que comunican la plaza de Le\u00f3n con el parque del Sal\u00f3n de Isabel II, la calle Mayor es una de las m\u00e1s largas de la ciudad y posiblemente la m\u00e1s original y emblem\u00e1tica.<\/strong><br><strong>&nbsp;&nbsp;&nbsp;&nbsp;&nbsp;Su principal distintivo es que est\u00e1 recubierta en sus tres cuartas partes de soportales formados por columnas prism\u00e1ticas que sostienen los miradores de las viviendas m\u00e1s cotizadas de Palencia. Estos soportales, que sirven para resguardarse del riguroso clima palentino, est\u00e1n presentes solo en la acera occidental (la de los n\u00fameros pares) y en el edificio del Casino de Palencia (en la acera oriental).<\/strong><br><strong>&nbsp;&nbsp;&nbsp;&nbsp;&nbsp;En esta calle se localizan multitud de comercios familiares de larga tradici\u00f3n. El principal distintivo de estas tiendas es su r\u00f3tulo tradicionalmente negro con letras doradas y los escaparates en madera vista con decoraci\u00f3n sencilla y cl\u00e1sica, est\u00e9tica que se fue perdiendo pero poco a poco se va recuperando en algunos locales. En la actualidad han proliferado multitud de firmas de moda.<\/strong><\/p>\n\n\n\n<hr class=\"wp-block-separator\"\/>\n\n\n\n<figure class=\"wp-block-image size-full is-resized\"><a href=\"https:\/\/www.rtve.es\/play\/videos\/comando-actualidad\/comando-palencia\/895776\/\"><img loading=\"lazy\" src=\"http:\/\/turismopalencia.digital\/wp-content\/uploads\/2022\/02\/2017-11-07.png\" alt=\"\" class=\"wp-image-539\" width=\"1239\" height=\"596\" srcset=\"https:\/\/turismopalencia.digital\/wp-content\/uploads\/2022\/02\/2017-11-07.png 971w, https:\/\/turismopalencia.digital\/wp-content\/uploads\/2022\/02\/2017-11-07-300x144.png 300w, https:\/\/turismopalencia.digital\/wp-content\/uploads\/2022\/02\/2017-11-07-768x369.png 768w, https:\/\/turismopalencia.digital\/wp-content\/uploads\/2022\/02\/2017-11-07-21x10.png 21w\" sizes=\"(max-width: 1239px) 100vw, 1239px\" \/><\/a><figcaption><a href=\"https:\/\/www.rtve.es\/play\/videos\/comando-actualidad\/comando-palencia\/895776\/\" target=\"_blank\" rel=\"noreferrer noopener\">https:\/\/www.rtve.es\/play\/videos\/comando-actualidad\/comando-palencia\/895776\/<\/a><\/figcaption><\/figure>\n\n\n\n<hr class=\"wp-block-separator\"\/>\n\n\n\n<figure class=\"wp-block-gallery has-nested-images columns-default is-cropped\">\n<figure class=\"wp-block-image size-large\"><img loading=\"lazy\" width=\"250\" height=\"167\" data-id=\"542\"  src=\"http:\/\/turismopalencia.digital\/wp-content\/uploads\/2022\/02\/250px-Homenaje_a_la_Mujer-2.jpg\" alt=\"\" class=\"wp-image-542\" srcset=\"https:\/\/turismopalencia.digital\/wp-content\/uploads\/2022\/02\/250px-Homenaje_a_la_Mujer-2.jpg 250w, https:\/\/turismopalencia.digital\/wp-content\/uploads\/2022\/02\/250px-Homenaje_a_la_Mujer-2-15x10.jpg 15w\" sizes=\"(max-width: 250px) 100vw, 250px\" \/><\/figure>\n\n\n\n<figure class=\"wp-block-image size-large\"><img loading=\"lazy\" width=\"1024\" height=\"768\" data-id=\"541\"  src=\"http:\/\/turismopalencia.digital\/wp-content\/uploads\/2022\/02\/8154819140_34eb3a00fb_b.jpg\" alt=\"\" class=\"wp-image-541\" srcset=\"https:\/\/turismopalencia.digital\/wp-content\/uploads\/2022\/02\/8154819140_34eb3a00fb_b.jpg 1024w, https:\/\/turismopalencia.digital\/wp-content\/uploads\/2022\/02\/8154819140_34eb3a00fb_b-300x225.jpg 300w, https:\/\/turismopalencia.digital\/wp-content\/uploads\/2022\/02\/8154819140_34eb3a00fb_b-768x576.jpg 768w, https:\/\/turismopalencia.digital\/wp-content\/uploads\/2022\/02\/8154819140_34eb3a00fb_b-13x10.jpg 13w\" sizes=\"(max-width: 1024px) 100vw, 1024px\" \/><\/figure>\n\n\n\n<figure class=\"wp-block-image size-large\"><img loading=\"lazy\" width=\"800\" height=\"533\" data-id=\"540\"  src=\"http:\/\/turismopalencia.digital\/wp-content\/uploads\/2022\/02\/calle_mayor-1.jpg\" alt=\"\" class=\"wp-image-540\" srcset=\"https:\/\/turismopalencia.digital\/wp-content\/uploads\/2022\/02\/calle_mayor-1.jpg 800w, https:\/\/turismopalencia.digital\/wp-content\/uploads\/2022\/02\/calle_mayor-1-300x200.jpg 300w, https:\/\/turismopalencia.digital\/wp-content\/uploads\/2022\/02\/calle_mayor-1-768x512.jpg 768w, https:\/\/turismopalencia.digital\/wp-content\/uploads\/2022\/02\/calle_mayor-1-15x10.jpg 15w\" sizes=\"(max-width: 800px) 100vw, 800px\" \/><\/figure>\n\n\n\n<figure class=\"wp-block-image size-large\"><img loading=\"lazy\" width=\"1024\" height=\"669\" data-id=\"543\"  src=\"http:\/\/turismopalencia.digital\/wp-content\/uploads\/2022\/02\/6cd3d-img_1713.jpg\" alt=\"\" class=\"wp-image-543\" srcset=\"https:\/\/turismopalencia.digital\/wp-content\/uploads\/2022\/02\/6cd3d-img_1713.jpg 1024w, https:\/\/turismopalencia.digital\/wp-content\/uploads\/2022\/02\/6cd3d-img_1713-300x196.jpg 300w, https:\/\/turismopalencia.digital\/wp-content\/uploads\/2022\/02\/6cd3d-img_1713-768x502.jpg 768w, https:\/\/turismopalencia.digital\/wp-content\/uploads\/2022\/02\/6cd3d-img_1713-15x10.jpg 15w\" sizes=\"(max-width: 1024px) 100vw, 1024px\" \/><\/figure>\n<\/figure>\n\n\n\n<hr class=\"wp-block-separator\"\/>\n\n\n\n<p><strong>Calle Mayor Principal<\/strong><br><strong>34001 Palencia<\/strong><\/p>\n\n\n\n<hr class=\"wp-block-separator\"\/>\n\n\n\n<div class=\"wp-container-1 wp-block-buttons\">\n<div class=\"wp-block-button\"><a class=\"wp-block-button__link\" href=\"https:\/\/www.google.com\/maps\/place\/Pl.+Mayor,+1,+34001+Palencia\/data=!4m2!3m1!1s0xd47b047c75a79b5:0xcd1deddd392de31d?sa=X&amp;ved=2ahUKEwjIkbXimIn2AhUFxoUKHd1EAhsQ8gF6BAgFEAE\" target=\"_blank\" rel=\"noreferrer noopener\">C\u00f3mo llegar<\/a><\/div>\n<\/div>\n\n\n\n<hr class=\"wp-block-separator\"\/>\n\n\n\n<hr class=\"wp-block-separator\"\/>\n","protected":false},"excerpt":{"rendered":"<p>La calle Mayor de Palencia (conocida tambi\u00e9n como calle Mayor Principal para diferenciarla de la calle Mayor Antigua) es una v\u00eda p\u00fablica situada en pleno &hellip;<\/p>\n","protected":false},"author":1,"featured_media":1286,"parent":0,"menu_order":0,"comment_status":"closed","ping_status":"closed","template":"","meta":{"_monsterinsights_skip_tracking":false,"_monsterinsights_sitenote_active":false,"_monsterinsights_sitenote_note":"","_monsterinsights_sitenote_category":0},"_links":{"self":[{"href":"https:\/\/turismopalencia.digital\/index.php\/wp-json\/wp\/v2\/pages\/242"}],"collection":[{"href":"https:\/\/turismopalencia.digital\/index.php\/wp-json\/wp\/v2\/pages"}],"about":[{"href":"https:\/\/turismopalencia.digital\/index.php\/wp-json\/wp\/v2\/types\/page"}],"author":[{"embeddable":true,"href":"https:\/\/turismopalencia.digital\/index.php\/wp-json\/wp\/v2\/users\/1"}],"replies":[{"embeddable":true,"href":"https:\/\/turismopalencia.digital\/index.php\/wp-json\/wp\/v2\/comments?post=242"}],"version-history":[{"count":3,"href":"https:\/\/turismopalencia.digital\/index.php\/wp-json\/wp\/v2\/pages\/242\/revisions"}],"predecessor-version":[{"id":1287,"href":"https:\/\/turismopalencia.digital\/index.php\/wp-json\/wp\/v2\/pages\/242\/revisions\/1287"}],"wp:featuredmedia":[{"embeddable":true,"href":"https:\/\/turismopalencia.digital\/index.php\/wp-json\/wp\/v2\/media\/1286"}],"wp:attachment":[{"href":"https:\/\/turismopalencia.digital\/index.php\/wp-json\/wp\/v2\/media?parent=242"}],"curies":[{"name":"wp","href":"https:\/\/api.w.org\/{rel}","templated":true}]}}