{"id":243,"date":"2022-02-17T22:18:10","date_gmt":"2022-02-17T22:18:10","guid":{"rendered":"http:\/\/turismopalencia.digital\/?page_id=243"},"modified":"2022-04-04T20:07:43","modified_gmt":"2022-04-04T20:07:43","slug":"casa-de-cultura","status":"publish","type":"page","link":"https:\/\/turismopalencia.digital\/index.php\/casa-de-cultura\/","title":{"rendered":"Casa de Cultura"},"content":{"rendered":"\n<hr class=\"wp-block-separator\"\/>\n\n\n\n<figure class=\"wp-block-image size-full is-resized\"><img loading=\"lazy\" src=\"http:\/\/turismopalencia.digital\/wp-content\/uploads\/2022\/02\/1443004292_178175_1443006008_noticia_normal.jpg\" alt=\"\" class=\"wp-image-545\" width=\"1240\" height=\"773\" srcset=\"https:\/\/turismopalencia.digital\/wp-content\/uploads\/2022\/02\/1443004292_178175_1443006008_noticia_normal.jpg 770w, https:\/\/turismopalencia.digital\/wp-content\/uploads\/2022\/02\/1443004292_178175_1443006008_noticia_normal-300x187.jpg 300w, https:\/\/turismopalencia.digital\/wp-content\/uploads\/2022\/02\/1443004292_178175_1443006008_noticia_normal-768x479.jpg 768w, https:\/\/turismopalencia.digital\/wp-content\/uploads\/2022\/02\/1443004292_178175_1443006008_noticia_normal-16x10.jpg 16w\" sizes=\"(max-width: 1240px) 100vw, 1240px\" \/><figcaption>Casa de Cultura<\/figcaption><\/figure>\n\n\n\n<hr class=\"wp-block-separator\"\/>\n\n\n\n<p><\/p>\n\n\n\n<p>&nbsp;&nbsp;&nbsp;&nbsp;&nbsp;<strong>La Biblioteca P\u00fablica del Estado en Palencia es una de las 52 bibliotecas p\u00fablicas de titularidad estatal dependientes de la Subdirecci\u00f3n General de Coordinaci\u00f3n Bibliotecaria del Ministerio de Cultura de Espa\u00f1a, que en 1986 pas\u00f3 a ser gestionada por la Junta de Castilla y Le\u00f3n.<br>&nbsp;&nbsp;&nbsp;&nbsp;&nbsp;Tiene su origen en las colecciones recogidas tras la Desamortizaci\u00f3n eclesi\u00e1stica desarrollada en Espa\u00f1a, a partir de 1835. Instalada inicialmente en el Instituto de Ense\u00f1anza Secundaria de la ciudad, la primera instalaci\u00f3n individual no se alcanza hasta 1921, en la planta baja del edificio de la Diputaci\u00f3n Provincial de Palencia. En 1967 se traslada a la Casa del Cultura, ubicaci\u00f3n que comparte con el Archivo Hist\u00f3rico Provincial de Palencia. Por \u00faltimo, desde 1986 ocupa un edificio de nueva planta en la Calle Eduardo Dato, n.\u00ba 4.<\/strong><\/p>\n\n\n\n<hr class=\"wp-block-separator\"\/>\n\n\n\n<figure class=\"wp-block-gallery has-nested-images columns-default is-cropped\">\n<figure class=\"wp-block-image size-large\"><img loading=\"lazy\" width=\"250\" height=\"133\" data-id=\"549\"  src=\"http:\/\/turismopalencia.digital\/wp-content\/uploads\/2022\/02\/250px-BPPA_.SV_Internet.jpg\" alt=\"\" class=\"wp-image-549\" srcset=\"https:\/\/turismopalencia.digital\/wp-content\/uploads\/2022\/02\/250px-BPPA_.SV_Internet.jpg 250w, https:\/\/turismopalencia.digital\/wp-content\/uploads\/2022\/02\/250px-BPPA_.SV_Internet-19x10.jpg 19w\" sizes=\"(max-width: 250px) 100vw, 250px\" \/><\/figure>\n\n\n\n<figure class=\"wp-block-image size-large\"><img loading=\"lazy\" width=\"683\" height=\"1024\" data-id=\"550\"  src=\"http:\/\/turismopalencia.digital\/wp-content\/uploads\/2022\/02\/Biblioteca_Publica_del_Estado_en_Palencia_-_01-1-683x1024.jpg\" alt=\"\" class=\"wp-image-550\" srcset=\"https:\/\/turismopalencia.digital\/wp-content\/uploads\/2022\/02\/Biblioteca_Publica_del_Estado_en_Palencia_-_01-1-683x1024.jpg 683w, https:\/\/turismopalencia.digital\/wp-content\/uploads\/2022\/02\/Biblioteca_Publica_del_Estado_en_Palencia_-_01-1-200x300.jpg 200w, https:\/\/turismopalencia.digital\/wp-content\/uploads\/2022\/02\/Biblioteca_Publica_del_Estado_en_Palencia_-_01-1-768x1152.jpg 768w, https:\/\/turismopalencia.digital\/wp-content\/uploads\/2022\/02\/Biblioteca_Publica_del_Estado_en_Palencia_-_01-1-1024x1536.jpg 1024w, https:\/\/turismopalencia.digital\/wp-content\/uploads\/2022\/02\/Biblioteca_Publica_del_Estado_en_Palencia_-_01-1-1365x2048.jpg 1365w, https:\/\/turismopalencia.digital\/wp-content\/uploads\/2022\/02\/Biblioteca_Publica_del_Estado_en_Palencia_-_01-1-7x10.jpg 7w, https:\/\/turismopalencia.digital\/wp-content\/uploads\/2022\/02\/Biblioteca_Publica_del_Estado_en_Palencia_-_01-1-scaled.jpg 1707w\" sizes=\"(max-width: 683px) 100vw, 683px\" \/><\/figure>\n\n\n\n<figure class=\"wp-block-image size-large\"><img loading=\"lazy\" width=\"644\" height=\"420\" data-id=\"548\"  src=\"http:\/\/turismopalencia.digital\/wp-content\/uploads\/2022\/02\/F3EA3579-EF37-AA12-41D8B410DFEE71C4.jpg\" alt=\"\" class=\"wp-image-548\" srcset=\"https:\/\/turismopalencia.digital\/wp-content\/uploads\/2022\/02\/F3EA3579-EF37-AA12-41D8B410DFEE71C4.jpg 644w, https:\/\/turismopalencia.digital\/wp-content\/uploads\/2022\/02\/F3EA3579-EF37-AA12-41D8B410DFEE71C4-300x196.jpg 300w, https:\/\/turismopalencia.digital\/wp-content\/uploads\/2022\/02\/F3EA3579-EF37-AA12-41D8B410DFEE71C4-15x10.jpg 15w\" sizes=\"(max-width: 644px) 100vw, 644px\" \/><\/figure>\n\n\n\n<figure class=\"wp-block-image size-large\"><img loading=\"lazy\" width=\"768\" height=\"422\" data-id=\"547\"  src=\"http:\/\/turismopalencia.digital\/wp-content\/uploads\/2022\/02\/imagen.jpg\" alt=\"\" class=\"wp-image-547\" srcset=\"https:\/\/turismopalencia.digital\/wp-content\/uploads\/2022\/02\/imagen.jpg 768w, https:\/\/turismopalencia.digital\/wp-content\/uploads\/2022\/02\/imagen-300x165.jpg 300w, https:\/\/turismopalencia.digital\/wp-content\/uploads\/2022\/02\/imagen-18x10.jpg 18w\" sizes=\"(max-width: 768px) 100vw, 768px\" \/><\/figure>\n<\/figure>\n\n\n\n<hr class=\"wp-block-separator\"\/>\n\n\n\n<p><strong>Calle Eduardo Dato, 4<\/strong><br><strong>34005 Palencia<\/strong><\/p>\n\n\n\n<p><strong>979 75 11 00<\/strong><\/p>\n\n\n\n<hr class=\"wp-block-separator\"\/>\n\n\n\n<div class=\"wp-container-1 wp-block-buttons\">\n<div class=\"wp-block-button\"><a class=\"wp-block-button__link\" href=\"https:\/\/www.google.com\/maps\/place\/Biblioteca+P%C3%BAblica+de+Palencia\/@42.0134306,-4.5349249,15z\/data=!4m2!3m1!1s0x0:0xd94c9ba3aafaa829?sa=X&amp;ved=2ahUKEwi09-XimYn2AhUCyoUKHXKIBxoQ_BJ6BAgoEAU\" target=\"_blank\" rel=\"noreferrer noopener\">C\u00f3mo llegar<\/a><\/div>\n<\/div>\n\n\n\n<hr class=\"wp-block-separator\"\/>\n\n\n\n<hr class=\"wp-block-separator\"\/>\n","protected":false},"excerpt":{"rendered":"<p>&nbsp;&nbsp;&nbsp;&nbsp;&nbsp;La Biblioteca P\u00fablica del Estado en Palencia es una de las 52 bibliotecas p\u00fablicas de titularidad estatal dependientes de la Subdirecci\u00f3n General de Coordinaci\u00f3n Bibliotecaria &hellip;<\/p>\n","protected":false},"author":1,"featured_media":1288,"parent":0,"menu_order":0,"comment_status":"closed","ping_status":"closed","template":"","meta":{"_monsterinsights_skip_tracking":false,"_monsterinsights_sitenote_active":false,"_monsterinsights_sitenote_note":"","_monsterinsights_sitenote_category":0},"_links":{"self":[{"href":"https:\/\/turismopalencia.digital\/index.php\/wp-json\/wp\/v2\/pages\/243"}],"collection":[{"href":"https:\/\/turismopalencia.digital\/index.php\/wp-json\/wp\/v2\/pages"}],"about":[{"href":"https:\/\/turismopalencia.digital\/index.php\/wp-json\/wp\/v2\/types\/page"}],"author":[{"embeddable":true,"href":"https:\/\/turismopalencia.digital\/index.php\/wp-json\/wp\/v2\/users\/1"}],"replies":[{"embeddable":true,"href":"https:\/\/turismopalencia.digital\/index.php\/wp-json\/wp\/v2\/comments?post=243"}],"version-history":[{"count":3,"href":"https:\/\/turismopalencia.digital\/index.php\/wp-json\/wp\/v2\/pages\/243\/revisions"}],"predecessor-version":[{"id":1289,"href":"https:\/\/turismopalencia.digital\/index.php\/wp-json\/wp\/v2\/pages\/243\/revisions\/1289"}],"wp:featuredmedia":[{"embeddable":true,"href":"https:\/\/turismopalencia.digital\/index.php\/wp-json\/wp\/v2\/media\/1288"}],"wp:attachment":[{"href":"https:\/\/turismopalencia.digital\/index.php\/wp-json\/wp\/v2\/media?parent=243"}],"curies":[{"name":"wp","href":"https:\/\/api.w.org\/{rel}","templated":true}]}}