{"id":244,"date":"2022-02-17T22:18:10","date_gmt":"2022-02-17T22:18:10","guid":{"rendered":"http:\/\/turismopalencia.digital\/?page_id=244"},"modified":"2022-04-04T20:09:51","modified_gmt":"2022-04-04T20:09:51","slug":"casa-de-los-garcia-german","status":"publish","type":"page","link":"https:\/\/turismopalencia.digital\/index.php\/casa-de-los-garcia-german\/","title":{"rendered":"Casa de los Garc\u00eda Germ\u00e1n"},"content":{"rendered":"\n<hr class=\"wp-block-separator\"\/>\n\n\n\n<figure class=\"wp-block-image size-large is-resized\"><img loading=\"lazy\" src=\"http:\/\/turismopalencia.digital\/wp-content\/uploads\/2022\/02\/palencia-casa-de-los-garcc3ada-germc3a1n-9-1024x659.jpg\" alt=\"\" class=\"wp-image-552\" width=\"1239\" height=\"797\" srcset=\"https:\/\/turismopalencia.digital\/wp-content\/uploads\/2022\/02\/palencia-casa-de-los-garcc3ada-germc3a1n-9-1024x659.jpg 1024w, https:\/\/turismopalencia.digital\/wp-content\/uploads\/2022\/02\/palencia-casa-de-los-garcc3ada-germc3a1n-9-300x193.jpg 300w, https:\/\/turismopalencia.digital\/wp-content\/uploads\/2022\/02\/palencia-casa-de-los-garcc3ada-germc3a1n-9-768x494.jpg 768w, https:\/\/turismopalencia.digital\/wp-content\/uploads\/2022\/02\/palencia-casa-de-los-garcc3ada-germc3a1n-9-16x10.jpg 16w, https:\/\/turismopalencia.digital\/wp-content\/uploads\/2022\/02\/palencia-casa-de-los-garcc3ada-germc3a1n-9.jpg 1513w\" sizes=\"(max-width: 1239px) 100vw, 1239px\" \/><figcaption>Casa de los Garc\u00eda German<\/figcaption><\/figure>\n\n\n\n<hr class=\"wp-block-separator\"\/>\n\n\n\n<p><strong>La Casa de los Se\u00f1ores Garc\u00eda Germ\u00e1n es un edificio civil ubicado en la Calle Mayor de la ciudad espa\u00f1ola de Palencia.<\/strong><br><strong>&nbsp;&nbsp;&nbsp;&nbsp;&nbsp;Proyectado por el arquitecto Jer\u00f3nimo Arroyo en el a\u00f1o 1912, desde su terminaci\u00f3n en 1916, fue la sede del Gobierno Civil de Palencia y de una Comisar\u00eda de Polic\u00eda, hasta que en el a\u00f1o 1946 se inaugur\u00f3 la nueva sede del Gobierno Civil. Desde entonces su uso es privado.<\/strong><\/p>\n\n\n\n<figure class=\"wp-block-gallery has-nested-images columns-default is-cropped\">\n<figure class=\"wp-block-image size-large\"><img loading=\"lazy\" width=\"245\" height=\"164\" data-id=\"554\"  src=\"http:\/\/turismopalencia.digital\/wp-content\/uploads\/2022\/02\/Palencia_-_Casa_de_los_Sres_Garcia_German-1.jpg\" alt=\"\" class=\"wp-image-554\" srcset=\"https:\/\/turismopalencia.digital\/wp-content\/uploads\/2022\/02\/Palencia_-_Casa_de_los_Sres_Garcia_German-1.jpg 245w, https:\/\/turismopalencia.digital\/wp-content\/uploads\/2022\/02\/Palencia_-_Casa_de_los_Sres_Garcia_German-1-15x10.jpg 15w\" sizes=\"(max-width: 245px) 100vw, 245px\" \/><\/figure>\n\n\n\n<figure class=\"wp-block-image size-large\"><img loading=\"lazy\" width=\"1024\" height=\"574\" data-id=\"555\"  src=\"http:\/\/turismopalencia.digital\/wp-content\/uploads\/2022\/02\/palencia-casa-de-los-garcc3ada-germc3a1n-7-1024x574.jpg\" alt=\"\" class=\"wp-image-555\" srcset=\"https:\/\/turismopalencia.digital\/wp-content\/uploads\/2022\/02\/palencia-casa-de-los-garcc3ada-germc3a1n-7-1024x574.jpg 1024w, https:\/\/turismopalencia.digital\/wp-content\/uploads\/2022\/02\/palencia-casa-de-los-garcc3ada-germc3a1n-7-300x168.jpg 300w, https:\/\/turismopalencia.digital\/wp-content\/uploads\/2022\/02\/palencia-casa-de-los-garcc3ada-germc3a1n-7-768x430.jpg 768w, https:\/\/turismopalencia.digital\/wp-content\/uploads\/2022\/02\/palencia-casa-de-los-garcc3ada-germc3a1n-7-1536x861.jpg 1536w, https:\/\/turismopalencia.digital\/wp-content\/uploads\/2022\/02\/palencia-casa-de-los-garcc3ada-germc3a1n-7-18x10.jpg 18w, https:\/\/turismopalencia.digital\/wp-content\/uploads\/2022\/02\/palencia-casa-de-los-garcc3ada-germc3a1n-7.jpg 1765w\" sizes=\"(max-width: 1024px) 100vw, 1024px\" \/><\/figure>\n\n\n\n<figure class=\"wp-block-image size-large\"><img loading=\"lazy\" width=\"832\" height=\"1024\" data-id=\"556\"  src=\"http:\/\/turismopalencia.digital\/wp-content\/uploads\/2022\/02\/palencia-casa-de-los-garcc3ada-germc3a1n-8-832x1024.jpg\" alt=\"\" class=\"wp-image-556\" srcset=\"https:\/\/turismopalencia.digital\/wp-content\/uploads\/2022\/02\/palencia-casa-de-los-garcc3ada-germc3a1n-8-832x1024.jpg 832w, https:\/\/turismopalencia.digital\/wp-content\/uploads\/2022\/02\/palencia-casa-de-los-garcc3ada-germc3a1n-8-244x300.jpg 244w, https:\/\/turismopalencia.digital\/wp-content\/uploads\/2022\/02\/palencia-casa-de-los-garcc3ada-germc3a1n-8-768x945.jpg 768w, https:\/\/turismopalencia.digital\/wp-content\/uploads\/2022\/02\/palencia-casa-de-los-garcc3ada-germc3a1n-8-1249x1536.jpg 1249w, https:\/\/turismopalencia.digital\/wp-content\/uploads\/2022\/02\/palencia-casa-de-los-garcc3ada-germc3a1n-8-8x10.jpg 8w, https:\/\/turismopalencia.digital\/wp-content\/uploads\/2022\/02\/palencia-casa-de-los-garcc3ada-germc3a1n-8.jpg 1321w\" sizes=\"(max-width: 832px) 100vw, 832px\" \/><\/figure>\n<\/figure>\n\n\n\n<hr class=\"wp-block-separator\"\/>\n\n\n\n<p><strong>Calle Mayor Principal, 17<\/strong><br><strong>34001 Palencia<\/strong><\/p>\n\n\n\n<hr class=\"wp-block-separator\"\/>\n\n\n\n<div class=\"wp-container-1 wp-block-buttons\">\n<div class=\"wp-block-button\"><a class=\"wp-block-button__link\" href=\"https:\/\/www.google.com\/maps\/place\/Casa+de+los+Se%C3%B1ores+Garc%C3%ADa+Germ%C3%A1n,+C.+Mayor+Principal,+17,+34001+Palencia\/data=!4m2!3m1!1s0xd47b0463fb021b3:0x1b03137f751cef32?sa=X&amp;ved=2ahUKEwiatMzQmon2AhVvgv0HHSf4DkwQ8gF6BAggEAE\" target=\"_blank\" rel=\"noreferrer noopener\">C\u00f3mo llegar<\/a><\/div>\n<\/div>\n\n\n\n<hr class=\"wp-block-separator\"\/>\n\n\n\n<hr class=\"wp-block-separator\"\/>\n","protected":false},"excerpt":{"rendered":"<p>La Casa de los Se\u00f1ores Garc\u00eda Germ\u00e1n es un edificio civil ubicado en la Calle Mayor de la ciudad espa\u00f1ola de Palencia.&nbsp;&nbsp;&nbsp;&nbsp;&nbsp;Proyectado por el arquitecto &hellip;<\/p>\n","protected":false},"author":1,"featured_media":1290,"parent":0,"menu_order":0,"comment_status":"closed","ping_status":"closed","template":"","meta":{"_monsterinsights_skip_tracking":false,"_monsterinsights_sitenote_active":false,"_monsterinsights_sitenote_note":"","_monsterinsights_sitenote_category":0},"_links":{"self":[{"href":"https:\/\/turismopalencia.digital\/index.php\/wp-json\/wp\/v2\/pages\/244"}],"collection":[{"href":"https:\/\/turismopalencia.digital\/index.php\/wp-json\/wp\/v2\/pages"}],"about":[{"href":"https:\/\/turismopalencia.digital\/index.php\/wp-json\/wp\/v2\/types\/page"}],"author":[{"embeddable":true,"href":"https:\/\/turismopalencia.digital\/index.php\/wp-json\/wp\/v2\/users\/1"}],"replies":[{"embeddable":true,"href":"https:\/\/turismopalencia.digital\/index.php\/wp-json\/wp\/v2\/comments?post=244"}],"version-history":[{"count":3,"href":"https:\/\/turismopalencia.digital\/index.php\/wp-json\/wp\/v2\/pages\/244\/revisions"}],"predecessor-version":[{"id":1291,"href":"https:\/\/turismopalencia.digital\/index.php\/wp-json\/wp\/v2\/pages\/244\/revisions\/1291"}],"wp:featuredmedia":[{"embeddable":true,"href":"https:\/\/turismopalencia.digital\/index.php\/wp-json\/wp\/v2\/media\/1290"}],"wp:attachment":[{"href":"https:\/\/turismopalencia.digital\/index.php\/wp-json\/wp\/v2\/media?parent=244"}],"curies":[{"name":"wp","href":"https:\/\/api.w.org\/{rel}","templated":true}]}}