{"id":245,"date":"2022-02-17T22:18:10","date_gmt":"2022-02-17T22:18:10","guid":{"rendered":"http:\/\/turismopalencia.digital\/?page_id=245"},"modified":"2022-04-04T20:11:16","modified_gmt":"2022-04-04T20:11:16","slug":"casa-de-los-junco","status":"publish","type":"page","link":"https:\/\/turismopalencia.digital\/index.php\/casa-de-los-junco\/","title":{"rendered":"Casa de los Junco"},"content":{"rendered":"\n<hr class=\"wp-block-separator\"\/>\n\n\n\n<figure class=\"wp-block-image size-full is-resized\"><img loading=\"lazy\" src=\"http:\/\/turismopalencia.digital\/wp-content\/uploads\/2022\/02\/palacio-de-los-aguado-pardo-1.jpg__940x620_q83-1.jpg\" alt=\"\" class=\"wp-image-558\" width=\"1237\" height=\"816\" srcset=\"https:\/\/turismopalencia.digital\/wp-content\/uploads\/2022\/02\/palacio-de-los-aguado-pardo-1.jpg__940x620_q83-1.jpg 940w, https:\/\/turismopalencia.digital\/wp-content\/uploads\/2022\/02\/palacio-de-los-aguado-pardo-1.jpg__940x620_q83-1-300x198.jpg 300w, https:\/\/turismopalencia.digital\/wp-content\/uploads\/2022\/02\/palacio-de-los-aguado-pardo-1.jpg__940x620_q83-1-768x507.jpg 768w, https:\/\/turismopalencia.digital\/wp-content\/uploads\/2022\/02\/palacio-de-los-aguado-pardo-1.jpg__940x620_q83-1-15x10.jpg 15w\" sizes=\"(max-width: 1237px) 100vw, 1237px\" \/><figcaption>Casa de los Junco<\/figcaption><\/figure>\n\n\n\n<hr class=\"wp-block-separator\"\/>\n\n\n\n<p><strong>El \u00fanico palacio barroco de Palencia capital, tambi\u00e9n es conocido como Casa Aguado, Casa Coss\u00edo y Junco, casa de las Rentas Reales o de la Administraci\u00f3n Vieja. Se inici\u00f3 en 1733 por orden del arcediano de Cerrato \u00c1ngel Aguado Pardo y Aguado del Molino Navarrete, apellidos que aparecen en los blasones de la fachada. Est\u00e1 construido en siller\u00eda y ladrillo con el gusto caracter\u00edstico del barroco castizo de la nobleza rural, ya caduco en ese momento.<\/strong><br><strong>&nbsp;&nbsp;&nbsp;&nbsp;&nbsp;En el primer tercio de siglo XIX el inmueble pasa a los Rodr\u00edguez de Coss\u00edo y mediada la centuria a los Junco, todos dentro de la familia en distintos grados, quienes lo alquilan, origen de los desarreglos del interior. En 1900 se abren ventanas en el piso superior y se colocan los balcones y dos d\u00e9cadas m\u00e1s tarde interviene el arquitecto Jer\u00f3nimo Arroyo para acondicionar la instalaci\u00f3n de locales comerciales. Se restaur\u00f3 en los a\u00f1os 2000 y 2001 y actualmente se encuentra cedido al Campus de Palencia, de la Universidad de Valladolid, siendo hoy un espacio cultural.<\/strong><\/p>\n\n\n\n<hr class=\"wp-block-separator\"\/>\n\n\n\n<figure class=\"wp-block-gallery has-nested-images columns-default is-cropped\">\n<figure class=\"wp-block-image size-large\"><img loading=\"lazy\" width=\"470\" height=\"305\" data-id=\"563\"  src=\"http:\/\/turismopalencia.digital\/wp-content\/uploads\/2022\/02\/1267112342_0.jpg\" alt=\"\" class=\"wp-image-563\" srcset=\"https:\/\/turismopalencia.digital\/wp-content\/uploads\/2022\/02\/1267112342_0.jpg 470w, https:\/\/turismopalencia.digital\/wp-content\/uploads\/2022\/02\/1267112342_0-300x195.jpg 300w, https:\/\/turismopalencia.digital\/wp-content\/uploads\/2022\/02\/1267112342_0-15x10.jpg 15w\" sizes=\"(max-width: 470px) 100vw, 470px\" \/><\/figure>\n\n\n\n<figure class=\"wp-block-image size-large\"><img loading=\"lazy\" width=\"1024\" height=\"768\" data-id=\"562\"  src=\"http:\/\/turismopalencia.digital\/wp-content\/uploads\/2022\/02\/arte-textil-1-1024x768.jpg\" alt=\"\" class=\"wp-image-562\" srcset=\"https:\/\/turismopalencia.digital\/wp-content\/uploads\/2022\/02\/arte-textil-1-1024x768.jpg 1024w, https:\/\/turismopalencia.digital\/wp-content\/uploads\/2022\/02\/arte-textil-1-300x225.jpg 300w, https:\/\/turismopalencia.digital\/wp-content\/uploads\/2022\/02\/arte-textil-1-768x576.jpg 768w, https:\/\/turismopalencia.digital\/wp-content\/uploads\/2022\/02\/arte-textil-1-1536x1152.jpg 1536w, https:\/\/turismopalencia.digital\/wp-content\/uploads\/2022\/02\/arte-textil-1-13x10.jpg 13w, https:\/\/turismopalencia.digital\/wp-content\/uploads\/2022\/02\/arte-textil-1.jpg 2048w\" sizes=\"(max-width: 1024px) 100vw, 1024px\" \/><\/figure>\n\n\n\n<figure class=\"wp-block-image size-large\"><img loading=\"lazy\" width=\"647\" height=\"231\" data-id=\"561\"  src=\"http:\/\/turismopalencia.digital\/wp-content\/uploads\/2022\/02\/casajunco647.jpg\" alt=\"\" class=\"wp-image-561\" srcset=\"https:\/\/turismopalencia.digital\/wp-content\/uploads\/2022\/02\/casajunco647.jpg 647w, https:\/\/turismopalencia.digital\/wp-content\/uploads\/2022\/02\/casajunco647-300x107.jpg 300w, https:\/\/turismopalencia.digital\/wp-content\/uploads\/2022\/02\/casajunco647-28x10.jpg 28w\" sizes=\"(max-width: 647px) 100vw, 647px\" \/><\/figure>\n\n\n\n<figure class=\"wp-block-image size-large\"><img loading=\"lazy\" width=\"1024\" height=\"405\" data-id=\"560\"  src=\"http:\/\/turismopalencia.digital\/wp-content\/uploads\/2022\/02\/SALA_EXPOSICIONES_cASA_JUNCO_pALENCIA-1024x405.jpg\" alt=\"\" class=\"wp-image-560\" srcset=\"https:\/\/turismopalencia.digital\/wp-content\/uploads\/2022\/02\/SALA_EXPOSICIONES_cASA_JUNCO_pALENCIA-1024x405.jpg 1024w, https:\/\/turismopalencia.digital\/wp-content\/uploads\/2022\/02\/SALA_EXPOSICIONES_cASA_JUNCO_pALENCIA-300x119.jpg 300w, https:\/\/turismopalencia.digital\/wp-content\/uploads\/2022\/02\/SALA_EXPOSICIONES_cASA_JUNCO_pALENCIA-768x304.jpg 768w, https:\/\/turismopalencia.digital\/wp-content\/uploads\/2022\/02\/SALA_EXPOSICIONES_cASA_JUNCO_pALENCIA-25x10.jpg 25w, https:\/\/turismopalencia.digital\/wp-content\/uploads\/2022\/02\/SALA_EXPOSICIONES_cASA_JUNCO_pALENCIA.jpg 1240w\" sizes=\"(max-width: 1024px) 100vw, 1024px\" \/><\/figure>\n<\/figure>\n\n\n\n<hr class=\"wp-block-separator\"\/>\n\n\n\n<p><strong>Calle Mayor Principal, 19<\/strong><br><strong>34001 Palencia<\/strong><\/p>\n\n\n\n<hr class=\"wp-block-separator\"\/>\n\n\n\n<div class=\"wp-container-1 wp-block-buttons\">\n<div class=\"wp-block-button\"><a class=\"wp-block-button__link\" href=\"https:\/\/www.google.com\/maps\/place\/Casa+Junco\/@42.0115664,-4.533541,15z\/data=!4m2!3m1!1s0x0:0xeed8fbf10a48880c?sa=X&amp;ved=2ahUKEwiw0Jeum4n2AhWDraQKHWZ_CMwQ_BJ6BAghEAU\" target=\"_blank\" rel=\"noreferrer noopener\">C\u00f3mo llegar<\/a><\/div>\n<\/div>\n\n\n\n<hr class=\"wp-block-separator\"\/>\n\n\n\n<hr class=\"wp-block-separator\"\/>\n","protected":false},"excerpt":{"rendered":"<p>El \u00fanico palacio barroco de Palencia capital, tambi\u00e9n es conocido como Casa Aguado, Casa Coss\u00edo y Junco, casa de las Rentas Reales o de la &hellip;<\/p>\n","protected":false},"author":1,"featured_media":1292,"parent":0,"menu_order":0,"comment_status":"closed","ping_status":"closed","template":"","meta":{"_monsterinsights_skip_tracking":false,"_monsterinsights_sitenote_active":false,"_monsterinsights_sitenote_note":"","_monsterinsights_sitenote_category":0},"_links":{"self":[{"href":"https:\/\/turismopalencia.digital\/index.php\/wp-json\/wp\/v2\/pages\/245"}],"collection":[{"href":"https:\/\/turismopalencia.digital\/index.php\/wp-json\/wp\/v2\/pages"}],"about":[{"href":"https:\/\/turismopalencia.digital\/index.php\/wp-json\/wp\/v2\/types\/page"}],"author":[{"embeddable":true,"href":"https:\/\/turismopalencia.digital\/index.php\/wp-json\/wp\/v2\/users\/1"}],"replies":[{"embeddable":true,"href":"https:\/\/turismopalencia.digital\/index.php\/wp-json\/wp\/v2\/comments?post=245"}],"version-history":[{"count":3,"href":"https:\/\/turismopalencia.digital\/index.php\/wp-json\/wp\/v2\/pages\/245\/revisions"}],"predecessor-version":[{"id":1293,"href":"https:\/\/turismopalencia.digital\/index.php\/wp-json\/wp\/v2\/pages\/245\/revisions\/1293"}],"wp:featuredmedia":[{"embeddable":true,"href":"https:\/\/turismopalencia.digital\/index.php\/wp-json\/wp\/v2\/media\/1292"}],"wp:attachment":[{"href":"https:\/\/turismopalencia.digital\/index.php\/wp-json\/wp\/v2\/media?parent=245"}],"curies":[{"name":"wp","href":"https:\/\/api.w.org\/{rel}","templated":true}]}}