{"id":247,"date":"2022-02-17T22:18:10","date_gmt":"2022-02-17T22:18:10","guid":{"rendered":"http:\/\/turismopalencia.digital\/?page_id=247"},"modified":"2022-04-04T20:13:50","modified_gmt":"2022-04-04T20:13:50","slug":"colegio-de-villandrando","status":"publish","type":"page","link":"https:\/\/turismopalencia.digital\/index.php\/colegio-de-villandrando\/","title":{"rendered":"Colegio de Villandrando"},"content":{"rendered":"\n<hr class=\"wp-block-separator\"\/>\n\n\n\n<figure class=\"wp-block-image size-full is-resized\"><img loading=\"lazy\" src=\"http:\/\/turismopalencia.digital\/wp-content\/uploads\/2022\/02\/800px-Colegio_Villandrando-1.jpg\" alt=\"\" class=\"wp-image-573\" width=\"1241\" height=\"1041\" srcset=\"https:\/\/turismopalencia.digital\/wp-content\/uploads\/2022\/02\/800px-Colegio_Villandrando-1.jpg 800w, https:\/\/turismopalencia.digital\/wp-content\/uploads\/2022\/02\/800px-Colegio_Villandrando-1-300x252.jpg 300w, https:\/\/turismopalencia.digital\/wp-content\/uploads\/2022\/02\/800px-Colegio_Villandrando-1-768x644.jpg 768w, https:\/\/turismopalencia.digital\/wp-content\/uploads\/2022\/02\/800px-Colegio_Villandrando-1-12x10.jpg 12w\" sizes=\"(max-width: 1241px) 100vw, 1241px\" \/><figcaption>Colegio de Villandrando<\/figcaption><\/figure>\n\n\n\n<hr class=\"wp-block-separator\"\/>\n\n\n\n<p><strong>El Colegio de Villandrando fue construido entre 1910 y 1911 bajo la tutela de do\u00f1a Eduvigis Sanz de Sedano y Monedero, vizcondesa de Villandrando, para asilo, recogimiento y formaci\u00f3n de institutrices de ni\u00f1as hu\u00e9rfanas, con el nombre de Asilo de San Joaqu\u00edn y Santa Eduvigis.<\/strong><br><strong>&nbsp;&nbsp;&nbsp;&nbsp;&nbsp;El edificio, proyectado por el arquitecto palentino Jer\u00f3nimo Arroyo, es un interesante ejemplo de modernismo floral, con elementos neog\u00f3ticos, neorrom\u00e1nicos y secesionistas.<\/strong><br><strong>&nbsp;&nbsp;&nbsp;&nbsp;&nbsp;La fachada principal es una reinterpretaci\u00f3n del g\u00f3tico veneciano y del catal\u00e1n, que Arroyo hab\u00eda conocido en la Escuela de Barcelona, donde se hab\u00eda formado y titulado en 1899.<\/strong><br><strong>&nbsp;&nbsp;&nbsp;&nbsp;&nbsp;Consta de tres pisos; el inferior con soportales formados por cuatro vanos de arcos carpaneles sobre cinco pilares prism\u00e1tico-hexagonales, con capiteles decorados con los escudos de Villandrando en los extremos y alegor\u00edas de las tres virtudes teologales en los centrales.<\/strong><br><strong>&nbsp;&nbsp;&nbsp;&nbsp;&nbsp;En el segundo piso se sit\u00faan cuatro balcones con antepecho de hierro forjado, rematados en arcos carpaneles enmarcados por pin\u00e1culos, por encima de los cuales se disponen arcos conopiales, con decoraci\u00f3n a base de temas florales.<\/strong><br><strong>&nbsp;&nbsp;&nbsp;&nbsp;&nbsp;El \u00faltimo piso presenta ventanas geminadas con mainel y pilastras de fuste helicoidal, que rematan con arcos carpaneles y helicoidales, cobijados en alfiz.<\/strong><br><strong>&nbsp;&nbsp;&nbsp;&nbsp;&nbsp;Pero sin duda, el edificio debe su originalidad fundamentalmente a la cornisa, decorada con un gran friso cer\u00e1mico, obra de Daniel Zuloaga, que escenifica la donaci\u00f3n de la fundadora.<\/strong><\/p>\n\n\n\n<hr class=\"wp-block-separator\"\/>\n\n\n\n<figure class=\"wp-block-gallery has-nested-images columns-default is-cropped\">\n<figure class=\"wp-block-image size-large\"><img loading=\"lazy\" width=\"600\" height=\"800\" data-id=\"576\"  src=\"http:\/\/turismopalencia.digital\/wp-content\/uploads\/2022\/02\/9316e09ebf1620a10552c010661eca37.jpg\" alt=\"\" class=\"wp-image-576\" srcset=\"https:\/\/turismopalencia.digital\/wp-content\/uploads\/2022\/02\/9316e09ebf1620a10552c010661eca37.jpg 600w, https:\/\/turismopalencia.digital\/wp-content\/uploads\/2022\/02\/9316e09ebf1620a10552c010661eca37-225x300.jpg 225w, https:\/\/turismopalencia.digital\/wp-content\/uploads\/2022\/02\/9316e09ebf1620a10552c010661eca37-8x10.jpg 8w\" sizes=\"(max-width: 600px) 100vw, 600px\" \/><\/figure>\n\n\n\n<figure class=\"wp-block-image size-large\"><img loading=\"lazy\" width=\"1024\" height=\"768\" data-id=\"578\"  src=\"http:\/\/turismopalencia.digital\/wp-content\/uploads\/2022\/02\/3259783409_364997ee44_b.jpg\" alt=\"\" class=\"wp-image-578\" srcset=\"https:\/\/turismopalencia.digital\/wp-content\/uploads\/2022\/02\/3259783409_364997ee44_b.jpg 1024w, https:\/\/turismopalencia.digital\/wp-content\/uploads\/2022\/02\/3259783409_364997ee44_b-300x225.jpg 300w, https:\/\/turismopalencia.digital\/wp-content\/uploads\/2022\/02\/3259783409_364997ee44_b-768x576.jpg 768w, https:\/\/turismopalencia.digital\/wp-content\/uploads\/2022\/02\/3259783409_364997ee44_b-13x10.jpg 13w\" sizes=\"(max-width: 1024px) 100vw, 1024px\" \/><\/figure>\n\n\n\n<figure class=\"wp-block-image size-large\"><img loading=\"lazy\" width=\"1024\" height=\"670\" data-id=\"580\"  src=\"http:\/\/turismopalencia.digital\/wp-content\/uploads\/2022\/02\/5352943530_9ef42bba00_b.jpg\" alt=\"\" class=\"wp-image-580\" srcset=\"https:\/\/turismopalencia.digital\/wp-content\/uploads\/2022\/02\/5352943530_9ef42bba00_b.jpg 1024w, https:\/\/turismopalencia.digital\/wp-content\/uploads\/2022\/02\/5352943530_9ef42bba00_b-300x196.jpg 300w, https:\/\/turismopalencia.digital\/wp-content\/uploads\/2022\/02\/5352943530_9ef42bba00_b-768x503.jpg 768w, https:\/\/turismopalencia.digital\/wp-content\/uploads\/2022\/02\/5352943530_9ef42bba00_b-15x10.jpg 15w\" sizes=\"(max-width: 1024px) 100vw, 1024px\" \/><\/figure>\n\n\n\n<figure class=\"wp-block-image size-large\"><img loading=\"lazy\" width=\"500\" height=\"391\" data-id=\"577\"  src=\"http:\/\/turismopalencia.digital\/wp-content\/uploads\/2022\/02\/40143017932_7f1ec42d23.jpg\" alt=\"\" class=\"wp-image-577\" srcset=\"https:\/\/turismopalencia.digital\/wp-content\/uploads\/2022\/02\/40143017932_7f1ec42d23.jpg 500w, https:\/\/turismopalencia.digital\/wp-content\/uploads\/2022\/02\/40143017932_7f1ec42d23-300x235.jpg 300w, https:\/\/turismopalencia.digital\/wp-content\/uploads\/2022\/02\/40143017932_7f1ec42d23-13x10.jpg 13w\" sizes=\"(max-width: 500px) 100vw, 500px\" \/><\/figure>\n\n\n\n<figure class=\"wp-block-image size-large\"><img loading=\"lazy\" width=\"194\" height=\"259\" data-id=\"579\"  src=\"http:\/\/turismopalencia.digital\/wp-content\/uploads\/2022\/02\/descarga-4.jpg\" alt=\"\" class=\"wp-image-579\" srcset=\"https:\/\/turismopalencia.digital\/wp-content\/uploads\/2022\/02\/descarga-4.jpg 194w, https:\/\/turismopalencia.digital\/wp-content\/uploads\/2022\/02\/descarga-4-7x10.jpg 7w\" sizes=\"(max-width: 194px) 100vw, 194px\" \/><\/figure>\n\n\n\n<figure class=\"wp-block-image size-large\"><img loading=\"lazy\" width=\"280\" height=\"180\" data-id=\"575\"  src=\"http:\/\/turismopalencia.digital\/wp-content\/uploads\/2022\/02\/images-2.jpg\" alt=\"\" class=\"wp-image-575\" srcset=\"https:\/\/turismopalencia.digital\/wp-content\/uploads\/2022\/02\/images-2.jpg 280w, https:\/\/turismopalencia.digital\/wp-content\/uploads\/2022\/02\/images-2-16x10.jpg 16w\" sizes=\"(max-width: 280px) 100vw, 280px\" \/><\/figure>\n<\/figure>\n\n\n\n<hr class=\"wp-block-separator\"\/>\n\n\n\n<p><strong>Calle Mayor Principal, 36<\/strong><br><strong>34001 Palencia<\/strong><\/p>\n\n\n\n<p><strong>979 11 08 10<\/strong><\/p>\n\n\n\n<hr class=\"wp-block-separator\"\/>\n\n\n\n<div class=\"wp-container-1 wp-block-buttons\">\n<div class=\"wp-block-button\"><a class=\"wp-block-button__link\" href=\"https:\/\/www.google.com\/maps\/place\/Colegio+de+Villandrando\/@42.0111311,-4.5336441,15z\/data=!4m2!3m1!1s0x0:0xe11dc11dc94c0bd?sa=X&amp;ved=2ahUKEwj-54CKnYn2AhVzh_0HHShlAJkQ_BJ6BAgfEAU\" target=\"_blank\" rel=\"noreferrer noopener\">C\u00f3mo llegar<\/a><\/div>\n<\/div>\n\n\n\n<hr class=\"wp-block-separator\"\/>\n\n\n\n<hr class=\"wp-block-separator\"\/>\n","protected":false},"excerpt":{"rendered":"<p>El Colegio de Villandrando fue construido entre 1910 y 1911 bajo la tutela de do\u00f1a Eduvigis Sanz de Sedano y Monedero, vizcondesa de Villandrando, para &hellip;<\/p>\n","protected":false},"author":1,"featured_media":1296,"parent":0,"menu_order":0,"comment_status":"closed","ping_status":"closed","template":"","meta":{"_monsterinsights_skip_tracking":false,"_monsterinsights_sitenote_active":false,"_monsterinsights_sitenote_note":"","_monsterinsights_sitenote_category":0},"_links":{"self":[{"href":"https:\/\/turismopalencia.digital\/index.php\/wp-json\/wp\/v2\/pages\/247"}],"collection":[{"href":"https:\/\/turismopalencia.digital\/index.php\/wp-json\/wp\/v2\/pages"}],"about":[{"href":"https:\/\/turismopalencia.digital\/index.php\/wp-json\/wp\/v2\/types\/page"}],"author":[{"embeddable":true,"href":"https:\/\/turismopalencia.digital\/index.php\/wp-json\/wp\/v2\/users\/1"}],"replies":[{"embeddable":true,"href":"https:\/\/turismopalencia.digital\/index.php\/wp-json\/wp\/v2\/comments?post=247"}],"version-history":[{"count":3,"href":"https:\/\/turismopalencia.digital\/index.php\/wp-json\/wp\/v2\/pages\/247\/revisions"}],"predecessor-version":[{"id":1297,"href":"https:\/\/turismopalencia.digital\/index.php\/wp-json\/wp\/v2\/pages\/247\/revisions\/1297"}],"wp:featuredmedia":[{"embeddable":true,"href":"https:\/\/turismopalencia.digital\/index.php\/wp-json\/wp\/v2\/media\/1296"}],"wp:attachment":[{"href":"https:\/\/turismopalencia.digital\/index.php\/wp-json\/wp\/v2\/media?parent=247"}],"curies":[{"name":"wp","href":"https:\/\/api.w.org\/{rel}","templated":true}]}}