{"id":249,"date":"2022-02-17T22:18:10","date_gmt":"2022-02-17T22:18:10","guid":{"rendered":"http:\/\/turismopalencia.digital\/?page_id=249"},"modified":"2022-04-04T20:17:09","modified_gmt":"2022-04-04T20:17:09","slug":"diputacion","status":"publish","type":"page","link":"https:\/\/turismopalencia.digital\/index.php\/diputacion\/","title":{"rendered":"Diputaci\u00f3n"},"content":{"rendered":"\n<hr class=\"wp-block-separator\"\/>\n\n\n\n<figure class=\"wp-block-image size-full is-resized\"><img loading=\"lazy\" src=\"http:\/\/turismopalencia.digital\/wp-content\/uploads\/2022\/02\/palenciadiputacion.jpg__940x620_q83.jpg\" alt=\"\" class=\"wp-image-589\" width=\"1239\" height=\"817\" srcset=\"https:\/\/turismopalencia.digital\/wp-content\/uploads\/2022\/02\/palenciadiputacion.jpg__940x620_q83.jpg 940w, https:\/\/turismopalencia.digital\/wp-content\/uploads\/2022\/02\/palenciadiputacion.jpg__940x620_q83-300x198.jpg 300w, https:\/\/turismopalencia.digital\/wp-content\/uploads\/2022\/02\/palenciadiputacion.jpg__940x620_q83-768x507.jpg 768w, https:\/\/turismopalencia.digital\/wp-content\/uploads\/2022\/02\/palenciadiputacion.jpg__940x620_q83-15x10.jpg 15w\" sizes=\"(max-width: 1239px) 100vw, 1239px\" \/><figcaption>Diputaci\u00f3n<\/figcaption><\/figure>\n\n\n\n<hr class=\"wp-block-separator\"\/>\n\n\n\n<p><strong>&nbsp;El palacio de la Diputaci\u00f3n de Palencia es un importante edificio modernista con elementos neocl\u00e1sicos y neorrenacentistas y con influencias neobarrocas, arquetipo de las construcciones modernistas de la Palencia de inicios del siglo XX. Fue inaugurado el 19 de octubre del a\u00f1o 1914. El proyecto lo llev\u00f3 a cabo el arquitecto palentino Jer\u00f3nimo Arroyo, este edificio es quiz\u00e1 su obra maestra.<\/strong><\/p>\n\n\n\n<hr class=\"wp-block-separator\"\/>\n\n\n\n<figure class=\"wp-block-gallery has-nested-images columns-default is-cropped\">\n<figure class=\"wp-block-image size-large\"><img loading=\"lazy\" width=\"540\" height=\"360\" data-id=\"591\"  src=\"http:\/\/turismopalencia.digital\/wp-content\/uploads\/2022\/02\/13_fachada_diputacion-1.jpg\" alt=\"\" class=\"wp-image-591\" srcset=\"https:\/\/turismopalencia.digital\/wp-content\/uploads\/2022\/02\/13_fachada_diputacion-1.jpg 540w, https:\/\/turismopalencia.digital\/wp-content\/uploads\/2022\/02\/13_fachada_diputacion-1-300x200.jpg 300w, https:\/\/turismopalencia.digital\/wp-content\/uploads\/2022\/02\/13_fachada_diputacion-1-15x10.jpg 15w\" sizes=\"(max-width: 540px) 100vw, 540px\" \/><\/figure>\n\n\n\n<figure class=\"wp-block-image size-large\"><img loading=\"lazy\" width=\"1024\" height=\"683\" data-id=\"595\"  src=\"http:\/\/turismopalencia.digital\/wp-content\/uploads\/2022\/02\/diputacion_vidrieras-escaleras-1024x683.jpg\" alt=\"\" class=\"wp-image-595\" srcset=\"https:\/\/turismopalencia.digital\/wp-content\/uploads\/2022\/02\/diputacion_vidrieras-escaleras-1024x683.jpg 1024w, https:\/\/turismopalencia.digital\/wp-content\/uploads\/2022\/02\/diputacion_vidrieras-escaleras-300x200.jpg 300w, https:\/\/turismopalencia.digital\/wp-content\/uploads\/2022\/02\/diputacion_vidrieras-escaleras-768x512.jpg 768w, https:\/\/turismopalencia.digital\/wp-content\/uploads\/2022\/02\/diputacion_vidrieras-escaleras-1536x1024.jpg 1536w, https:\/\/turismopalencia.digital\/wp-content\/uploads\/2022\/02\/diputacion_vidrieras-escaleras-2048x1365.jpg 2048w, https:\/\/turismopalencia.digital\/wp-content\/uploads\/2022\/02\/diputacion_vidrieras-escaleras-15x10.jpg 15w\" sizes=\"(max-width: 1024px) 100vw, 1024px\" \/><\/figure>\n\n\n\n<figure class=\"wp-block-image size-large\"><img loading=\"lazy\" width=\"1024\" height=\"683\" data-id=\"593\"  src=\"http:\/\/turismopalencia.digital\/wp-content\/uploads\/2022\/02\/Diputacixn-escalera_vidrieras-1024x683.jpg\" alt=\"\" class=\"wp-image-593\" srcset=\"https:\/\/turismopalencia.digital\/wp-content\/uploads\/2022\/02\/Diputacixn-escalera_vidrieras-1024x683.jpg 1024w, https:\/\/turismopalencia.digital\/wp-content\/uploads\/2022\/02\/Diputacixn-escalera_vidrieras-300x200.jpg 300w, https:\/\/turismopalencia.digital\/wp-content\/uploads\/2022\/02\/Diputacixn-escalera_vidrieras-768x512.jpg 768w, https:\/\/turismopalencia.digital\/wp-content\/uploads\/2022\/02\/Diputacixn-escalera_vidrieras-1536x1024.jpg 1536w, https:\/\/turismopalencia.digital\/wp-content\/uploads\/2022\/02\/Diputacixn-escalera_vidrieras-2048x1365.jpg 2048w, https:\/\/turismopalencia.digital\/wp-content\/uploads\/2022\/02\/Diputacixn-escalera_vidrieras-15x10.jpg 15w\" sizes=\"(max-width: 1024px) 100vw, 1024px\" \/><\/figure>\n\n\n\n<figure class=\"wp-block-image size-large\"><img loading=\"lazy\" width=\"1024\" height=\"683\" data-id=\"594\"  src=\"http:\/\/turismopalencia.digital\/wp-content\/uploads\/2022\/02\/Diputacxn-Patio_07-1024x683.jpg\" alt=\"\" class=\"wp-image-594\" srcset=\"https:\/\/turismopalencia.digital\/wp-content\/uploads\/2022\/02\/Diputacxn-Patio_07-1024x683.jpg 1024w, https:\/\/turismopalencia.digital\/wp-content\/uploads\/2022\/02\/Diputacxn-Patio_07-300x200.jpg 300w, https:\/\/turismopalencia.digital\/wp-content\/uploads\/2022\/02\/Diputacxn-Patio_07-768x512.jpg 768w, https:\/\/turismopalencia.digital\/wp-content\/uploads\/2022\/02\/Diputacxn-Patio_07-1536x1024.jpg 1536w, https:\/\/turismopalencia.digital\/wp-content\/uploads\/2022\/02\/Diputacxn-Patio_07-2048x1365.jpg 2048w, https:\/\/turismopalencia.digital\/wp-content\/uploads\/2022\/02\/Diputacxn-Patio_07-15x10.jpg 15w\" sizes=\"(max-width: 1024px) 100vw, 1024px\" \/><\/figure>\n\n\n\n<figure class=\"wp-block-image size-large\"><img loading=\"lazy\" width=\"800\" height=\"409\" data-id=\"592\"  src=\"http:\/\/turismopalencia.digital\/wp-content\/uploads\/2022\/02\/fachada_diputacion_noche_01.jpg\" alt=\"\" class=\"wp-image-592\" srcset=\"https:\/\/turismopalencia.digital\/wp-content\/uploads\/2022\/02\/fachada_diputacion_noche_01.jpg 800w, https:\/\/turismopalencia.digital\/wp-content\/uploads\/2022\/02\/fachada_diputacion_noche_01-300x153.jpg 300w, https:\/\/turismopalencia.digital\/wp-content\/uploads\/2022\/02\/fachada_diputacion_noche_01-768x393.jpg 768w, https:\/\/turismopalencia.digital\/wp-content\/uploads\/2022\/02\/fachada_diputacion_noche_01-20x10.jpg 20w\" sizes=\"(max-width: 800px) 100vw, 800px\" \/><\/figure>\n<\/figure>\n\n\n\n<hr class=\"wp-block-separator\"\/>\n\n\n\n<p><strong>Calle Burgos, 1<\/strong><br><strong>34001 Palencia<\/strong><\/p>\n\n\n\n<p><strong>979 71 51 00<\/strong><\/p>\n\n\n\n<hr class=\"wp-block-separator\"\/>\n\n\n\n<div class=\"wp-container-1 wp-block-buttons\">\n<div class=\"wp-block-button\"><a class=\"wp-block-button__link\" href=\"https:\/\/www.google.com\/maps\/place\/Diputaci%C3%B3n+Provincial+de+Palencia\/@42.0099372,-4.5314309,15z\/data=!4m2!3m1!1s0x0:0x48eb8663f93afcce?sa=X&amp;ved=2ahUKEwj7mezVnon2AhVj7rsIHTyqASIQ_BJ6BAgvEAU\" target=\"_blank\" rel=\"noreferrer noopener\">C\u00f3mo llegar<\/a><\/div>\n<\/div>\n\n\n\n<hr class=\"wp-block-separator\"\/>\n\n\n\n<hr class=\"wp-block-separator\"\/>\n","protected":false},"excerpt":{"rendered":"<p>&nbsp;El palacio de la Diputaci\u00f3n de Palencia es un importante edificio modernista con elementos neocl\u00e1sicos y neorrenacentistas y con influencias neobarrocas, arquetipo de las construcciones &hellip;<\/p>\n","protected":false},"author":1,"featured_media":1300,"parent":0,"menu_order":0,"comment_status":"closed","ping_status":"closed","template":"","meta":{"_monsterinsights_skip_tracking":false,"_monsterinsights_sitenote_active":false,"_monsterinsights_sitenote_note":"","_monsterinsights_sitenote_category":0},"_links":{"self":[{"href":"https:\/\/turismopalencia.digital\/index.php\/wp-json\/wp\/v2\/pages\/249"}],"collection":[{"href":"https:\/\/turismopalencia.digital\/index.php\/wp-json\/wp\/v2\/pages"}],"about":[{"href":"https:\/\/turismopalencia.digital\/index.php\/wp-json\/wp\/v2\/types\/page"}],"author":[{"embeddable":true,"href":"https:\/\/turismopalencia.digital\/index.php\/wp-json\/wp\/v2\/users\/1"}],"replies":[{"embeddable":true,"href":"https:\/\/turismopalencia.digital\/index.php\/wp-json\/wp\/v2\/comments?post=249"}],"version-history":[{"count":3,"href":"https:\/\/turismopalencia.digital\/index.php\/wp-json\/wp\/v2\/pages\/249\/revisions"}],"predecessor-version":[{"id":1301,"href":"https:\/\/turismopalencia.digital\/index.php\/wp-json\/wp\/v2\/pages\/249\/revisions\/1301"}],"wp:featuredmedia":[{"embeddable":true,"href":"https:\/\/turismopalencia.digital\/index.php\/wp-json\/wp\/v2\/media\/1300"}],"wp:attachment":[{"href":"https:\/\/turismopalencia.digital\/index.php\/wp-json\/wp\/v2\/media?parent=249"}],"curies":[{"name":"wp","href":"https:\/\/api.w.org\/{rel}","templated":true}]}}