{"id":25,"date":"2022-02-17T19:24:02","date_gmt":"2022-02-17T19:24:02","guid":{"rendered":"http:\/\/turismopalencia.digital\/?page_id=25"},"modified":"2022-03-14T13:27:35","modified_gmt":"2022-03-14T13:27:35","slug":"historia","status":"publish","type":"page","link":"https:\/\/turismopalencia.digital\/index.php\/historia\/","title":{"rendered":"Historia"},"content":{"rendered":"\n\n\n<p><strong>Los or\u00edgenes hist\u00f3ricos de la ciudad quedan inciertos, pero de lo que s\u00ed hay constataci\u00f3n arqueol\u00f3gica es de asentamientos prerromanos en el solar de la ciudad actual, a la que los celt\u00edberos denominaron Pallantia. El pueblo que la ocup\u00f3 fue el de los vacceos: el m\u00e1s culto de las tribus celt\u00edberas, agrario y con una poderosa organizaci\u00f3n militar. El rastro m\u00e1s evidente de romanizaci\u00f3n que queda en la ciudad es el Puentecillas, cuyo primitivo origen romano ha sido remodelado varias veces. En la Hispania visigoda fue sede episcopal de la Iglesia cat\u00f3lica. Se desarroll\u00f3 como ciudad durante la Reconquista por los reyes asturleoneses. La Edad Media es el per\u00edodo m\u00e1s turbulento de la historia de la ciudad, pero tambi\u00e9n el de mayor proyecci\u00f3n en los acontecimientos en la historia del Reino de Le\u00f3n y del Reino de Castilla.<\/strong><\/p>\n\n\n\n<div class=\"wp-block-media-text alignwide is-stacked-on-mobile\"><figure class=\"wp-block-media-text__media\"><img loading=\"lazy\" width=\"633\" height=\"309\" src=\"http:\/\/turismopalencia.digital\/wp-content\/uploads\/2022\/02\/puentecillas.jpg\" alt=\"\" class=\"wp-image-85 size-full\" srcset=\"https:\/\/turismopalencia.digital\/wp-content\/uploads\/2022\/02\/puentecillas.jpg 633w, https:\/\/turismopalencia.digital\/wp-content\/uploads\/2022\/02\/puentecillas-300x146.jpg 300w, https:\/\/turismopalencia.digital\/wp-content\/uploads\/2022\/02\/puentecillas-20x10.jpg 20w\" sizes=\"(max-width: 633px) 100vw, 633px\" \/><\/figure><div class=\"wp-block-media-text__content\">\n<p><strong>Alfonso VIII de Castilla fue el m\u00e1s decidido impulsor de la ciudad, al concederle fueros y el primer concejo libre, y establecer entre los a\u00f1os 1208 y 1212, a instancias del Obispo Tello T\u00e9llez de Meneses, una instituci\u00f3n educativa que fue la primera Universidad de Espa\u00f1a denominada Universidad de Palencia o Estudio General de Palencia.<\/strong><\/p>\n\n\n\n<figure class=\"wp-block-gallery has-nested-images columns-default is-cropped\">\n<figure class=\"wp-block-image size-large\"><img loading=\"lazy\" width=\"662\" height=\"1024\" src=\"http:\/\/turismopalencia.digital\/wp-content\/uploads\/2022\/02\/duque-de-lancaster-662x1024.jpg\" alt=\"\" class=\"wp-image-88\" srcset=\"https:\/\/turismopalencia.digital\/wp-content\/uploads\/2022\/02\/duque-de-lancaster-662x1024.jpg 662w, https:\/\/turismopalencia.digital\/wp-content\/uploads\/2022\/02\/duque-de-lancaster-194x300.jpg 194w, https:\/\/turismopalencia.digital\/wp-content\/uploads\/2022\/02\/duque-de-lancaster-768x1187.jpg 768w, https:\/\/turismopalencia.digital\/wp-content\/uploads\/2022\/02\/duque-de-lancaster-6x10.jpg 6w, https:\/\/turismopalencia.digital\/wp-content\/uploads\/2022\/02\/duque-de-lancaster.jpg 841w\" sizes=\"(max-width: 662px) 100vw, 662px\" \/><\/figure>\n<\/figure>\n<\/div><\/div>\n\n\n\n<div class=\"wp-block-media-text alignwide is-stacked-on-mobile\"><figure class=\"wp-block-media-text__media\"><img loading=\"lazy\" width=\"1024\" height=\"569\" src=\"http:\/\/turismopalencia.digital\/wp-content\/uploads\/2022\/02\/Imagen1-1024x569.png\" alt=\"\" class=\"wp-image-87 size-full\" srcset=\"https:\/\/turismopalencia.digital\/wp-content\/uploads\/2022\/02\/Imagen1-1024x569.png 1024w, https:\/\/turismopalencia.digital\/wp-content\/uploads\/2022\/02\/Imagen1-300x167.png 300w, https:\/\/turismopalencia.digital\/wp-content\/uploads\/2022\/02\/Imagen1-768x427.png 768w, https:\/\/turismopalencia.digital\/wp-content\/uploads\/2022\/02\/Imagen1-1536x853.png 1536w, https:\/\/turismopalencia.digital\/wp-content\/uploads\/2022\/02\/Imagen1-2048x1138.png 2048w, https:\/\/turismopalencia.digital\/wp-content\/uploads\/2022\/02\/Imagen1-18x10.png 18w\" sizes=\"(max-width: 1024px) 100vw, 1024px\" \/><\/figure><div class=\"wp-block-media-text__content\">\n<p><strong>Es tambi\u00e9n de destacar que, en 1388, mientras los palentinos estaban fuera de la ciudad, tropas del Duque de Lancaster llegaron con intenci\u00f3n de saquear la ciudad, la cual fue defendida valerosamente por las mujeres palentinas evitando que Lancaster sometiera a Palencia. Por ello se premi\u00f3 a la mujer palentina con la banda amarilla de honor,<\/strong> <strong>que s\u00f3lo podia llevar los hombres<\/strong> <strong>y que hoy d\u00eda queda patente<\/strong> <strong>en el traje regional.<\/strong><\/p>\n<\/div><\/div>\n\n\n\n<figure class=\"wp-block-gallery has-nested-images columns-default is-cropped\">\n<figure class=\"wp-block-image size-large\"><img loading=\"lazy\" width=\"1024\" height=\"981\" data-id=\"89\"  src=\"http:\/\/turismopalencia.digital\/wp-content\/uploads\/2022\/02\/construccion-catedral-1024x981.jpg\" alt=\"\" class=\"wp-image-89\" srcset=\"https:\/\/turismopalencia.digital\/wp-content\/uploads\/2022\/02\/construccion-catedral-1024x981.jpg 1024w, https:\/\/turismopalencia.digital\/wp-content\/uploads\/2022\/02\/construccion-catedral-300x287.jpg 300w, https:\/\/turismopalencia.digital\/wp-content\/uploads\/2022\/02\/construccion-catedral-768x736.jpg 768w, https:\/\/turismopalencia.digital\/wp-content\/uploads\/2022\/02\/construccion-catedral-1536x1472.jpg 1536w, https:\/\/turismopalencia.digital\/wp-content\/uploads\/2022\/02\/construccion-catedral-10x10.jpg 10w, https:\/\/turismopalencia.digital\/wp-content\/uploads\/2022\/02\/construccion-catedral.jpg 1715w\" sizes=\"(max-width: 1024px) 100vw, 1024px\" \/><\/figure>\n\n\n\n<figure class=\"wp-block-image size-large\"><img loading=\"lazy\" width=\"471\" height=\"289\" data-id=\"91\"  src=\"http:\/\/turismopalencia.digital\/wp-content\/uploads\/2022\/02\/cripta-de-san-antolin.jpg\" alt=\"\" class=\"wp-image-91\" srcset=\"https:\/\/turismopalencia.digital\/wp-content\/uploads\/2022\/02\/cripta-de-san-antolin.jpg 471w, https:\/\/turismopalencia.digital\/wp-content\/uploads\/2022\/02\/cripta-de-san-antolin-300x184.jpg 300w, https:\/\/turismopalencia.digital\/wp-content\/uploads\/2022\/02\/cripta-de-san-antolin-16x10.jpg 16w\" sizes=\"(max-width: 471px) 100vw, 471px\" \/><\/figure>\n<\/figure>\n\n\n\n<p><strong>Es en el siglo XIV cuando la importancia y el volumen que hab\u00eda ido adquiriendo la ciudad obligan a la edificaci\u00f3n de una nueva catedral capaz de satisfacer las necesidades de una poblaci\u00f3n pujante. El edificio se construy\u00f3 sobre las ruinas del anterior de estilo rom\u00e1nico, y a su vez sobre las anteriores de la catedral visigoda, quedando de todas ellas vestigios en la edificaci\u00f3n actual. Aunque la primera piedra de la nueva catedral se coloc\u00f3 en 1321, las obras no &#8220;concluyeron&#8221; hasta finales del siglo XVI.<\/strong><\/p>\n\n\n\n<div class=\"wp-block-media-text alignwide is-stacked-on-mobile\"><figure class=\"wp-block-media-text__media\"><img loading=\"lazy\" width=\"686\" height=\"437\" src=\"http:\/\/turismopalencia.digital\/wp-content\/uploads\/2022\/02\/canal-de-castilla.jpg\" alt=\"\" class=\"wp-image-92 size-full\" srcset=\"https:\/\/turismopalencia.digital\/wp-content\/uploads\/2022\/02\/canal-de-castilla.jpg 686w, https:\/\/turismopalencia.digital\/wp-content\/uploads\/2022\/02\/canal-de-castilla-300x191.jpg 300w, https:\/\/turismopalencia.digital\/wp-content\/uploads\/2022\/02\/canal-de-castilla-16x10.jpg 16w\" sizes=\"(max-width: 686px) 100vw, 686px\" \/><\/figure><div class=\"wp-block-media-text__content\">\n<p><strong>&nbsp;La prosperidad econ\u00f3mica del siglo XVI convirti\u00f3 a Palencia, junto a otras provincias castellanas, en el coraz\u00f3n econ\u00f3mico y demogr\u00e1fico del Imperio espa\u00f1ol. Ya en el siglo XVIII, el acontecimiento m\u00e1s beneficioso para la vida de la ciudad fue la construcci\u00f3n del canal de Castilla impulsada por el rey Fernando VI continuada con Carlos III, una de las m\u00e1s representativas obras de ingenier\u00eda civil de la \u00e9poca en Europa.<\/strong><\/p>\n\n\n\n<p><\/p>\n\n\n\n<p><\/p>\n\n\n\n<p><\/p>\n\n\n\n<p><\/p>\n<\/div><\/div>\n\n\n\n<div class=\"wp-block-media-text alignwide is-stacked-on-mobile\"><figure class=\"wp-block-media-text__media\"><img loading=\"lazy\" width=\"1016\" height=\"548\" src=\"http:\/\/turismopalencia.digital\/wp-content\/uploads\/2022\/02\/fabrica-de-mantas.jpg\" alt=\"\" class=\"wp-image-93 size-full\" srcset=\"https:\/\/turismopalencia.digital\/wp-content\/uploads\/2022\/02\/fabrica-de-mantas.jpg 1016w, https:\/\/turismopalencia.digital\/wp-content\/uploads\/2022\/02\/fabrica-de-mantas-300x162.jpg 300w, https:\/\/turismopalencia.digital\/wp-content\/uploads\/2022\/02\/fabrica-de-mantas-768x414.jpg 768w, https:\/\/turismopalencia.digital\/wp-content\/uploads\/2022\/02\/fabrica-de-mantas-19x10.jpg 19w\" sizes=\"(max-width: 1016px) 100vw, 1016px\" \/><\/figure><div class=\"wp-block-media-text__content\">\n<p><strong>El siglo XX dej\u00f3 una importante huella en la ciudad. La I Guerra Mundial y la Guerra Civil Espa\u00f1ola favorecieron, hasta cierto punto, el desarrollo econ\u00f3mico de la ciudad, cuyas industrias (harina, lana, armas) eran imprescindibles para el abastecimiento de los beligerantes.<\/strong><\/p>\n<\/div><\/div>\n\n\n\n<div class=\"wp-block-media-text alignwide is-stacked-on-mobile\"><figure class=\"wp-block-media-text__media\"><img loading=\"lazy\" width=\"188\" height=\"268\" src=\"http:\/\/turismopalencia.digital\/wp-content\/uploads\/2022\/02\/cnstruccion-cristo-del-otero.jpg\" alt=\"\" class=\"wp-image-94 size-full\" srcset=\"https:\/\/turismopalencia.digital\/wp-content\/uploads\/2022\/02\/cnstruccion-cristo-del-otero.jpg 188w, https:\/\/turismopalencia.digital\/wp-content\/uploads\/2022\/02\/cnstruccion-cristo-del-otero-7x10.jpg 7w\" sizes=\"(max-width: 188px) 100vw, 188px\" \/><\/figure><div class=\"wp-block-media-text__content\">\n<p><strong>En el siglo XX destac\u00f3 la actividad creativa de importantes artistas palentinos, como el escultor Victorio Macho con su c\u00e9lebre Cristo del Otero y su Monumento a Berruguete o el arquitecto Jer\u00f3nimo Arroyo que dej\u00f3 en la ciudad multitud de edificios y palacios como el Palacio de la Diputaci\u00f3n, el Colegio Villandrando , el Instituto Jorge Manrique o el actual Centro de Salud de la Puebla.<\/strong><\/p>\n\n\n\n<figure class=\"wp-block-gallery has-nested-images columns-default is-cropped\">\n<figure class=\"wp-block-image size-large\"><img loading=\"lazy\" width=\"268\" height=\"188\" src=\"http:\/\/turismopalencia.digital\/wp-content\/uploads\/2022\/02\/cerro-del-otero-1.jpg\" alt=\"\" class=\"wp-image-95\" srcset=\"https:\/\/turismopalencia.digital\/wp-content\/uploads\/2022\/02\/cerro-del-otero-1.jpg 268w, https:\/\/turismopalencia.digital\/wp-content\/uploads\/2022\/02\/cerro-del-otero-1-14x10.jpg 14w\" sizes=\"(max-width: 268px) 100vw, 268px\" \/><\/figure>\n\n\n\n<figure class=\"wp-block-image size-large\"><img loading=\"lazy\" width=\"601\" height=\"368\" src=\"http:\/\/turismopalencia.digital\/wp-content\/uploads\/2022\/02\/cristo-del-otero.jpg\" alt=\"\" class=\"wp-image-96\" srcset=\"https:\/\/turismopalencia.digital\/wp-content\/uploads\/2022\/02\/cristo-del-otero.jpg 601w, https:\/\/turismopalencia.digital\/wp-content\/uploads\/2022\/02\/cristo-del-otero-300x184.jpg 300w, https:\/\/turismopalencia.digital\/wp-content\/uploads\/2022\/02\/cristo-del-otero-16x10.jpg 16w\" sizes=\"(max-width: 601px) 100vw, 601px\" \/><\/figure>\n<\/figure>\n<\/div><\/div>\n\n\n\n<hr class=\"wp-block-separator\"\/>\n","protected":false},"excerpt":{"rendered":"<p>Los or\u00edgenes hist\u00f3ricos de la ciudad quedan inciertos, pero de lo que s\u00ed hay constataci\u00f3n arqueol\u00f3gica es de asentamientos prerromanos en el solar de la &hellip;<\/p>\n","protected":false},"author":1,"featured_media":1148,"parent":0,"menu_order":0,"comment_status":"closed","ping_status":"closed","template":"","meta":{"_monsterinsights_skip_tracking":false,"_monsterinsights_sitenote_active":false,"_monsterinsights_sitenote_note":"","_monsterinsights_sitenote_category":0},"_links":{"self":[{"href":"https:\/\/turismopalencia.digital\/index.php\/wp-json\/wp\/v2\/pages\/25"}],"collection":[{"href":"https:\/\/turismopalencia.digital\/index.php\/wp-json\/wp\/v2\/pages"}],"about":[{"href":"https:\/\/turismopalencia.digital\/index.php\/wp-json\/wp\/v2\/types\/page"}],"author":[{"embeddable":true,"href":"https:\/\/turismopalencia.digital\/index.php\/wp-json\/wp\/v2\/users\/1"}],"replies":[{"embeddable":true,"href":"https:\/\/turismopalencia.digital\/index.php\/wp-json\/wp\/v2\/comments?post=25"}],"version-history":[{"count":7,"href":"https:\/\/turismopalencia.digital\/index.php\/wp-json\/wp\/v2\/pages\/25\/revisions"}],"predecessor-version":[{"id":955,"href":"https:\/\/turismopalencia.digital\/index.php\/wp-json\/wp\/v2\/pages\/25\/revisions\/955"}],"wp:featuredmedia":[{"embeddable":true,"href":"https:\/\/turismopalencia.digital\/index.php\/wp-json\/wp\/v2\/media\/1148"}],"wp:attachment":[{"href":"https:\/\/turismopalencia.digital\/index.php\/wp-json\/wp\/v2\/media?parent=25"}],"curies":[{"name":"wp","href":"https:\/\/api.w.org\/{rel}","templated":true}]}}