{"id":250,"date":"2022-02-17T22:18:10","date_gmt":"2022-02-17T22:18:10","guid":{"rendered":"http:\/\/turismopalencia.digital\/?page_id=250"},"modified":"2022-04-04T20:18:36","modified_gmt":"2022-04-04T20:18:36","slug":"huerta-guadian","status":"publish","type":"page","link":"https:\/\/turismopalencia.digital\/index.php\/huerta-guadian\/","title":{"rendered":"Huerta Guadi\u00e1n"},"content":{"rendered":"\n<hr class=\"wp-block-separator\"\/>\n\n\n\n<figure class=\"wp-block-image size-full is-resized\"><img loading=\"lazy\" src=\"http:\/\/turismopalencia.digital\/wp-content\/uploads\/2022\/02\/A1-1201179959.jpg\" alt=\"\" class=\"wp-image-597\" width=\"1237\" height=\"824\" srcset=\"https:\/\/turismopalencia.digital\/wp-content\/uploads\/2022\/02\/A1-1201179959.jpg 800w, https:\/\/turismopalencia.digital\/wp-content\/uploads\/2022\/02\/A1-1201179959-300x200.jpg 300w, https:\/\/turismopalencia.digital\/wp-content\/uploads\/2022\/02\/A1-1201179959-768x512.jpg 768w, https:\/\/turismopalencia.digital\/wp-content\/uploads\/2022\/02\/A1-1201179959-15x10.jpg 15w\" sizes=\"(max-width: 1237px) 100vw, 1237px\" \/><figcaption>Huerta Guadi\u00e1n<\/figcaption><\/figure>\n\n\n\n<hr class=\"wp-block-separator\"\/>\n\n\n\n<p><strong>Parque situado en el extremo sureste del centro de Palencia es un ejemplo de parque rom\u00e1ntico, t\u00edpico de la ciudad. Sus elementos a destacar son las plantaciones de flores, los \u00e1rboles de hoja caduca, las fuentes que posee y sus peque\u00f1os monumentos. Son de destacar tambi\u00e9n sus pavos reales que entre los otros elementos le confieren ese aspecto rom\u00e1ntico enchiladas.<\/strong><br><strong>&nbsp;&nbsp;&nbsp;&nbsp;&nbsp;&nbsp;Monumentos que contiene:<\/strong><br><strong>&nbsp;&nbsp;&nbsp;&nbsp;&nbsp;&nbsp;Ermita de San Juan Bautista<\/strong><br><strong>&nbsp;&nbsp;&nbsp;&nbsp;&nbsp;\u00c1bside de la ermita rom\u00e1nica de San Juan Bautista.<\/strong><br><strong>&nbsp;&nbsp;&nbsp;&nbsp;&nbsp;Grupo escult\u00f3rico de Teo Calvo<\/strong><br><strong>&nbsp;&nbsp;&nbsp;&nbsp;&nbsp;Grupo escult\u00f3rico funerario<\/strong><br><strong>&nbsp;&nbsp;&nbsp;&nbsp;&nbsp;Reloj de Sol de la Huerta Guadi\u00e1n<\/strong><br><strong>&nbsp;&nbsp;&nbsp;&nbsp;&nbsp;Monumento a Indalecio L\u00f3pez<\/strong><\/p>\n\n\n\n<figure class=\"wp-block-gallery has-nested-images columns-default is-cropped\">\n<figure class=\"wp-block-image size-large\"><img loading=\"lazy\" width=\"220\" height=\"293\" data-id=\"599\"  src=\"http:\/\/turismopalencia.digital\/wp-content\/uploads\/2022\/02\/220px-Teo_Calvo.jpg\" alt=\"\" class=\"wp-image-599\" srcset=\"https:\/\/turismopalencia.digital\/wp-content\/uploads\/2022\/02\/220px-Teo_Calvo.jpg 220w, https:\/\/turismopalencia.digital\/wp-content\/uploads\/2022\/02\/220px-Teo_Calvo-8x10.jpg 8w\" sizes=\"(max-width: 220px) 100vw, 220px\" \/><\/figure>\n\n\n\n<figure class=\"wp-block-image size-large\"><img loading=\"lazy\" width=\"817\" height=\"505\" data-id=\"601\"  src=\"http:\/\/turismopalencia.digital\/wp-content\/uploads\/2022\/02\/124090296-1.jpg\" alt=\"\" class=\"wp-image-601\" srcset=\"https:\/\/turismopalencia.digital\/wp-content\/uploads\/2022\/02\/124090296-1.jpg 817w, https:\/\/turismopalencia.digital\/wp-content\/uploads\/2022\/02\/124090296-1-300x185.jpg 300w, https:\/\/turismopalencia.digital\/wp-content\/uploads\/2022\/02\/124090296-1-768x475.jpg 768w, https:\/\/turismopalencia.digital\/wp-content\/uploads\/2022\/02\/124090296-1-16x10.jpg 16w\" sizes=\"(max-width: 817px) 100vw, 817px\" \/><\/figure>\n\n\n\n<figure class=\"wp-block-image size-large\"><img loading=\"lazy\" width=\"821\" height=\"507\" data-id=\"602\"  src=\"http:\/\/turismopalencia.digital\/wp-content\/uploads\/2022\/02\/124124061.jpg\" alt=\"\" class=\"wp-image-602\" srcset=\"https:\/\/turismopalencia.digital\/wp-content\/uploads\/2022\/02\/124124061.jpg 821w, https:\/\/turismopalencia.digital\/wp-content\/uploads\/2022\/02\/124124061-300x185.jpg 300w, https:\/\/turismopalencia.digital\/wp-content\/uploads\/2022\/02\/124124061-768x474.jpg 768w, https:\/\/turismopalencia.digital\/wp-content\/uploads\/2022\/02\/124124061-16x10.jpg 16w\" sizes=\"(max-width: 821px) 100vw, 821px\" \/><\/figure>\n\n\n\n<figure class=\"wp-block-image size-large\"><img loading=\"lazy\" width=\"1024\" height=\"768\" data-id=\"604\"  src=\"http:\/\/turismopalencia.digital\/wp-content\/uploads\/2022\/02\/6054146407_e44c66a492_b.jpg\" alt=\"\" class=\"wp-image-604\" srcset=\"https:\/\/turismopalencia.digital\/wp-content\/uploads\/2022\/02\/6054146407_e44c66a492_b.jpg 1024w, https:\/\/turismopalencia.digital\/wp-content\/uploads\/2022\/02\/6054146407_e44c66a492_b-300x225.jpg 300w, https:\/\/turismopalencia.digital\/wp-content\/uploads\/2022\/02\/6054146407_e44c66a492_b-768x576.jpg 768w, https:\/\/turismopalencia.digital\/wp-content\/uploads\/2022\/02\/6054146407_e44c66a492_b-13x10.jpg 13w\" sizes=\"(max-width: 1024px) 100vw, 1024px\" \/><\/figure>\n\n\n\n<figure class=\"wp-block-image size-large\"><img loading=\"lazy\" width=\"650\" height=\"225\" data-id=\"600\"  src=\"http:\/\/turismopalencia.digital\/wp-content\/uploads\/2022\/02\/huerta-guadian-05.jpg\" alt=\"\" class=\"wp-image-600\" srcset=\"https:\/\/turismopalencia.digital\/wp-content\/uploads\/2022\/02\/huerta-guadian-05.jpg 650w, https:\/\/turismopalencia.digital\/wp-content\/uploads\/2022\/02\/huerta-guadian-05-300x104.jpg 300w, https:\/\/turismopalencia.digital\/wp-content\/uploads\/2022\/02\/huerta-guadian-05-29x10.jpg 29w\" sizes=\"(max-width: 650px) 100vw, 650px\" \/><\/figure>\n\n\n\n<figure class=\"wp-block-image size-large\"><img loading=\"lazy\" width=\"940\" height=\"620\" data-id=\"605\"  src=\"http:\/\/turismopalencia.digital\/wp-content\/uploads\/2022\/02\/parque-de-la-huerta-del-guardian-1.jpg__940x620_q83-1.jpg\" alt=\"\" class=\"wp-image-605\" srcset=\"https:\/\/turismopalencia.digital\/wp-content\/uploads\/2022\/02\/parque-de-la-huerta-del-guardian-1.jpg__940x620_q83-1.jpg 940w, https:\/\/turismopalencia.digital\/wp-content\/uploads\/2022\/02\/parque-de-la-huerta-del-guardian-1.jpg__940x620_q83-1-300x198.jpg 300w, https:\/\/turismopalencia.digital\/wp-content\/uploads\/2022\/02\/parque-de-la-huerta-del-guardian-1.jpg__940x620_q83-1-768x507.jpg 768w, https:\/\/turismopalencia.digital\/wp-content\/uploads\/2022\/02\/parque-de-la-huerta-del-guardian-1.jpg__940x620_q83-1-15x10.jpg 15w\" sizes=\"(max-width: 940px) 100vw, 940px\" \/><\/figure>\n<\/figure>\n\n\n\n<hr class=\"wp-block-separator\"\/>\n\n\n\n<p><strong>Paseo Nuestra Se\u00f1ora de los Angeles, 6<\/strong><br><strong>34002 Palencia<\/strong><\/p>\n\n\n\n<hr class=\"wp-block-separator\"\/>\n\n\n\n<div class=\"wp-container-1 wp-block-buttons\">\n<div class=\"wp-block-button\"><a class=\"wp-block-button__link\" href=\"https:\/\/www.google.com\/maps\/place\/Parque+Huerta+de+Guadi%C3%A1n\/@42.007636,-4.524845,15z\/data=!4m2!3m1!1s0x0:0x1b3de38c04814939?sa=X&amp;ved=2ahUKEwj2iYvSn4n2AhVG_7sIHdR3CJUQ_BJ6BAgkEAU\" target=\"_blank\" rel=\"noreferrer noopener\">C\u00f3mo llegar<\/a><\/div>\n<\/div>\n\n\n\n<hr class=\"wp-block-separator\"\/>\n\n\n\n<hr class=\"wp-block-separator\"\/>\n","protected":false},"excerpt":{"rendered":"<p>Parque situado en el extremo sureste del centro de Palencia es un ejemplo de parque rom\u00e1ntico, t\u00edpico de la ciudad. Sus elementos a destacar son &hellip;<\/p>\n","protected":false},"author":1,"featured_media":1302,"parent":0,"menu_order":0,"comment_status":"closed","ping_status":"closed","template":"","meta":{"_monsterinsights_skip_tracking":false,"_monsterinsights_sitenote_active":false,"_monsterinsights_sitenote_note":"","_monsterinsights_sitenote_category":0},"_links":{"self":[{"href":"https:\/\/turismopalencia.digital\/index.php\/wp-json\/wp\/v2\/pages\/250"}],"collection":[{"href":"https:\/\/turismopalencia.digital\/index.php\/wp-json\/wp\/v2\/pages"}],"about":[{"href":"https:\/\/turismopalencia.digital\/index.php\/wp-json\/wp\/v2\/types\/page"}],"author":[{"embeddable":true,"href":"https:\/\/turismopalencia.digital\/index.php\/wp-json\/wp\/v2\/users\/1"}],"replies":[{"embeddable":true,"href":"https:\/\/turismopalencia.digital\/index.php\/wp-json\/wp\/v2\/comments?post=250"}],"version-history":[{"count":4,"href":"https:\/\/turismopalencia.digital\/index.php\/wp-json\/wp\/v2\/pages\/250\/revisions"}],"predecessor-version":[{"id":1303,"href":"https:\/\/turismopalencia.digital\/index.php\/wp-json\/wp\/v2\/pages\/250\/revisions\/1303"}],"wp:featuredmedia":[{"embeddable":true,"href":"https:\/\/turismopalencia.digital\/index.php\/wp-json\/wp\/v2\/media\/1302"}],"wp:attachment":[{"href":"https:\/\/turismopalencia.digital\/index.php\/wp-json\/wp\/v2\/media?parent=250"}],"curies":[{"name":"wp","href":"https:\/\/api.w.org\/{rel}","templated":true}]}}