{"id":251,"date":"2022-02-17T22:18:10","date_gmt":"2022-02-17T22:18:10","guid":{"rendered":"http:\/\/turismopalencia.digital\/?page_id=251"},"modified":"2022-04-04T20:20:00","modified_gmt":"2022-04-04T20:20:00","slug":"huertas-del-obispo","status":"publish","type":"page","link":"https:\/\/turismopalencia.digital\/index.php\/huertas-del-obispo\/","title":{"rendered":"Huertas del Obispo"},"content":{"rendered":"\n<hr class=\"wp-block-separator\"\/>\n\n\n\n<figure class=\"wp-block-image size-full is-resized\"><img loading=\"lazy\" src=\"http:\/\/turismopalencia.digital\/wp-content\/uploads\/2022\/02\/foto_huerta_del_obispo0-1024x576-2.jpg\" alt=\"\" class=\"wp-image-608\" width=\"1241\" height=\"699\" srcset=\"https:\/\/turismopalencia.digital\/wp-content\/uploads\/2022\/02\/foto_huerta_del_obispo0-1024x576-2.jpg 1024w, https:\/\/turismopalencia.digital\/wp-content\/uploads\/2022\/02\/foto_huerta_del_obispo0-1024x576-2-300x169.jpg 300w, https:\/\/turismopalencia.digital\/wp-content\/uploads\/2022\/02\/foto_huerta_del_obispo0-1024x576-2-768x432.jpg 768w, https:\/\/turismopalencia.digital\/wp-content\/uploads\/2022\/02\/foto_huerta_del_obispo0-1024x576-2-18x10.jpg 18w\" sizes=\"(max-width: 1241px) 100vw, 1241px\" \/><\/figure>\n\n\n\n<hr class=\"wp-block-separator\"\/>\n\n\n\n<p><strong>Tiene zonas para todos los gustos: parque infantil, zona de paseo, zonas deportivas, sombras para relajarse, jardines donde tumbarse e incluso dispone de un bar en su interior. Sin duda, es un parque en el que puede disfrutar cada miembro de la familia. Est\u00e1 situado, al igual que los anteriores, en los alrededores del r\u00edo Carri\u00f3n.<\/strong><\/p>\n\n\n\n<hr class=\"wp-block-separator\"\/>\n\n\n\n<figure class=\"wp-block-gallery has-nested-images columns-default is-cropped\">\n<figure class=\"wp-block-image size-large\"><img loading=\"lazy\" width=\"644\" height=\"483\" data-id=\"611\"  src=\"http:\/\/turismopalencia.digital\/wp-content\/uploads\/2022\/02\/52374019-AD23-52EE-315AF66526EB0B67.jpg\" alt=\"\" class=\"wp-image-611\" srcset=\"https:\/\/turismopalencia.digital\/wp-content\/uploads\/2022\/02\/52374019-AD23-52EE-315AF66526EB0B67.jpg 644w, https:\/\/turismopalencia.digital\/wp-content\/uploads\/2022\/02\/52374019-AD23-52EE-315AF66526EB0B67-300x225.jpg 300w, https:\/\/turismopalencia.digital\/wp-content\/uploads\/2022\/02\/52374019-AD23-52EE-315AF66526EB0B67-13x10.jpg 13w\" sizes=\"(max-width: 644px) 100vw, 644px\" \/><\/figure>\n\n\n\n<figure class=\"wp-block-image size-large\"><img loading=\"lazy\" width=\"650\" height=\"280\" data-id=\"610\"  src=\"http:\/\/turismopalencia.digital\/wp-content\/uploads\/2022\/02\/huertas-obispo-03.jpg\" alt=\"\" class=\"wp-image-610\" srcset=\"https:\/\/turismopalencia.digital\/wp-content\/uploads\/2022\/02\/huertas-obispo-03.jpg 650w, https:\/\/turismopalencia.digital\/wp-content\/uploads\/2022\/02\/huertas-obispo-03-300x129.jpg 300w, https:\/\/turismopalencia.digital\/wp-content\/uploads\/2022\/02\/huertas-obispo-03-23x10.jpg 23w\" sizes=\"(max-width: 650px) 100vw, 650px\" \/><\/figure>\n\n\n\n<figure class=\"wp-block-image size-large\"><img loading=\"lazy\" width=\"1024\" height=\"576\" data-id=\"613\"  src=\"http:\/\/turismopalencia.digital\/wp-content\/uploads\/2022\/02\/maxresdefault-1-1-1024x576.jpg\" alt=\"\" class=\"wp-image-613\" srcset=\"https:\/\/turismopalencia.digital\/wp-content\/uploads\/2022\/02\/maxresdefault-1-1-1024x576.jpg 1024w, https:\/\/turismopalencia.digital\/wp-content\/uploads\/2022\/02\/maxresdefault-1-1-300x169.jpg 300w, https:\/\/turismopalencia.digital\/wp-content\/uploads\/2022\/02\/maxresdefault-1-1-768x432.jpg 768w, https:\/\/turismopalencia.digital\/wp-content\/uploads\/2022\/02\/maxresdefault-1-1-18x10.jpg 18w, https:\/\/turismopalencia.digital\/wp-content\/uploads\/2022\/02\/maxresdefault-1-1.jpg 1280w\" sizes=\"(max-width: 1024px) 100vw, 1024px\" \/><\/figure>\n\n\n\n<figure class=\"wp-block-image size-large\"><img loading=\"lazy\" width=\"1024\" height=\"576\" data-id=\"614\"  src=\"http:\/\/turismopalencia.digital\/wp-content\/uploads\/2022\/02\/maxresdefault-2-1024x576.jpg\" alt=\"\" class=\"wp-image-614\" srcset=\"https:\/\/turismopalencia.digital\/wp-content\/uploads\/2022\/02\/maxresdefault-2-1024x576.jpg 1024w, https:\/\/turismopalencia.digital\/wp-content\/uploads\/2022\/02\/maxresdefault-2-300x169.jpg 300w, https:\/\/turismopalencia.digital\/wp-content\/uploads\/2022\/02\/maxresdefault-2-768x432.jpg 768w, https:\/\/turismopalencia.digital\/wp-content\/uploads\/2022\/02\/maxresdefault-2-18x10.jpg 18w, https:\/\/turismopalencia.digital\/wp-content\/uploads\/2022\/02\/maxresdefault-2.jpg 1280w\" sizes=\"(max-width: 1024px) 100vw, 1024px\" \/><\/figure>\n\n\n\n<figure class=\"wp-block-image size-large\"><img loading=\"lazy\" width=\"550\" height=\"412\" data-id=\"612\"  src=\"http:\/\/turismopalencia.digital\/wp-content\/uploads\/2022\/02\/palencia.jpg\" alt=\"\" class=\"wp-image-612\" srcset=\"https:\/\/turismopalencia.digital\/wp-content\/uploads\/2022\/02\/palencia.jpg 550w, https:\/\/turismopalencia.digital\/wp-content\/uploads\/2022\/02\/palencia-300x225.jpg 300w, https:\/\/turismopalencia.digital\/wp-content\/uploads\/2022\/02\/palencia-13x10.jpg 13w\" sizes=\"(max-width: 550px) 100vw, 550px\" \/><\/figure>\n<\/figure>\n\n\n\n<hr class=\"wp-block-separator\"\/>\n\n\n\n<p><strong>Avenida Castilla, 25<\/strong><br><strong>34005 Palencia<\/strong><\/p>\n\n\n\n<hr class=\"wp-block-separator\"\/>\n\n\n\n<div class=\"wp-container-1 wp-block-buttons\">\n<div class=\"wp-block-button\"><a class=\"wp-block-button__link\" href=\"https:\/\/www.google.com\/maps\/place\/Huertas+del+Obispo\/@42.013852,-4.5415378,15z\/data=!4m2!3m1!1s0x0:0x3472900cb8fac3b2?sa=X&amp;ved=2ahUKEwjt5YKxoIn2AhVt57sIHXUyCKwQ_BJ6BAgiEAU\" target=\"_blank\" rel=\"noreferrer noopener\">C\u00f3mo llegar<\/a><\/div>\n<\/div>\n\n\n\n<hr class=\"wp-block-separator\"\/>\n\n\n\n<hr class=\"wp-block-separator\"\/>\n","protected":false},"excerpt":{"rendered":"<p>Tiene zonas para todos los gustos: parque infantil, zona de paseo, zonas deportivas, sombras para relajarse, jardines donde tumbarse e incluso dispone de un bar &hellip;<\/p>\n","protected":false},"author":1,"featured_media":1304,"parent":0,"menu_order":0,"comment_status":"closed","ping_status":"closed","template":"","meta":{"_monsterinsights_skip_tracking":false,"_monsterinsights_sitenote_active":false,"_monsterinsights_sitenote_note":"","_monsterinsights_sitenote_category":0},"_links":{"self":[{"href":"https:\/\/turismopalencia.digital\/index.php\/wp-json\/wp\/v2\/pages\/251"}],"collection":[{"href":"https:\/\/turismopalencia.digital\/index.php\/wp-json\/wp\/v2\/pages"}],"about":[{"href":"https:\/\/turismopalencia.digital\/index.php\/wp-json\/wp\/v2\/types\/page"}],"author":[{"embeddable":true,"href":"https:\/\/turismopalencia.digital\/index.php\/wp-json\/wp\/v2\/users\/1"}],"replies":[{"embeddable":true,"href":"https:\/\/turismopalencia.digital\/index.php\/wp-json\/wp\/v2\/comments?post=251"}],"version-history":[{"count":2,"href":"https:\/\/turismopalencia.digital\/index.php\/wp-json\/wp\/v2\/pages\/251\/revisions"}],"predecessor-version":[{"id":615,"href":"https:\/\/turismopalencia.digital\/index.php\/wp-json\/wp\/v2\/pages\/251\/revisions\/615"}],"wp:featuredmedia":[{"embeddable":true,"href":"https:\/\/turismopalencia.digital\/index.php\/wp-json\/wp\/v2\/media\/1304"}],"wp:attachment":[{"href":"https:\/\/turismopalencia.digital\/index.php\/wp-json\/wp\/v2\/media?parent=251"}],"curies":[{"name":"wp","href":"https:\/\/api.w.org\/{rel}","templated":true}]}}