{"id":254,"date":"2022-02-17T22:18:10","date_gmt":"2022-02-17T22:18:10","guid":{"rendered":"http:\/\/turismopalencia.digital\/?page_id=254"},"modified":"2022-04-04T20:23:44","modified_gmt":"2022-04-04T20:23:44","slug":"lecrac","status":"publish","type":"page","link":"https:\/\/turismopalencia.digital\/index.php\/lecrac\/","title":{"rendered":"LECRAC"},"content":{"rendered":"\n<hr class=\"wp-block-separator\"\/>\n\n\n\n<figure class=\"wp-block-image size-full is-resized\"><img loading=\"lazy\" src=\"http:\/\/turismopalencia.digital\/wp-content\/uploads\/2022\/02\/1446187207_966173_1446187295_noticia_normal-1.jpg\" alt=\"\" class=\"wp-image-637\" width=\"1238\" height=\"696\" srcset=\"https:\/\/turismopalencia.digital\/wp-content\/uploads\/2022\/02\/1446187207_966173_1446187295_noticia_normal-1.jpg 770w, https:\/\/turismopalencia.digital\/wp-content\/uploads\/2022\/02\/1446187207_966173_1446187295_noticia_normal-1-300x169.jpg 300w, https:\/\/turismopalencia.digital\/wp-content\/uploads\/2022\/02\/1446187207_966173_1446187295_noticia_normal-1-768x432.jpg 768w, https:\/\/turismopalencia.digital\/wp-content\/uploads\/2022\/02\/1446187207_966173_1446187295_noticia_normal-1-18x10.jpg 18w\" sizes=\"(max-width: 1238px) 100vw, 1238px\" \/><figcaption>LECRAC<\/figcaption><\/figure>\n\n\n\n<hr class=\"wp-block-separator\"\/>\n\n\n\n<p><strong>El Centro Cultural entr\u00f3 en funcionamiento el d\u00eda 1 de julio de 2014, una vez concluidas las obras de reforma de la antigua Prisi\u00f3n Provincial de Palencia, que era el uso para el que inicialmente se construy\u00f3 el edificio . En la actualidad es la sede del Servicio de Cultura y Fiestas del Ayuntamiento de Palencia.<\/strong><br><strong>&nbsp;&nbsp;&nbsp;&nbsp;&nbsp;El Centro dispone de dos salas de exposiciones, auditorio, sala infantil, sala de estudio, sala de juventud y sala de mayores.<\/strong><\/p>\n\n\n\n<hr class=\"wp-block-separator\"\/>\n\n\n\n<figure class=\"wp-block-gallery has-nested-images columns-default is-cropped\">\n<figure class=\"wp-block-image size-large\"><img loading=\"lazy\" width=\"600\" height=\"380\" data-id=\"640\"  src=\"http:\/\/turismopalencia.digital\/wp-content\/uploads\/2022\/02\/amp_603302-1.jpg\" alt=\"\" class=\"wp-image-640\" srcset=\"https:\/\/turismopalencia.digital\/wp-content\/uploads\/2022\/02\/amp_603302-1.jpg 600w, https:\/\/turismopalencia.digital\/wp-content\/uploads\/2022\/02\/amp_603302-1-300x190.jpg 300w, https:\/\/turismopalencia.digital\/wp-content\/uploads\/2022\/02\/amp_603302-1-16x10.jpg 16w\" sizes=\"(max-width: 600px) 100vw, 600px\" \/><\/figure>\n\n\n\n<figure class=\"wp-block-image size-large\"><img loading=\"lazy\" width=\"800\" height=\"530\" data-id=\"642\"  src=\"http:\/\/turismopalencia.digital\/wp-content\/uploads\/2022\/02\/antigua-carcel-palencia-3.jpg\" alt=\"\" class=\"wp-image-642\" srcset=\"https:\/\/turismopalencia.digital\/wp-content\/uploads\/2022\/02\/antigua-carcel-palencia-3.jpg 800w, https:\/\/turismopalencia.digital\/wp-content\/uploads\/2022\/02\/antigua-carcel-palencia-3-300x199.jpg 300w, https:\/\/turismopalencia.digital\/wp-content\/uploads\/2022\/02\/antigua-carcel-palencia-3-768x509.jpg 768w, https:\/\/turismopalencia.digital\/wp-content\/uploads\/2022\/02\/antigua-carcel-palencia-3-15x10.jpg 15w\" sizes=\"(max-width: 800px) 100vw, 800px\" \/><\/figure>\n\n\n\n<figure class=\"wp-block-image size-large\"><img loading=\"lazy\" width=\"800\" height=\"558\" data-id=\"641\"  src=\"http:\/\/turismopalencia.digital\/wp-content\/uploads\/2022\/02\/antigua-carcel-palencia-adecac-ultimo-cero-juan-mellado_02_0.jpg\" alt=\"\" class=\"wp-image-641\" srcset=\"https:\/\/turismopalencia.digital\/wp-content\/uploads\/2022\/02\/antigua-carcel-palencia-adecac-ultimo-cero-juan-mellado_02_0.jpg 800w, https:\/\/turismopalencia.digital\/wp-content\/uploads\/2022\/02\/antigua-carcel-palencia-adecac-ultimo-cero-juan-mellado_02_0-300x209.jpg 300w, https:\/\/turismopalencia.digital\/wp-content\/uploads\/2022\/02\/antigua-carcel-palencia-adecac-ultimo-cero-juan-mellado_02_0-768x536.jpg 768w, https:\/\/turismopalencia.digital\/wp-content\/uploads\/2022\/02\/antigua-carcel-palencia-adecac-ultimo-cero-juan-mellado_02_0-14x10.jpg 14w\" sizes=\"(max-width: 800px) 100vw, 800px\" \/><\/figure>\n\n\n\n<figure class=\"wp-block-image size-large\"><img loading=\"lazy\" width=\"613\" height=\"379\" data-id=\"639\"  src=\"http:\/\/turismopalencia.digital\/wp-content\/uploads\/2022\/02\/lecrac-kJpE-U40556706481XyE-624x385@El-Norte.jpg\" alt=\"\" class=\"wp-image-639\" srcset=\"https:\/\/turismopalencia.digital\/wp-content\/uploads\/2022\/02\/lecrac-kJpE-U40556706481XyE-624x385@El-Norte.jpg 613w, https:\/\/turismopalencia.digital\/wp-content\/uploads\/2022\/02\/lecrac-kJpE-U40556706481XyE-624x385@El-Norte-300x185.jpg 300w, https:\/\/turismopalencia.digital\/wp-content\/uploads\/2022\/02\/lecrac-kJpE-U40556706481XyE-624x385@El-Norte-16x10.jpg 16w\" sizes=\"(max-width: 613px) 100vw, 613px\" \/><\/figure>\n\n\n\n<figure class=\"wp-block-image size-large\"><img loading=\"lazy\" width=\"669\" height=\"327\" data-id=\"643\"  src=\"http:\/\/turismopalencia.digital\/wp-content\/uploads\/2022\/02\/logo_lecrac.jpg\" alt=\"\" class=\"wp-image-643\" srcset=\"https:\/\/turismopalencia.digital\/wp-content\/uploads\/2022\/02\/logo_lecrac.jpg 669w, https:\/\/turismopalencia.digital\/wp-content\/uploads\/2022\/02\/logo_lecrac-300x147.jpg 300w, https:\/\/turismopalencia.digital\/wp-content\/uploads\/2022\/02\/logo_lecrac-20x10.jpg 20w\" sizes=\"(max-width: 669px) 100vw, 669px\" \/><\/figure>\n<\/figure>\n\n\n\n<hr class=\"wp-block-separator\"\/>\n\n\n\n<p><strong>Av. Valladolid, 26<\/strong><br><strong>34004 Palencia<\/strong><\/p>\n\n\n\n<p><strong>979 71 81 87<\/strong><\/p>\n\n\n\n<hr class=\"wp-block-separator\"\/>\n\n\n\n<div class=\"wp-container-1 wp-block-buttons\">\n<div class=\"wp-block-button\"><a class=\"wp-block-button__link\" href=\"https:\/\/www.google.com\/maps\/place\/Lecr%C3%A1c+-+Centro+Cultural+Antigua+C%C3%A1rcel\/@41.9994628,-4.5255384,15z\/data=!4m2!3m1!1s0x0:0x53e9e7e11df471f9?sa=X&amp;ved=2ahUKEwjw-fPho4n2AhVugv0HHU7dC1YQ_BJ6BAggEAU\" target=\"_blank\" rel=\"noreferrer noopener\">C\u00f3mo llegar<\/a><\/div>\n<\/div>\n\n\n\n<hr class=\"wp-block-separator\"\/>\n\n\n\n<hr class=\"wp-block-separator\"\/>\n","protected":false},"excerpt":{"rendered":"<p>El Centro Cultural entr\u00f3 en funcionamiento el d\u00eda 1 de julio de 2014, una vez concluidas las obras de reforma de la antigua Prisi\u00f3n Provincial &hellip;<\/p>\n","protected":false},"author":1,"featured_media":1308,"parent":0,"menu_order":0,"comment_status":"closed","ping_status":"closed","template":"","meta":{"_monsterinsights_skip_tracking":false,"_monsterinsights_sitenote_active":false,"_monsterinsights_sitenote_note":"","_monsterinsights_sitenote_category":0},"_links":{"self":[{"href":"https:\/\/turismopalencia.digital\/index.php\/wp-json\/wp\/v2\/pages\/254"}],"collection":[{"href":"https:\/\/turismopalencia.digital\/index.php\/wp-json\/wp\/v2\/pages"}],"about":[{"href":"https:\/\/turismopalencia.digital\/index.php\/wp-json\/wp\/v2\/types\/page"}],"author":[{"embeddable":true,"href":"https:\/\/turismopalencia.digital\/index.php\/wp-json\/wp\/v2\/users\/1"}],"replies":[{"embeddable":true,"href":"https:\/\/turismopalencia.digital\/index.php\/wp-json\/wp\/v2\/comments?post=254"}],"version-history":[{"count":3,"href":"https:\/\/turismopalencia.digital\/index.php\/wp-json\/wp\/v2\/pages\/254\/revisions"}],"predecessor-version":[{"id":1309,"href":"https:\/\/turismopalencia.digital\/index.php\/wp-json\/wp\/v2\/pages\/254\/revisions\/1309"}],"wp:featuredmedia":[{"embeddable":true,"href":"https:\/\/turismopalencia.digital\/index.php\/wp-json\/wp\/v2\/media\/1308"}],"wp:attachment":[{"href":"https:\/\/turismopalencia.digital\/index.php\/wp-json\/wp\/v2\/media?parent=254"}],"curies":[{"name":"wp","href":"https:\/\/api.w.org\/{rel}","templated":true}]}}