{"id":255,"date":"2022-02-17T22:18:10","date_gmt":"2022-02-17T22:18:10","guid":{"rendered":"http:\/\/turismopalencia.digital\/?page_id=255"},"modified":"2022-04-04T20:25:29","modified_gmt":"2022-04-04T20:25:29","slug":"monte-el-viejo","status":"publish","type":"page","link":"https:\/\/turismopalencia.digital\/index.php\/monte-el-viejo\/","title":{"rendered":"Monte el Viejo"},"content":{"rendered":"\n<hr class=\"wp-block-separator\"\/>\n\n\n\n<figure class=\"wp-block-image size-full is-resized\"><img loading=\"lazy\" src=\"http:\/\/turismopalencia.digital\/wp-content\/uploads\/2022\/02\/14219800-1.jpg\" alt=\"\" class=\"wp-image-645\" width=\"1240\" height=\"829\" srcset=\"https:\/\/turismopalencia.digital\/wp-content\/uploads\/2022\/02\/14219800-1.jpg 1024w, https:\/\/turismopalencia.digital\/wp-content\/uploads\/2022\/02\/14219800-1-300x201.jpg 300w, https:\/\/turismopalencia.digital\/wp-content\/uploads\/2022\/02\/14219800-1-768x514.jpg 768w, https:\/\/turismopalencia.digital\/wp-content\/uploads\/2022\/02\/14219800-1-15x10.jpg 15w\" sizes=\"(max-width: 1240px) 100vw, 1240px\" \/><figcaption>Monte El Viejo<\/figcaption><\/figure>\n\n\n\n<hr class=\"wp-block-separator\"\/>\n\n\n\n<p><strong>Con este nombre se conoce uno de los lugares preferidos por los palentinos para disfrutar de su tiempo libre por la multitud de posibilidades que ofrece para el tiempo de ocio a todas las edades.<\/strong><br><strong>&nbsp;&nbsp;&nbsp;&nbsp;&nbsp;Consiste en un \u00e1rea natural que se extiende a trav\u00e9s de 1.435 ha. a unos seis kms. del casco urbano. En el a\u00f1o 1191 fue vendida por el rey Alfonso VIII a la Ciudad y al Cabildo de la Catedral. Su gran extensi\u00f3n permite que sea disfrutada desde parajes diversos, cada uno de los cuales aporta su encanto especial.<\/strong><br><strong>&nbsp;&nbsp;&nbsp;&nbsp;&nbsp;&nbsp;En algunos, es simplemente el entorno paisaj\u00edstico y las especies animales y vegetales que los constituyen, como son los enclaves de Vallejuelos, Cigarral y Buentrigo.<\/strong><br><strong>&nbsp;&nbsp;&nbsp;&nbsp;&nbsp;En otros, son las vistas panor\u00e1micas, como en el Valle de San Juan o la Casa Peque\u00f1a. En la Casa Grande existen unas instalaciones hosteleras aprovechando un edificio construido en el siglo XVI, unas pistas deportivas y circuitos de mantenimiento f\u00edsico clasificados seg\u00fan el grado de dificultad para que sean aptos para el disfrute y la pr\u00e1ctica del ejercicio o el paseo de los visitantes de todas las edades.<\/strong><\/p>\n\n\n\n<hr class=\"wp-block-separator\"\/>\n\n\n\n<figure class=\"wp-block-gallery has-nested-images columns-default is-cropped\">\n<figure class=\"wp-block-image size-large\"><img loading=\"lazy\" width=\"644\" height=\"483\" data-id=\"648\"  src=\"http:\/\/turismopalencia.digital\/wp-content\/uploads\/2022\/02\/4A26D97E-A055-23E3-7DDC6BB8FD8E1184.jpg\" alt=\"\" class=\"wp-image-648\" srcset=\"https:\/\/turismopalencia.digital\/wp-content\/uploads\/2022\/02\/4A26D97E-A055-23E3-7DDC6BB8FD8E1184.jpg 644w, https:\/\/turismopalencia.digital\/wp-content\/uploads\/2022\/02\/4A26D97E-A055-23E3-7DDC6BB8FD8E1184-300x225.jpg 300w, https:\/\/turismopalencia.digital\/wp-content\/uploads\/2022\/02\/4A26D97E-A055-23E3-7DDC6BB8FD8E1184-13x10.jpg 13w\" sizes=\"(max-width: 644px) 100vw, 644px\" \/><\/figure>\n\n\n\n<figure class=\"wp-block-image size-large\"><img loading=\"lazy\" width=\"1024\" height=\"768\" data-id=\"650\"  src=\"http:\/\/turismopalencia.digital\/wp-content\/uploads\/2022\/02\/10586932283_431323dc24_b.jpg\" alt=\"\" class=\"wp-image-650\" srcset=\"https:\/\/turismopalencia.digital\/wp-content\/uploads\/2022\/02\/10586932283_431323dc24_b.jpg 1024w, https:\/\/turismopalencia.digital\/wp-content\/uploads\/2022\/02\/10586932283_431323dc24_b-300x225.jpg 300w, https:\/\/turismopalencia.digital\/wp-content\/uploads\/2022\/02\/10586932283_431323dc24_b-768x576.jpg 768w, https:\/\/turismopalencia.digital\/wp-content\/uploads\/2022\/02\/10586932283_431323dc24_b-13x10.jpg 13w\" sizes=\"(max-width: 1024px) 100vw, 1024px\" \/><\/figure>\n\n\n\n<figure class=\"wp-block-image size-large\"><img loading=\"lazy\" width=\"550\" height=\"406\" data-id=\"647\"  src=\"http:\/\/turismopalencia.digital\/wp-content\/uploads\/2022\/02\/mirador-monte.jpg\" alt=\"\" class=\"wp-image-647\" srcset=\"https:\/\/turismopalencia.digital\/wp-content\/uploads\/2022\/02\/mirador-monte.jpg 550w, https:\/\/turismopalencia.digital\/wp-content\/uploads\/2022\/02\/mirador-monte-300x221.jpg 300w, https:\/\/turismopalencia.digital\/wp-content\/uploads\/2022\/02\/mirador-monte-14x10.jpg 14w\" sizes=\"(max-width: 550px) 100vw, 550px\" \/><\/figure>\n\n\n\n<figure class=\"wp-block-image size-large\"><img loading=\"lazy\" width=\"1024\" height=\"639\" data-id=\"649\"  src=\"http:\/\/turismopalencia.digital\/wp-content\/uploads\/2022\/02\/Monte-refugio-1024x639.jpg\" alt=\"\" class=\"wp-image-649\" srcset=\"https:\/\/turismopalencia.digital\/wp-content\/uploads\/2022\/02\/Monte-refugio-1024x639.jpg 1024w, https:\/\/turismopalencia.digital\/wp-content\/uploads\/2022\/02\/Monte-refugio-300x187.jpg 300w, https:\/\/turismopalencia.digital\/wp-content\/uploads\/2022\/02\/Monte-refugio-768x479.jpg 768w, https:\/\/turismopalencia.digital\/wp-content\/uploads\/2022\/02\/Monte-refugio-16x10.jpg 16w, https:\/\/turismopalencia.digital\/wp-content\/uploads\/2022\/02\/Monte-refugio.jpg 1200w\" sizes=\"(max-width: 1024px) 100vw, 1024px\" \/><\/figure>\n<\/figure>\n\n\n\n<hr class=\"wp-block-separator\"\/>\n\n\n\n<p><strong>Monte el Viejo<\/strong><br><strong>34006 Palencia<\/strong><\/p>\n\n\n\n<hr class=\"wp-block-separator\"\/>\n\n\n\n<div class=\"wp-container-1 wp-block-buttons\">\n<div class=\"wp-block-button\"><a class=\"wp-block-button__link\" href=\"https:\/\/www.google.com\/search?rlz=1C1CHBF_esES919ES919&amp;tbs=lf:1,lf_ui:1&amp;tbm=lcl&amp;sxsrf=APq-WBvIlub4Kbezm_e6rnQCZR65ZYhfDg:1645188455909&amp;q=monte+el+viejo+palencia&amp;rflfq=1&amp;num=10#rlfi=hd:;si:;mv:[[42.011585499999995,-4.536230199999999],[41.9345764,-4.573187]];tbs:lrf:!1m4!1u3!2m2!3m1!1e1!1m4!1u2!2m2!2m1!1e1!2m1!1e2!2m1!1e3!3sIAE,lf:1,lf_ui:1\" target=\"_blank\" rel=\"noreferrer noopener\">C\u00f3mo llegar<\/a><\/div>\n<\/div>\n\n\n\n<hr class=\"wp-block-separator\"\/>\n\n\n\n<hr class=\"wp-block-separator\"\/>\n","protected":false},"excerpt":{"rendered":"<p>Con este nombre se conoce uno de los lugares preferidos por los palentinos para disfrutar de su tiempo libre por la multitud de posibilidades que &hellip;<\/p>\n","protected":false},"author":1,"featured_media":1310,"parent":0,"menu_order":0,"comment_status":"closed","ping_status":"closed","template":"","meta":{"_monsterinsights_skip_tracking":false,"_monsterinsights_sitenote_active":false,"_monsterinsights_sitenote_note":"","_monsterinsights_sitenote_category":0},"_links":{"self":[{"href":"https:\/\/turismopalencia.digital\/index.php\/wp-json\/wp\/v2\/pages\/255"}],"collection":[{"href":"https:\/\/turismopalencia.digital\/index.php\/wp-json\/wp\/v2\/pages"}],"about":[{"href":"https:\/\/turismopalencia.digital\/index.php\/wp-json\/wp\/v2\/types\/page"}],"author":[{"embeddable":true,"href":"https:\/\/turismopalencia.digital\/index.php\/wp-json\/wp\/v2\/users\/1"}],"replies":[{"embeddable":true,"href":"https:\/\/turismopalencia.digital\/index.php\/wp-json\/wp\/v2\/comments?post=255"}],"version-history":[{"count":3,"href":"https:\/\/turismopalencia.digital\/index.php\/wp-json\/wp\/v2\/pages\/255\/revisions"}],"predecessor-version":[{"id":1311,"href":"https:\/\/turismopalencia.digital\/index.php\/wp-json\/wp\/v2\/pages\/255\/revisions\/1311"}],"wp:featuredmedia":[{"embeddable":true,"href":"https:\/\/turismopalencia.digital\/index.php\/wp-json\/wp\/v2\/media\/1310"}],"wp:attachment":[{"href":"https:\/\/turismopalencia.digital\/index.php\/wp-json\/wp\/v2\/media?parent=255"}],"curies":[{"name":"wp","href":"https:\/\/api.w.org\/{rel}","templated":true}]}}