{"id":257,"date":"2022-02-17T22:18:10","date_gmt":"2022-02-17T22:18:10","guid":{"rendered":"http:\/\/turismopalencia.digital\/?page_id=257"},"modified":"2022-04-04T20:28:49","modified_gmt":"2022-04-04T20:28:49","slug":"pabellon-de-deportes","status":"publish","type":"page","link":"https:\/\/turismopalencia.digital\/index.php\/pabellon-de-deportes\/","title":{"rendered":"Pabell\u00f3n de Deportes"},"content":{"rendered":"\n<hr class=\"wp-block-separator\"\/>\n\n\n\n<figure class=\"wp-block-image size-full is-resized\"><img loading=\"lazy\" src=\"http:\/\/turismopalencia.digital\/wp-content\/uploads\/2022\/02\/210218ON_0509-e1520265646344-1024x623-1.jpg\" alt=\"\" class=\"wp-image-661\" width=\"1237\" height=\"753\" srcset=\"https:\/\/turismopalencia.digital\/wp-content\/uploads\/2022\/02\/210218ON_0509-e1520265646344-1024x623-1.jpg 1024w, https:\/\/turismopalencia.digital\/wp-content\/uploads\/2022\/02\/210218ON_0509-e1520265646344-1024x623-1-300x183.jpg 300w, https:\/\/turismopalencia.digital\/wp-content\/uploads\/2022\/02\/210218ON_0509-e1520265646344-1024x623-1-768x467.jpg 768w, https:\/\/turismopalencia.digital\/wp-content\/uploads\/2022\/02\/210218ON_0509-e1520265646344-1024x623-1-16x10.jpg 16w\" sizes=\"(max-width: 1237px) 100vw, 1237px\" \/><figcaption>Pabell\u00f3n de Deportes<\/figcaption><\/figure>\n\n\n\n<hr class=\"wp-block-separator\"\/>\n\n\n\n<p><strong>Fue inaugurado en un ya lejano 1979 pero fue durante las \u00faltimas temporadas cuando el Pabell\u00f3n Municipal de Palencia alcanz\u00f3 su apogeo medi\u00e1tico con los \u00e9xitos de un Palencia Baloncesto que fue escalando pelda\u00f1os en un baloncesto nacional que comenzaba a mirar de reojo hacia sus instalaciones.<\/strong><br><strong>&nbsp;&nbsp;&nbsp;&nbsp;&nbsp;Con la remodelaci\u00f3n estrenada el 23 de Febrero de 2018 su capacidad ha crecido hasta los 5.016 espectadores contando con equipamientos totalmente renovados. Parqu\u00e9, canastas, videomarcadores, vestuarios\u2026 que fueron testigos del primer triunfo del club ante el Levitec Huesca y con los que la ciudad se puso a la altura de un club dispuesto a luchar de nuevo, en este marco incomparable, por los objetivos m\u00e1s ambiciosos.<\/strong><\/p>\n\n\n\n<hr class=\"wp-block-separator\"\/>\n\n\n\n<figure class=\"wp-block-gallery has-nested-images columns-default is-cropped\">\n<figure class=\"wp-block-image size-large\"><img loading=\"lazy\" width=\"405\" height=\"270\" data-id=\"663\"  src=\"http:\/\/turismopalencia.digital\/wp-content\/uploads\/2022\/02\/119781_2.jpg\" alt=\"\" class=\"wp-image-663\" srcset=\"https:\/\/turismopalencia.digital\/wp-content\/uploads\/2022\/02\/119781_2.jpg 405w, https:\/\/turismopalencia.digital\/wp-content\/uploads\/2022\/02\/119781_2-300x200.jpg 300w, https:\/\/turismopalencia.digital\/wp-content\/uploads\/2022\/02\/119781_2-15x10.jpg 15w\" sizes=\"(max-width: 405px) 100vw, 405px\" \/><\/figure>\n\n\n\n<figure class=\"wp-block-image size-large\"><img loading=\"lazy\" width=\"1024\" height=\"547\" data-id=\"666\"  src=\"http:\/\/turismopalencia.digital\/wp-content\/uploads\/2022\/02\/210218ON_0731-e1520266073227-1-1024x547.jpg\" alt=\"\" class=\"wp-image-666\" srcset=\"https:\/\/turismopalencia.digital\/wp-content\/uploads\/2022\/02\/210218ON_0731-e1520266073227-1-1024x547.jpg 1024w, https:\/\/turismopalencia.digital\/wp-content\/uploads\/2022\/02\/210218ON_0731-e1520266073227-1-300x160.jpg 300w, https:\/\/turismopalencia.digital\/wp-content\/uploads\/2022\/02\/210218ON_0731-e1520266073227-1-768x411.jpg 768w, https:\/\/turismopalencia.digital\/wp-content\/uploads\/2022\/02\/210218ON_0731-e1520266073227-1-19x10.jpg 19w, https:\/\/turismopalencia.digital\/wp-content\/uploads\/2022\/02\/210218ON_0731-e1520266073227-1.jpg 1500w\" sizes=\"(max-width: 1024px) 100vw, 1024px\" \/><\/figure>\n\n\n\n<figure class=\"wp-block-image size-large\"><img loading=\"lazy\" width=\"960\" height=\"319\" data-id=\"664\"  src=\"http:\/\/turismopalencia.digital\/wp-content\/uploads\/2022\/02\/28166791_10216322174114976_6194316820648889871_n.jpg\" alt=\"\" class=\"wp-image-664\" srcset=\"https:\/\/turismopalencia.digital\/wp-content\/uploads\/2022\/02\/28166791_10216322174114976_6194316820648889871_n.jpg 960w, https:\/\/turismopalencia.digital\/wp-content\/uploads\/2022\/02\/28166791_10216322174114976_6194316820648889871_n-300x100.jpg 300w, https:\/\/turismopalencia.digital\/wp-content\/uploads\/2022\/02\/28166791_10216322174114976_6194316820648889871_n-768x255.jpg 768w, https:\/\/turismopalencia.digital\/wp-content\/uploads\/2022\/02\/28166791_10216322174114976_6194316820648889871_n-30x10.jpg 30w\" sizes=\"(max-width: 960px) 100vw, 960px\" \/><\/figure>\n\n\n\n<figure class=\"wp-block-image size-large\"><img loading=\"lazy\" width=\"644\" height=\"355\" data-id=\"667\"  src=\"http:\/\/turismopalencia.digital\/wp-content\/uploads\/2022\/02\/C9D310C8-CAA6-B841-DCA7ABE7FD163EFD.jpg\" alt=\"\" class=\"wp-image-667\" srcset=\"https:\/\/turismopalencia.digital\/wp-content\/uploads\/2022\/02\/C9D310C8-CAA6-B841-DCA7ABE7FD163EFD.jpg 644w, https:\/\/turismopalencia.digital\/wp-content\/uploads\/2022\/02\/C9D310C8-CAA6-B841-DCA7ABE7FD163EFD-300x165.jpg 300w, https:\/\/turismopalencia.digital\/wp-content\/uploads\/2022\/02\/C9D310C8-CAA6-B841-DCA7ABE7FD163EFD-18x10.jpg 18w\" sizes=\"(max-width: 644px) 100vw, 644px\" \/><\/figure>\n\n\n\n<figure class=\"wp-block-image size-large\"><img loading=\"lazy\" width=\"624\" height=\"385\" data-id=\"665\"  src=\"http:\/\/turismopalencia.digital\/wp-content\/uploads\/2022\/02\/NF0JWOK1-kQwC-U501010002507gvH-624x385@El-Norte.jpg\" alt=\"\" class=\"wp-image-665\" srcset=\"https:\/\/turismopalencia.digital\/wp-content\/uploads\/2022\/02\/NF0JWOK1-kQwC-U501010002507gvH-624x385@El-Norte.jpg 624w, https:\/\/turismopalencia.digital\/wp-content\/uploads\/2022\/02\/NF0JWOK1-kQwC-U501010002507gvH-624x385@El-Norte-300x185.jpg 300w, https:\/\/turismopalencia.digital\/wp-content\/uploads\/2022\/02\/NF0JWOK1-kQwC-U501010002507gvH-624x385@El-Norte-16x10.jpg 16w\" sizes=\"(max-width: 624px) 100vw, 624px\" \/><\/figure>\n\n\n\n<figure class=\"wp-block-image size-large\"><img loading=\"lazy\" width=\"624\" height=\"385\" data-id=\"669\"  src=\"http:\/\/turismopalencia.digital\/wp-content\/uploads\/2022\/02\/pabellonnnnn-kKqF-U501033378054X1C-624x385@El-Norte.jpg\" alt=\"\" class=\"wp-image-669\" srcset=\"https:\/\/turismopalencia.digital\/wp-content\/uploads\/2022\/02\/pabellonnnnn-kKqF-U501033378054X1C-624x385@El-Norte.jpg 624w, https:\/\/turismopalencia.digital\/wp-content\/uploads\/2022\/02\/pabellonnnnn-kKqF-U501033378054X1C-624x385@El-Norte-300x185.jpg 300w, https:\/\/turismopalencia.digital\/wp-content\/uploads\/2022\/02\/pabellonnnnn-kKqF-U501033378054X1C-624x385@El-Norte-16x10.jpg 16w\" sizes=\"(max-width: 624px) 100vw, 624px\" \/><\/figure>\n<figcaption class=\"blocks-gallery-caption\">Pabell\u00f3n de Deportes<\/figcaption><\/figure>\n\n\n\n<hr class=\"wp-block-separator\"\/>\n\n\n\n<figure class=\"wp-block-image size-full is-resized\"><img loading=\"lazy\" src=\"http:\/\/turismopalencia.digital\/wp-content\/uploads\/2022\/02\/14541116285300-1.jpg\" alt=\"\" class=\"wp-image-670\" width=\"1239\" height=\"785\" srcset=\"https:\/\/turismopalencia.digital\/wp-content\/uploads\/2022\/02\/14541116285300-1.jpg 990w, https:\/\/turismopalencia.digital\/wp-content\/uploads\/2022\/02\/14541116285300-1-300x190.jpg 300w, https:\/\/turismopalencia.digital\/wp-content\/uploads\/2022\/02\/14541116285300-1-768x486.jpg 768w, https:\/\/turismopalencia.digital\/wp-content\/uploads\/2022\/02\/14541116285300-1-16x10.jpg 16w\" sizes=\"(max-width: 1239px) 100vw, 1239px\" \/><figcaption>Antiguo Pabell\u00f3n de Deportes<\/figcaption><\/figure>\n\n\n\n<hr class=\"wp-block-separator\"\/>\n\n\n\n<p><strong>Av. Obispo Barber\u00e1, 2<\/strong><br><strong>34005 Palencia<\/strong><\/p>\n\n\n\n<hr class=\"wp-block-separator\"\/>\n\n\n\n<div class=\"wp-container-1 wp-block-buttons\">\n<div class=\"wp-block-button\"><a class=\"wp-block-button__link\" href=\"https:\/\/www.google.com\/maps\/place\/Pabell%C3%B3n+Municipal+de+Palencia\/@42.0146649,-4.5418194,15z\/data=!4m2!3m1!1s0x0:0xd60355b7615de495?sa=X&amp;ved=2ahUKEwiUk5r5pon2AhW5g_0HHRrwALkQ_BJ6BAgkEAU\" target=\"_blank\" rel=\"noreferrer noopener\">C\u00f3mo llegar<\/a><\/div>\n<\/div>\n\n\n\n<hr class=\"wp-block-separator\"\/>\n\n\n\n<hr class=\"wp-block-separator\"\/>\n","protected":false},"excerpt":{"rendered":"<p>Fue inaugurado en un ya lejano 1979 pero fue durante las \u00faltimas temporadas cuando el Pabell\u00f3n Municipal de Palencia alcanz\u00f3 su apogeo medi\u00e1tico con los &hellip;<\/p>\n","protected":false},"author":1,"featured_media":1313,"parent":0,"menu_order":0,"comment_status":"closed","ping_status":"closed","template":"","meta":{"_monsterinsights_skip_tracking":false,"_monsterinsights_sitenote_active":false,"_monsterinsights_sitenote_note":"","_monsterinsights_sitenote_category":0},"_links":{"self":[{"href":"https:\/\/turismopalencia.digital\/index.php\/wp-json\/wp\/v2\/pages\/257"}],"collection":[{"href":"https:\/\/turismopalencia.digital\/index.php\/wp-json\/wp\/v2\/pages"}],"about":[{"href":"https:\/\/turismopalencia.digital\/index.php\/wp-json\/wp\/v2\/types\/page"}],"author":[{"embeddable":true,"href":"https:\/\/turismopalencia.digital\/index.php\/wp-json\/wp\/v2\/users\/1"}],"replies":[{"embeddable":true,"href":"https:\/\/turismopalencia.digital\/index.php\/wp-json\/wp\/v2\/comments?post=257"}],"version-history":[{"count":3,"href":"https:\/\/turismopalencia.digital\/index.php\/wp-json\/wp\/v2\/pages\/257\/revisions"}],"predecessor-version":[{"id":994,"href":"https:\/\/turismopalencia.digital\/index.php\/wp-json\/wp\/v2\/pages\/257\/revisions\/994"}],"wp:featuredmedia":[{"embeddable":true,"href":"https:\/\/turismopalencia.digital\/index.php\/wp-json\/wp\/v2\/media\/1313"}],"wp:attachment":[{"href":"https:\/\/turismopalencia.digital\/index.php\/wp-json\/wp\/v2\/media?parent=257"}],"curies":[{"name":"wp","href":"https:\/\/api.w.org\/{rel}","templated":true}]}}