{"id":261,"date":"2022-02-17T22:18:10","date_gmt":"2022-02-17T22:18:10","guid":{"rendered":"http:\/\/turismopalencia.digital\/?page_id=261"},"modified":"2022-04-04T20:34:43","modified_gmt":"2022-04-04T20:34:43","slug":"plaza-san-pablo","status":"publish","type":"page","link":"https:\/\/turismopalencia.digital\/index.php\/plaza-san-pablo\/","title":{"rendered":"Plaza San Pablo"},"content":{"rendered":"\n<hr class=\"wp-block-separator\"\/>\n\n\n\n<figure class=\"wp-block-image size-full is-resized\"><img loading=\"lazy\" src=\"http:\/\/turismopalencia.digital\/wp-content\/uploads\/2022\/02\/img_9965_grande-1.jpg\" alt=\"\" class=\"wp-image-708\" width=\"1239\" height=\"827\" srcset=\"https:\/\/turismopalencia.digital\/wp-content\/uploads\/2022\/02\/img_9965_grande-1.jpg 595w, https:\/\/turismopalencia.digital\/wp-content\/uploads\/2022\/02\/img_9965_grande-1-300x200.jpg 300w, https:\/\/turismopalencia.digital\/wp-content\/uploads\/2022\/02\/img_9965_grande-1-15x10.jpg 15w\" sizes=\"(max-width: 1239px) 100vw, 1239px\" \/><figcaption>Plaza San Pablo<\/figcaption><\/figure>\n\n\n\n<hr class=\"wp-block-separator\"\/>\n\n\n\n<p><strong>&nbsp;El Studium Generale de Palencia fue el primer centro de ense\u00f1anza superior de la Espa\u00f1a cristiana. La fecha de su fundaci\u00f3n se suele situar entre 1208 y 1212. Durante el a\u00f1o 2012 se celebr\u00f3 su 800 aniversario.<\/strong><br><strong>&nbsp;&nbsp;&nbsp;&nbsp;&nbsp;Alfonso VIII de Castilla favoreci\u00f3 enormemente a la universidad palentina dot\u00e1ndola de importantes recursos econ\u00f3micos y contribuyendo a elevar el nivel de la ense\u00f1anza impartida en sus aulas con la llegada de maestros extranjeros, sobre todo de Francia e Italia. En este centro universitario la ense\u00f1anza se centraba en las artes, la teolog\u00eda y los estudios de tipo jur\u00eddico. Entre los maestros de la primera \u00e9poca se encontraban don Odo, Lanfranco, Fornelino y Guillermo Lombardo.<\/strong><br><strong>&nbsp;&nbsp;&nbsp;&nbsp;&nbsp;Existe en la plaza de San Pablo de Palencia un grupo escult\u00f3rico en homenaje al antiguo Estudio General.<\/strong><\/p>\n\n\n\n<hr class=\"wp-block-separator\"\/>\n\n\n\n<div class=\"wp-block-media-text alignwide is-stacked-on-mobile\"><figure class=\"wp-block-media-text__media\"><img loading=\"lazy\" width=\"1024\" height=\"492\" src=\"http:\/\/turismopalencia.digital\/wp-content\/uploads\/2022\/02\/Casa_Santo_Domingo_de_Guzman_Palencia-1024x492.jpg\" alt=\"\" class=\"wp-image-710 size-full\" srcset=\"https:\/\/turismopalencia.digital\/wp-content\/uploads\/2022\/02\/Casa_Santo_Domingo_de_Guzman_Palencia-1024x492.jpg 1024w, https:\/\/turismopalencia.digital\/wp-content\/uploads\/2022\/02\/Casa_Santo_Domingo_de_Guzman_Palencia-300x144.jpg 300w, https:\/\/turismopalencia.digital\/wp-content\/uploads\/2022\/02\/Casa_Santo_Domingo_de_Guzman_Palencia-768x369.jpg 768w, https:\/\/turismopalencia.digital\/wp-content\/uploads\/2022\/02\/Casa_Santo_Domingo_de_Guzman_Palencia-21x10.jpg 21w, https:\/\/turismopalencia.digital\/wp-content\/uploads\/2022\/02\/Casa_Santo_Domingo_de_Guzman_Palencia.jpg 1258w\" sizes=\"(max-width: 1024px) 100vw, 1024px\" \/><\/figure><div class=\"wp-block-media-text__content\">\n<p><strong>En la actualidad, no queda ning\u00fan resto f\u00edsico del edificio hist\u00f3rico de la Universidad de Palencia. Existen diversas teor\u00edas acerca de su ubicaci\u00f3n:<\/strong><\/p>\n\n\n\n<p><strong>&nbsp;&nbsp;&nbsp;&nbsp;&nbsp;Por obra de los frailes dominicos se crey\u00f3 que la casa de la plaza de San Pablo donde vivi\u00f3 Santo Domingo de Guzm\u00e1n, era la sede hist\u00f3rica de la primera universidad de Espa\u00f1a. Este inmueble fue derribado en 1892.<\/strong><\/p>\n\n\n\n<p><strong>En cambio, Jos\u00e9 Luis S\u00e1nchez en su libro Las calles de Palencia, establece la ubicaci\u00f3n de la Casa del Estudio General en la calle Mayor Antigua, eje principal de la Palencia medieval, esquina con la calle de los Pastores.<\/strong><\/p>\n<\/div><\/div>\n\n\n\n<hr class=\"wp-block-separator\"\/>\n\n\n\n<figure class=\"wp-block-gallery has-nested-images columns-default is-cropped\">\n<figure class=\"wp-block-image size-large\"><img loading=\"lazy\" width=\"1024\" height=\"765\" data-id=\"713\"  src=\"http:\/\/turismopalencia.digital\/wp-content\/uploads\/2022\/02\/pablo-2-6-1024x765.jpg\" alt=\"\" class=\"wp-image-713\" srcset=\"https:\/\/turismopalencia.digital\/wp-content\/uploads\/2022\/02\/pablo-2-6-1024x765.jpg 1024w, https:\/\/turismopalencia.digital\/wp-content\/uploads\/2022\/02\/pablo-2-6-300x224.jpg 300w, https:\/\/turismopalencia.digital\/wp-content\/uploads\/2022\/02\/pablo-2-6-768x574.jpg 768w, https:\/\/turismopalencia.digital\/wp-content\/uploads\/2022\/02\/pablo-2-6-13x10.jpg 13w, https:\/\/turismopalencia.digital\/wp-content\/uploads\/2022\/02\/pablo-2-6.jpg 1220w\" sizes=\"(max-width: 1024px) 100vw, 1024px\" \/><\/figure>\n\n\n\n<figure class=\"wp-block-image size-large\"><img loading=\"lazy\" width=\"550\" height=\"412\" data-id=\"711\"  src=\"http:\/\/turismopalencia.digital\/wp-content\/uploads\/2022\/02\/palencia-1.jpg\" alt=\"\" class=\"wp-image-711\" srcset=\"https:\/\/turismopalencia.digital\/wp-content\/uploads\/2022\/02\/palencia-1.jpg 550w, https:\/\/turismopalencia.digital\/wp-content\/uploads\/2022\/02\/palencia-1-300x225.jpg 300w, https:\/\/turismopalencia.digital\/wp-content\/uploads\/2022\/02\/palencia-1-13x10.jpg 13w\" sizes=\"(max-width: 550px) 100vw, 550px\" \/><\/figure>\n\n\n\n<figure class=\"wp-block-image size-large\"><img loading=\"lazy\" width=\"1024\" height=\"768\" data-id=\"712\"  src=\"http:\/\/turismopalencia.digital\/wp-content\/uploads\/2022\/02\/Statut-religieux-devant-la-place-san-pablo-de-Palencia-1024x768.jpg\" alt=\"\" class=\"wp-image-712\" srcset=\"https:\/\/turismopalencia.digital\/wp-content\/uploads\/2022\/02\/Statut-religieux-devant-la-place-san-pablo-de-Palencia-1024x768.jpg 1024w, https:\/\/turismopalencia.digital\/wp-content\/uploads\/2022\/02\/Statut-religieux-devant-la-place-san-pablo-de-Palencia-300x225.jpg 300w, https:\/\/turismopalencia.digital\/wp-content\/uploads\/2022\/02\/Statut-religieux-devant-la-place-san-pablo-de-Palencia-768x576.jpg 768w, https:\/\/turismopalencia.digital\/wp-content\/uploads\/2022\/02\/Statut-religieux-devant-la-place-san-pablo-de-Palencia-1536x1152.jpg 1536w, https:\/\/turismopalencia.digital\/wp-content\/uploads\/2022\/02\/Statut-religieux-devant-la-place-san-pablo-de-Palencia-2048x1536.jpg 2048w, https:\/\/turismopalencia.digital\/wp-content\/uploads\/2022\/02\/Statut-religieux-devant-la-place-san-pablo-de-Palencia-13x10.jpg 13w\" sizes=\"(max-width: 1024px) 100vw, 1024px\" \/><\/figure>\n<\/figure>\n\n\n\n<hr class=\"wp-block-separator\"\/>\n\n\n\n<p><strong>Plaza de San Pablo<\/strong><br><strong>34005 Palencia<\/strong><\/p>\n\n\n\n<hr class=\"wp-block-separator\"\/>\n\n\n\n<div class=\"wp-container-1 wp-block-buttons\">\n<div class=\"wp-block-button\"><a class=\"wp-block-button__link\" href=\"https:\/\/www.google.com\/maps\/place\/Pl.+San+Pablo,+Palencia\/data=!4m2!3m1!1s0xd47b04405163bc3:0xe5932291d4fc176?sa=X&amp;ved=2ahUKEwiii5KWrYn2AhUPuKQKHUraAr8Q8gF6BAgVEAE\" target=\"_blank\" rel=\"noreferrer noopener\">C\u00f3mo llegar<\/a><\/div>\n<\/div>\n\n\n\n<hr class=\"wp-block-separator\"\/>\n\n\n\n<hr class=\"wp-block-separator\"\/>\n","protected":false},"excerpt":{"rendered":"<p>&nbsp;El Studium Generale de Palencia fue el primer centro de ense\u00f1anza superior de la Espa\u00f1a cristiana. La fecha de su fundaci\u00f3n se suele situar entre &hellip;<\/p>\n","protected":false},"author":1,"featured_media":1319,"parent":0,"menu_order":0,"comment_status":"closed","ping_status":"closed","template":"","meta":{"_monsterinsights_skip_tracking":false,"_monsterinsights_sitenote_active":false,"_monsterinsights_sitenote_note":"","_monsterinsights_sitenote_category":0},"_links":{"self":[{"href":"https:\/\/turismopalencia.digital\/index.php\/wp-json\/wp\/v2\/pages\/261"}],"collection":[{"href":"https:\/\/turismopalencia.digital\/index.php\/wp-json\/wp\/v2\/pages"}],"about":[{"href":"https:\/\/turismopalencia.digital\/index.php\/wp-json\/wp\/v2\/types\/page"}],"author":[{"embeddable":true,"href":"https:\/\/turismopalencia.digital\/index.php\/wp-json\/wp\/v2\/users\/1"}],"replies":[{"embeddable":true,"href":"https:\/\/turismopalencia.digital\/index.php\/wp-json\/wp\/v2\/comments?post=261"}],"version-history":[{"count":3,"href":"https:\/\/turismopalencia.digital\/index.php\/wp-json\/wp\/v2\/pages\/261\/revisions"}],"predecessor-version":[{"id":1320,"href":"https:\/\/turismopalencia.digital\/index.php\/wp-json\/wp\/v2\/pages\/261\/revisions\/1320"}],"wp:featuredmedia":[{"embeddable":true,"href":"https:\/\/turismopalencia.digital\/index.php\/wp-json\/wp\/v2\/media\/1319"}],"wp:attachment":[{"href":"https:\/\/turismopalencia.digital\/index.php\/wp-json\/wp\/v2\/media?parent=261"}],"curies":[{"name":"wp","href":"https:\/\/api.w.org\/{rel}","templated":true}]}}