{"id":263,"date":"2022-02-17T22:18:10","date_gmt":"2022-02-17T22:18:10","guid":{"rendered":"http:\/\/turismopalencia.digital\/?page_id=263"},"modified":"2022-04-04T20:38:26","modified_gmt":"2022-04-04T20:38:26","slug":"puentecillas","status":"publish","type":"page","link":"https:\/\/turismopalencia.digital\/index.php\/puentecillas\/","title":{"rendered":"Puentecillas"},"content":{"rendered":"\n<hr class=\"wp-block-separator\"\/>\n\n\n\n<figure class=\"wp-block-image size-large is-resized\"><img loading=\"lazy\" src=\"http:\/\/turismopalencia.digital\/wp-content\/uploads\/2022\/02\/palencia_15_puentecillas_by-dpc_1284x642_q75_middle-1024x512.jpg\" alt=\"\" class=\"wp-image-735\" width=\"1239\" height=\"620\" srcset=\"https:\/\/turismopalencia.digital\/wp-content\/uploads\/2022\/02\/palencia_15_puentecillas_by-dpc_1284x642_q75_middle-1024x512.jpg 1024w, https:\/\/turismopalencia.digital\/wp-content\/uploads\/2022\/02\/palencia_15_puentecillas_by-dpc_1284x642_q75_middle-300x150.jpg 300w, https:\/\/turismopalencia.digital\/wp-content\/uploads\/2022\/02\/palencia_15_puentecillas_by-dpc_1284x642_q75_middle-768x384.jpg 768w, https:\/\/turismopalencia.digital\/wp-content\/uploads\/2022\/02\/palencia_15_puentecillas_by-dpc_1284x642_q75_middle-20x10.jpg 20w, https:\/\/turismopalencia.digital\/wp-content\/uploads\/2022\/02\/palencia_15_puentecillas_by-dpc_1284x642_q75_middle.jpg 1284w\" sizes=\"(max-width: 1239px) 100vw, 1239px\" \/><figcaption>Puentecillas<\/figcaption><\/figure>\n\n\n\n<hr class=\"wp-block-separator\"\/>\n\n\n\n<p><strong>El Puentecillas constituye uno de los elementos urbanos de mayor personalidad de la ciudad y factor clave en el desarrollo urban\u00edstico de la zona. Se localiza en un entorno monumental de gran inter\u00e9s, junto a monumentos representativos de la ciudad de Palencia como la Catedral, la iglesia de San Miguel, o el Palacio Episcopal y la propia ribera del Carri\u00f3n con sus dem\u00e1s puentes, lo que refuerza su car\u00e1cter de generador urbano.<\/strong><br><strong>&nbsp;&nbsp;&nbsp;&nbsp;&nbsp;De origen romano, su trazado responde a las exigencias de comunicaci\u00f3n de la ciudad de Pallantia y se constituye como enclave primordial en el desarrollo de las redes viarias y comerciales desde \u00e9poca vaccea hasta los inicios del siglo XX. Su construcci\u00f3n permiti\u00f3 el paso desde la ciudad hasta la isla natural del Carri\u00f3n ocupada desde tiempos inmemoriales por el Sotillo de los Can\u00f3nigos.<\/strong><\/p>\n\n\n\n<hr class=\"wp-block-separator\"\/>\n\n\n\n<figure class=\"wp-block-gallery has-nested-images columns-default is-cropped\">\n<figure class=\"wp-block-image size-large\"><img loading=\"lazy\" width=\"1024\" height=\"517\" data-id=\"741\"  src=\"http:\/\/turismopalencia.digital\/wp-content\/uploads\/2022\/02\/131104_Abbe_Nozal-1024x517.jpg\" alt=\"\" class=\"wp-image-741\" srcset=\"https:\/\/turismopalencia.digital\/wp-content\/uploads\/2022\/02\/131104_Abbe_Nozal-1024x517.jpg 1024w, https:\/\/turismopalencia.digital\/wp-content\/uploads\/2022\/02\/131104_Abbe_Nozal-300x152.jpg 300w, https:\/\/turismopalencia.digital\/wp-content\/uploads\/2022\/02\/131104_Abbe_Nozal-768x388.jpg 768w, https:\/\/turismopalencia.digital\/wp-content\/uploads\/2022\/02\/131104_Abbe_Nozal-1536x776.jpg 1536w, https:\/\/turismopalencia.digital\/wp-content\/uploads\/2022\/02\/131104_Abbe_Nozal-20x10.jpg 20w, https:\/\/turismopalencia.digital\/wp-content\/uploads\/2022\/02\/131104_Abbe_Nozal.jpg 1600w\" sizes=\"(max-width: 1024px) 100vw, 1024px\" \/><\/figure>\n\n\n\n<figure class=\"wp-block-image size-large\"><img loading=\"lazy\" width=\"1024\" height=\"768\" data-id=\"737\"  src=\"http:\/\/turismopalencia.digital\/wp-content\/uploads\/2022\/02\/46498257.jpg\" alt=\"\" class=\"wp-image-737\" srcset=\"https:\/\/turismopalencia.digital\/wp-content\/uploads\/2022\/02\/46498257.jpg 1024w, https:\/\/turismopalencia.digital\/wp-content\/uploads\/2022\/02\/46498257-300x225.jpg 300w, https:\/\/turismopalencia.digital\/wp-content\/uploads\/2022\/02\/46498257-768x576.jpg 768w, https:\/\/turismopalencia.digital\/wp-content\/uploads\/2022\/02\/46498257-13x10.jpg 13w\" sizes=\"(max-width: 1024px) 100vw, 1024px\" \/><\/figure>\n\n\n\n<figure class=\"wp-block-image size-large\"><img loading=\"lazy\" width=\"240\" height=\"161\" data-id=\"739\"  src=\"http:\/\/turismopalencia.digital\/wp-content\/uploads\/2022\/02\/38007558861_d958134773_m-1.jpg\" alt=\"\" class=\"wp-image-739\" srcset=\"https:\/\/turismopalencia.digital\/wp-content\/uploads\/2022\/02\/38007558861_d958134773_m-1.jpg 240w, https:\/\/turismopalencia.digital\/wp-content\/uploads\/2022\/02\/38007558861_d958134773_m-1-15x10.jpg 15w\" sizes=\"(max-width: 240px) 100vw, 240px\" \/><\/figure>\n\n\n\n<figure class=\"wp-block-image size-large\"><img loading=\"lazy\" width=\"1024\" height=\"576\" data-id=\"740\"  src=\"http:\/\/turismopalencia.digital\/wp-content\/uploads\/2022\/02\/Palencia001.jpg\" alt=\"\" class=\"wp-image-740\" srcset=\"https:\/\/turismopalencia.digital\/wp-content\/uploads\/2022\/02\/Palencia001.jpg 1024w, https:\/\/turismopalencia.digital\/wp-content\/uploads\/2022\/02\/Palencia001-300x169.jpg 300w, https:\/\/turismopalencia.digital\/wp-content\/uploads\/2022\/02\/Palencia001-768x432.jpg 768w, https:\/\/turismopalencia.digital\/wp-content\/uploads\/2022\/02\/Palencia001-18x10.jpg 18w\" sizes=\"(max-width: 1024px) 100vw, 1024px\" \/><\/figure>\n\n\n\n<figure class=\"wp-block-image size-large\"><img loading=\"lazy\" width=\"940\" height=\"620\" data-id=\"738\"  src=\"http:\/\/turismopalencia.digital\/wp-content\/uploads\/2022\/02\/puentecillas2.jpg__940x620_q83.jpg\" alt=\"\" class=\"wp-image-738\" srcset=\"https:\/\/turismopalencia.digital\/wp-content\/uploads\/2022\/02\/puentecillas2.jpg__940x620_q83.jpg 940w, https:\/\/turismopalencia.digital\/wp-content\/uploads\/2022\/02\/puentecillas2.jpg__940x620_q83-300x198.jpg 300w, https:\/\/turismopalencia.digital\/wp-content\/uploads\/2022\/02\/puentecillas2.jpg__940x620_q83-768x507.jpg 768w, https:\/\/turismopalencia.digital\/wp-content\/uploads\/2022\/02\/puentecillas2.jpg__940x620_q83-15x10.jpg 15w\" sizes=\"(max-width: 940px) 100vw, 940px\" \/><\/figure>\n\n\n\n<figure class=\"wp-block-image size-large\"><img loading=\"lazy\" width=\"1024\" height=\"623\" data-id=\"742\"  src=\"http:\/\/turismopalencia.digital\/wp-content\/uploads\/2022\/02\/PUENTECILLAS-ORILLA-DEL-RIO-PALENCIA-1024x623.jpg\" alt=\"\" class=\"wp-image-742\" srcset=\"https:\/\/turismopalencia.digital\/wp-content\/uploads\/2022\/02\/PUENTECILLAS-ORILLA-DEL-RIO-PALENCIA-1024x623.jpg 1024w, https:\/\/turismopalencia.digital\/wp-content\/uploads\/2022\/02\/PUENTECILLAS-ORILLA-DEL-RIO-PALENCIA-300x182.jpg 300w, https:\/\/turismopalencia.digital\/wp-content\/uploads\/2022\/02\/PUENTECILLAS-ORILLA-DEL-RIO-PALENCIA-768x467.jpg 768w, https:\/\/turismopalencia.digital\/wp-content\/uploads\/2022\/02\/PUENTECILLAS-ORILLA-DEL-RIO-PALENCIA-1536x934.jpg 1536w, https:\/\/turismopalencia.digital\/wp-content\/uploads\/2022\/02\/PUENTECILLAS-ORILLA-DEL-RIO-PALENCIA-16x10.jpg 16w, https:\/\/turismopalencia.digital\/wp-content\/uploads\/2022\/02\/PUENTECILLAS-ORILLA-DEL-RIO-PALENCIA.jpg 1890w\" sizes=\"(max-width: 1024px) 100vw, 1024px\" \/><\/figure>\n<\/figure>\n\n\n\n<hr class=\"wp-block-separator\"\/>\n\n\n\n<figure class=\"wp-block-image size-full\"><img loading=\"lazy\" width=\"720\" height=\"440\" src=\"http:\/\/turismopalencia.digital\/wp-content\/uploads\/2022\/02\/39586207.jpg\" alt=\"\" class=\"wp-image-743\" srcset=\"https:\/\/turismopalencia.digital\/wp-content\/uploads\/2022\/02\/39586207.jpg 720w, https:\/\/turismopalencia.digital\/wp-content\/uploads\/2022\/02\/39586207-300x183.jpg 300w, https:\/\/turismopalencia.digital\/wp-content\/uploads\/2022\/02\/39586207-16x10.jpg 16w\" sizes=\"(max-width: 720px) 100vw, 720px\" \/><figcaption>Im\u00e1gen antigua del Puentecillas<\/figcaption><\/figure>\n\n\n\n<hr class=\"wp-block-separator\"\/>\n\n\n\n<p><strong>Calle Salvino Sierra, 2<\/strong><br><strong>34005 Palencia<\/strong><\/p>\n\n\n\n<hr class=\"wp-block-separator\"\/>\n\n\n\n<div class=\"wp-container-1 wp-block-buttons\">\n<div class=\"wp-block-button\"><a class=\"wp-block-button__link\" href=\"https:\/\/www.google.com\/maps\/place\/Puente+%22Puentecillas%22\/@42.0101322,-4.539562,15z\/data=!4m2!3m1!1s0x0:0x545b37748f3cf500?sa=X&amp;ved=2ahUKEwirpcDosIn2AhX-g_0HHcyZAd0Q_BJ6BAguEAU\" target=\"_blank\" rel=\"noreferrer noopener\">C\u00f3mo llegar<\/a><\/div>\n<\/div>\n\n\n\n<hr class=\"wp-block-separator\"\/>\n\n\n\n<hr class=\"wp-block-separator\"\/>\n","protected":false},"excerpt":{"rendered":"<p>El Puentecillas constituye uno de los elementos urbanos de mayor personalidad de la ciudad y factor clave en el desarrollo urban\u00edstico de la zona. Se &hellip;<\/p>\n","protected":false},"author":1,"featured_media":1325,"parent":0,"menu_order":0,"comment_status":"closed","ping_status":"closed","template":"","meta":{"_monsterinsights_skip_tracking":false,"_monsterinsights_sitenote_active":false,"_monsterinsights_sitenote_note":"","_monsterinsights_sitenote_category":0},"_links":{"self":[{"href":"https:\/\/turismopalencia.digital\/index.php\/wp-json\/wp\/v2\/pages\/263"}],"collection":[{"href":"https:\/\/turismopalencia.digital\/index.php\/wp-json\/wp\/v2\/pages"}],"about":[{"href":"https:\/\/turismopalencia.digital\/index.php\/wp-json\/wp\/v2\/types\/page"}],"author":[{"embeddable":true,"href":"https:\/\/turismopalencia.digital\/index.php\/wp-json\/wp\/v2\/users\/1"}],"replies":[{"embeddable":true,"href":"https:\/\/turismopalencia.digital\/index.php\/wp-json\/wp\/v2\/comments?post=263"}],"version-history":[{"count":3,"href":"https:\/\/turismopalencia.digital\/index.php\/wp-json\/wp\/v2\/pages\/263\/revisions"}],"predecessor-version":[{"id":1326,"href":"https:\/\/turismopalencia.digital\/index.php\/wp-json\/wp\/v2\/pages\/263\/revisions\/1326"}],"wp:featuredmedia":[{"embeddable":true,"href":"https:\/\/turismopalencia.digital\/index.php\/wp-json\/wp\/v2\/media\/1325"}],"wp:attachment":[{"href":"https:\/\/turismopalencia.digital\/index.php\/wp-json\/wp\/v2\/media?parent=263"}],"curies":[{"name":"wp","href":"https:\/\/api.w.org\/{rel}","templated":true}]}}