{"id":264,"date":"2022-02-17T22:18:10","date_gmt":"2022-02-17T22:18:10","guid":{"rendered":"http:\/\/turismopalencia.digital\/?page_id=264"},"modified":"2022-04-04T20:37:23","modified_gmt":"2022-04-04T20:37:23","slug":"puente-mayor","status":"publish","type":"page","link":"https:\/\/turismopalencia.digital\/index.php\/puente-mayor\/","title":{"rendered":"Puente Mayor"},"content":{"rendered":"\n<hr class=\"wp-block-separator\"\/>\n\n\n\n<figure class=\"wp-block-image size-full is-resized\"><img loading=\"lazy\" src=\"http:\/\/turismopalencia.digital\/wp-content\/uploads\/2022\/02\/palenpuentemayor-1.jpg\" alt=\"\" class=\"wp-image-726\" width=\"1240\" height=\"931\" srcset=\"https:\/\/turismopalencia.digital\/wp-content\/uploads\/2022\/02\/palenpuentemayor-1.jpg 1024w, https:\/\/turismopalencia.digital\/wp-content\/uploads\/2022\/02\/palenpuentemayor-1-300x225.jpg 300w, https:\/\/turismopalencia.digital\/wp-content\/uploads\/2022\/02\/palenpuentemayor-1-768x576.jpg 768w, https:\/\/turismopalencia.digital\/wp-content\/uploads\/2022\/02\/palenpuentemayor-1-13x10.jpg 13w\" sizes=\"(max-width: 1240px) 100vw, 1240px\" \/><figcaption>Puente Mayor<\/figcaption><\/figure>\n\n\n\n<hr class=\"wp-block-separator\"\/>\n\n\n\n<p><strong>El puente Mayor es un puente de piedra construido en el siglo XVI. Fue reformado a finales del siglo XIX.<\/strong><br><strong>&nbsp;&nbsp;&nbsp;&nbsp;&nbsp;Construido en piedra de siller\u00eda, originariamente constaba de siete arcos de medio punto, con tajamares prism\u00e1ticos entre ellos, y una peque\u00f1a torre con arco en medio, como se puede observar en un antiguo plano datado hacia 1584. Ya en esa \u00e9poca se hac\u00eda patente la necesidad de su reconstrucci\u00f3n o reparaci\u00f3n. Posteriormente, fue reconstruido para ensancharlo y permitir el paso del tr\u00e1fico rodado, hasta darle su forma actual, con los pilares y tajamares en forma semicil\u00edndrica con un remate en forma de matacanes, que le dan un aspecto fortificado.<\/strong><\/p>\n\n\n\n<hr class=\"wp-block-separator\"\/>\n\n\n\n<figure class=\"wp-block-gallery has-nested-images columns-default is-cropped\">\n<figure class=\"wp-block-image size-large\"><img loading=\"lazy\" width=\"1024\" height=\"685\" data-id=\"729\"  src=\"http:\/\/turismopalencia.digital\/wp-content\/uploads\/2022\/02\/Puentemayor1-1024x685.jpg\" alt=\"\" class=\"wp-image-729\" srcset=\"https:\/\/turismopalencia.digital\/wp-content\/uploads\/2022\/02\/Puentemayor1-1024x685.jpg 1024w, https:\/\/turismopalencia.digital\/wp-content\/uploads\/2022\/02\/Puentemayor1-300x201.jpg 300w, https:\/\/turismopalencia.digital\/wp-content\/uploads\/2022\/02\/Puentemayor1-768x514.jpg 768w, https:\/\/turismopalencia.digital\/wp-content\/uploads\/2022\/02\/Puentemayor1-1536x1028.jpg 1536w, https:\/\/turismopalencia.digital\/wp-content\/uploads\/2022\/02\/Puentemayor1-2048x1371.jpg 2048w, https:\/\/turismopalencia.digital\/wp-content\/uploads\/2022\/02\/Puentemayor1-15x10.jpg 15w\" sizes=\"(max-width: 1024px) 100vw, 1024px\" \/><\/figure>\n\n\n\n<figure class=\"wp-block-image size-large\"><img loading=\"lazy\" width=\"650\" height=\"292\" data-id=\"728\"  src=\"http:\/\/turismopalencia.digital\/wp-content\/uploads\/2022\/02\/puente-mayor-04.jpg\" alt=\"\" class=\"wp-image-728\" srcset=\"https:\/\/turismopalencia.digital\/wp-content\/uploads\/2022\/02\/puente-mayor-04.jpg 650w, https:\/\/turismopalencia.digital\/wp-content\/uploads\/2022\/02\/puente-mayor-04-300x135.jpg 300w, https:\/\/turismopalencia.digital\/wp-content\/uploads\/2022\/02\/puente-mayor-04-22x10.jpg 22w\" sizes=\"(max-width: 650px) 100vw, 650px\" \/><\/figure>\n<figcaption class=\"blocks-gallery-caption\">Puente Mayor<\/figcaption><\/figure>\n\n\n\n<hr class=\"wp-block-separator\"\/>\n\n\n\n<figure class=\"wp-block-gallery has-nested-images columns-default is-cropped\">\n<figure class=\"wp-block-image size-large\"><img loading=\"lazy\" width=\"660\" height=\"365\" data-id=\"730\"  src=\"http:\/\/turismopalencia.digital\/wp-content\/uploads\/2022\/02\/1_puente_mayor_carrion_palencia_archivo_chancilleria_valladolid_m.jpg_1306973099.jpg\" alt=\"\" class=\"wp-image-730\" srcset=\"https:\/\/turismopalencia.digital\/wp-content\/uploads\/2022\/02\/1_puente_mayor_carrion_palencia_archivo_chancilleria_valladolid_m.jpg_1306973099.jpg 660w, https:\/\/turismopalencia.digital\/wp-content\/uploads\/2022\/02\/1_puente_mayor_carrion_palencia_archivo_chancilleria_valladolid_m.jpg_1306973099-300x166.jpg 300w, https:\/\/turismopalencia.digital\/wp-content\/uploads\/2022\/02\/1_puente_mayor_carrion_palencia_archivo_chancilleria_valladolid_m.jpg_1306973099-18x10.jpg 18w\" sizes=\"(max-width: 660px) 100vw, 660px\" \/><\/figure>\n\n\n\n<figure class=\"wp-block-image size-large\"><img loading=\"lazy\" width=\"550\" height=\"356\" data-id=\"731\"  src=\"http:\/\/turismopalencia.digital\/wp-content\/uploads\/2022\/02\/10582322.jpg\" alt=\"\" class=\"wp-image-731\" srcset=\"https:\/\/turismopalencia.digital\/wp-content\/uploads\/2022\/02\/10582322.jpg 550w, https:\/\/turismopalencia.digital\/wp-content\/uploads\/2022\/02\/10582322-300x194.jpg 300w, https:\/\/turismopalencia.digital\/wp-content\/uploads\/2022\/02\/10582322-15x10.jpg 15w\" sizes=\"(max-width: 550px) 100vw, 550px\" \/><\/figure>\n\n\n\n<figure class=\"wp-block-image size-large\"><img loading=\"lazy\" width=\"720\" height=\"466\" data-id=\"732\"  src=\"http:\/\/turismopalencia.digital\/wp-content\/uploads\/2022\/02\/55704211.jpg\" alt=\"\" class=\"wp-image-732\" srcset=\"https:\/\/turismopalencia.digital\/wp-content\/uploads\/2022\/02\/55704211.jpg 720w, https:\/\/turismopalencia.digital\/wp-content\/uploads\/2022\/02\/55704211-300x194.jpg 300w, https:\/\/turismopalencia.digital\/wp-content\/uploads\/2022\/02\/55704211-15x10.jpg 15w\" sizes=\"(max-width: 720px) 100vw, 720px\" \/><\/figure>\n<figcaption class=\"blocks-gallery-caption\">Im\u00e1genes antiguas del Puente Mayor<\/figcaption><\/figure>\n\n\n\n<hr class=\"wp-block-separator\"\/>\n\n\n\n<p><strong>Puente Mayor<\/strong><br><strong>34005 Palencia<\/strong><\/p>\n\n\n\n<hr class=\"wp-block-separator\"\/>\n\n\n\n<div class=\"wp-container-1 wp-block-buttons\">\n<div class=\"wp-block-button\"><a class=\"wp-block-button__link\" href=\"https:\/\/www.google.com\/maps\/place\/Puente+Mayor\/@42.0084488,-4.5374111,15z\/data=!4m2!3m1!1s0x0:0x56c4a44505a792c6?sa=X&amp;ved=2ahUKEwiWtpHlr4n2AhVSy6QKHZ6tB1sQ_BJ6BAgfEAU\" target=\"_blank\" rel=\"noreferrer noopener\">C\u00f3mo llegar<\/a><\/div>\n<\/div>\n\n\n\n<hr class=\"wp-block-separator\"\/>\n\n\n\n<hr class=\"wp-block-separator\"\/>\n","protected":false},"excerpt":{"rendered":"<p>El puente Mayor es un puente de piedra construido en el siglo XVI. Fue reformado a finales del siglo XIX.&nbsp;&nbsp;&nbsp;&nbsp;&nbsp;Construido en piedra de siller\u00eda, originariamente &hellip;<\/p>\n","protected":false},"author":1,"featured_media":1323,"parent":0,"menu_order":0,"comment_status":"closed","ping_status":"closed","template":"","meta":{"_monsterinsights_skip_tracking":false,"_monsterinsights_sitenote_active":false,"_monsterinsights_sitenote_note":"","_monsterinsights_sitenote_category":0},"_links":{"self":[{"href":"https:\/\/turismopalencia.digital\/index.php\/wp-json\/wp\/v2\/pages\/264"}],"collection":[{"href":"https:\/\/turismopalencia.digital\/index.php\/wp-json\/wp\/v2\/pages"}],"about":[{"href":"https:\/\/turismopalencia.digital\/index.php\/wp-json\/wp\/v2\/types\/page"}],"author":[{"embeddable":true,"href":"https:\/\/turismopalencia.digital\/index.php\/wp-json\/wp\/v2\/users\/1"}],"replies":[{"embeddable":true,"href":"https:\/\/turismopalencia.digital\/index.php\/wp-json\/wp\/v2\/comments?post=264"}],"version-history":[{"count":4,"href":"https:\/\/turismopalencia.digital\/index.php\/wp-json\/wp\/v2\/pages\/264\/revisions"}],"predecessor-version":[{"id":1324,"href":"https:\/\/turismopalencia.digital\/index.php\/wp-json\/wp\/v2\/pages\/264\/revisions\/1324"}],"wp:featuredmedia":[{"embeddable":true,"href":"https:\/\/turismopalencia.digital\/index.php\/wp-json\/wp\/v2\/media\/1323"}],"wp:attachment":[{"href":"https:\/\/turismopalencia.digital\/index.php\/wp-json\/wp\/v2\/media?parent=264"}],"curies":[{"name":"wp","href":"https:\/\/api.w.org\/{rel}","templated":true}]}}