{"id":265,"date":"2022-02-17T22:18:10","date_gmt":"2022-02-17T22:18:10","guid":{"rendered":"http:\/\/turismopalencia.digital\/?page_id=265"},"modified":"2022-04-04T20:39:48","modified_gmt":"2022-04-04T20:39:48","slug":"salon-de-isabel-ii","status":"publish","type":"page","link":"https:\/\/turismopalencia.digital\/index.php\/salon-de-isabel-ii\/","title":{"rendered":"Sal\u00f3n de Isabel II"},"content":{"rendered":"\n<hr class=\"wp-block-separator\"\/>\n\n\n\n<figure class=\"wp-block-image size-full is-resized\"><img loading=\"lazy\" src=\"http:\/\/turismopalencia.digital\/wp-content\/uploads\/2022\/02\/1478169374_549712_1478169424_noticia_normal.jpg\" alt=\"\" class=\"wp-image-746\" width=\"1238\" height=\"927\" srcset=\"https:\/\/turismopalencia.digital\/wp-content\/uploads\/2022\/02\/1478169374_549712_1478169424_noticia_normal.jpg 770w, https:\/\/turismopalencia.digital\/wp-content\/uploads\/2022\/02\/1478169374_549712_1478169424_noticia_normal-300x225.jpg 300w, https:\/\/turismopalencia.digital\/wp-content\/uploads\/2022\/02\/1478169374_549712_1478169424_noticia_normal-768x576.jpg 768w, https:\/\/turismopalencia.digital\/wp-content\/uploads\/2022\/02\/1478169374_549712_1478169424_noticia_normal-13x10.jpg 13w\" sizes=\"(max-width: 1238px) 100vw, 1238px\" \/><figcaption>Sal\u00f3n de Isabel II<\/figcaption><\/figure>\n\n\n\n<hr class=\"wp-block-separator\"\/>\n\n\n\n<p><strong>Fue en sus primitivos or\u00edgenes una zona de paseo situada a las afueras de la ciudad, hoy se encuentra en el centro de la ciudad. La zona fue urbanizada a finales del siglo XIX y se dise\u00f1\u00f3 el jard\u00edn al gusto de la \u00e9poca, de estilo rom\u00e1ntico, en el a\u00f1o 1830, sobre las huertas del convento del Carmen. Con el paso de los a\u00f1os se han realizado sucesivas reformas que han ido renovando los elementos ornamentales, sin afectar a la estructura t\u00edpicamente rom\u00e1ntica.<\/strong><\/p>\n\n\n\n<hr class=\"wp-block-separator\"\/>\n\n\n\n<figure class=\"wp-block-gallery has-nested-images columns-default is-cropped\">\n<figure class=\"wp-block-image size-large\"><img loading=\"lazy\" width=\"1024\" height=\"768\" data-id=\"750\"  src=\"http:\/\/turismopalencia.digital\/wp-content\/uploads\/2022\/02\/47745031-1024x768.jpg\" alt=\"\" class=\"wp-image-750\" srcset=\"https:\/\/turismopalencia.digital\/wp-content\/uploads\/2022\/02\/47745031-1024x768.jpg 1024w, https:\/\/turismopalencia.digital\/wp-content\/uploads\/2022\/02\/47745031-300x225.jpg 300w, https:\/\/turismopalencia.digital\/wp-content\/uploads\/2022\/02\/47745031-768x576.jpg 768w, https:\/\/turismopalencia.digital\/wp-content\/uploads\/2022\/02\/47745031-1536x1152.jpg 1536w, https:\/\/turismopalencia.digital\/wp-content\/uploads\/2022\/02\/47745031-2048x1536.jpg 2048w, https:\/\/turismopalencia.digital\/wp-content\/uploads\/2022\/02\/47745031-13x10.jpg 13w\" sizes=\"(max-width: 1024px) 100vw, 1024px\" \/><\/figure>\n\n\n\n<figure class=\"wp-block-image size-large\"><img loading=\"lazy\" width=\"900\" height=\"600\" data-id=\"748\"  src=\"http:\/\/turismopalencia.digital\/wp-content\/uploads\/2022\/02\/salon-29.jpg\" alt=\"\" class=\"wp-image-748\" srcset=\"https:\/\/turismopalencia.digital\/wp-content\/uploads\/2022\/02\/salon-29.jpg 900w, https:\/\/turismopalencia.digital\/wp-content\/uploads\/2022\/02\/salon-29-300x200.jpg 300w, https:\/\/turismopalencia.digital\/wp-content\/uploads\/2022\/02\/salon-29-768x512.jpg 768w, https:\/\/turismopalencia.digital\/wp-content\/uploads\/2022\/02\/salon-29-15x10.jpg 15w\" sizes=\"(max-width: 900px) 100vw, 900px\" \/><\/figure>\n\n\n\n<figure class=\"wp-block-image size-large\"><img loading=\"lazy\" width=\"770\" height=\"477\" data-id=\"755\"  src=\"http:\/\/turismopalencia.digital\/wp-content\/uploads\/2022\/02\/1443774957_968171_1443775977_noticia_normal-1.jpg\" alt=\"\" class=\"wp-image-755\" srcset=\"https:\/\/turismopalencia.digital\/wp-content\/uploads\/2022\/02\/1443774957_968171_1443775977_noticia_normal-1.jpg 770w, https:\/\/turismopalencia.digital\/wp-content\/uploads\/2022\/02\/1443774957_968171_1443775977_noticia_normal-1-300x186.jpg 300w, https:\/\/turismopalencia.digital\/wp-content\/uploads\/2022\/02\/1443774957_968171_1443775977_noticia_normal-1-768x476.jpg 768w, https:\/\/turismopalencia.digital\/wp-content\/uploads\/2022\/02\/1443774957_968171_1443775977_noticia_normal-1-16x10.jpg 16w\" sizes=\"(max-width: 770px) 100vw, 770px\" \/><\/figure>\n\n\n\n<figure class=\"wp-block-image size-large\"><img loading=\"lazy\" width=\"580\" height=\"435\" data-id=\"763\"  src=\"http:\/\/turismopalencia.digital\/wp-content\/uploads\/2022\/02\/100_1992-1.jpg\" alt=\"\" class=\"wp-image-763\" srcset=\"https:\/\/turismopalencia.digital\/wp-content\/uploads\/2022\/02\/100_1992-1.jpg 580w, https:\/\/turismopalencia.digital\/wp-content\/uploads\/2022\/02\/100_1992-1-300x225.jpg 300w, https:\/\/turismopalencia.digital\/wp-content\/uploads\/2022\/02\/100_1992-1-13x10.jpg 13w\" sizes=\"(max-width: 580px) 100vw, 580px\" \/><\/figure>\n<figcaption class=\"blocks-gallery-caption\">Paseo del Sal\u00f3n en la actualidad<\/figcaption><\/figure>\n\n\n\n<hr class=\"wp-block-separator\"\/>\n\n\n\n<figure class=\"wp-block-gallery has-nested-images columns-default is-cropped\">\n<figure class=\"wp-block-image size-large\"><img loading=\"lazy\" width=\"652\" height=\"372\" data-id=\"753\"  src=\"http:\/\/turismopalencia.digital\/wp-content\/uploads\/2022\/02\/54016861.jpg\" alt=\"\" class=\"wp-image-753\" srcset=\"https:\/\/turismopalencia.digital\/wp-content\/uploads\/2022\/02\/54016861.jpg 652w, https:\/\/turismopalencia.digital\/wp-content\/uploads\/2022\/02\/54016861-300x171.jpg 300w, https:\/\/turismopalencia.digital\/wp-content\/uploads\/2022\/02\/54016861-18x10.jpg 18w\" sizes=\"(max-width: 652px) 100vw, 652px\" \/><\/figure>\n\n\n\n<figure class=\"wp-block-image size-large\"><img loading=\"lazy\" width=\"821\" height=\"555\" data-id=\"752\"  src=\"http:\/\/turismopalencia.digital\/wp-content\/uploads\/2022\/02\/auditorio-antiguo-salon.jpg\" alt=\"\" class=\"wp-image-752\" srcset=\"https:\/\/turismopalencia.digital\/wp-content\/uploads\/2022\/02\/auditorio-antiguo-salon.jpg 821w, https:\/\/turismopalencia.digital\/wp-content\/uploads\/2022\/02\/auditorio-antiguo-salon-300x203.jpg 300w, https:\/\/turismopalencia.digital\/wp-content\/uploads\/2022\/02\/auditorio-antiguo-salon-768x519.jpg 768w, https:\/\/turismopalencia.digital\/wp-content\/uploads\/2022\/02\/auditorio-antiguo-salon-15x10.jpg 15w\" sizes=\"(max-width: 821px) 100vw, 821px\" \/><\/figure>\n\n\n\n<figure class=\"wp-block-image size-large\"><img loading=\"lazy\" width=\"550\" height=\"342\" data-id=\"761\"  src=\"http:\/\/turismopalencia.digital\/wp-content\/uploads\/2022\/02\/8898714-1.jpg\" alt=\"\" class=\"wp-image-761\" srcset=\"https:\/\/turismopalencia.digital\/wp-content\/uploads\/2022\/02\/8898714-1.jpg 550w, https:\/\/turismopalencia.digital\/wp-content\/uploads\/2022\/02\/8898714-1-300x187.jpg 300w, https:\/\/turismopalencia.digital\/wp-content\/uploads\/2022\/02\/8898714-1-16x10.jpg 16w\" sizes=\"(max-width: 550px) 100vw, 550px\" \/><\/figure>\n<figcaption class=\"blocks-gallery-caption\">El Sal\u00f3n en los a\u00f1os 70 del siglo XX<\/figcaption><\/figure>\n\n\n\n<hr class=\"wp-block-separator\"\/>\n\n\n\n<figure class=\"wp-block-gallery has-nested-images columns-default is-cropped\">\n<figure class=\"wp-block-image size-large\"><img loading=\"lazy\" width=\"1024\" height=\"655\" data-id=\"759\"  src=\"http:\/\/turismopalencia.digital\/wp-content\/uploads\/2022\/02\/10-templete-Postal_1-copia-1024x655.jpg\" alt=\"\" class=\"wp-image-759\" srcset=\"https:\/\/turismopalencia.digital\/wp-content\/uploads\/2022\/02\/10-templete-Postal_1-copia-1024x655.jpg 1024w, https:\/\/turismopalencia.digital\/wp-content\/uploads\/2022\/02\/10-templete-Postal_1-copia-300x192.jpg 300w, https:\/\/turismopalencia.digital\/wp-content\/uploads\/2022\/02\/10-templete-Postal_1-copia-768x491.jpg 768w, https:\/\/turismopalencia.digital\/wp-content\/uploads\/2022\/02\/10-templete-Postal_1-copia-16x10.jpg 16w, https:\/\/turismopalencia.digital\/wp-content\/uploads\/2022\/02\/10-templete-Postal_1-copia.jpg 1045w\" sizes=\"(max-width: 1024px) 100vw, 1024px\" \/><\/figure>\n\n\n\n<figure class=\"wp-block-image size-large\"><img loading=\"lazy\" width=\"1024\" height=\"693\" data-id=\"760\"  src=\"http:\/\/turismopalencia.digital\/wp-content\/uploads\/2022\/02\/Arco-del-Mercado-1024x693.jpg\" alt=\"\" class=\"wp-image-760\" srcset=\"https:\/\/turismopalencia.digital\/wp-content\/uploads\/2022\/02\/Arco-del-Mercado-1024x693.jpg 1024w, https:\/\/turismopalencia.digital\/wp-content\/uploads\/2022\/02\/Arco-del-Mercado-300x203.jpg 300w, https:\/\/turismopalencia.digital\/wp-content\/uploads\/2022\/02\/Arco-del-Mercado-768x520.jpg 768w, https:\/\/turismopalencia.digital\/wp-content\/uploads\/2022\/02\/Arco-del-Mercado-15x10.jpg 15w, https:\/\/turismopalencia.digital\/wp-content\/uploads\/2022\/02\/Arco-del-Mercado.jpg 1262w\" sizes=\"(max-width: 1024px) 100vw, 1024px\" \/><\/figure>\n\n\n\n<figure class=\"wp-block-image size-large\"><img loading=\"lazy\" width=\"276\" height=\"183\" data-id=\"757\"  src=\"http:\/\/turismopalencia.digital\/wp-content\/uploads\/2022\/02\/descarga-6.jpg\" alt=\"\" class=\"wp-image-757\" srcset=\"https:\/\/turismopalencia.digital\/wp-content\/uploads\/2022\/02\/descarga-6.jpg 276w, https:\/\/turismopalencia.digital\/wp-content\/uploads\/2022\/02\/descarga-6-15x10.jpg 15w\" sizes=\"(max-width: 276px) 100vw, 276px\" \/><\/figure>\n\n\n\n<figure class=\"wp-block-image size-large\"><img loading=\"lazy\" width=\"547\" height=\"353\" data-id=\"762\"  src=\"http:\/\/turismopalencia.digital\/wp-content\/uploads\/2022\/02\/26868031-1.jpg\" alt=\"\" class=\"wp-image-762\" srcset=\"https:\/\/turismopalencia.digital\/wp-content\/uploads\/2022\/02\/26868031-1.jpg 547w, https:\/\/turismopalencia.digital\/wp-content\/uploads\/2022\/02\/26868031-1-300x194.jpg 300w, https:\/\/turismopalencia.digital\/wp-content\/uploads\/2022\/02\/26868031-1-15x10.jpg 15w\" sizes=\"(max-width: 547px) 100vw, 547px\" \/><\/figure>\n<figcaption class=\"blocks-gallery-caption\">Im\u00e1gines antiguas del Sal\u00f3n<\/figcaption><\/figure>\n\n\n\n<hr class=\"wp-block-separator\"\/>\n\n\n\n<p><strong>Paseo del Salon<\/strong><br><strong>34002 Palencia<\/strong><\/p>\n\n\n\n<hr class=\"wp-block-separator\"\/>\n\n\n\n<div class=\"wp-container-1 wp-block-buttons\">\n<div class=\"wp-block-button\"><a class=\"wp-block-button__link\" href=\"https:\/\/www.google.com\/maps\/place\/P.%C2%BA+del+Sal%C3%B3n,+34002+Palencia\/data=!4m2!3m1!1s0xd47b03650e6ea27:0xb8cc22d0df9a9af1?sa=X&amp;ved=2ahUKEwi7r7Xmson2AhUo8LsIHbFqAo8Q8gF6BAgbEAE\" target=\"_blank\" rel=\"noreferrer noopener\">C\u00f3mo llegar<\/a><\/div>\n<\/div>\n\n\n\n<hr class=\"wp-block-separator\"\/>\n\n\n\n<hr class=\"wp-block-separator\"\/>\n","protected":false},"excerpt":{"rendered":"<p>Fue en sus primitivos or\u00edgenes una zona de paseo situada a las afueras de la ciudad, hoy se encuentra en el centro de la ciudad. &hellip;<\/p>\n","protected":false},"author":1,"featured_media":1327,"parent":0,"menu_order":0,"comment_status":"closed","ping_status":"closed","template":"","meta":{"_monsterinsights_skip_tracking":false,"_monsterinsights_sitenote_active":false,"_monsterinsights_sitenote_note":"","_monsterinsights_sitenote_category":0},"_links":{"self":[{"href":"https:\/\/turismopalencia.digital\/index.php\/wp-json\/wp\/v2\/pages\/265"}],"collection":[{"href":"https:\/\/turismopalencia.digital\/index.php\/wp-json\/wp\/v2\/pages"}],"about":[{"href":"https:\/\/turismopalencia.digital\/index.php\/wp-json\/wp\/v2\/types\/page"}],"author":[{"embeddable":true,"href":"https:\/\/turismopalencia.digital\/index.php\/wp-json\/wp\/v2\/users\/1"}],"replies":[{"embeddable":true,"href":"https:\/\/turismopalencia.digital\/index.php\/wp-json\/wp\/v2\/comments?post=265"}],"version-history":[{"count":4,"href":"https:\/\/turismopalencia.digital\/index.php\/wp-json\/wp\/v2\/pages\/265\/revisions"}],"predecessor-version":[{"id":766,"href":"https:\/\/turismopalencia.digital\/index.php\/wp-json\/wp\/v2\/pages\/265\/revisions\/766"}],"wp:featuredmedia":[{"embeddable":true,"href":"https:\/\/turismopalencia.digital\/index.php\/wp-json\/wp\/v2\/media\/1327"}],"wp:attachment":[{"href":"https:\/\/turismopalencia.digital\/index.php\/wp-json\/wp\/v2\/media?parent=265"}],"curies":[{"name":"wp","href":"https:\/\/api.w.org\/{rel}","templated":true}]}}