{"id":266,"date":"2022-02-17T22:18:10","date_gmt":"2022-02-17T22:18:10","guid":{"rendered":"http:\/\/turismopalencia.digital\/?page_id=266"},"modified":"2022-04-04T20:41:14","modified_gmt":"2022-04-04T20:41:14","slug":"sotillo-de-los-canonigos","status":"publish","type":"page","link":"https:\/\/turismopalencia.digital\/index.php\/sotillo-de-los-canonigos\/","title":{"rendered":"Sotillo de los Can\u00f3nigos"},"content":{"rendered":"\n<hr class=\"wp-block-separator\"\/>\n\n\n\n<figure class=\"wp-block-image size-large is-resized\"><img loading=\"lazy\" src=\"http:\/\/turismopalencia.digital\/wp-content\/uploads\/2022\/02\/130428_Abbe_Nozal-1024x576.jpg\" alt=\"\" class=\"wp-image-767\" width=\"1240\" height=\"698\" srcset=\"https:\/\/turismopalencia.digital\/wp-content\/uploads\/2022\/02\/130428_Abbe_Nozal-1024x576.jpg 1024w, https:\/\/turismopalencia.digital\/wp-content\/uploads\/2022\/02\/130428_Abbe_Nozal-300x169.jpg 300w, https:\/\/turismopalencia.digital\/wp-content\/uploads\/2022\/02\/130428_Abbe_Nozal-768x432.jpg 768w, https:\/\/turismopalencia.digital\/wp-content\/uploads\/2022\/02\/130428_Abbe_Nozal-1536x864.jpg 1536w, https:\/\/turismopalencia.digital\/wp-content\/uploads\/2022\/02\/130428_Abbe_Nozal-18x10.jpg 18w, https:\/\/turismopalencia.digital\/wp-content\/uploads\/2022\/02\/130428_Abbe_Nozal.jpg 1600w\" sizes=\"(max-width: 1240px) 100vw, 1240px\" \/><figcaption>Sotillo de los Can\u00f3nigos<\/figcaption><\/figure>\n\n\n\n<hr class=\"wp-block-separator\"\/>\n\n\n\n<p><strong>El Parque de Sotillo de los Can\u00f3nigos de Palencia est\u00e1 situado en la confluencia de los r\u00edos Carri\u00f3n y Cu\u00e9rnago. Tiene una superficie de 73.400 metros cuadrados.<\/strong><br><strong>&nbsp;&nbsp;&nbsp;&nbsp;&nbsp;Se accede desde el puente Puentecillas.<\/strong><br><strong>&nbsp;&nbsp;&nbsp;&nbsp;&nbsp;La vegetaci\u00f3n predominante est\u00e1 formada por pinos, hayas, chopos, casta\u00f1os, abedules, fresnos y olmos.<\/strong><br><strong>&nbsp;&nbsp;&nbsp;&nbsp;&nbsp;Posee grandes espacios abiertos de c\u00e9sped, y zonas para practicar deportes como un circuito de mantenimiento, una zona de musculaci\u00f3n, piscinas al aire libre y campos de f\u00fatbol.<\/strong><\/p>\n\n\n\n<hr class=\"wp-block-separator\"\/>\n\n\n\n<figure class=\"wp-block-gallery has-nested-images columns-default is-cropped\">\n<figure class=\"wp-block-image size-large\"><img loading=\"lazy\" width=\"1024\" height=\"768\" data-id=\"769\"  src=\"http:\/\/turismopalencia.digital\/wp-content\/uploads\/2022\/02\/5558188-1024x768.jpg\" alt=\"\" class=\"wp-image-769\" srcset=\"https:\/\/turismopalencia.digital\/wp-content\/uploads\/2022\/02\/5558188-1024x768.jpg 1024w, https:\/\/turismopalencia.digital\/wp-content\/uploads\/2022\/02\/5558188-300x225.jpg 300w, https:\/\/turismopalencia.digital\/wp-content\/uploads\/2022\/02\/5558188-768x576.jpg 768w, https:\/\/turismopalencia.digital\/wp-content\/uploads\/2022\/02\/5558188-1536x1152.jpg 1536w, https:\/\/turismopalencia.digital\/wp-content\/uploads\/2022\/02\/5558188-2048x1536.jpg 2048w, https:\/\/turismopalencia.digital\/wp-content\/uploads\/2022\/02\/5558188-13x10.jpg 13w\" sizes=\"(max-width: 1024px) 100vw, 1024px\" \/><\/figure>\n\n\n\n<figure class=\"wp-block-image size-large\"><img loading=\"lazy\" width=\"1024\" height=\"498\" data-id=\"772\"  src=\"http:\/\/turismopalencia.digital\/wp-content\/uploads\/2022\/02\/20190315_190205-1024x498.jpg\" alt=\"\" class=\"wp-image-772\" srcset=\"https:\/\/turismopalencia.digital\/wp-content\/uploads\/2022\/02\/20190315_190205-1024x498.jpg 1024w, https:\/\/turismopalencia.digital\/wp-content\/uploads\/2022\/02\/20190315_190205-300x146.jpg 300w, https:\/\/turismopalencia.digital\/wp-content\/uploads\/2022\/02\/20190315_190205-768x373.jpg 768w, https:\/\/turismopalencia.digital\/wp-content\/uploads\/2022\/02\/20190315_190205-1536x747.jpg 1536w, https:\/\/turismopalencia.digital\/wp-content\/uploads\/2022\/02\/20190315_190205-2048x996.jpg 2048w, https:\/\/turismopalencia.digital\/wp-content\/uploads\/2022\/02\/20190315_190205-21x10.jpg 21w\" sizes=\"(max-width: 1024px) 100vw, 1024px\" \/><\/figure>\n\n\n\n<figure class=\"wp-block-image size-large\"><img loading=\"lazy\" width=\"1024\" height=\"498\" data-id=\"773\"  src=\"http:\/\/turismopalencia.digital\/wp-content\/uploads\/2022\/02\/20190315_190342-1024x498.jpg\" alt=\"\" class=\"wp-image-773\" srcset=\"https:\/\/turismopalencia.digital\/wp-content\/uploads\/2022\/02\/20190315_190342-1024x498.jpg 1024w, https:\/\/turismopalencia.digital\/wp-content\/uploads\/2022\/02\/20190315_190342-300x146.jpg 300w, https:\/\/turismopalencia.digital\/wp-content\/uploads\/2022\/02\/20190315_190342-768x373.jpg 768w, https:\/\/turismopalencia.digital\/wp-content\/uploads\/2022\/02\/20190315_190342-1536x747.jpg 1536w, https:\/\/turismopalencia.digital\/wp-content\/uploads\/2022\/02\/20190315_190342-2048x996.jpg 2048w, https:\/\/turismopalencia.digital\/wp-content\/uploads\/2022\/02\/20190315_190342-21x10.jpg 21w\" sizes=\"(max-width: 1024px) 100vw, 1024px\" \/><\/figure>\n\n\n\n<figure class=\"wp-block-image size-large\"><img loading=\"lazy\" width=\"1024\" height=\"498\" data-id=\"771\"  src=\"http:\/\/turismopalencia.digital\/wp-content\/uploads\/2022\/02\/20190315_190418-1024x498.jpg\" alt=\"\" class=\"wp-image-771\" srcset=\"https:\/\/turismopalencia.digital\/wp-content\/uploads\/2022\/02\/20190315_190418-1024x498.jpg 1024w, https:\/\/turismopalencia.digital\/wp-content\/uploads\/2022\/02\/20190315_190418-300x146.jpg 300w, https:\/\/turismopalencia.digital\/wp-content\/uploads\/2022\/02\/20190315_190418-768x373.jpg 768w, https:\/\/turismopalencia.digital\/wp-content\/uploads\/2022\/02\/20190315_190418-1536x747.jpg 1536w, https:\/\/turismopalencia.digital\/wp-content\/uploads\/2022\/02\/20190315_190418-2048x996.jpg 2048w, https:\/\/turismopalencia.digital\/wp-content\/uploads\/2022\/02\/20190315_190418-21x10.jpg 21w\" sizes=\"(max-width: 1024px) 100vw, 1024px\" \/><\/figure>\n\n\n\n<figure class=\"wp-block-image size-large\"><img loading=\"lazy\" width=\"1024\" height=\"498\" data-id=\"774\"  src=\"http:\/\/turismopalencia.digital\/wp-content\/uploads\/2022\/02\/20190315_190457-1-1024x498.jpg\" alt=\"\" class=\"wp-image-774\" srcset=\"https:\/\/turismopalencia.digital\/wp-content\/uploads\/2022\/02\/20190315_190457-1-1024x498.jpg 1024w, https:\/\/turismopalencia.digital\/wp-content\/uploads\/2022\/02\/20190315_190457-1-300x146.jpg 300w, https:\/\/turismopalencia.digital\/wp-content\/uploads\/2022\/02\/20190315_190457-1-768x373.jpg 768w, https:\/\/turismopalencia.digital\/wp-content\/uploads\/2022\/02\/20190315_190457-1-1536x747.jpg 1536w, https:\/\/turismopalencia.digital\/wp-content\/uploads\/2022\/02\/20190315_190457-1-2048x996.jpg 2048w, https:\/\/turismopalencia.digital\/wp-content\/uploads\/2022\/02\/20190315_190457-1-21x10.jpg 21w\" sizes=\"(max-width: 1024px) 100vw, 1024px\" \/><\/figure>\n\n\n\n<figure class=\"wp-block-image size-large\"><img loading=\"lazy\" width=\"1024\" height=\"498\" data-id=\"770\"  src=\"http:\/\/turismopalencia.digital\/wp-content\/uploads\/2022\/02\/20190315_190559-1024x498.jpg\" alt=\"\" class=\"wp-image-770\" srcset=\"https:\/\/turismopalencia.digital\/wp-content\/uploads\/2022\/02\/20190315_190559-1024x498.jpg 1024w, https:\/\/turismopalencia.digital\/wp-content\/uploads\/2022\/02\/20190315_190559-300x146.jpg 300w, https:\/\/turismopalencia.digital\/wp-content\/uploads\/2022\/02\/20190315_190559-768x373.jpg 768w, https:\/\/turismopalencia.digital\/wp-content\/uploads\/2022\/02\/20190315_190559-1536x747.jpg 1536w, https:\/\/turismopalencia.digital\/wp-content\/uploads\/2022\/02\/20190315_190559-2048x996.jpg 2048w, https:\/\/turismopalencia.digital\/wp-content\/uploads\/2022\/02\/20190315_190559-21x10.jpg 21w\" sizes=\"(max-width: 1024px) 100vw, 1024px\" \/><\/figure>\n\n\n\n<figure class=\"wp-block-image size-large\"><img loading=\"lazy\" width=\"500\" height=\"375\" data-id=\"775\"  src=\"http:\/\/turismopalencia.digital\/wp-content\/uploads\/2022\/02\/el-sotillo-de-los-canonigos.jpg\" alt=\"\" class=\"wp-image-775\" srcset=\"https:\/\/turismopalencia.digital\/wp-content\/uploads\/2022\/02\/el-sotillo-de-los-canonigos.jpg 500w, https:\/\/turismopalencia.digital\/wp-content\/uploads\/2022\/02\/el-sotillo-de-los-canonigos-300x225.jpg 300w, https:\/\/turismopalencia.digital\/wp-content\/uploads\/2022\/02\/el-sotillo-de-los-canonigos-13x10.jpg 13w\" sizes=\"(max-width: 500px) 100vw, 500px\" \/><\/figure>\n\n\n\n<figure class=\"wp-block-image size-large\"><img loading=\"lazy\" width=\"800\" height=\"457\" data-id=\"776\"  src=\"http:\/\/turismopalencia.digital\/wp-content\/uploads\/2022\/02\/piscina-sotillo20.jpg\" alt=\"\" class=\"wp-image-776\" srcset=\"https:\/\/turismopalencia.digital\/wp-content\/uploads\/2022\/02\/piscina-sotillo20.jpg 800w, https:\/\/turismopalencia.digital\/wp-content\/uploads\/2022\/02\/piscina-sotillo20-300x171.jpg 300w, https:\/\/turismopalencia.digital\/wp-content\/uploads\/2022\/02\/piscina-sotillo20-768x439.jpg 768w, https:\/\/turismopalencia.digital\/wp-content\/uploads\/2022\/02\/piscina-sotillo20-18x10.jpg 18w\" sizes=\"(max-width: 800px) 100vw, 800px\" \/><\/figure>\n<figcaption class=\"blocks-gallery-caption\">Parque del Sotillo en la actualidad<\/figcaption><\/figure>\n\n\n\n<hr class=\"wp-block-separator\"\/>\n\n\n\n<figure class=\"wp-block-gallery has-nested-images columns-default is-cropped\">\n<figure class=\"wp-block-image size-large\"><img loading=\"lazy\" width=\"770\" height=\"523\" data-id=\"778\"  src=\"http:\/\/turismopalencia.digital\/wp-content\/uploads\/2022\/02\/1468344131_092624_1468344596_noticia_normal-1.jpg\" alt=\"\" class=\"wp-image-778\" srcset=\"https:\/\/turismopalencia.digital\/wp-content\/uploads\/2022\/02\/1468344131_092624_1468344596_noticia_normal-1.jpg 770w, https:\/\/turismopalencia.digital\/wp-content\/uploads\/2022\/02\/1468344131_092624_1468344596_noticia_normal-1-300x204.jpg 300w, https:\/\/turismopalencia.digital\/wp-content\/uploads\/2022\/02\/1468344131_092624_1468344596_noticia_normal-1-768x522.jpg 768w, https:\/\/turismopalencia.digital\/wp-content\/uploads\/2022\/02\/1468344131_092624_1468344596_noticia_normal-1-15x10.jpg 15w\" sizes=\"(max-width: 770px) 100vw, 770px\" \/><\/figure>\n\n\n\n<figure class=\"wp-block-image size-large\"><img loading=\"lazy\" width=\"1024\" height=\"576\" data-id=\"779\"  src=\"http:\/\/turismopalencia.digital\/wp-content\/uploads\/2022\/02\/IMG-20171215-WA0006-1024x576.jpg\" alt=\"\" class=\"wp-image-779\" srcset=\"https:\/\/turismopalencia.digital\/wp-content\/uploads\/2022\/02\/IMG-20171215-WA0006-1024x576.jpg 1024w, https:\/\/turismopalencia.digital\/wp-content\/uploads\/2022\/02\/IMG-20171215-WA0006-300x169.jpg 300w, https:\/\/turismopalencia.digital\/wp-content\/uploads\/2022\/02\/IMG-20171215-WA0006-768x432.jpg 768w, https:\/\/turismopalencia.digital\/wp-content\/uploads\/2022\/02\/IMG-20171215-WA0006-1536x864.jpg 1536w, https:\/\/turismopalencia.digital\/wp-content\/uploads\/2022\/02\/IMG-20171215-WA0006-18x10.jpg 18w, https:\/\/turismopalencia.digital\/wp-content\/uploads\/2022\/02\/IMG-20171215-WA0006.jpg 1600w\" sizes=\"(max-width: 1024px) 100vw, 1024px\" \/><\/figure>\n<figcaption class=\"blocks-gallery-caption\">Playa del Sotillo a\u00f1os 70 del siglo XX<\/figcaption><\/figure>\n\n\n\n<hr class=\"wp-block-separator\"\/>\n\n\n\n<p><strong>Sotillo de los Can\u00f3nigos<\/strong><br><strong>34005 Palencia<\/strong><\/p>\n\n\n\n<hr class=\"wp-block-separator\"\/>\n\n\n\n<div class=\"wp-container-1 wp-block-buttons\">\n<div class=\"wp-block-button\"><a class=\"wp-block-button__link\" href=\"https:\/\/www.google.com\/maps\/place\/El+Sotillo+de+Los+Can%C3%B3nigos\/@42.0106003,-4.5416507,15z\/data=!4m2!3m1!1s0x0:0x415f81f3c5875884?sa=X&amp;ved=2ahUKEwjYndXatIn2AhUyyoUKHau9BmsQ_BJ6BAgnEAU\" target=\"_blank\" rel=\"noreferrer noopener\">C\u00f3mo llegar<\/a><\/div>\n<\/div>\n\n\n\n<hr class=\"wp-block-separator\"\/>\n\n\n\n<hr class=\"wp-block-separator\"\/>\n","protected":false},"excerpt":{"rendered":"<p>El Parque de Sotillo de los Can\u00f3nigos de Palencia est\u00e1 situado en la confluencia de los r\u00edos Carri\u00f3n y Cu\u00e9rnago. Tiene una superficie de 73.400 &hellip;<\/p>\n","protected":false},"author":1,"featured_media":1328,"parent":0,"menu_order":0,"comment_status":"closed","ping_status":"closed","template":"","meta":{"_monsterinsights_skip_tracking":false,"_monsterinsights_sitenote_active":false,"_monsterinsights_sitenote_note":"","_monsterinsights_sitenote_category":0},"_links":{"self":[{"href":"https:\/\/turismopalencia.digital\/index.php\/wp-json\/wp\/v2\/pages\/266"}],"collection":[{"href":"https:\/\/turismopalencia.digital\/index.php\/wp-json\/wp\/v2\/pages"}],"about":[{"href":"https:\/\/turismopalencia.digital\/index.php\/wp-json\/wp\/v2\/types\/page"}],"author":[{"embeddable":true,"href":"https:\/\/turismopalencia.digital\/index.php\/wp-json\/wp\/v2\/users\/1"}],"replies":[{"embeddable":true,"href":"https:\/\/turismopalencia.digital\/index.php\/wp-json\/wp\/v2\/comments?post=266"}],"version-history":[{"count":4,"href":"https:\/\/turismopalencia.digital\/index.php\/wp-json\/wp\/v2\/pages\/266\/revisions"}],"predecessor-version":[{"id":1329,"href":"https:\/\/turismopalencia.digital\/index.php\/wp-json\/wp\/v2\/pages\/266\/revisions\/1329"}],"wp:featuredmedia":[{"embeddable":true,"href":"https:\/\/turismopalencia.digital\/index.php\/wp-json\/wp\/v2\/media\/1328"}],"wp:attachment":[{"href":"https:\/\/turismopalencia.digital\/index.php\/wp-json\/wp\/v2\/media?parent=266"}],"curies":[{"name":"wp","href":"https:\/\/api.w.org\/{rel}","templated":true}]}}