{"id":267,"date":"2022-02-17T22:18:10","date_gmt":"2022-02-17T22:18:10","guid":{"rendered":"http:\/\/turismopalencia.digital\/?page_id=267"},"modified":"2022-04-04T20:42:21","modified_gmt":"2022-04-04T20:42:21","slug":"teatro-principal","status":"publish","type":"page","link":"https:\/\/turismopalencia.digital\/index.php\/teatro-principal\/","title":{"rendered":"Teatro Principal"},"content":{"rendered":"\n<hr class=\"wp-block-separator\"\/>\n\n\n\n<figure class=\"wp-block-image size-full is-resized\"><img loading=\"lazy\" src=\"http:\/\/turismopalencia.digital\/wp-content\/uploads\/2022\/02\/antzokia_69.jpg\" alt=\"\" class=\"wp-image-783\" width=\"1238\" height=\"823\" srcset=\"https:\/\/turismopalencia.digital\/wp-content\/uploads\/2022\/02\/antzokia_69.jpg 595w, https:\/\/turismopalencia.digital\/wp-content\/uploads\/2022\/02\/antzokia_69-300x200.jpg 300w, https:\/\/turismopalencia.digital\/wp-content\/uploads\/2022\/02\/antzokia_69-15x10.jpg 15w\" sizes=\"(max-width: 1238px) 100vw, 1238px\" \/><figcaption>Teatro Principal<\/figcaption><\/figure>\n\n\n\n<hr class=\"wp-block-separator\"\/>\n\n\n\n<p><strong>A principio del siglo XIX se construye el Teatro Principal al estilo de los italianos de finales del siglo XVII; se inicia con los Fondos P\u00fablicos y el pr\u00e9stamo de Don Francisco Ibarguen Goitia, al que habr\u00e1 que pagarle una renta hasta liquidar el pr\u00e9stamo.<\/strong><br><strong>&nbsp;&nbsp;&nbsp;&nbsp;A consecuencia de un incendio producido en el a\u00f1o 1826 tras la actuaci\u00f3n de un grupo de aficionados, no queda del Teatro mas que sus muros.<\/strong><br><strong>&nbsp;&nbsp;&nbsp;&nbsp;El gobernador civil, consciente de su representatividad en la provincia, ordena al arquitecto del Canal de Castilla, que &#8220;sin levantar mano&#8221;, redacte un nuevo proyecto. Se cumple la orden y se presupuesta en 120.000 reales.<\/strong><br><strong>&nbsp;&nbsp;&nbsp;&nbsp;En el presupuesto municipal de 1836 figura, con car\u00e1cter excepcional, una partida 100.000 reales por una sola vez, para la reconstrucci\u00f3n del Teatro. Tan excepcional era que supon\u00eda la cuarta parte del presupuesto total de gastos del a\u00f1o.<\/strong><br><strong>&nbsp;&nbsp;&nbsp;&nbsp;Las obras se adjudicaron al maestro alarife Pablo Espinosa. De la pintura y confecci\u00f3n de de decorados se encarga a \u00c1ngel Repico y Jos\u00e9 Hern\u00e1ndez Huerta, ambos de Valladolid. Diego Bahamonte, maestro escultor, fue el responsable de la realizaci\u00f3n del arco de embocadura.<\/strong><br><strong>&nbsp;&nbsp;&nbsp;&nbsp;El 2 de julio de 1837, con motivo de la publicaci\u00f3n de la Constituci\u00f3n, se inaugura el Teatro con una funci\u00f3n a cargo de unos aficionados.<\/strong><\/p>\n\n\n\n<hr class=\"wp-block-separator\"\/>\n\n\n\n<figure class=\"wp-block-gallery has-nested-images columns-default is-cropped\">\n<figure class=\"wp-block-image size-large\"><img loading=\"lazy\" width=\"800\" height=\"533\" data-id=\"785\"  src=\"http:\/\/turismopalencia.digital\/wp-content\/uploads\/2022\/02\/A1-55889042.jpg\" alt=\"\" class=\"wp-image-785\" srcset=\"https:\/\/turismopalencia.digital\/wp-content\/uploads\/2022\/02\/A1-55889042.jpg 800w, https:\/\/turismopalencia.digital\/wp-content\/uploads\/2022\/02\/A1-55889042-300x200.jpg 300w, https:\/\/turismopalencia.digital\/wp-content\/uploads\/2022\/02\/A1-55889042-768x512.jpg 768w, https:\/\/turismopalencia.digital\/wp-content\/uploads\/2022\/02\/A1-55889042-15x10.jpg 15w\" sizes=\"(max-width: 800px) 100vw, 800px\" \/><\/figure>\n\n\n\n<figure class=\"wp-block-image size-large\"><img loading=\"lazy\" width=\"275\" height=\"183\" data-id=\"788\"  src=\"http:\/\/turismopalencia.digital\/wp-content\/uploads\/2022\/02\/descarga-8.jpg\" alt=\"\" class=\"wp-image-788\" srcset=\"https:\/\/turismopalencia.digital\/wp-content\/uploads\/2022\/02\/descarga-8.jpg 275w, https:\/\/turismopalencia.digital\/wp-content\/uploads\/2022\/02\/descarga-8-15x10.jpg 15w\" sizes=\"(max-width: 275px) 100vw, 275px\" \/><\/figure>\n\n\n\n<figure class=\"wp-block-image size-large\"><img loading=\"lazy\" width=\"650\" height=\"433\" data-id=\"786\"  src=\"http:\/\/turismopalencia.digital\/wp-content\/uploads\/2022\/02\/Peridis-pblico-Teatro-Principal-de-Palencia.jpg\" alt=\"\" class=\"wp-image-786\" srcset=\"https:\/\/turismopalencia.digital\/wp-content\/uploads\/2022\/02\/Peridis-pblico-Teatro-Principal-de-Palencia.jpg 650w, https:\/\/turismopalencia.digital\/wp-content\/uploads\/2022\/02\/Peridis-pblico-Teatro-Principal-de-Palencia-300x200.jpg 300w, https:\/\/turismopalencia.digital\/wp-content\/uploads\/2022\/02\/Peridis-pblico-Teatro-Principal-de-Palencia-15x10.jpg 15w\" sizes=\"(max-width: 650px) 100vw, 650px\" \/><\/figure>\n\n\n\n<figure class=\"wp-block-image size-large\"><img loading=\"lazy\" width=\"1024\" height=\"683\" data-id=\"787\"  src=\"http:\/\/turismopalencia.digital\/wp-content\/uploads\/2022\/02\/teatro-1024x683.jpg\" alt=\"\" class=\"wp-image-787\" srcset=\"https:\/\/turismopalencia.digital\/wp-content\/uploads\/2022\/02\/teatro-1024x683.jpg 1024w, https:\/\/turismopalencia.digital\/wp-content\/uploads\/2022\/02\/teatro-300x200.jpg 300w, https:\/\/turismopalencia.digital\/wp-content\/uploads\/2022\/02\/teatro-768x512.jpg 768w, https:\/\/turismopalencia.digital\/wp-content\/uploads\/2022\/02\/teatro-15x10.jpg 15w, https:\/\/turismopalencia.digital\/wp-content\/uploads\/2022\/02\/teatro.jpg 1200w\" sizes=\"(max-width: 1024px) 100vw, 1024px\" \/><\/figure>\n\n\n\n<figure class=\"wp-block-image size-large\"><img loading=\"lazy\" width=\"1024\" height=\"701\" data-id=\"789\"  src=\"http:\/\/turismopalencia.digital\/wp-content\/uploads\/2022\/02\/Teatro_Palencia_Interior2.jpg\" alt=\"\" class=\"wp-image-789\" srcset=\"https:\/\/turismopalencia.digital\/wp-content\/uploads\/2022\/02\/Teatro_Palencia_Interior2.jpg 1024w, https:\/\/turismopalencia.digital\/wp-content\/uploads\/2022\/02\/Teatro_Palencia_Interior2-300x205.jpg 300w, https:\/\/turismopalencia.digital\/wp-content\/uploads\/2022\/02\/Teatro_Palencia_Interior2-768x526.jpg 768w, https:\/\/turismopalencia.digital\/wp-content\/uploads\/2022\/02\/Teatro_Palencia_Interior2-15x10.jpg 15w\" sizes=\"(max-width: 1024px) 100vw, 1024px\" \/><\/figure>\n<\/figure>\n\n\n\n<hr class=\"wp-block-separator\"\/>\n\n\n\n<p><strong>Calle Burgos, 3<\/strong><br><strong>34001 Palencia<\/strong><\/p>\n\n\n\n<p><strong>979 70 29 04<\/strong><\/p>\n\n\n\n<hr class=\"wp-block-separator\"\/>\n\n\n\n<div class=\"wp-container-1 wp-block-buttons\">\n<div class=\"wp-block-button\"><a class=\"wp-block-button__link\" href=\"https:\/\/www.google.com\/maps\/place\/Teatro+Principal+de+Palencia\/@42.009776,-4.5307714,15z\/data=!4m2!3m1!1s0x0:0xde6243da6bf5b04b?sa=X&amp;ved=2ahUKEwjd27uDton2AhXcwAIHHZAnCQQQ_BJ6BAgkEAU\" target=\"_blank\" rel=\"noreferrer noopener\">C\u00f3mo llegar<\/a><\/div>\n<\/div>\n\n\n\n<hr class=\"wp-block-separator\"\/>\n\n\n\n<hr class=\"wp-block-separator\"\/>\n","protected":false},"excerpt":{"rendered":"<p>A principio del siglo XIX se construye el Teatro Principal al estilo de los italianos de finales del siglo XVII; se inicia con los Fondos &hellip;<\/p>\n","protected":false},"author":1,"featured_media":1330,"parent":0,"menu_order":0,"comment_status":"closed","ping_status":"closed","template":"","meta":{"_monsterinsights_skip_tracking":false,"_monsterinsights_sitenote_active":false,"_monsterinsights_sitenote_note":"","_monsterinsights_sitenote_category":0},"_links":{"self":[{"href":"https:\/\/turismopalencia.digital\/index.php\/wp-json\/wp\/v2\/pages\/267"}],"collection":[{"href":"https:\/\/turismopalencia.digital\/index.php\/wp-json\/wp\/v2\/pages"}],"about":[{"href":"https:\/\/turismopalencia.digital\/index.php\/wp-json\/wp\/v2\/types\/page"}],"author":[{"embeddable":true,"href":"https:\/\/turismopalencia.digital\/index.php\/wp-json\/wp\/v2\/users\/1"}],"replies":[{"embeddable":true,"href":"https:\/\/turismopalencia.digital\/index.php\/wp-json\/wp\/v2\/comments?post=267"}],"version-history":[{"count":4,"href":"https:\/\/turismopalencia.digital\/index.php\/wp-json\/wp\/v2\/pages\/267\/revisions"}],"predecessor-version":[{"id":1331,"href":"https:\/\/turismopalencia.digital\/index.php\/wp-json\/wp\/v2\/pages\/267\/revisions\/1331"}],"wp:featuredmedia":[{"embeddable":true,"href":"https:\/\/turismopalencia.digital\/index.php\/wp-json\/wp\/v2\/media\/1330"}],"wp:attachment":[{"href":"https:\/\/turismopalencia.digital\/index.php\/wp-json\/wp\/v2\/media?parent=267"}],"curies":[{"name":"wp","href":"https:\/\/api.w.org\/{rel}","templated":true}]}}