{"id":30,"date":"2022-02-17T19:24:02","date_gmt":"2022-02-17T19:24:02","guid":{"rendered":"http:\/\/turismopalencia.digital\/?page_id=30"},"modified":"2022-03-14T13:42:32","modified_gmt":"2022-03-14T13:42:32","slug":"fiestas","status":"publish","type":"page","link":"https:\/\/turismopalencia.digital\/index.php\/fiestas\/","title":{"rendered":"Fiestas"},"content":{"rendered":"\n<hr class=\"wp-block-separator\"\/>\n\n\n\n<div class=\"wp-block-media-text alignwide is-stacked-on-mobile\"><figure class=\"wp-block-media-text__media\"><img loading=\"lazy\" width=\"478\" height=\"319\" src=\"http:\/\/turismopalencia.digital\/wp-content\/uploads\/2022\/03\/bautizo-del-nino.jpg\" alt=\"\" class=\"wp-image-1160 size-full\" srcset=\"https:\/\/turismopalencia.digital\/wp-content\/uploads\/2022\/03\/bautizo-del-nino.jpg 478w, https:\/\/turismopalencia.digital\/wp-content\/uploads\/2022\/03\/bautizo-del-nino-300x200.jpg 300w, https:\/\/turismopalencia.digital\/wp-content\/uploads\/2022\/03\/bautizo-del-nino-15x10.jpg 15w\" sizes=\"(max-width: 478px) 100vw, 478px\" \/><\/figure><div class=\"wp-block-media-text__content\">\n<p class=\"has-large-font-size\">1 de Enero<\/p>\n\n\n\n<h2><strong>BAUTIZO del NI\u00d1O<\/strong><\/h2>\n\n\n\n<p><strong>Fiesta singular de Inter\u00e9s Tur\u00edstico Nacional que se celebra alrededor de la Iglesia de San Miguel con una procesi\u00f3n y una \u00abpedrea\u00bb de confites y caramelos.<\/strong><\/p>\n\n\n\n<figure class=\"wp-block-embed is-type-video is-provider-youtube wp-block-embed-youtube wp-embed-aspect-4-3 wp-has-aspect-ratio\"><div class=\"wp-block-embed__wrapper\">\n<iframe loading=\"lazy\" title=\"Bautizo del Ni\u00f1o y canto del EA. Palencia 2012\" width=\"1032\" height=\"774\" src=\"https:\/\/www.youtube.com\/embed\/Pz8zMVhP3Tc?feature=oembed\" frameborder=\"0\" allow=\"accelerometer; autoplay; clipboard-write; encrypted-media; gyroscope; picture-in-picture\" allowfullscreen><\/iframe>\n<\/div><\/figure>\n<\/div><\/div>\n\n\n\n<hr class=\"wp-block-separator\"\/>\n\n\n\n<div class=\"wp-block-media-text alignwide is-stacked-on-mobile\"><figure class=\"wp-block-media-text__media\"><img loading=\"lazy\" width=\"800\" height=\"488\" src=\"http:\/\/turismopalencia.digital\/wp-content\/uploads\/2022\/02\/san-anton.-Palencia.jpg\" alt=\"\" class=\"wp-image-795 size-full\" srcset=\"https:\/\/turismopalencia.digital\/wp-content\/uploads\/2022\/02\/san-anton.-Palencia.jpg 800w, https:\/\/turismopalencia.digital\/wp-content\/uploads\/2022\/02\/san-anton.-Palencia-300x183.jpg 300w, https:\/\/turismopalencia.digital\/wp-content\/uploads\/2022\/02\/san-anton.-Palencia-768x468.jpg 768w, https:\/\/turismopalencia.digital\/wp-content\/uploads\/2022\/02\/san-anton.-Palencia-16x10.jpg 16w\" sizes=\"(max-width: 800px) 100vw, 800px\" \/><\/figure><div class=\"wp-block-media-text__content\">\n<p class=\"has-large-font-size\">17 de Enero<\/p>\n\n\n\n<h2 id=\"17-de-enero\">SAN ANT\u00d3N<\/h2>\n\n\n\n<p><strong>Se celebra en las inmediaciones de la Iglesia de San Miguel donde se bendicen los animales de los asistentes.<\/strong><\/p>\n\n\n\n<figure class=\"wp-block-embed is-type-video is-provider-youtube wp-block-embed-youtube wp-embed-aspect-16-9 wp-has-aspect-ratio\"><div class=\"wp-block-embed__wrapper\">\n<iframe loading=\"lazy\" title=\"Peli San Ant\u00f3n 2015\" width=\"1032\" height=\"581\" src=\"https:\/\/www.youtube.com\/embed\/fD4STSHHx84?feature=oembed\" frameborder=\"0\" allow=\"accelerometer; autoplay; clipboard-write; encrypted-media; gyroscope; picture-in-picture\" allowfullscreen><\/iframe>\n<\/div><\/figure>\n<\/div><\/div>\n\n\n\n<hr class=\"wp-block-separator\"\/>\n\n\n\n<div class=\"wp-block-media-text alignwide is-stacked-on-mobile\"><figure class=\"wp-block-media-text__media\"><img loading=\"lazy\" width=\"573\" height=\"323\" src=\"http:\/\/turismopalencia.digital\/wp-content\/uploads\/2022\/02\/las-candelas-1.jpg\" alt=\"\" class=\"wp-image-796 size-full\" srcset=\"https:\/\/turismopalencia.digital\/wp-content\/uploads\/2022\/02\/las-candelas-1.jpg 573w, https:\/\/turismopalencia.digital\/wp-content\/uploads\/2022\/02\/las-candelas-1-300x169.jpg 300w, https:\/\/turismopalencia.digital\/wp-content\/uploads\/2022\/02\/las-candelas-1-18x10.jpg 18w\" sizes=\"(max-width: 573px) 100vw, 573px\" \/><\/figure><div class=\"wp-block-media-text__content\">\n<p class=\"has-large-font-size\">2 de Febrero<\/p>\n\n\n\n<h2 id=\"2-de-febrero\">LAS CANDELAS<\/h2>\n\n\n\n<p><strong>En la parroquia de La Virgen de la Calle ( Patrona de Pallencia ) se venera la imagen de la Virgen conocida como &#8220;La Morenilla&#8221; y es llevada en procesi\u00f3n hasta la Catedral, ante el fervor de los fieles.<\/strong><br><strong>Paralelamente , en la jornada festiva, se organiza una popular matanza en la Plaza Mayor.<\/strong><\/p>\n\n\n\n<figure class=\"wp-block-embed is-type-video is-provider-youtube wp-block-embed-youtube wp-embed-aspect-16-9 wp-has-aspect-ratio\"><div class=\"wp-block-embed__wrapper\">\n<iframe loading=\"lazy\" title=\"Palencia - Fiesta de Las Candelas - Febrero del 2020\" width=\"1032\" height=\"581\" src=\"https:\/\/www.youtube.com\/embed\/B41yNZAAQgA?feature=oembed\" frameborder=\"0\" allow=\"accelerometer; autoplay; clipboard-write; encrypted-media; gyroscope; picture-in-picture\" allowfullscreen><\/iframe>\n<\/div><\/figure>\n\n\n\n<figure class=\"wp-block-image size-full\"><img loading=\"lazy\" width=\"800\" height=\"533\" src=\"http:\/\/turismopalencia.digital\/wp-content\/uploads\/2022\/02\/las-candelas-matanza.jpg\" alt=\"\" class=\"wp-image-797\" srcset=\"https:\/\/turismopalencia.digital\/wp-content\/uploads\/2022\/02\/las-candelas-matanza.jpg 800w, https:\/\/turismopalencia.digital\/wp-content\/uploads\/2022\/02\/las-candelas-matanza-300x200.jpg 300w, https:\/\/turismopalencia.digital\/wp-content\/uploads\/2022\/02\/las-candelas-matanza-768x512.jpg 768w, https:\/\/turismopalencia.digital\/wp-content\/uploads\/2022\/02\/las-candelas-matanza-15x10.jpg 15w\" sizes=\"(max-width: 800px) 100vw, 800px\" \/><\/figure>\n<\/div><\/div>\n\n\n\n<hr class=\"wp-block-separator\"\/>\n\n\n\n<div class=\"wp-block-media-text alignwide is-stacked-on-mobile\"><figure class=\"wp-block-media-text__media\"><img loading=\"lazy\" width=\"802\" height=\"533\" src=\"http:\/\/turismopalencia.digital\/wp-content\/uploads\/2022\/02\/Semana-Santa-Palencia.gif\" alt=\"\" class=\"wp-image-798 size-full\"\/><\/figure><div class=\"wp-block-media-text__content\">\n<h2>SEMANA SANTA<\/h2>\n\n\n\n<p><strong>Es la fiesta m\u00e1s importante del calendario palentino pues posee el distintivo de fiesta de Inter\u00e9s Tur\u00edstico Internacional. Relevante importancia tienen las procesiones de &#8220;La Borriquilla&#8221;, &#8220;Oraci\u00f3n del Huerto&#8221;, &#8220;Los Pasos&#8221; y &#8220;Santo Entierro&#8221; cuyas caracter\u00edsticas m\u00e1s destacables son su sobriedad y sencillez. Las tradiciones m\u00e1s importantes son la &#8220;llamada de hermanos&#8221; y el &#8220;tarar\u00fa&#8221;.<\/strong><\/p>\n\n\n\n<figure class=\"wp-block-embed is-type-video is-provider-youtube wp-block-embed-youtube wp-embed-aspect-16-9 wp-has-aspect-ratio\"><div class=\"wp-block-embed__wrapper\">\n<iframe loading=\"lazy\" title=\"SEMANA SANTA Palencia - Los Cuatro Cantones\" width=\"1032\" height=\"581\" src=\"https:\/\/www.youtube.com\/embed\/CIo_YFqVY8g?feature=oembed\" frameborder=\"0\" allow=\"accelerometer; autoplay; clipboard-write; encrypted-media; gyroscope; picture-in-picture\" allowfullscreen><\/iframe>\n<\/div><\/figure>\n<\/div><\/div>\n\n\n\n<hr class=\"wp-block-separator\"\/>\n\n\n\n<div class=\"wp-block-media-text alignwide is-stacked-on-mobile\"><figure class=\"wp-block-media-text__media\"><img loading=\"lazy\" width=\"448\" height=\"246\" src=\"http:\/\/turismopalencia.digital\/wp-content\/uploads\/2022\/02\/Santo-Toribio-Palencia.jpg\" alt=\"\" class=\"wp-image-799 size-full\" srcset=\"https:\/\/turismopalencia.digital\/wp-content\/uploads\/2022\/02\/Santo-Toribio-Palencia.jpg 448w, https:\/\/turismopalencia.digital\/wp-content\/uploads\/2022\/02\/Santo-Toribio-Palencia-300x165.jpg 300w, https:\/\/turismopalencia.digital\/wp-content\/uploads\/2022\/02\/Santo-Toribio-Palencia-18x10.jpg 18w\" sizes=\"(max-width: 448px) 100vw, 448px\" \/><\/figure><div class=\"wp-block-media-text__content\">\n<p class=\"has-large-font-size\">16 de Abril<\/p>\n\n\n\n<h2 id=\"16-de-abril\">SANTO TORIBIO<\/h2>\n\n\n\n<p><strong>Se celebra el domingo m\u00e1s cercano al 16 de abril, Fiesta de Inter\u00e9s Tur\u00edstico Regional. Se produce una &#8220;pedrea&#8221; de pan y queso a los pies del Cristo del Otero.<\/strong><\/p>\n\n\n\n<figure class=\"wp-block-embed is-type-video is-provider-youtube wp-block-embed-youtube wp-embed-aspect-16-9 wp-has-aspect-ratio\"><div class=\"wp-block-embed__wrapper\">\n<iframe loading=\"lazy\" title=\"Romeria Santo Toribio 2014 Palencia\" width=\"1032\" height=\"581\" src=\"https:\/\/www.youtube.com\/embed\/gj_RhL3wyRo?feature=oembed\" frameborder=\"0\" allow=\"accelerometer; autoplay; clipboard-write; encrypted-media; gyroscope; picture-in-picture\" allowfullscreen><\/iframe>\n<\/div><\/figure>\n<\/div><\/div>\n\n\n\n<hr class=\"wp-block-separator\"\/>\n\n\n\n<div class=\"wp-block-media-text alignwide is-stacked-on-mobile\"><figure class=\"wp-block-media-text__media\"><img loading=\"lazy\" width=\"644\" height=\"429\" src=\"http:\/\/turismopalencia.digital\/wp-content\/uploads\/2022\/02\/San-Marcos-Palencia.jpg\" alt=\"\" class=\"wp-image-800 size-full\" srcset=\"https:\/\/turismopalencia.digital\/wp-content\/uploads\/2022\/02\/San-Marcos-Palencia.jpg 644w, https:\/\/turismopalencia.digital\/wp-content\/uploads\/2022\/02\/San-Marcos-Palencia-300x200.jpg 300w, https:\/\/turismopalencia.digital\/wp-content\/uploads\/2022\/02\/San-Marcos-Palencia-15x10.jpg 15w\" sizes=\"(max-width: 644px) 100vw, 644px\" \/><\/figure><div class=\"wp-block-media-text__content\">\n<p class=\"has-large-font-size\">25 de Abril<\/p>\n\n\n\n<h2 id=\"25-de-abril\">SAN MARCOS<\/h2>\n\n\n\n<p><strong>Tradicionalmente se celebra una gran caracolada en el Sotillo de los Can\u00f3nigos.<\/strong><\/p>\n\n\n\n<figure class=\"wp-block-embed is-type-video is-provider-youtube wp-block-embed-youtube wp-embed-aspect-16-9 wp-has-aspect-ratio\"><div class=\"wp-block-embed__wrapper\">\n<iframe loading=\"lazy\" title=\"Romer\u00eda de San Marcos\" width=\"1032\" height=\"581\" src=\"https:\/\/www.youtube.com\/embed\/frfLzT1x7TQ?feature=oembed\" frameborder=\"0\" allow=\"accelerometer; autoplay; clipboard-write; encrypted-media; gyroscope; picture-in-picture\" allowfullscreen><\/iframe>\n<\/div><\/figure>\n<\/div><\/div>\n\n\n\n<hr class=\"wp-block-separator\"\/>\n\n\n\n<div class=\"wp-block-media-text alignwide is-stacked-on-mobile\"><figure class=\"wp-block-media-text__media\"><img loading=\"lazy\" width=\"787\" height=\"509\" src=\"http:\/\/turismopalencia.digital\/wp-content\/uploads\/2022\/02\/Corpus-Christi-Palencia.jpg\" alt=\"\" class=\"wp-image-801 size-full\" srcset=\"https:\/\/turismopalencia.digital\/wp-content\/uploads\/2022\/02\/Corpus-Christi-Palencia.jpg 787w, https:\/\/turismopalencia.digital\/wp-content\/uploads\/2022\/02\/Corpus-Christi-Palencia-300x194.jpg 300w, https:\/\/turismopalencia.digital\/wp-content\/uploads\/2022\/02\/Corpus-Christi-Palencia-768x497.jpg 768w, https:\/\/turismopalencia.digital\/wp-content\/uploads\/2022\/02\/Corpus-Christi-Palencia-15x10.jpg 15w\" sizes=\"(max-width: 787px) 100vw, 787px\" \/><\/figure><div class=\"wp-block-media-text__content\">\n<h2>CORPUS CHRISTI<\/h2>\n\n\n\n<p><strong>Domingo m\u00e1s cercano al Jueves del Corpus. La procesi\u00f3n y misa est\u00e1n organizadas por la Cofrad\u00eda Penitencial del Santo Sepulcro y Cabildo Catedralicio. El Sant\u00edsimo procesiona en el Carro Triunfante, de singular belleza.<\/strong><\/p>\n\n\n\n<figure class=\"wp-block-embed is-type-video is-provider-youtube wp-block-embed-youtube wp-embed-aspect-4-3 wp-has-aspect-ratio\"><div class=\"wp-block-embed__wrapper\">\n<iframe loading=\"lazy\" title=\"O.F.S.  ESPA\u00d1A(PALENCIA)PROCESI\u00d3N DEL CORPUS CHRISTI 2010. G\" width=\"1032\" height=\"774\" src=\"https:\/\/www.youtube.com\/embed\/zk8p8asnJ_g?feature=oembed\" frameborder=\"0\" allow=\"accelerometer; autoplay; clipboard-write; encrypted-media; gyroscope; picture-in-picture\" allowfullscreen><\/iframe>\n<\/div><\/figure>\n<\/div><\/div>\n\n\n\n<hr class=\"wp-block-separator\"\/>\n\n\n\n<div class=\"wp-block-media-text alignwide is-stacked-on-mobile\"><figure class=\"wp-block-media-text__media\"><img loading=\"lazy\" width=\"300\" height=\"180\" src=\"http:\/\/turismopalencia.digital\/wp-content\/uploads\/2022\/02\/San-Juan-Palencia.jpg\" alt=\"\" class=\"wp-image-802 size-full\" srcset=\"https:\/\/turismopalencia.digital\/wp-content\/uploads\/2022\/02\/San-Juan-Palencia.jpg 300w, https:\/\/turismopalencia.digital\/wp-content\/uploads\/2022\/02\/San-Juan-Palencia-17x10.jpg 17w\" sizes=\"(max-width: 300px) 100vw, 300px\" \/><\/figure><div class=\"wp-block-media-text__content\">\n<p class=\"has-large-font-size\">24 de Junio<\/p>\n\n\n\n<h2 id=\"24-de-junio\">SAN JUAN<\/h2>\n\n\n\n<p><strong>Conocido como San Juanillo es Copatr\u00f3n de Palencia, se realiza una procesi\u00f3n en la que desfila el San Juan de la cofrad\u00eda del Santo Sepulcro. Desde su sede llega hasta la Plaza Mayor donde se realiza la tradicional repartida del tomillo. La procesi\u00f3n llega hasta el barrio de San Juanillo donde se adora a la reliquia y se escucha una oraci\u00f3n, por la noche tiene lugar la Hoguera de San Juan.<\/strong><\/p>\n\n\n\n<figure class=\"wp-block-embed is-type-video is-provider-youtube wp-block-embed-youtube wp-embed-aspect-16-9 wp-has-aspect-ratio\"><div class=\"wp-block-embed__wrapper\">\n<iframe loading=\"lazy\" title=\"Hoguera de San Juan Palencia 2015\" width=\"1032\" height=\"581\" src=\"https:\/\/www.youtube.com\/embed\/CSsfCAH5VYE?feature=oembed\" frameborder=\"0\" allow=\"accelerometer; autoplay; clipboard-write; encrypted-media; gyroscope; picture-in-picture\" allowfullscreen><\/iframe>\n<\/div><\/figure>\n<\/div><\/div>\n\n\n\n<hr class=\"wp-block-separator\"\/>\n\n\n\n<div class=\"wp-block-media-text alignwide is-stacked-on-mobile\"><figure class=\"wp-block-media-text__media\"><img loading=\"lazy\" width=\"1024\" height=\"631\" src=\"http:\/\/turismopalencia.digital\/wp-content\/uploads\/2022\/02\/San-Antolin-Palencia-1024x631.jpg\" alt=\"\" class=\"wp-image-803 size-full\" srcset=\"https:\/\/turismopalencia.digital\/wp-content\/uploads\/2022\/02\/San-Antolin-Palencia-1024x631.jpg 1024w, https:\/\/turismopalencia.digital\/wp-content\/uploads\/2022\/02\/San-Antolin-Palencia-300x185.jpg 300w, https:\/\/turismopalencia.digital\/wp-content\/uploads\/2022\/02\/San-Antolin-Palencia-768x473.jpg 768w, https:\/\/turismopalencia.digital\/wp-content\/uploads\/2022\/02\/San-Antolin-Palencia-16x10.jpg 16w, https:\/\/turismopalencia.digital\/wp-content\/uploads\/2022\/02\/San-Antolin-Palencia.jpg 1200w\" sizes=\"(max-width: 1024px) 100vw, 1024px\" \/><\/figure><div class=\"wp-block-media-text__content\">\n<p class=\"has-large-font-size\">2 de Septiembre<\/p>\n\n\n\n<h2 id=\"2-de-septiembre\">SAN ANTOL\u00cdN<\/h2>\n\n\n\n<p><strong>Patr\u00f3n de Palencia, d\u00eda 2 de septiembre y alrededores. Se suceden las procesiones, pasacalles, corridas de toros, pregones y desfiles de pe\u00f1as.<\/strong><\/p>\n\n\n\n<figure class=\"wp-block-embed is-type-video is-provider-youtube wp-block-embed-youtube wp-embed-aspect-16-9 wp-has-aspect-ratio\"><div class=\"wp-block-embed__wrapper\">\n<iframe loading=\"lazy\" title=\"PALENCIA  FIESTAS DE SAN ANTOLIN 2015\" width=\"1032\" height=\"581\" src=\"https:\/\/www.youtube.com\/embed\/Xw8OU9kYJb0?feature=oembed\" frameborder=\"0\" allow=\"accelerometer; autoplay; clipboard-write; encrypted-media; gyroscope; picture-in-picture\" allowfullscreen><\/iframe>\n<\/div><\/figure>\n<\/div><\/div>\n\n\n\n<hr class=\"wp-block-separator\"\/>\n\n\n\n<hr class=\"wp-block-separator\"\/>\n","protected":false},"excerpt":{"rendered":"","protected":false},"author":1,"featured_media":1157,"parent":0,"menu_order":0,"comment_status":"closed","ping_status":"closed","template":"","meta":{"_monsterinsights_skip_tracking":false,"_monsterinsights_sitenote_active":false,"_monsterinsights_sitenote_note":"","_monsterinsights_sitenote_category":0},"_links":{"self":[{"href":"https:\/\/turismopalencia.digital\/index.php\/wp-json\/wp\/v2\/pages\/30"}],"collection":[{"href":"https:\/\/turismopalencia.digital\/index.php\/wp-json\/wp\/v2\/pages"}],"about":[{"href":"https:\/\/turismopalencia.digital\/index.php\/wp-json\/wp\/v2\/types\/page"}],"author":[{"embeddable":true,"href":"https:\/\/turismopalencia.digital\/index.php\/wp-json\/wp\/v2\/users\/1"}],"replies":[{"embeddable":true,"href":"https:\/\/turismopalencia.digital\/index.php\/wp-json\/wp\/v2\/comments?post=30"}],"version-history":[{"count":5,"href":"https:\/\/turismopalencia.digital\/index.php\/wp-json\/wp\/v2\/pages\/30\/revisions"}],"predecessor-version":[{"id":1163,"href":"https:\/\/turismopalencia.digital\/index.php\/wp-json\/wp\/v2\/pages\/30\/revisions\/1163"}],"wp:featuredmedia":[{"embeddable":true,"href":"https:\/\/turismopalencia.digital\/index.php\/wp-json\/wp\/v2\/media\/1157"}],"wp:attachment":[{"href":"https:\/\/turismopalencia.digital\/index.php\/wp-json\/wp\/v2\/media?parent=30"}],"curies":[{"name":"wp","href":"https:\/\/api.w.org\/{rel}","templated":true}]}}