{"id":35,"date":"2022-02-17T19:24:02","date_gmt":"2022-02-17T19:24:02","guid":{"rendered":"http:\/\/turismopalencia.digital\/?page_id=35"},"modified":"2022-03-17T22:10:23","modified_gmt":"2022-03-17T22:10:23","slug":"palencia-provincia","status":"publish","type":"page","link":"https:\/\/turismopalencia.digital\/index.php\/palencia-provincia\/","title":{"rendered":"Palencia Provincia"},"content":{"rendered":"\n<hr class=\"wp-block-separator\"\/>\n\n\n\n<p><strong>Esta provincia ubicada en el norte de Castilla y Le\u00f3n<\/strong> <strong>destaca como ejemplo de arte rom\u00e1nico<\/strong> <strong>ya que acoge una de las mayores concentraciones de monumentos<\/strong> <strong>de este estilo de toda Europa<\/strong><br><strong>Un modo de conocerlo es a trav\u00e9s del Camino de Santiago,<\/strong> <strong>que pasa por Fr\u00f3mista, Poblaci\u00f3n de Campos y Carri\u00f3n de los Condes,<\/strong> <strong>entre otras localidades.<\/strong><br><strong>En la zona sur, el arte rom\u00e1nico se centra en los alrededores de la ciudad de Palencia mientras que en el norte destaca especialmente<\/strong> <strong>en Aguilar de Campoo.<\/strong><br><strong>En la gastronom\u00eda son recomendables sus productos t\u00edpicos como<\/strong> <strong>el lechazo churro, la carne de Cervera, los embutidos, las ciegas de Salda\u00f1a o los brazos de San Lorenzo.<\/strong><\/p>\n\n\n\n<hr class=\"wp-block-separator\"\/>\n\n\n\n<figure class=\"wp-block-embed is-type-video is-provider-youtube wp-block-embed-youtube wp-embed-aspect-16-9 wp-has-aspect-ratio\"><div class=\"wp-block-embed__wrapper\">\n<iframe loading=\"lazy\" title=\"Viajes imprescindibles. Destino Palencia\" width=\"1032\" height=\"581\" src=\"https:\/\/www.youtube.com\/embed\/77eqCJMUZXs?feature=oembed\" frameborder=\"0\" allow=\"accelerometer; autoplay; clipboard-write; encrypted-media; gyroscope; picture-in-picture\" allowfullscreen><\/iframe>\n<\/div><\/figure>\n\n\n\n<hr class=\"wp-block-separator\"\/>\n\n\n\n<figure class=\"wp-block-image size-large is-resized\"><a href=\"http:\/\/turismopalencia.digital\/index.php\/localidades\/\"><img loading=\"lazy\" src=\"http:\/\/turismopalencia.digital\/wp-content\/uploads\/2022\/02\/b-localidades-1024x169.png\" alt=\"\" class=\"wp-image-931\" width=\"1241\" height=\"206\" srcset=\"https:\/\/turismopalencia.digital\/wp-content\/uploads\/2022\/02\/b-localidades-1024x169.png 1024w, https:\/\/turismopalencia.digital\/wp-content\/uploads\/2022\/02\/b-localidades-300x50.png 300w, https:\/\/turismopalencia.digital\/wp-content\/uploads\/2022\/02\/b-localidades-768x127.png 768w, https:\/\/turismopalencia.digital\/wp-content\/uploads\/2022\/02\/b-localidades-1536x254.png 1536w, https:\/\/turismopalencia.digital\/wp-content\/uploads\/2022\/02\/b-localidades-2048x339.png 2048w, https:\/\/turismopalencia.digital\/wp-content\/uploads\/2022\/02\/b-localidades-60x10.png 60w\" sizes=\"(max-width: 1241px) 100vw, 1241px\" \/><\/a><\/figure>\n\n\n\n<figure class=\"wp-block-image size-large is-resized\"><a href=\"http:\/\/turismopalencia.digital\/index.php\/rutas\/\"><img loading=\"lazy\" src=\"http:\/\/turismopalencia.digital\/wp-content\/uploads\/2022\/02\/b-rutas-1536x254-1-1024x169.png\" alt=\"\" class=\"wp-image-932\" width=\"1241\" height=\"206\" srcset=\"https:\/\/turismopalencia.digital\/wp-content\/uploads\/2022\/02\/b-rutas-1536x254-1-1024x169.png 1024w, https:\/\/turismopalencia.digital\/wp-content\/uploads\/2022\/02\/b-rutas-1536x254-1-300x50.png 300w, https:\/\/turismopalencia.digital\/wp-content\/uploads\/2022\/02\/b-rutas-1536x254-1-768x127.png 768w, https:\/\/turismopalencia.digital\/wp-content\/uploads\/2022\/02\/b-rutas-1536x254-1-60x10.png 60w, https:\/\/turismopalencia.digital\/wp-content\/uploads\/2022\/02\/b-rutas-1536x254-1.png 1536w\" sizes=\"(max-width: 1241px) 100vw, 1241px\" \/><\/a><\/figure>\n\n\n\n<figure class=\"wp-block-image size-large is-resized\"><a href=\"http:\/\/turismopalencia.digital\/index.php\/enoturismo\/\"><img loading=\"lazy\" src=\"http:\/\/turismopalencia.digital\/wp-content\/uploads\/2022\/02\/b-enoturismo-1024x169.png\" alt=\"\" class=\"wp-image-929\" width=\"1239\" height=\"204\" srcset=\"https:\/\/turismopalencia.digital\/wp-content\/uploads\/2022\/02\/b-enoturismo-1024x169.png 1024w, https:\/\/turismopalencia.digital\/wp-content\/uploads\/2022\/02\/b-enoturismo-300x49.png 300w, https:\/\/turismopalencia.digital\/wp-content\/uploads\/2022\/02\/b-enoturismo-768x127.png 768w, https:\/\/turismopalencia.digital\/wp-content\/uploads\/2022\/02\/b-enoturismo-1536x253.png 1536w, https:\/\/turismopalencia.digital\/wp-content\/uploads\/2022\/02\/b-enoturismo-2048x338.png 2048w, https:\/\/turismopalencia.digital\/wp-content\/uploads\/2022\/02\/b-enoturismo-61x10.png 61w\" sizes=\"(max-width: 1239px) 100vw, 1239px\" \/><\/a><\/figure>\n\n\n\n<figure class=\"wp-block-image size-large is-resized\"><a href=\"http:\/\/turismopalencia.digital\/index.php\/historia-2\/\"><img loading=\"lazy\" src=\"http:\/\/turismopalencia.digital\/wp-content\/uploads\/2022\/02\/b-historia-1024x169.png\" alt=\"\" class=\"wp-image-934\" width=\"1240\" height=\"206\" srcset=\"https:\/\/turismopalencia.digital\/wp-content\/uploads\/2022\/02\/b-historia-1024x169.png 1024w, https:\/\/turismopalencia.digital\/wp-content\/uploads\/2022\/02\/b-historia-300x50.png 300w, https:\/\/turismopalencia.digital\/wp-content\/uploads\/2022\/02\/b-historia-768x127.png 768w, https:\/\/turismopalencia.digital\/wp-content\/uploads\/2022\/02\/b-historia-1536x254.png 1536w, https:\/\/turismopalencia.digital\/wp-content\/uploads\/2022\/02\/b-historia-2048x339.png 2048w, https:\/\/turismopalencia.digital\/wp-content\/uploads\/2022\/02\/b-historia-60x10.png 60w\" sizes=\"(max-width: 1240px) 100vw, 1240px\" \/><\/a><\/figure>\n\n\n\n<figure class=\"wp-block-image size-large is-resized\"><a href=\"http:\/\/turismopalencia.digital\/index.php\/gastronomia\/\"><img loading=\"lazy\" src=\"http:\/\/turismopalencia.digital\/wp-content\/uploads\/2022\/02\/b-gastronomia-1024x170.png\" alt=\"\" class=\"wp-image-930\" width=\"1241\" height=\"206\" srcset=\"https:\/\/turismopalencia.digital\/wp-content\/uploads\/2022\/02\/b-gastronomia-1024x170.png 1024w, https:\/\/turismopalencia.digital\/wp-content\/uploads\/2022\/02\/b-gastronomia-300x50.png 300w, https:\/\/turismopalencia.digital\/wp-content\/uploads\/2022\/02\/b-gastronomia-768x127.png 768w, https:\/\/turismopalencia.digital\/wp-content\/uploads\/2022\/02\/b-gastronomia-1536x255.png 1536w, https:\/\/turismopalencia.digital\/wp-content\/uploads\/2022\/02\/b-gastronomia-2048x339.png 2048w, https:\/\/turismopalencia.digital\/wp-content\/uploads\/2022\/02\/b-gastronomia-60x10.png 60w\" sizes=\"(max-width: 1241px) 100vw, 1241px\" \/><\/a><\/figure>\n\n\n\n<hr class=\"wp-block-separator\"\/>\n\n\n\n<figure class=\"wp-block-embed is-type-video is-provider-youtube wp-block-embed-youtube wp-embed-aspect-16-9 wp-has-aspect-ratio\"><div class=\"wp-block-embed__wrapper\">\n<iframe loading=\"lazy\" title=\"Palencia, tu destino. Spot de turismo 2019\" width=\"1032\" height=\"581\" src=\"https:\/\/www.youtube.com\/embed\/ap5P5X0Od6E?start=40&#038;feature=oembed\" frameborder=\"0\" allow=\"accelerometer; autoplay; clipboard-write; encrypted-media; gyroscope; picture-in-picture\" allowfullscreen><\/iframe>\n<\/div><\/figure>\n\n\n\n<hr class=\"wp-block-separator\"\/>\n","protected":false},"excerpt":{"rendered":"<p>Esta provincia ubicada en el norte de Castilla y Le\u00f3n destaca como ejemplo de arte rom\u00e1nico ya que acoge una de las mayores concentraciones de &hellip;<\/p>\n","protected":false},"author":1,"featured_media":1170,"parent":0,"menu_order":0,"comment_status":"closed","ping_status":"closed","template":"","meta":{"_monsterinsights_skip_tracking":false,"_monsterinsights_sitenote_active":false,"_monsterinsights_sitenote_note":"","_monsterinsights_sitenote_category":0},"_links":{"self":[{"href":"https:\/\/turismopalencia.digital\/index.php\/wp-json\/wp\/v2\/pages\/35"}],"collection":[{"href":"https:\/\/turismopalencia.digital\/index.php\/wp-json\/wp\/v2\/pages"}],"about":[{"href":"https:\/\/turismopalencia.digital\/index.php\/wp-json\/wp\/v2\/types\/page"}],"author":[{"embeddable":true,"href":"https:\/\/turismopalencia.digital\/index.php\/wp-json\/wp\/v2\/users\/1"}],"replies":[{"embeddable":true,"href":"https:\/\/turismopalencia.digital\/index.php\/wp-json\/wp\/v2\/comments?post=35"}],"version-history":[{"count":6,"href":"https:\/\/turismopalencia.digital\/index.php\/wp-json\/wp\/v2\/pages\/35\/revisions"}],"predecessor-version":[{"id":1190,"href":"https:\/\/turismopalencia.digital\/index.php\/wp-json\/wp\/v2\/pages\/35\/revisions\/1190"}],"wp:featuredmedia":[{"embeddable":true,"href":"https:\/\/turismopalencia.digital\/index.php\/wp-json\/wp\/v2\/media\/1170"}],"wp:attachment":[{"href":"https:\/\/turismopalencia.digital\/index.php\/wp-json\/wp\/v2\/media?parent=35"}],"curies":[{"name":"wp","href":"https:\/\/api.w.org\/{rel}","templated":true}]}}