{"id":36,"date":"2022-02-17T19:24:02","date_gmt":"2022-02-17T19:24:02","guid":{"rendered":"http:\/\/turismopalencia.digital\/?page_id=36"},"modified":"2022-03-17T21:27:27","modified_gmt":"2022-03-17T21:27:27","slug":"historia-2","status":"publish","type":"page","link":"https:\/\/turismopalencia.digital\/index.php\/historia-2\/","title":{"rendered":"Historia"},"content":{"rendered":"\n<hr class=\"wp-block-separator\"\/>\n\n\n\n<p><strong>Existen vestigios desde la \u00e9poca prehist\u00f3rica pasando por una \u00e9poca romana de gran esplendor, reflejada en las villas romanas de La Olmeda cerca de Salda\u00f1a, o La Tejada en Quintanilla de la Cueza.<\/strong><\/p>\n\n\n\n<figure class=\"wp-block-image size-large is-resized\"><img loading=\"lazy\" src=\"http:\/\/turismopalencia.digital\/wp-content\/uploads\/2022\/02\/mosaico-caza-villaromana-laolmeda-1024x368.jpg\" alt=\"\" class=\"wp-image-827\" width=\"1242\" height=\"446\" srcset=\"https:\/\/turismopalencia.digital\/wp-content\/uploads\/2022\/02\/mosaico-caza-villaromana-laolmeda-1024x368.jpg 1024w, https:\/\/turismopalencia.digital\/wp-content\/uploads\/2022\/02\/mosaico-caza-villaromana-laolmeda-300x108.jpg 300w, https:\/\/turismopalencia.digital\/wp-content\/uploads\/2022\/02\/mosaico-caza-villaromana-laolmeda-768x276.jpg 768w, https:\/\/turismopalencia.digital\/wp-content\/uploads\/2022\/02\/mosaico-caza-villaromana-laolmeda-1536x551.jpg 1536w, https:\/\/turismopalencia.digital\/wp-content\/uploads\/2022\/02\/mosaico-caza-villaromana-laolmeda-2048x735.jpg 2048w, https:\/\/turismopalencia.digital\/wp-content\/uploads\/2022\/02\/mosaico-caza-villaromana-laolmeda-28x10.jpg 28w\" sizes=\"(max-width: 1242px) 100vw, 1242px\" \/><figcaption>Mosaico de la Olmeda<\/figcaption><\/figure>\n\n\n\n<hr class=\"wp-block-separator\"\/>\n\n\n\n<figure class=\"wp-block-image size-large is-resized\"><img loading=\"lazy\" src=\"http:\/\/turismopalencia.digital\/wp-content\/uploads\/2022\/02\/SAN_JUAN_DE_BANOS-1024x658.jpg\" alt=\"\" class=\"wp-image-829\" width=\"1240\" height=\"797\" srcset=\"https:\/\/turismopalencia.digital\/wp-content\/uploads\/2022\/02\/SAN_JUAN_DE_BANOS-1024x658.jpg 1024w, https:\/\/turismopalencia.digital\/wp-content\/uploads\/2022\/02\/SAN_JUAN_DE_BANOS-300x193.jpg 300w, https:\/\/turismopalencia.digital\/wp-content\/uploads\/2022\/02\/SAN_JUAN_DE_BANOS-768x493.jpg 768w, https:\/\/turismopalencia.digital\/wp-content\/uploads\/2022\/02\/SAN_JUAN_DE_BANOS-16x10.jpg 16w, https:\/\/turismopalencia.digital\/wp-content\/uploads\/2022\/02\/SAN_JUAN_DE_BANOS.jpg 1200w\" sizes=\"(max-width: 1240px) 100vw, 1240px\" \/><figcaption>Bas\u00edlica visig\u00f3tica de San Juan de Ba\u00f1os<\/figcaption><\/figure>\n\n\n\n<p><strong>Con los visigodos lleg\u00f3 una de las etapas de mayor esplendor para la ciudad, pues la constituyeron en sede de la corte, adem\u00e1s que desde el siglo IV tambi\u00e9n era sede episcopal de relieve (se dice que su di\u00f3cesis era la m\u00e1s importante de Espa\u00f1a tras la Toledana). Quedan restos del vestigio visigodo en la Cripta de San Antol\u00edn (que es la actual cripta de la catedral) y en la cercana localidad de Ba\u00f1os de Cerrato con su iglesia de San Juan de Ba\u00f1os (siglo VII), situada a tan solo 7 km de la capital que est\u00e1 considerada la obra cumbre de la arquitectura visigoda.<\/strong><\/p>\n\n\n\n<figure class=\"wp-block-image size-large is-resized\"><img loading=\"lazy\" src=\"http:\/\/turismopalencia.digital\/wp-content\/uploads\/2022\/02\/San-Juan-de-Banos-interior-1024x681.jpg\" alt=\"\" class=\"wp-image-830\" width=\"1239\" height=\"824\" srcset=\"https:\/\/turismopalencia.digital\/wp-content\/uploads\/2022\/02\/San-Juan-de-Banos-interior-1024x681.jpg 1024w, https:\/\/turismopalencia.digital\/wp-content\/uploads\/2022\/02\/San-Juan-de-Banos-interior-300x199.jpg 300w, https:\/\/turismopalencia.digital\/wp-content\/uploads\/2022\/02\/San-Juan-de-Banos-interior-768x511.jpg 768w, https:\/\/turismopalencia.digital\/wp-content\/uploads\/2022\/02\/San-Juan-de-Banos-interior-15x10.jpg 15w, https:\/\/turismopalencia.digital\/wp-content\/uploads\/2022\/02\/San-Juan-de-Banos-interior.jpg 1453w\" sizes=\"(max-width: 1239px) 100vw, 1239px\" \/><\/figure>\n\n\n\n<hr class=\"wp-block-separator\"\/>\n\n\n\n<p><strong>Posteriormente la provincia fue fruto de conflictos permanentes por su condici\u00f3n de frontera entre el reino de Le\u00f3n y el de Castilla. Uno de los hitos m\u00e1s remarcables de la historia de Palencia se dio durante el siglo XIII, con la fundaci\u00f3n de la primera universidad de Espa\u00f1a y una de las primeras del mundo.<\/strong><\/p>\n\n\n\n<hr class=\"wp-block-separator\"\/>\n\n\n\n<figure class=\"wp-block-image size-large is-resized\"><img loading=\"lazy\" src=\"http:\/\/turismopalencia.digital\/wp-content\/uploads\/2022\/02\/sansalvador-1024x613.jpg\" alt=\"\" class=\"wp-image-831\" width=\"1241\" height=\"743\" srcset=\"https:\/\/turismopalencia.digital\/wp-content\/uploads\/2022\/02\/sansalvador-1024x613.jpg 1024w, https:\/\/turismopalencia.digital\/wp-content\/uploads\/2022\/02\/sansalvador-300x180.jpg 300w, https:\/\/turismopalencia.digital\/wp-content\/uploads\/2022\/02\/sansalvador-768x460.jpg 768w, https:\/\/turismopalencia.digital\/wp-content\/uploads\/2022\/02\/sansalvador-1536x920.jpg 1536w, https:\/\/turismopalencia.digital\/wp-content\/uploads\/2022\/02\/sansalvador-17x10.jpg 17w, https:\/\/turismopalencia.digital\/wp-content\/uploads\/2022\/02\/sansalvador.jpg 1598w\" sizes=\"(max-width: 1241px) 100vw, 1241px\" \/><\/figure>\n\n\n\n<figure class=\"wp-block-image size-large is-resized\"><img loading=\"lazy\" src=\"http:\/\/turismopalencia.digital\/wp-content\/uploads\/2022\/02\/pablo-2-7-1024x765.jpg\" alt=\"\" class=\"wp-image-832\" width=\"1239\" height=\"926\" srcset=\"https:\/\/turismopalencia.digital\/wp-content\/uploads\/2022\/02\/pablo-2-7-1024x765.jpg 1024w, https:\/\/turismopalencia.digital\/wp-content\/uploads\/2022\/02\/pablo-2-7-300x224.jpg 300w, https:\/\/turismopalencia.digital\/wp-content\/uploads\/2022\/02\/pablo-2-7-768x574.jpg 768w, https:\/\/turismopalencia.digital\/wp-content\/uploads\/2022\/02\/pablo-2-7-13x10.jpg 13w, https:\/\/turismopalencia.digital\/wp-content\/uploads\/2022\/02\/pablo-2-7.jpg 1220w\" sizes=\"(max-width: 1239px) 100vw, 1239px\" \/><\/figure>\n\n\n\n<hr class=\"wp-block-separator\"\/>\n","protected":false},"excerpt":{"rendered":"<p>Existen vestigios desde la \u00e9poca prehist\u00f3rica pasando por una \u00e9poca romana de gran esplendor, reflejada en las villas romanas de La Olmeda cerca de Salda\u00f1a, &hellip;<\/p>\n","protected":false},"author":1,"featured_media":1171,"parent":0,"menu_order":0,"comment_status":"closed","ping_status":"closed","template":"","meta":{"_monsterinsights_skip_tracking":false,"_monsterinsights_sitenote_active":false,"_monsterinsights_sitenote_note":"","_monsterinsights_sitenote_category":0},"_links":{"self":[{"href":"https:\/\/turismopalencia.digital\/index.php\/wp-json\/wp\/v2\/pages\/36"}],"collection":[{"href":"https:\/\/turismopalencia.digital\/index.php\/wp-json\/wp\/v2\/pages"}],"about":[{"href":"https:\/\/turismopalencia.digital\/index.php\/wp-json\/wp\/v2\/types\/page"}],"author":[{"embeddable":true,"href":"https:\/\/turismopalencia.digital\/index.php\/wp-json\/wp\/v2\/users\/1"}],"replies":[{"embeddable":true,"href":"https:\/\/turismopalencia.digital\/index.php\/wp-json\/wp\/v2\/comments?post=36"}],"version-history":[{"count":3,"href":"https:\/\/turismopalencia.digital\/index.php\/wp-json\/wp\/v2\/pages\/36\/revisions"}],"predecessor-version":[{"id":1180,"href":"https:\/\/turismopalencia.digital\/index.php\/wp-json\/wp\/v2\/pages\/36\/revisions\/1180"}],"wp:featuredmedia":[{"embeddable":true,"href":"https:\/\/turismopalencia.digital\/index.php\/wp-json\/wp\/v2\/media\/1171"}],"wp:attachment":[{"href":"https:\/\/turismopalencia.digital\/index.php\/wp-json\/wp\/v2\/media?parent=36"}],"curies":[{"name":"wp","href":"https:\/\/api.w.org\/{rel}","templated":true}]}}