{"id":37,"date":"2022-02-17T19:24:02","date_gmt":"2022-02-17T19:24:02","guid":{"rendered":"http:\/\/turismopalencia.digital\/?page_id=37"},"modified":"2022-04-04T20:46:42","modified_gmt":"2022-04-04T20:46:42","slug":"localidades","status":"publish","type":"page","link":"https:\/\/turismopalencia.digital\/index.php\/localidades\/","title":{"rendered":"Localidades"},"content":{"rendered":"\n<hr class=\"wp-block-separator\"\/>\n\n\n\n<p><strong>La provincia de Palencia destaca, por su rico y variado patrimonio art\u00edstico:<\/strong><br><strong>Las diferentes muestras de Arte rom\u00e1nico.<\/strong><br><strong>Una de las mejores muestras de este estilo en Europa.<\/strong><br><strong>Concentra la mayor cantidad de monumentos rom\u00e1nicos por superficie de este continente.<\/strong><br><strong>Destaca entre todas la Iglesia de San Mart\u00edn de Fr\u00f3mista, considerada como uno de los arquetipos fundamentales del rom\u00e1nico espa\u00f1ol.<\/strong><\/p>\n\n\n\n<hr class=\"wp-block-separator\"\/>\n\n\n\n<figure class=\"wp-block-image size-large is-resized\"><img loading=\"lazy\" src=\"http:\/\/turismopalencia.digital\/wp-content\/uploads\/2022\/02\/174b80b41ad0396aa14cfc4fa53e4f73-1024x658.jpg\" alt=\"\" class=\"wp-image-834\" width=\"1239\" height=\"796\" srcset=\"https:\/\/turismopalencia.digital\/wp-content\/uploads\/2022\/02\/174b80b41ad0396aa14cfc4fa53e4f73-1024x658.jpg 1024w, https:\/\/turismopalencia.digital\/wp-content\/uploads\/2022\/02\/174b80b41ad0396aa14cfc4fa53e4f73-300x193.jpg 300w, https:\/\/turismopalencia.digital\/wp-content\/uploads\/2022\/02\/174b80b41ad0396aa14cfc4fa53e4f73-768x493.jpg 768w, https:\/\/turismopalencia.digital\/wp-content\/uploads\/2022\/02\/174b80b41ad0396aa14cfc4fa53e4f73-1536x986.jpg 1536w, https:\/\/turismopalencia.digital\/wp-content\/uploads\/2022\/02\/174b80b41ad0396aa14cfc4fa53e4f73-16x10.jpg 16w, https:\/\/turismopalencia.digital\/wp-content\/uploads\/2022\/02\/174b80b41ad0396aa14cfc4fa53e4f73.jpg 2048w\" sizes=\"(max-width: 1239px) 100vw, 1239px\" \/><figcaption>Palomar en Tierra de Campos<\/figcaption><\/figure>\n\n\n\n<hr class=\"wp-block-separator\"\/>\n\n\n\n<h2 id=\"busca-la-localidad-que-deseas-encontrar-y-haz-click-en-su-enlace-en-el-mapa\"><strong>Busca la localidad que deseas encontrar y haz click en su enlace en el mapa.<\/strong><\/h2>\n\n\n\n<iframe loading=\"lazy\" src=\"https:\/\/www.google.com\/maps\/d\/embed?mid=1lmO7tAdJhdhjrQNcvF3f-Gu-DzZJBcw7&amp;ehbc=2E312F\" width=\"1200\" height=\"480\"><\/iframe>\n\n\n\n<hr class=\"wp-block-separator\"\/>\n\n\n\n<div class=\"wp-container-1 wp-block-buttons\">\n<div class=\"wp-block-button\"><a class=\"wp-block-button__link\" href=\"https:\/\/clickturismo.es\/palencia\/aguilardecampoo\/\" target=\"_blank\" rel=\"noreferrer noopener\">AGUILAR de CAMPOO<\/a><\/div>\n<\/div>\n\n\n\n<div class=\"wp-container-2 wp-block-buttons\">\n<div class=\"wp-block-button\"><a class=\"wp-block-button__link\" href=\"https:\/\/clickturismo.es\/carriondeloscondes\/\">CARRI\u00d3N de los CONDES<\/a><\/div>\n<\/div>\n\n\n\n<div class=\"wp-container-3 wp-block-buttons\">\n<div class=\"wp-block-button\"><a class=\"wp-block-button__link\" href=\"https:\/\/clickturismo.es\/cerveradepisuerga\/\">CERVERA de PISUERGA<\/a><\/div>\n<\/div>\n\n\n\n<div class=\"wp-container-4 wp-block-buttons\">\n<div class=\"wp-block-button\"><a class=\"wp-block-button__link\" href=\"https:\/\/clickturismo.es\/palencia\/fromista\/\">FR\u00d3MISTA<\/a><\/div>\n<\/div>\n\n\n\n<div class=\"wp-container-5 wp-block-buttons\">\n<div class=\"wp-block-button\"><a class=\"wp-block-button__link\" href=\"https:\/\/clickturismo.es\/guardo\/\">GUARDO<\/a><\/div>\n<\/div>\n\n\n\n<div class=\"wp-container-6 wp-block-buttons\">\n<div class=\"wp-block-button\"><a class=\"wp-block-button__link\" href=\"https:\/\/clickturismo.es\/saldana\/\" target=\"_blank\" rel=\"noreferrer noopener\">SALDA\u00d1A<\/a><\/div>\n<\/div>\n\n\n\n<hr class=\"wp-block-separator\"\/>\n\n\n\n<h2 id=\"si-te-es-mas-sencillo-haz-la-busqueda-en-la-lista-por-orden-alfabetico\"><strong>Si te es m\u00e1s sencillo, haz la b\u00fasqueda en la lista por orden alfab\u00e9tico.<\/strong><\/h2>\n\n\n\n<div class=\"wp-container-7 wp-block-buttons\">\n<div class=\"wp-block-button\"><a class=\"wp-block-button__link\" href=\"https:\/\/clickturismo.es\/palencia\/localidadespalencia\/index.html\">TODAS las LOCALIDADES<\/a><\/div>\n<\/div>\n\n\n\n<h2><\/h2>\n\n\n\n<hr class=\"wp-block-separator\"\/>\n\n\n\n<hr class=\"wp-block-separator\"\/>\n\n\n\n<hr class=\"wp-block-separator\"\/>\n","protected":false},"excerpt":{"rendered":"<p>La provincia de Palencia destaca, por su rico y variado patrimonio art\u00edstico:Las diferentes muestras de Arte rom\u00e1nico.Una de las mejores muestras de este estilo en &hellip;<\/p>\n","protected":false},"author":1,"featured_media":1172,"parent":0,"menu_order":0,"comment_status":"closed","ping_status":"closed","template":"","meta":{"_monsterinsights_skip_tracking":false,"_monsterinsights_sitenote_active":false,"_monsterinsights_sitenote_note":"","_monsterinsights_sitenote_category":0},"_links":{"self":[{"href":"https:\/\/turismopalencia.digital\/index.php\/wp-json\/wp\/v2\/pages\/37"}],"collection":[{"href":"https:\/\/turismopalencia.digital\/index.php\/wp-json\/wp\/v2\/pages"}],"about":[{"href":"https:\/\/turismopalencia.digital\/index.php\/wp-json\/wp\/v2\/types\/page"}],"author":[{"embeddable":true,"href":"https:\/\/turismopalencia.digital\/index.php\/wp-json\/wp\/v2\/users\/1"}],"replies":[{"embeddable":true,"href":"https:\/\/turismopalencia.digital\/index.php\/wp-json\/wp\/v2\/comments?post=37"}],"version-history":[{"count":7,"href":"https:\/\/turismopalencia.digital\/index.php\/wp-json\/wp\/v2\/pages\/37\/revisions"}],"predecessor-version":[{"id":1336,"href":"https:\/\/turismopalencia.digital\/index.php\/wp-json\/wp\/v2\/pages\/37\/revisions\/1336"}],"wp:featuredmedia":[{"embeddable":true,"href":"https:\/\/turismopalencia.digital\/index.php\/wp-json\/wp\/v2\/media\/1172"}],"wp:attachment":[{"href":"https:\/\/turismopalencia.digital\/index.php\/wp-json\/wp\/v2\/media?parent=37"}],"curies":[{"name":"wp","href":"https:\/\/api.w.org\/{rel}","templated":true}]}}