{"id":38,"date":"2022-02-17T19:24:02","date_gmt":"2022-02-17T19:24:02","guid":{"rendered":"http:\/\/turismopalencia.digital\/?page_id=38"},"modified":"2022-04-05T13:33:15","modified_gmt":"2022-04-05T13:33:15","slug":"rutas","status":"publish","type":"page","link":"https:\/\/turismopalencia.digital\/index.php\/rutas\/","title":{"rendered":"Rutas"},"content":{"rendered":"\n<hr class=\"wp-block-separator\"\/>\n\n\n\n<p id=\"m92-91-93\"><strong>Palencia es una de esas provincias injustamente desconocidas. Desde los llanos de Tierra de Campos a la Monta\u00f1a, Palencia tiene mucho que ofrecer al viajero de mente abierta y dispuesto a olvidarse de los t\u00f3picos.<\/strong><\/p>\n\n\n\n<p id=\"m97-96-98\"><strong>Para empezar, la provincia acoge una de las mayores concentraciones de monumentos rom\u00e1nicos de toda Europa. Un modo de conocerla es a trav\u00e9s del Camino de Santiago o tambi\u00e9n del Canal de Castilla.<\/strong><\/p>\n\n\n\n<hr class=\"wp-block-separator\"\/>\n\n\n\n<figure class=\"wp-block-image size-large is-resized\"><img loading=\"lazy\" src=\"http:\/\/turismopalencia.digital\/wp-content\/uploads\/2022\/02\/maxresdefault-3-1024x468.jpg\" alt=\"\" class=\"wp-image-844\" width=\"1181\" height=\"540\" srcset=\"https:\/\/turismopalencia.digital\/wp-content\/uploads\/2022\/02\/maxresdefault-3-1024x468.jpg 1024w, https:\/\/turismopalencia.digital\/wp-content\/uploads\/2022\/02\/maxresdefault-3-300x137.jpg 300w, https:\/\/turismopalencia.digital\/wp-content\/uploads\/2022\/02\/maxresdefault-3-768x351.jpg 768w, https:\/\/turismopalencia.digital\/wp-content\/uploads\/2022\/02\/maxresdefault-3-22x10.jpg 22w, https:\/\/turismopalencia.digital\/wp-content\/uploads\/2022\/02\/maxresdefault-3.jpg 1279w\" sizes=\"(max-width: 1181px) 100vw, 1181px\" \/><figcaption>Las Tuerces<\/figcaption><\/figure>\n\n\n\n<hr class=\"wp-block-separator\"\/>\n\n\n\n<figure class=\"wp-block-image size-large is-resized\"><a href=\"https:\/\/clickturismo.es\/boedo\/\"><img loading=\"lazy\" src=\"http:\/\/turismopalencia.digital\/wp-content\/uploads\/2022\/02\/Imagen17-1-1024x171.png\" alt=\"\" class=\"wp-image-842\" width=\"1239\" height=\"207\" srcset=\"https:\/\/turismopalencia.digital\/wp-content\/uploads\/2022\/02\/Imagen17-1-1024x171.png 1024w, https:\/\/turismopalencia.digital\/wp-content\/uploads\/2022\/02\/Imagen17-1-300x50.png 300w, https:\/\/turismopalencia.digital\/wp-content\/uploads\/2022\/02\/Imagen17-1-768x128.png 768w, https:\/\/turismopalencia.digital\/wp-content\/uploads\/2022\/02\/Imagen17-1-1536x256.png 1536w, https:\/\/turismopalencia.digital\/wp-content\/uploads\/2022\/02\/Imagen17-1-2048x342.png 2048w, https:\/\/turismopalencia.digital\/wp-content\/uploads\/2022\/02\/Imagen17-1-60x10.png 60w\" sizes=\"(max-width: 1239px) 100vw, 1239px\" \/><\/a><\/figure>\n\n\n\n<figure class=\"wp-block-image size-large is-resized\"><a href=\"https:\/\/clickturismo.es\/caminolebaniegocastellano\/\"><img loading=\"lazy\" src=\"http:\/\/turismopalencia.digital\/wp-content\/uploads\/2022\/02\/Imagen18-1-1024x170.png\" alt=\"\" class=\"wp-image-843\" width=\"1238\" height=\"206\" srcset=\"https:\/\/turismopalencia.digital\/wp-content\/uploads\/2022\/02\/Imagen18-1-1024x170.png 1024w, https:\/\/turismopalencia.digital\/wp-content\/uploads\/2022\/02\/Imagen18-1-300x50.png 300w, https:\/\/turismopalencia.digital\/wp-content\/uploads\/2022\/02\/Imagen18-1-768x128.png 768w, https:\/\/turismopalencia.digital\/wp-content\/uploads\/2022\/02\/Imagen18-1-1536x256.png 1536w, https:\/\/turismopalencia.digital\/wp-content\/uploads\/2022\/02\/Imagen18-1-2048x341.png 2048w, https:\/\/turismopalencia.digital\/wp-content\/uploads\/2022\/02\/Imagen18-1-60x10.png 60w\" sizes=\"(max-width: 1238px) 100vw, 1238px\" \/><\/a><\/figure>\n\n\n\n<figure class=\"wp-block-image size-large is-resized\"><a href=\"http:\/\/turismopalencia.digital\/index.php\/camino-de-santiago\/\"><img loading=\"lazy\" src=\"http:\/\/turismopalencia.digital\/wp-content\/uploads\/2022\/02\/Imagen19-1-1024x169.png\" alt=\"\" class=\"wp-image-845\" width=\"1240\" height=\"206\" srcset=\"https:\/\/turismopalencia.digital\/wp-content\/uploads\/2022\/02\/Imagen19-1-1024x169.png 1024w, https:\/\/turismopalencia.digital\/wp-content\/uploads\/2022\/02\/Imagen19-1-300x50.png 300w, https:\/\/turismopalencia.digital\/wp-content\/uploads\/2022\/02\/Imagen19-1-768x127.png 768w, https:\/\/turismopalencia.digital\/wp-content\/uploads\/2022\/02\/Imagen19-1-1536x254.png 1536w, https:\/\/turismopalencia.digital\/wp-content\/uploads\/2022\/02\/Imagen19-1-2048x339.png 2048w, https:\/\/turismopalencia.digital\/wp-content\/uploads\/2022\/02\/Imagen19-1-60x10.png 60w\" sizes=\"(max-width: 1240px) 100vw, 1240px\" \/><\/a><\/figure>\n\n\n\n<figure class=\"wp-block-image size-large is-resized\"><a href=\"https:\/\/clickturismo.es\/caminoolvidado\/\"><img loading=\"lazy\" src=\"http:\/\/turismopalencia.digital\/wp-content\/uploads\/2022\/02\/Imagen20-1024x170.png\" alt=\"\" class=\"wp-image-847\" width=\"1240\" height=\"206\" srcset=\"https:\/\/turismopalencia.digital\/wp-content\/uploads\/2022\/02\/Imagen20-1024x170.png 1024w, https:\/\/turismopalencia.digital\/wp-content\/uploads\/2022\/02\/Imagen20-300x50.png 300w, https:\/\/turismopalencia.digital\/wp-content\/uploads\/2022\/02\/Imagen20-768x128.png 768w, https:\/\/turismopalencia.digital\/wp-content\/uploads\/2022\/02\/Imagen20-1536x256.png 1536w, https:\/\/turismopalencia.digital\/wp-content\/uploads\/2022\/02\/Imagen20-2048x341.png 2048w, https:\/\/turismopalencia.digital\/wp-content\/uploads\/2022\/02\/Imagen20-60x10.png 60w\" sizes=\"(max-width: 1240px) 100vw, 1240px\" \/><\/a><\/figure>\n\n\n\n<figure class=\"wp-block-image size-large is-resized\"><a href=\"http:\/\/turismopalencia.digital\/index.php\/canal-de-castilla\/\"><img loading=\"lazy\" src=\"http:\/\/turismopalencia.digital\/wp-content\/uploads\/2022\/02\/Imagen21-1024x170.png\" alt=\"\" class=\"wp-image-849\" width=\"1240\" height=\"206\" srcset=\"https:\/\/turismopalencia.digital\/wp-content\/uploads\/2022\/02\/Imagen21-1024x170.png 1024w, https:\/\/turismopalencia.digital\/wp-content\/uploads\/2022\/02\/Imagen21-300x50.png 300w, https:\/\/turismopalencia.digital\/wp-content\/uploads\/2022\/02\/Imagen21-768x128.png 768w, https:\/\/turismopalencia.digital\/wp-content\/uploads\/2022\/02\/Imagen21-1536x255.png 1536w, https:\/\/turismopalencia.digital\/wp-content\/uploads\/2022\/02\/Imagen21-2048x340.png 2048w, https:\/\/turismopalencia.digital\/wp-content\/uploads\/2022\/02\/Imagen21-60x10.png 60w\" sizes=\"(max-width: 1240px) 100vw, 1240px\" \/><\/a><\/figure>\n\n\n\n<figure class=\"wp-block-image size-large is-resized\"><a href=\"https:\/\/clickturismo.es\/palencia\/cerrato\/\"><img loading=\"lazy\" src=\"http:\/\/turismopalencia.digital\/wp-content\/uploads\/2022\/02\/Imagen22-1024x170.png\" alt=\"\" class=\"wp-image-850\" width=\"1240\" height=\"206\" srcset=\"https:\/\/turismopalencia.digital\/wp-content\/uploads\/2022\/02\/Imagen22-1024x170.png 1024w, https:\/\/turismopalencia.digital\/wp-content\/uploads\/2022\/02\/Imagen22-300x50.png 300w, https:\/\/turismopalencia.digital\/wp-content\/uploads\/2022\/02\/Imagen22-768x128.png 768w, https:\/\/turismopalencia.digital\/wp-content\/uploads\/2022\/02\/Imagen22-1536x256.png 1536w, https:\/\/turismopalencia.digital\/wp-content\/uploads\/2022\/02\/Imagen22-2048x341.png 2048w, https:\/\/turismopalencia.digital\/wp-content\/uploads\/2022\/02\/Imagen22-60x10.png 60w\" sizes=\"(max-width: 1240px) 100vw, 1240px\" \/><\/a><\/figure>\n\n\n\n<figure class=\"wp-block-image size-large is-resized\"><a href=\"http:\/\/geoparquelasloras.es\/\"><img loading=\"lazy\" src=\"http:\/\/turismopalencia.digital\/wp-content\/uploads\/2022\/02\/Imagen23-1024x170.png\" alt=\"\" class=\"wp-image-851\" width=\"1240\" height=\"206\" srcset=\"https:\/\/turismopalencia.digital\/wp-content\/uploads\/2022\/02\/Imagen23-1024x170.png 1024w, https:\/\/turismopalencia.digital\/wp-content\/uploads\/2022\/02\/Imagen23-300x50.png 300w, https:\/\/turismopalencia.digital\/wp-content\/uploads\/2022\/02\/Imagen23-768x127.png 768w, https:\/\/turismopalencia.digital\/wp-content\/uploads\/2022\/02\/Imagen23-1536x255.png 1536w, https:\/\/turismopalencia.digital\/wp-content\/uploads\/2022\/02\/Imagen23-2048x339.png 2048w, https:\/\/turismopalencia.digital\/wp-content\/uploads\/2022\/02\/Imagen23-60x10.png 60w\" sizes=\"(max-width: 1240px) 100vw, 1240px\" \/><\/a><\/figure>\n\n\n\n<figure class=\"wp-block-image size-large is-resized\"><a href=\"http:\/\/turismopalencia.digital\/index.php\/montana-palentina\/\"><img loading=\"lazy\" src=\"http:\/\/turismopalencia.digital\/wp-content\/uploads\/2022\/02\/Imagen24-1024x170.png\" alt=\"\" class=\"wp-image-852\" width=\"1240\" height=\"206\" srcset=\"https:\/\/turismopalencia.digital\/wp-content\/uploads\/2022\/02\/Imagen24-1024x170.png 1024w, https:\/\/turismopalencia.digital\/wp-content\/uploads\/2022\/02\/Imagen24-300x50.png 300w, https:\/\/turismopalencia.digital\/wp-content\/uploads\/2022\/02\/Imagen24-768x128.png 768w, https:\/\/turismopalencia.digital\/wp-content\/uploads\/2022\/02\/Imagen24-1536x256.png 1536w, https:\/\/turismopalencia.digital\/wp-content\/uploads\/2022\/02\/Imagen24-2048x341.png 2048w, https:\/\/turismopalencia.digital\/wp-content\/uploads\/2022\/02\/Imagen24-60x10.png 60w\" sizes=\"(max-width: 1240px) 100vw, 1240px\" \/><\/a><\/figure>\n\n\n\n<figure class=\"wp-block-image size-large is-resized\"><a href=\"https:\/\/clickturismo.es\/lavega\/\"><img loading=\"lazy\" src=\"http:\/\/turismopalencia.digital\/wp-content\/uploads\/2022\/02\/Imagen25-1024x169.png\" alt=\"\" class=\"wp-image-853\" width=\"1240\" height=\"206\" srcset=\"https:\/\/turismopalencia.digital\/wp-content\/uploads\/2022\/02\/Imagen25-1024x169.png 1024w, https:\/\/turismopalencia.digital\/wp-content\/uploads\/2022\/02\/Imagen25-300x49.png 300w, https:\/\/turismopalencia.digital\/wp-content\/uploads\/2022\/02\/Imagen25-768x127.png 768w, https:\/\/turismopalencia.digital\/wp-content\/uploads\/2022\/02\/Imagen25-2048x338.png 2048w, https:\/\/turismopalencia.digital\/wp-content\/uploads\/2022\/02\/Imagen25-61x10.png 61w\" sizes=\"(max-width: 1240px) 100vw, 1240px\" \/><\/a><\/figure>\n\n\n\n<figure class=\"wp-block-image size-large is-resized\"><img loading=\"lazy\" src=\"http:\/\/turismopalencia.digital\/wp-content\/uploads\/2022\/02\/Imagen26-1024x169.png\" alt=\"\" class=\"wp-image-854\" width=\"1239\" height=\"204\" srcset=\"https:\/\/turismopalencia.digital\/wp-content\/uploads\/2022\/02\/Imagen26-1024x169.png 1024w, https:\/\/turismopalencia.digital\/wp-content\/uploads\/2022\/02\/Imagen26-300x49.png 300w, https:\/\/turismopalencia.digital\/wp-content\/uploads\/2022\/02\/Imagen26-768x127.png 768w, https:\/\/turismopalencia.digital\/wp-content\/uploads\/2022\/02\/Imagen26-1536x253.png 1536w, https:\/\/turismopalencia.digital\/wp-content\/uploads\/2022\/02\/Imagen26-2048x338.png 2048w, https:\/\/turismopalencia.digital\/wp-content\/uploads\/2022\/02\/Imagen26-61x10.png 61w\" sizes=\"(max-width: 1239px) 100vw, 1239px\" \/><\/figure>\n\n\n\n<figure class=\"wp-block-image size-large is-resized\"><a href=\"http:\/\/turismopalencia.digital\/index.php\/romanico-palentino\/\"><img loading=\"lazy\" src=\"http:\/\/turismopalencia.digital\/wp-content\/uploads\/2022\/02\/Imagen27-1024x169.png\" alt=\"\" class=\"wp-image-855\" width=\"1240\" height=\"206\" srcset=\"https:\/\/turismopalencia.digital\/wp-content\/uploads\/2022\/02\/Imagen27-1024x169.png 1024w, https:\/\/turismopalencia.digital\/wp-content\/uploads\/2022\/02\/Imagen27-300x49.png 300w, https:\/\/turismopalencia.digital\/wp-content\/uploads\/2022\/02\/Imagen27-768x127.png 768w, https:\/\/turismopalencia.digital\/wp-content\/uploads\/2022\/02\/Imagen27-2048x338.png 2048w, https:\/\/turismopalencia.digital\/wp-content\/uploads\/2022\/02\/Imagen27-61x10.png 61w\" sizes=\"(max-width: 1240px) 100vw, 1240px\" \/><\/a><\/figure>\n\n\n\n<figure class=\"wp-block-image size-large is-resized\"><a href=\"https:\/\/clickturismo.es\/palencia\/rutadelospantanos\/\"><img loading=\"lazy\" src=\"http:\/\/turismopalencia.digital\/wp-content\/uploads\/2022\/02\/Imagen28-1024x169.png\" alt=\"\" class=\"wp-image-856\" width=\"1240\" height=\"206\" srcset=\"https:\/\/turismopalencia.digital\/wp-content\/uploads\/2022\/02\/Imagen28-1024x169.png 1024w, https:\/\/turismopalencia.digital\/wp-content\/uploads\/2022\/02\/Imagen28-300x50.png 300w, https:\/\/turismopalencia.digital\/wp-content\/uploads\/2022\/02\/Imagen28-768x127.png 768w, https:\/\/turismopalencia.digital\/wp-content\/uploads\/2022\/02\/Imagen28-1536x254.png 1536w, https:\/\/turismopalencia.digital\/wp-content\/uploads\/2022\/02\/Imagen28-2048x339.png 2048w, https:\/\/turismopalencia.digital\/wp-content\/uploads\/2022\/02\/Imagen28-60x10.png 60w\" sizes=\"(max-width: 1240px) 100vw, 1240px\" \/><\/a><\/figure>\n\n\n\n<figure class=\"wp-block-image size-large is-resized\"><a href=\"https:\/\/clickturismo.es\/palencia\/tierradecampos\/\"><img loading=\"lazy\" src=\"http:\/\/turismopalencia.digital\/wp-content\/uploads\/2022\/02\/Imagen29-1024x169.png\" alt=\"\" class=\"wp-image-857\" width=\"1239\" height=\"204\" srcset=\"https:\/\/turismopalencia.digital\/wp-content\/uploads\/2022\/02\/Imagen29-1024x169.png 1024w, https:\/\/turismopalencia.digital\/wp-content\/uploads\/2022\/02\/Imagen29-300x49.png 300w, https:\/\/turismopalencia.digital\/wp-content\/uploads\/2022\/02\/Imagen29-768x127.png 768w, https:\/\/turismopalencia.digital\/wp-content\/uploads\/2022\/02\/Imagen29-1536x253.png 1536w, https:\/\/turismopalencia.digital\/wp-content\/uploads\/2022\/02\/Imagen29-2048x338.png 2048w, https:\/\/turismopalencia.digital\/wp-content\/uploads\/2022\/02\/Imagen29-61x10.png 61w\" sizes=\"(max-width: 1239px) 100vw, 1239px\" \/><\/a><\/figure>\n\n\n\n<figure class=\"wp-block-image size-large is-resized\"><a href=\"https:\/\/clickturismo.es\/tierrasdelrenacimiento\/\"><img loading=\"lazy\" src=\"http:\/\/turismopalencia.digital\/wp-content\/uploads\/2022\/02\/Imagen30-1024x169.png\" alt=\"\" class=\"wp-image-858\" width=\"1241\" height=\"206\" srcset=\"https:\/\/turismopalencia.digital\/wp-content\/uploads\/2022\/02\/Imagen30-1024x169.png 1024w, https:\/\/turismopalencia.digital\/wp-content\/uploads\/2022\/02\/Imagen30-300x50.png 300w, https:\/\/turismopalencia.digital\/wp-content\/uploads\/2022\/02\/Imagen30-768x127.png 768w, https:\/\/turismopalencia.digital\/wp-content\/uploads\/2022\/02\/Imagen30-1536x254.png 1536w, https:\/\/turismopalencia.digital\/wp-content\/uploads\/2022\/02\/Imagen30-2048x339.png 2048w, https:\/\/turismopalencia.digital\/wp-content\/uploads\/2022\/02\/Imagen30-60x10.png 60w\" sizes=\"(max-width: 1241px) 100vw, 1241px\" \/><\/a><\/figure>\n\n\n\n<hr class=\"wp-block-separator\"\/>\n","protected":false},"excerpt":{"rendered":"<p>Palencia es una de esas provincias injustamente desconocidas. Desde los llanos de Tierra de Campos a la Monta\u00f1a, Palencia tiene mucho que ofrecer al viajero &hellip;<\/p>\n","protected":false},"author":1,"featured_media":1173,"parent":0,"menu_order":0,"comment_status":"closed","ping_status":"closed","template":"","meta":{"_monsterinsights_skip_tracking":false,"_monsterinsights_sitenote_active":false,"_monsterinsights_sitenote_note":"","_monsterinsights_sitenote_category":0},"_links":{"self":[{"href":"https:\/\/turismopalencia.digital\/index.php\/wp-json\/wp\/v2\/pages\/38"}],"collection":[{"href":"https:\/\/turismopalencia.digital\/index.php\/wp-json\/wp\/v2\/pages"}],"about":[{"href":"https:\/\/turismopalencia.digital\/index.php\/wp-json\/wp\/v2\/types\/page"}],"author":[{"embeddable":true,"href":"https:\/\/turismopalencia.digital\/index.php\/wp-json\/wp\/v2\/users\/1"}],"replies":[{"embeddable":true,"href":"https:\/\/turismopalencia.digital\/index.php\/wp-json\/wp\/v2\/comments?post=38"}],"version-history":[{"count":7,"href":"https:\/\/turismopalencia.digital\/index.php\/wp-json\/wp\/v2\/pages\/38\/revisions"}],"predecessor-version":[{"id":1458,"href":"https:\/\/turismopalencia.digital\/index.php\/wp-json\/wp\/v2\/pages\/38\/revisions\/1458"}],"wp:featuredmedia":[{"embeddable":true,"href":"https:\/\/turismopalencia.digital\/index.php\/wp-json\/wp\/v2\/media\/1173"}],"wp:attachment":[{"href":"https:\/\/turismopalencia.digital\/index.php\/wp-json\/wp\/v2\/media?parent=38"}],"curies":[{"name":"wp","href":"https:\/\/api.w.org\/{rel}","templated":true}]}}