{"id":40,"date":"2022-02-17T19:24:02","date_gmt":"2022-02-17T19:24:02","guid":{"rendered":"http:\/\/turismopalencia.digital\/?page_id=40"},"modified":"2022-03-17T21:36:15","modified_gmt":"2022-03-17T21:36:15","slug":"gastronomia","status":"publish","type":"page","link":"https:\/\/turismopalencia.digital\/index.php\/gastronomia\/","title":{"rendered":"Gastronom\u00eda"},"content":{"rendered":"\n<hr class=\"wp-block-separator\"\/>\n\n\n\n<p><strong>Si eres amante de la buena mesa, es tu lugar. Los platos estrella de la gastronom\u00eda de Palencia son: el lechazo churro asado en horno de le\u00f1a, la menestra palentina y la sopa castellana, preparada con pan de hogaza, que en Palencia tiene dos variantes: las sopas de rastrojo o sopas tostadas y la sopa albada que es una sopa de ajo gratinada.<\/strong><\/p>\n\n\n\n<figure class=\"wp-block-image size-large is-resized\"><img loading=\"lazy\" src=\"http:\/\/turismopalencia.digital\/wp-content\/uploads\/2022\/02\/lechazo-1024x1024.jpg\" alt=\"\" class=\"wp-image-861\" width=\"1240\" height=\"1240\" srcset=\"https:\/\/turismopalencia.digital\/wp-content\/uploads\/2022\/02\/lechazo-1024x1024.jpg 1024w, https:\/\/turismopalencia.digital\/wp-content\/uploads\/2022\/02\/lechazo-300x300.jpg 300w, https:\/\/turismopalencia.digital\/wp-content\/uploads\/2022\/02\/lechazo-150x150.jpg 150w, https:\/\/turismopalencia.digital\/wp-content\/uploads\/2022\/02\/lechazo-768x767.jpg 768w, https:\/\/turismopalencia.digital\/wp-content\/uploads\/2022\/02\/lechazo-1536x1536.jpg 1536w, https:\/\/turismopalencia.digital\/wp-content\/uploads\/2022\/02\/lechazo-2048x2046.jpg 2048w, https:\/\/turismopalencia.digital\/wp-content\/uploads\/2022\/02\/lechazo-10x10.jpg 10w\" sizes=\"(max-width: 1240px) 100vw, 1240px\" \/><figcaption>Lechazo Asado<\/figcaption><\/figure>\n\n\n\n<figure class=\"wp-block-gallery has-nested-images columns-default is-cropped\">\n<figure class=\"wp-block-image size-large\"><img loading=\"lazy\" width=\"787\" height=\"348\" data-id=\"862\"  src=\"http:\/\/turismopalencia.digital\/wp-content\/uploads\/2022\/02\/gastronomiapalencia001005.jpg\" alt=\"\" class=\"wp-image-862\" srcset=\"https:\/\/turismopalencia.digital\/wp-content\/uploads\/2022\/02\/gastronomiapalencia001005.jpg 787w, https:\/\/turismopalencia.digital\/wp-content\/uploads\/2022\/02\/gastronomiapalencia001005-300x133.jpg 300w, https:\/\/turismopalencia.digital\/wp-content\/uploads\/2022\/02\/gastronomiapalencia001005-768x340.jpg 768w, https:\/\/turismopalencia.digital\/wp-content\/uploads\/2022\/02\/gastronomiapalencia001005-23x10.jpg 23w\" sizes=\"(max-width: 787px) 100vw, 787px\" \/><figcaption>Pan Bregado<\/figcaption><\/figure>\n\n\n\n<figure class=\"wp-block-image size-large\"><img loading=\"lazy\" width=\"352\" height=\"304\" data-id=\"863\"  src=\"http:\/\/turismopalencia.digital\/wp-content\/uploads\/2022\/02\/menestra-de-verduras.jpg\" alt=\"\" class=\"wp-image-863\" srcset=\"https:\/\/turismopalencia.digital\/wp-content\/uploads\/2022\/02\/menestra-de-verduras.jpg 352w, https:\/\/turismopalencia.digital\/wp-content\/uploads\/2022\/02\/menestra-de-verduras-300x259.jpg 300w, https:\/\/turismopalencia.digital\/wp-content\/uploads\/2022\/02\/menestra-de-verduras-12x10.jpg 12w\" sizes=\"(max-width: 352px) 100vw, 352px\" \/><figcaption>Menestra Palentina<\/figcaption><\/figure>\n<\/figure>\n\n\n\n<hr class=\"wp-block-separator\"\/>\n\n\n\n<p><strong>En la gastronom\u00eda Palentina, los guisos de caracoles y cangrejos gozan tambi\u00e9n de fama, a los primeros, cuya tradici\u00f3n en la gastronom\u00eda de Palencia se remonta a la Edad Media, los dedicamos en la capital la Caracolada de San Marcos, y los segundos, cuentan con un festival propio declarado de Inter\u00e9s Tur\u00edstico Regional en la localidad de Herrera de Pisuerga.<\/strong><\/p>\n\n\n\n<figure class=\"wp-block-image size-large is-resized\"><img loading=\"lazy\" src=\"http:\/\/turismopalencia.digital\/wp-content\/uploads\/2022\/02\/cangrejos-1024x576.jpg\" alt=\"\" class=\"wp-image-864\" width=\"1239\" height=\"697\" srcset=\"https:\/\/turismopalencia.digital\/wp-content\/uploads\/2022\/02\/cangrejos-1024x576.jpg 1024w, https:\/\/turismopalencia.digital\/wp-content\/uploads\/2022\/02\/cangrejos-300x169.jpg 300w, https:\/\/turismopalencia.digital\/wp-content\/uploads\/2022\/02\/cangrejos-768x432.jpg 768w, https:\/\/turismopalencia.digital\/wp-content\/uploads\/2022\/02\/cangrejos-1536x864.jpg 1536w, https:\/\/turismopalencia.digital\/wp-content\/uploads\/2022\/02\/cangrejos-18x10.jpg 18w, https:\/\/turismopalencia.digital\/wp-content\/uploads\/2022\/02\/cangrejos.jpg 1600w\" sizes=\"(max-width: 1239px) 100vw, 1239px\" \/><figcaption>Cangrejos<\/figcaption><\/figure>\n\n\n\n<hr class=\"wp-block-separator\"\/>\n\n\n\n<div class=\"wp-block-media-text alignwide is-stacked-on-mobile\"><figure class=\"wp-block-media-text__media\"><img loading=\"lazy\" width=\"1024\" height=\"742\" src=\"http:\/\/turismopalencia.digital\/wp-content\/uploads\/2022\/02\/pimientos-de-torquemada-1024x742.jpg\" alt=\"\" class=\"wp-image-868 size-full\" srcset=\"https:\/\/turismopalencia.digital\/wp-content\/uploads\/2022\/02\/pimientos-de-torquemada-1024x742.jpg 1024w, https:\/\/turismopalencia.digital\/wp-content\/uploads\/2022\/02\/pimientos-de-torquemada-300x217.jpg 300w, https:\/\/turismopalencia.digital\/wp-content\/uploads\/2022\/02\/pimientos-de-torquemada-768x556.jpg 768w, https:\/\/turismopalencia.digital\/wp-content\/uploads\/2022\/02\/pimientos-de-torquemada-1536x1113.jpg 1536w, https:\/\/turismopalencia.digital\/wp-content\/uploads\/2022\/02\/pimientos-de-torquemada-14x10.jpg 14w, https:\/\/turismopalencia.digital\/wp-content\/uploads\/2022\/02\/pimientos-de-torquemada-413x300.jpg 413w, https:\/\/turismopalencia.digital\/wp-content\/uploads\/2022\/02\/pimientos-de-torquemada.jpg 2037w\" sizes=\"(max-width: 1024px) 100vw, 1024px\" \/><\/figure><div class=\"wp-block-media-text__content\">\n<p><strong>De la agricultura:<\/strong><br><strong>&nbsp;&nbsp;&nbsp;&nbsp;La patata de la Ojeda y las alubias de Salda\u00f1a, la cebolla de Palenzuela y los pimientos de Torquemada.<\/strong><\/p>\n<\/div><\/div>\n\n\n\n<hr class=\"wp-block-separator\"\/>\n\n\n\n<div class=\"wp-block-media-text alignwide is-stacked-on-mobile\"><figure class=\"wp-block-media-text__media\"><img loading=\"lazy\" width=\"500\" height=\"375\" src=\"http:\/\/turismopalencia.digital\/wp-content\/uploads\/2022\/02\/morcilla.jpg\" alt=\"\" class=\"wp-image-865 size-full\" srcset=\"https:\/\/turismopalencia.digital\/wp-content\/uploads\/2022\/02\/morcilla.jpg 500w, https:\/\/turismopalencia.digital\/wp-content\/uploads\/2022\/02\/morcilla-300x225.jpg 300w, https:\/\/turismopalencia.digital\/wp-content\/uploads\/2022\/02\/morcilla-13x10.jpg 13w\" sizes=\"(max-width: 500px) 100vw, 500px\" \/><\/figure><div class=\"wp-block-media-text__content\">\n<p><strong>Indispensables en nuestra gastronom\u00eda son los productos de la matanza: La morcilla, la sopa de chichurro, el lomo en aceite, el chorizo, las jijas y los torreznos.<\/strong><\/p>\n<\/div><\/div>\n\n\n\n<hr class=\"wp-block-separator\"\/>\n\n\n\n<div class=\"wp-block-media-text alignwide is-stacked-on-mobile\"><figure class=\"wp-block-media-text__media\"><img loading=\"lazy\" width=\"300\" height=\"223\" src=\"http:\/\/turismopalencia.digital\/wp-content\/uploads\/2022\/02\/chuleton-cervera.jpg\" alt=\"\" class=\"wp-image-867 size-full\" srcset=\"https:\/\/turismopalencia.digital\/wp-content\/uploads\/2022\/02\/chuleton-cervera.jpg 300w, https:\/\/turismopalencia.digital\/wp-content\/uploads\/2022\/02\/chuleton-cervera-13x10.jpg 13w\" sizes=\"(max-width: 300px) 100vw, 300px\" \/><\/figure><div class=\"wp-block-media-text__content\">\n<p><strong>De la ganader\u00eda:<\/strong><br><strong>&nbsp;&nbsp;&nbsp;&nbsp;La Carne de ternera de Cervera de Pisuerga y de la Monta\u00f1a Palentina y la cecina de equino de Villarramiel, los quesos de oveja de las Comarcas del Cerrato y de Tierra de Campos, y los pat\u00e9s de lechazo y foie gras de pato de Villamart\u00edn de Campos.<\/strong><\/p>\n<\/div><\/div>\n\n\n\n<hr class=\"wp-block-separator\"\/>\n\n\n\n<div class=\"wp-block-media-text alignwide is-stacked-on-mobile\"><figure class=\"wp-block-media-text__media\"><img loading=\"lazy\" width=\"1024\" height=\"538\" src=\"http:\/\/turismopalencia.digital\/wp-content\/uploads\/2022\/02\/leche-frita-1024x538.jpg\" alt=\"\" class=\"wp-image-866 size-full\" srcset=\"https:\/\/turismopalencia.digital\/wp-content\/uploads\/2022\/02\/leche-frita-1024x538.jpg 1024w, https:\/\/turismopalencia.digital\/wp-content\/uploads\/2022\/02\/leche-frita-300x158.jpg 300w, https:\/\/turismopalencia.digital\/wp-content\/uploads\/2022\/02\/leche-frita-768x403.jpg 768w, https:\/\/turismopalencia.digital\/wp-content\/uploads\/2022\/02\/leche-frita-19x10.jpg 19w, https:\/\/turismopalencia.digital\/wp-content\/uploads\/2022\/02\/leche-frita.jpg 1200w\" sizes=\"(max-width: 1024px) 100vw, 1024px\" \/><\/figure><div class=\"wp-block-media-text__content\">\n<p><strong>Y para endulzarnos: rosquillas de palo, ciegas de Salda\u00f1a, amarguillos de Villoldo, sequillos, almendrados, mantecados de Carri\u00f3n, \u201cbollos tontos y listos\u201d de Frechilla, leche frita, tocinillo de cielo y las pelusas entre otros.<\/strong><\/p>\n<\/div><\/div>\n\n\n\n<hr class=\"wp-block-separator\"\/>\n\n\n\n<p><strong>Para acompa\u00f1ar una buena comida: nuestros caldos de la Denominaci\u00f3n de Origen Arlanza o de la Denominaci\u00f3n de Origen Cigales, a las que pertenecen algunas bodegas palentinas.<\/strong><\/p>\n\n\n\n<figure class=\"wp-block-image size-large is-resized\"><img loading=\"lazy\" src=\"http:\/\/turismopalencia.digital\/wp-content\/uploads\/2022\/02\/gastronomiapalencia001006-1024x437.jpg\" alt=\"\" class=\"wp-image-869\" width=\"1239\" height=\"529\" srcset=\"https:\/\/turismopalencia.digital\/wp-content\/uploads\/2022\/02\/gastronomiapalencia001006-1024x437.jpg 1024w, https:\/\/turismopalencia.digital\/wp-content\/uploads\/2022\/02\/gastronomiapalencia001006-300x128.jpg 300w, https:\/\/turismopalencia.digital\/wp-content\/uploads\/2022\/02\/gastronomiapalencia001006-768x328.jpg 768w, https:\/\/turismopalencia.digital\/wp-content\/uploads\/2022\/02\/gastronomiapalencia001006-23x10.jpg 23w, https:\/\/turismopalencia.digital\/wp-content\/uploads\/2022\/02\/gastronomiapalencia001006.jpg 1198w\" sizes=\"(max-width: 1239px) 100vw, 1239px\" \/><\/figure>\n\n\n\n<hr class=\"wp-block-separator\"\/>\n\n\n\n<hr class=\"wp-block-separator\"\/>\n","protected":false},"excerpt":{"rendered":"<p>Si eres amante de la buena mesa, es tu lugar. Los platos estrella de la gastronom\u00eda de Palencia son: el lechazo churro asado en horno &hellip;<\/p>\n","protected":false},"author":1,"featured_media":1176,"parent":0,"menu_order":0,"comment_status":"closed","ping_status":"closed","template":"","meta":{"_monsterinsights_skip_tracking":false,"_monsterinsights_sitenote_active":false,"_monsterinsights_sitenote_note":"","_monsterinsights_sitenote_category":0},"_links":{"self":[{"href":"https:\/\/turismopalencia.digital\/index.php\/wp-json\/wp\/v2\/pages\/40"}],"collection":[{"href":"https:\/\/turismopalencia.digital\/index.php\/wp-json\/wp\/v2\/pages"}],"about":[{"href":"https:\/\/turismopalencia.digital\/index.php\/wp-json\/wp\/v2\/types\/page"}],"author":[{"embeddable":true,"href":"https:\/\/turismopalencia.digital\/index.php\/wp-json\/wp\/v2\/users\/1"}],"replies":[{"embeddable":true,"href":"https:\/\/turismopalencia.digital\/index.php\/wp-json\/wp\/v2\/comments?post=40"}],"version-history":[{"count":6,"href":"https:\/\/turismopalencia.digital\/index.php\/wp-json\/wp\/v2\/pages\/40\/revisions"}],"predecessor-version":[{"id":1188,"href":"https:\/\/turismopalencia.digital\/index.php\/wp-json\/wp\/v2\/pages\/40\/revisions\/1188"}],"wp:featuredmedia":[{"embeddable":true,"href":"https:\/\/turismopalencia.digital\/index.php\/wp-json\/wp\/v2\/media\/1176"}],"wp:attachment":[{"href":"https:\/\/turismopalencia.digital\/index.php\/wp-json\/wp\/v2\/media?parent=40"}],"curies":[{"name":"wp","href":"https:\/\/api.w.org\/{rel}","templated":true}]}}