{"id":895,"date":"2022-02-20T18:27:02","date_gmt":"2022-02-20T18:27:02","guid":{"rendered":"http:\/\/turismopalencia.digital\/?page_id=895"},"modified":"2022-03-17T21:26:38","modified_gmt":"2022-03-17T21:26:38","slug":"informacion-turistica-castilla-y-leon","status":"publish","type":"page","link":"https:\/\/turismopalencia.digital\/index.php\/informacion-turistica-castilla-y-leon\/","title":{"rendered":"Informaci\u00f3n tur\u00edstica Castilla y Le\u00f3n"},"content":{"rendered":"\n<hr class=\"wp-block-separator\"\/>\n\n\n\n<p><strong>Ancha es Castilla.<\/strong><br><strong>De norte a sur, de este a oeste, recorremos esta comunidad aut\u00f3noma para ense\u00f1aros los lugares m\u00e1s bonitos que ver en Castilla y Le\u00f3n.<\/strong>&nbsp;<strong>Con nueve provincias, es la m\u00e1s extensa de las comunidades aut\u00f3nomas de Espa\u00f1a y la sexta m\u00e1s poblada.<\/strong><br><strong>Pueblos que parecen haberse anclado en el tiempo,<\/strong>&nbsp;<strong>rodeados de naturaleza y ricos en monumentos,<\/strong>&nbsp;<strong>museos e iglesias,&nbsp;junto a una variada y exquisita gastronom\u00eda,<\/strong>&nbsp;<strong>hacen de ella una escapada \u00fanica en cualquier \u00e9poca del a\u00f1o.<\/strong><\/p>\n\n\n\n<figure class=\"wp-block-embed is-type-video is-provider-youtube wp-block-embed-youtube wp-embed-aspect-16-9 wp-has-aspect-ratio\"><div class=\"wp-block-embed__wrapper\">\n<iframe loading=\"lazy\" title=\"Vive Castilla y Le\u00f3n. \u00a1Castilla y Le\u00f3n es Vida!\" width=\"1032\" height=\"581\" src=\"https:\/\/www.youtube.com\/embed\/iX9ktyvtWV4?feature=oembed\" frameborder=\"0\" allow=\"accelerometer; autoplay; clipboard-write; encrypted-media; gyroscope; picture-in-picture\" allowfullscreen><\/iframe>\n<\/div><\/figure>\n\n\n\n<hr class=\"wp-block-separator\"\/>\n\n\n\n<hr class=\"wp-block-separator\"\/>\n\n\n\n<figure class=\"wp-block-image size-full is-resized\"><a href=\"https:\/\/clickturismo.es\/index.php\/avila\/\"><img loading=\"lazy\" src=\"http:\/\/turismopalencia.digital\/wp-content\/uploads\/2022\/02\/Imagen21-1.png\" alt=\"\" class=\"wp-image-901\" width=\"1241\" height=\"188\" srcset=\"https:\/\/turismopalencia.digital\/wp-content\/uploads\/2022\/02\/Imagen21-1.png 804w, https:\/\/turismopalencia.digital\/wp-content\/uploads\/2022\/02\/Imagen21-1-300x46.png 300w, https:\/\/turismopalencia.digital\/wp-content\/uploads\/2022\/02\/Imagen21-1-768x117.png 768w, https:\/\/turismopalencia.digital\/wp-content\/uploads\/2022\/02\/Imagen21-1-66x10.png 66w\" sizes=\"(max-width: 1241px) 100vw, 1241px\" \/><\/a><\/figure>\n\n\n\n<figure class=\"wp-block-image size-full is-resized\"><a href=\"http:\/\/turismoburgos.digital\/index.php\/burgos-2\/\"><img loading=\"lazy\" src=\"http:\/\/turismopalencia.digital\/wp-content\/uploads\/2022\/02\/Imagen22-1.png\" alt=\"\" class=\"wp-image-902\" width=\"1239\" height=\"191\" srcset=\"https:\/\/turismopalencia.digital\/wp-content\/uploads\/2022\/02\/Imagen22-1.png 805w, https:\/\/turismopalencia.digital\/wp-content\/uploads\/2022\/02\/Imagen22-1-300x46.png 300w, https:\/\/turismopalencia.digital\/wp-content\/uploads\/2022\/02\/Imagen22-1-768x118.png 768w, https:\/\/turismopalencia.digital\/wp-content\/uploads\/2022\/02\/Imagen22-1-65x10.png 65w\" sizes=\"(max-width: 1239px) 100vw, 1239px\" \/><\/a><\/figure>\n\n\n\n<figure class=\"wp-block-image size-full is-resized\"><a href=\"https:\/\/clickturismo.es\/index.php\/leon\/\"><img loading=\"lazy\" src=\"http:\/\/turismopalencia.digital\/wp-content\/uploads\/2022\/02\/Imagen23-1.png\" alt=\"\" class=\"wp-image-903\" width=\"1240\" height=\"191\" srcset=\"https:\/\/turismopalencia.digital\/wp-content\/uploads\/2022\/02\/Imagen23-1.png 804w, https:\/\/turismopalencia.digital\/wp-content\/uploads\/2022\/02\/Imagen23-1-300x46.png 300w, https:\/\/turismopalencia.digital\/wp-content\/uploads\/2022\/02\/Imagen23-1-768x118.png 768w, https:\/\/turismopalencia.digital\/wp-content\/uploads\/2022\/02\/Imagen23-1-65x10.png 65w\" sizes=\"(max-width: 1240px) 100vw, 1240px\" \/><\/a><\/figure>\n\n\n\n<figure class=\"wp-block-image size-full is-resized\"><a href=\"http:\/\/turismopalencia.digital\/index.php\/palencia\/\"><img loading=\"lazy\" src=\"http:\/\/turismopalencia.digital\/wp-content\/uploads\/2022\/02\/Imagen24-1.png\" alt=\"\" class=\"wp-image-904\" width=\"1241\" height=\"189\" srcset=\"https:\/\/turismopalencia.digital\/wp-content\/uploads\/2022\/02\/Imagen24-1.png 803w, https:\/\/turismopalencia.digital\/wp-content\/uploads\/2022\/02\/Imagen24-1-300x46.png 300w, https:\/\/turismopalencia.digital\/wp-content\/uploads\/2022\/02\/Imagen24-1-768x117.png 768w, https:\/\/turismopalencia.digital\/wp-content\/uploads\/2022\/02\/Imagen24-1-66x10.png 66w\" sizes=\"(max-width: 1241px) 100vw, 1241px\" \/><\/a><\/figure>\n\n\n\n<figure class=\"wp-block-image size-full is-resized\"><a href=\"https:\/\/clickturismo.es\/index.php\/salamanca\/\"><img loading=\"lazy\" src=\"http:\/\/turismopalencia.digital\/wp-content\/uploads\/2022\/02\/Imagen25-1.png\" alt=\"\" class=\"wp-image-905\" width=\"1242\" height=\"192\" srcset=\"https:\/\/turismopalencia.digital\/wp-content\/uploads\/2022\/02\/Imagen25-1.png 804w, https:\/\/turismopalencia.digital\/wp-content\/uploads\/2022\/02\/Imagen25-1-300x46.png 300w, https:\/\/turismopalencia.digital\/wp-content\/uploads\/2022\/02\/Imagen25-1-768x118.png 768w, https:\/\/turismopalencia.digital\/wp-content\/uploads\/2022\/02\/Imagen25-1-65x10.png 65w\" sizes=\"(max-width: 1242px) 100vw, 1242px\" \/><\/a><\/figure>\n\n\n\n<figure class=\"wp-block-image size-full is-resized\"><a href=\"https:\/\/clickturismo.es\/index.php\/segovia\/\"><img loading=\"lazy\" src=\"http:\/\/turismopalencia.digital\/wp-content\/uploads\/2022\/02\/Imagen26-1.png\" alt=\"\" class=\"wp-image-906\" width=\"1240\" height=\"191\" srcset=\"https:\/\/turismopalencia.digital\/wp-content\/uploads\/2022\/02\/Imagen26-1.png 804w, https:\/\/turismopalencia.digital\/wp-content\/uploads\/2022\/02\/Imagen26-1-300x46.png 300w, https:\/\/turismopalencia.digital\/wp-content\/uploads\/2022\/02\/Imagen26-1-768x118.png 768w, https:\/\/turismopalencia.digital\/wp-content\/uploads\/2022\/02\/Imagen26-1-65x10.png 65w\" sizes=\"(max-width: 1240px) 100vw, 1240px\" \/><\/a><\/figure>\n\n\n\n<figure class=\"wp-block-image size-full is-resized\"><a href=\"https:\/\/clickturismo.es\/index.php\/soria\/\"><img loading=\"lazy\" src=\"http:\/\/turismopalencia.digital\/wp-content\/uploads\/2022\/02\/Imagen27-1.png\" alt=\"\" class=\"wp-image-907\" width=\"1240\" height=\"187\" srcset=\"https:\/\/turismopalencia.digital\/wp-content\/uploads\/2022\/02\/Imagen27-1.png 803w, https:\/\/turismopalencia.digital\/wp-content\/uploads\/2022\/02\/Imagen27-1-300x45.png 300w, https:\/\/turismopalencia.digital\/wp-content\/uploads\/2022\/02\/Imagen27-1-768x116.png 768w, https:\/\/turismopalencia.digital\/wp-content\/uploads\/2022\/02\/Imagen27-1-66x10.png 66w\" sizes=\"(max-width: 1240px) 100vw, 1240px\" \/><\/a><\/figure>\n\n\n\n<figure class=\"wp-block-image size-full is-resized\"><a href=\"https:\/\/clickturismo.es\/index.php\/valladolid\/\"><img loading=\"lazy\" src=\"http:\/\/turismopalencia.digital\/wp-content\/uploads\/2022\/02\/Imagen28-1.png\" alt=\"\" class=\"wp-image-908\" width=\"1240\" height=\"190\" srcset=\"https:\/\/turismopalencia.digital\/wp-content\/uploads\/2022\/02\/Imagen28-1.png 804w, https:\/\/turismopalencia.digital\/wp-content\/uploads\/2022\/02\/Imagen28-1-300x46.png 300w, https:\/\/turismopalencia.digital\/wp-content\/uploads\/2022\/02\/Imagen28-1-768x117.png 768w, https:\/\/turismopalencia.digital\/wp-content\/uploads\/2022\/02\/Imagen28-1-65x10.png 65w\" sizes=\"(max-width: 1240px) 100vw, 1240px\" \/><\/a><\/figure>\n\n\n\n<figure class=\"wp-block-image size-full is-resized\"><a href=\"https:\/\/clickturismo.es\/index.php\/zamora\/\"><img loading=\"lazy\" src=\"http:\/\/turismopalencia.digital\/wp-content\/uploads\/2022\/02\/Imagen29-1.png\" alt=\"\" class=\"wp-image-909\" width=\"1240\" height=\"190\" srcset=\"https:\/\/turismopalencia.digital\/wp-content\/uploads\/2022\/02\/Imagen29-1.png 804w, https:\/\/turismopalencia.digital\/wp-content\/uploads\/2022\/02\/Imagen29-1-300x46.png 300w, https:\/\/turismopalencia.digital\/wp-content\/uploads\/2022\/02\/Imagen29-1-768x117.png 768w, https:\/\/turismopalencia.digital\/wp-content\/uploads\/2022\/02\/Imagen29-1-65x10.png 65w\" sizes=\"(max-width: 1240px) 100vw, 1240px\" \/><\/a><\/figure>\n\n\n\n<hr class=\"wp-block-separator\"\/>\n\n\n\n<figure class=\"wp-block-embed is-type-video is-provider-youtube wp-block-embed-youtube wp-embed-aspect-16-9 wp-has-aspect-ratio\"><div class=\"wp-block-embed__wrapper\">\n<iframe loading=\"lazy\" title=\"Vive Castilla y Le\u00f3n \u00a1Castilla y Le\u00f3n es Vida!\" width=\"1032\" height=\"581\" src=\"https:\/\/www.youtube.com\/embed\/tR-yxjPDeeE?start=5&#038;feature=oembed\" frameborder=\"0\" allow=\"accelerometer; autoplay; clipboard-write; encrypted-media; gyroscope; picture-in-picture\" allowfullscreen><\/iframe>\n<\/div><\/figure>\n\n\n\n<hr class=\"wp-block-separator\"\/>\n","protected":false},"excerpt":{"rendered":"<p>Ancha es Castilla.De norte a sur, de este a oeste, recorremos esta comunidad aut\u00f3noma para ense\u00f1aros los lugares m\u00e1s bonitos que ver en Castilla y &hellip;<\/p>\n","protected":false},"author":1,"featured_media":0,"parent":0,"menu_order":0,"comment_status":"closed","ping_status":"closed","template":"","meta":{"_monsterinsights_skip_tracking":false,"_monsterinsights_sitenote_active":false,"_monsterinsights_sitenote_note":"","_monsterinsights_sitenote_category":0},"_links":{"self":[{"href":"https:\/\/turismopalencia.digital\/index.php\/wp-json\/wp\/v2\/pages\/895"}],"collection":[{"href":"https:\/\/turismopalencia.digital\/index.php\/wp-json\/wp\/v2\/pages"}],"about":[{"href":"https:\/\/turismopalencia.digital\/index.php\/wp-json\/wp\/v2\/types\/page"}],"author":[{"embeddable":true,"href":"https:\/\/turismopalencia.digital\/index.php\/wp-json\/wp\/v2\/users\/1"}],"replies":[{"embeddable":true,"href":"https:\/\/turismopalencia.digital\/index.php\/wp-json\/wp\/v2\/comments?post=895"}],"version-history":[{"count":4,"href":"https:\/\/turismopalencia.digital\/index.php\/wp-json\/wp\/v2\/pages\/895\/revisions"}],"predecessor-version":[{"id":1179,"href":"https:\/\/turismopalencia.digital\/index.php\/wp-json\/wp\/v2\/pages\/895\/revisions\/1179"}],"wp:attachment":[{"href":"https:\/\/turismopalencia.digital\/index.php\/wp-json\/wp\/v2\/media?parent=895"}],"curies":[{"name":"wp","href":"https:\/\/api.w.org\/{rel}","templated":true}]}}