{"id":969,"date":"2022-02-28T18:31:23","date_gmt":"2022-02-28T18:31:23","guid":{"rendered":"http:\/\/turismopalencia.digital\/?page_id=969"},"modified":"2022-04-04T20:47:42","modified_gmt":"2022-04-04T20:47:42","slug":"romanico-palentino","status":"publish","type":"page","link":"https:\/\/turismopalencia.digital\/index.php\/romanico-palentino\/","title":{"rendered":"Rom\u00e1nico Palentino"},"content":{"rendered":"\n<hr class=\"wp-block-separator\"\/>\n\n\n\n<hr class=\"wp-block-separator\"\/>\n\n\n\n<h2>Una ruta cargada de arte e historia por Palencia, una provincia que cuenta con la mayor concentraci\u00f3n mundial de ermitas e iglesias del estilo que forj\u00f3 la identidad europea durante la Edad Media.<\/h2>\n\n\n\n<p>El&nbsp;<strong>r\u00edo Pisuerga<\/strong>, que&nbsp;nace en el norte de la&nbsp;<a href=\"http:\/\/turismopalencia.digital\/index.php\/palencia-provincia\/\" target=\"_blank\" rel=\"noreferrer noopener\">provincia de Palencia<\/a>&nbsp;y desemboca en el Duero cerca de Geria, en Valladolid,&nbsp;transita por un territorio marcado por iglesias de arcos redondeados y piedras centenarias. Es la llamada&nbsp;<strong><a href=\"https:\/\/clickturismo.es\/palenciaromanico\" target=\"_blank\" rel=\"noreferrer noopener\" title=\"ruta del rom\u00e1nico palentino\">ruta del rom\u00e1nico palentino<\/a><\/strong>, un viaje que combina los encantos hist\u00f3ricos y art\u00edsticos medievales, con una riqueza geol\u00f3gica que convierte esta regi\u00f3n de Castilla y Le\u00f3n en un interesante geoparque.<\/p>\n\n\n\n<p>Palencia sigue siendo una de las provincias m\u00e1s desconocidas de Espa\u00f1a, con gran peso del mundo rural, ese que ahora intenta no caer en el olvido de la Espa\u00f1a Vaciada. El g\u00f3tico, que lleg\u00f3 para sustituir al rom\u00e1nico en las ciudades medievales m\u00e1s ricas de Castilla, aqu\u00ed no arraig\u00f3. Tierra humilde de campesinos, mantuvo inalteradas sus peque\u00f1as iglesias y monasterios, que hoy son joyas art\u00edsticas y un reclamo fundamental para los viajeros que llegan hasta aqu\u00ed. Para adentrarse en el rom\u00e1nico palentino, conviene poner el foco en el curso alto del Pisuerga, en las comarcas de&nbsp;<a href=\"https:\/\/clickturismo.es\/cerveradepisuerga\/\" target=\"_blank\" rel=\"noreferrer noopener\"><strong>Cervera de Pisuerga<\/strong><\/a>&nbsp;y&nbsp;<a href=\"https:\/\/clickturismo.es\/palencia\/aguilardecampoo\/\" target=\"_blank\" rel=\"noreferrer noopener\"><strong>Aguilar de Campoo<\/strong><\/a>, donde la concentraci\u00f3n de monasterios y peque\u00f1as ermitas es enorme. Pero m\u00e1s al sur quedan tesoros por descubrir como&nbsp;<strong><a href=\"https:\/\/clickturismo.es\/palencia\/fromista\/\" target=\"_blank\" rel=\"noreferrer noopener\">Fr\u00f3mista<\/a><\/strong>&nbsp;o&nbsp;<strong><a href=\"https:\/\/clickturismo.es\/carriondeloscondes\/\" target=\"_blank\" rel=\"noreferrer noopener\">Carri\u00f3n de los Condes<\/a><\/strong>, paradas imprescindibles para entender la corriente art\u00edstica que rein\u00f3 en Europa durante la Edad Media.<\/p>\n\n\n\n<figure class=\"wp-block-image size-full is-resized\"><img loading=\"lazy\" src=\"http:\/\/turismopalencia.digital\/wp-content\/uploads\/2022\/02\/6f481d3e3d59a4faf2107d20d2556949.jpg\" alt=\"\" class=\"wp-image-973\" width=\"1183\" height=\"883\" srcset=\"https:\/\/turismopalencia.digital\/wp-content\/uploads\/2022\/02\/6f481d3e3d59a4faf2107d20d2556949.jpg 1017w, https:\/\/turismopalencia.digital\/wp-content\/uploads\/2022\/02\/6f481d3e3d59a4faf2107d20d2556949-300x224.jpg 300w, https:\/\/turismopalencia.digital\/wp-content\/uploads\/2022\/02\/6f481d3e3d59a4faf2107d20d2556949-768x573.jpg 768w, https:\/\/turismopalencia.digital\/wp-content\/uploads\/2022\/02\/6f481d3e3d59a4faf2107d20d2556949-13x10.jpg 13w\" sizes=\"(max-width: 1183px) 100vw, 1183px\" \/><figcaption>Moarves de Ojeda<\/figcaption><\/figure>\n\n\n\n<hr class=\"wp-block-separator\"\/>\n\n\n\n<h2>Rom\u00e1nico Palentino GEOPOSICIONADO<\/h2>\n\n\n\n<iframe loading=\"lazy\" src=\"https:\/\/www.google.com\/maps\/d\/embed?mid=1BJkrxEli52OmVfXVJVtR_UxIT4BFjt0V&amp;ehbc=2E312F\" width=\"1200\" height=\"480\"><\/iframe>\n\n\n\n<hr class=\"wp-block-separator\"\/>\n\n\n\n<h2>Rom\u00e1nico Palentino LOCALIDADES por ORDEN ALFAB\u00c9TICO<\/h2>\n\n\n\n<p>Te presentamos, pueblo a pueblo, todo lo que podr\u00e1s ver y disfutar: desde grandes iglesias parroquiales rom\u00e1nicas, hasta humildes ermitas rurales, pasando por conjuntos mon\u00e1sticos, pilas bautismales, capiteles&#8230;<br>Rom\u00e1nico Palentino por <a href=\"https:\/\/clickturismo.es\/palenciaromanico\/palenciaromanico_002.htm\" target=\"_blank\" rel=\"noreferrer noopener\" title=\"ORDEN ALFAB\u00c9TICO\">ORDEN ALFAB\u00c9TICO<\/a><\/p>\n\n\n\n<h2>A<\/h2>\n\n\n\n<p><a href=\"https:\/\/clickturismo.es\/palenciaromanico\/palenciaromanico_003.htm\">Aguilar de Campoo\/ San Andr\u00e9s<\/a><\/p>\n\n\n\n<p><a href=\"https:\/\/clickturismo.es\/palenciaromanico\/palenciaromanico_004.htm\">Aguilar de Campoo\/ San Miguel<\/a><\/p>\n\n\n\n<p><a href=\"https:\/\/clickturismo.es\/palenciaromanico\/palenciaromanico_005.htm\">Aguilar de Campoo\/ Santa Cecilia<\/a><\/p>\n\n\n\n<p><a href=\"https:\/\/clickturismo.es\/palenciaromanico\/palenciaromanico_006.htm\">Aguilar de Campoo\/ Santa Mar\u00eda La Real<\/a><\/p>\n\n\n\n<p><a href=\"https:\/\/clickturismo.es\/palenciaromanico\/palenciaromanico_007.htm\">Amayuelas de Abajo<\/a><\/p>\n\n\n\n<p><a href=\"https:\/\/clickturismo.es\/palenciaromanico\/palenciaromanico_008.htm\">Amayuelas de Arriba<\/a><\/p>\n\n\n\n<p><a href=\"https:\/\/clickturismo.es\/palenciaromanico\/palenciaromanico_009.htm\">Amusco<\/a><\/p>\n\n\n\n<p><a href=\"https:\/\/clickturismo.es\/palenciaromanico\/palenciaromanico_010.htm\">Arenillas de Nu\u00f1o P\u00e9rez<\/a><\/p>\n\n\n\n<p><a href=\"https:\/\/clickturismo.es\/palenciaromanico\/palenciaromanico_011.htm\">Arenillas de San Pelayo<\/a><\/p>\n\n\n\n<h2>B<\/h2>\n\n\n\n<p><a href=\"https:\/\/clickturismo.es\/palenciaromanico\/palenciaromanico_012.htm\">Barrio de Santa Mar\u00eda<\/a><\/p>\n\n\n\n<p><a href=\"https:\/\/clickturismo.es\/palenciaromanico\/palenciaromanico_013.htm\">Barruelo de Santull\u00e1n<\/a><\/p>\n\n\n\n<p><a href=\"https:\/\/clickturismo.es\/palenciaromanico\/palenciaromanico_014.htm\">B\u00e1scones de Valdivia<\/a><\/p>\n\n\n\n<p><a href=\"https:\/\/clickturismo.es\/palenciaromanico\/palenciaromanico_016.htm\">Becerril del Carpio\/ San Pedro<\/a><\/p>\n\n\n\n<p><a href=\"https:\/\/clickturismo.es\/palenciaromanico\/palenciaromanico_017.htm\">Becerril del Carpio\/ San Vicente<\/a><\/p>\n\n\n\n<p><a href=\"https:\/\/clickturismo.es\/palenciaromanico\/palenciaromanico_018.htm\">Becerril del Carpio\/ Santa Mar\u00eda<\/a><\/p>\n\n\n\n<p><a href=\"https:\/\/clickturismo.es\/palenciaromanico\/palenciaromanico_019.htm\">Bra\u00f1osera<\/a><\/p>\n\n\n\n<p><a href=\"https:\/\/clickturismo.es\/palenciaromanico\/palenciaromanico_020.htm\">Bustillo de Santull\u00e1n<\/a><\/p>\n\n\n\n<h2>C<\/h2>\n\n\n\n<p><a href=\"https:\/\/clickturismo.es\/palenciaromanico\/palenciaromanico_021.htm\" title=\"Cabria\">Cabria<\/a><\/p>\n\n\n\n<p><a href=\"https:\/\/clickturismo.es\/palenciaromanico\/palenciaromanico_022.htm\" title=\"Canduela\">Canduela<\/a><\/p>\n\n\n\n<p><a href=\"https:\/\/clickturismo.es\/palenciaromanico\/palenciaromanico_024.htm\">Carri\u00f3n de los Condes\/ San Zoilo<\/a><\/p>\n\n\n\n<p><a href=\"https:\/\/clickturismo.es\/palenciaromanico\/palenciaromanico_023.htm\">Carri\u00f3n de los Condes\/ Santa Mar\u00eda<\/a><\/p>\n\n\n\n<p><a href=\"https:\/\/clickturismo.es\/palenciaromanico\/palenciaromanico_025.htm\">Carri\u00f3n de los Condes\/ Santiago<\/a><\/p>\n\n\n\n<p><a href=\"https:\/\/clickturismo.es\/palenciaromanico\/palenciaromanico_026.htm\">Cezura<\/a><\/p>\n\n\n\n<p><a href=\"https:\/\/clickturismo.es\/palenciaromanico\/palenciaromanico_027.htm\">Cillamayor<\/a><\/p>\n\n\n\n<p><a href=\"https:\/\/clickturismo.es\/palenciaromanico\/palenciaromanico_028.htm\">Colmenares de Ojeda<\/a><\/p>\n\n\n\n<p><a href=\"https:\/\/clickturismo.es\/palenciaromanico\/palenciaromanico_029.htm\">Congosto de Valdavia<\/a><\/p>\n\n\n\n<p><a href=\"https:\/\/clickturismo.es\/palenciaromanico\/palenciaromanico_030.htm\">Corvio<\/a><\/p>\n\n\n\n<h2>D<\/h2>\n\n\n\n<p><a href=\"https:\/\/clickturismo.es\/palenciaromanico\/palenciaromanico_031.htm\">Dehesa de Montejo<\/a><\/p>\n\n\n\n<p><a href=\"https:\/\/clickturismo.es\/palenciaromanico\/palenciaromanico_032.htm\">Due\u00f1as<\/a><\/p>\n\n\n\n<h2>F<\/h2>\n\n\n\n<p><a href=\"https:\/\/clickturismo.es\/palenciaromanico\/palenciaromanico_033.htm\">Fr\u00f3mista<\/a><\/p>\n\n\n\n<p><a href=\"https:\/\/clickturismo.es\/palenciaromanico\/palenciaromanico_034.htm\">Fuentes de Valdepero\/ Iglesia de la Antigua<\/a><\/p>\n\n\n\n<p><a href=\"https:\/\/clickturismo.es\/palenciaromanico\/palenciaromanico_035.htm\" title=\"Fuentes de Valdepero\/ Ermita de San Pedro\">Fuentes de Valdepero\/ Ermita de San Pedro<\/a><\/p>\n\n\n\n<h2>G<\/h2>\n\n\n\n<p><a href=\"https:\/\/clickturismo.es\/palenciaromanico\/palenciaromanico_036.htm\">Gama<\/a><\/p>\n\n\n\n<p><a href=\"https:\/\/clickturismo.es\/palenciaromanico\/palenciaromanico_037.htm\">Grijota<\/a><\/p>\n\n\n\n<h2>H<\/h2>\n\n\n\n<p><a href=\"https:\/\/clickturismo.es\/palenciaromanico\/palenciaromanico_038.htm\">Helecha de Valdivia<\/a><\/p>\n\n\n\n<p><a href=\"https:\/\/clickturismo.es\/palenciaromanico\/palenciaromanico_039.htm\">Husillos<\/a><\/p>\n\n\n\n<h2>L<\/h2>\n\n\n\n<p><a href=\"https:\/\/clickturismo.es\/palenciaromanico\/palenciaromanico_040.htm\">Loma de Castrej\u00f3n<\/a><\/p>\n\n\n\n<p><a href=\"https:\/\/clickturismo.es\/palenciaromanico\/palenciaromanico_041.htm\">Lomilla de Aguilar<\/a><\/p>\n\n\n\n<h2>M<\/h2>\n\n\n\n<p><a href=\"https:\/\/clickturismo.es\/palenciaromanico\/palenciaromanico_042.htm\">Manquillos<\/a><\/p>\n\n\n\n<p><a href=\"https:\/\/clickturismo.es\/palenciaromanico\/palenciaromanico_043.htm\">Matabuena<\/a><\/p>\n\n\n\n<p><a href=\"https:\/\/clickturismo.es\/palenciaromanico\/palenciaromanico_044.htm\">Matalbaniega<\/a><\/p>\n\n\n\n<p><a href=\"https:\/\/clickturismo.es\/palenciaromanico\/palenciaromanico_045.htm\">Matamorisca<\/a><\/p>\n\n\n\n<p><a href=\"https:\/\/clickturismo.es\/palenciaromanico\/palenciaromanico_046.htm\">Moarves de Ojeda<\/a><\/p>\n\n\n\n<p><a href=\"https:\/\/clickturismo.es\/palenciaromanico\/palenciaromanico_047.htm\">Monasterio\/ Asunci\u00f3n<\/a><\/p>\n\n\n\n<p><a href=\"https:\/\/clickturismo.es\/palenciaromanico\/palenciaromanico_048.htm\">Monasterio\/ Santa Luc\u00eda<\/a><\/p>\n\n\n\n<p><a href=\"https:\/\/clickturismo.es\/palenciaromanico\/palenciaromanico_049.htm\">Monz\u00f3n de Campos<\/a><\/p>\n\n\n\n<p><a href=\"https:\/\/clickturismo.es\/palenciaromanico\/palenciaromanico_050.htm\" title=\"Mud\u00e1\">Mud\u00e1<\/a><\/p>\n\n\n\n<h2>N<\/h2>\n\n\n\n<p><a href=\"https:\/\/clickturismo.es\/palenciaromanico\/palenciaromanico_051.htm\">Nava de Santull\u00e1n<\/a><\/p>\n\n\n\n<p><a href=\"https:\/\/clickturismo.es\/palenciaromanico\/palenciaromanico_052.htm\">Nogales de Pisuerga<\/a><\/p>\n\n\n\n<h2>O<\/h2>\n\n\n\n<p><a href=\"https:\/\/clickturismo.es\/palenciaromanico\/palenciaromanico_053.htm\">Olleros de Pisuerga<\/a><\/p>\n\n\n\n<p><a href=\"https:\/\/clickturismo.es\/palenciaromanico\/palenciaromanico_054.htm\">Olmos de Ojeda<\/a><\/p>\n\n\n\n<h2>P<\/h2>\n\n\n\n<p><a href=\"https:\/\/clickturismo.es\/palenciaromanico\/palenciaromanico_055.htm\">Palencia\/ San Juan<\/a><\/p>\n\n\n\n<p><a href=\"https:\/\/clickturismo.es\/palenciaromanico\/palenciaromanico_056.htm\">Palencia\/ San Miguel<\/a><\/p>\n\n\n\n<p><a href=\"https:\/\/clickturismo.es\/palenciaromanico\/palenciaromanico_057.htm\">Paredes de Nava<\/a><\/p>\n\n\n\n<p><a href=\"https:\/\/clickturismo.es\/palenciaromanico\/palenciaromanico_059.htm\">Perazancas\/ Asunci\u00f3n<\/a><\/p>\n\n\n\n<p><a href=\"https:\/\/clickturismo.es\/palenciaromanico\/palenciaromanico_058.htm\" title=\"Perazancas\/ San Pelayo\">Perazancas\/ San Pelayo<\/a><\/p>\n\n\n\n<p><a href=\"https:\/\/clickturismo.es\/palenciaromanico\/palenciaromanico_060.htm\">Pis\u00f3n de Castrej\u00f3n<\/a><\/p>\n\n\n\n<p><a href=\"https:\/\/clickturismo.es\/palenciaromanico\/palenciaromanico_061.htm\">Pis\u00f3n de Ojeda<\/a><\/p>\n\n\n\n<p><a href=\"https:\/\/clickturismo.es\/palenciaromanico\/palenciaromanico_062.htm\">Pomar de Valdivia<\/a><\/p>\n\n\n\n<p><a href=\"https:\/\/clickturismo.es\/palenciaromanico\/palenciaromanico_063.htm\">Porquera de Santull\u00e1n<\/a><\/p>\n\n\n\n<p><a href=\"https:\/\/clickturismo.es\/palenciaromanico\/palenciaromanico_064.htm\">Pozancos<\/a><\/p>\n\n\n\n<h2>Q<\/h2>\n\n\n\n<p><a href=\"https:\/\/clickturismo.es\/palenciaromanico\/palenciaromanico_065.htm\">Quintanatello de Ojeda<\/a><\/p>\n\n\n\n<h2>R<\/h2>\n\n\n\n<p><a href=\"https:\/\/clickturismo.es\/palenciaromanico\/palenciaromanico_066.htm\">Rebolledo de la Inera<\/a><\/p>\n\n\n\n<p><a href=\"https:\/\/clickturismo.es\/palenciaromanico\/palenciaromanico_067.htm\">Renedo de la Inera<\/a><\/p>\n\n\n\n<p><a href=\"https:\/\/clickturismo.es\/palenciaromanico\/palenciaromanico_068.htm\">Renedo de Valdavia<\/a><\/p>\n\n\n\n<p><a href=\"https:\/\/clickturismo.es\/palenciaromanico\/palenciaromanico_069.htm\">Respenda de Aguilar<\/a><\/p>\n\n\n\n<p><a href=\"https:\/\/clickturismo.es\/palenciaromanico\/palenciaromanico_070.htm\">Revilla de Santull\u00e1n<\/a><\/p>\n\n\n\n<p><a href=\"https:\/\/clickturismo.es\/palenciaromanico\/palenciaromanico_071.htm\">Ribas de Campos<\/a><\/p>\n\n\n\n<p><a href=\"https:\/\/clickturismo.es\/palenciaromanico\/palenciaromanico_072.htm\">Rueda de Pisuerga<\/a><\/p>\n\n\n\n<h2>S<\/h2>\n\n\n\n<p><a href=\"https:\/\/clickturismo.es\/palenciaromanico\/palenciaromanico_073.htm\">Salcedillo<\/a><\/p>\n\n\n\n<p><a href=\"https:\/\/clickturismo.es\/palenciaromanico\/palenciaromanico_074.htm\">San Andr\u00e9s del Arroyo<\/a><\/p>\n\n\n\n<p><a href=\"https:\/\/clickturismo.es\/palenciaromanico\/palenciaromanico_075.htm\">San Cebri\u00e1n de Mud\u00e1<\/a><\/p>\n\n\n\n<p><a href=\"https:\/\/clickturismo.es\/palenciaromanico\/palenciaromanico_076.htm\">San Salvador de Cantamuda<\/a><\/p>\n\n\n\n<p><a href=\"https:\/\/clickturismo.es\/palenciaromanico\/palenciaromanico_077.htm\">Santa Mar\u00eda de Mave<\/a><\/p>\n\n\n\n<p><a href=\"https:\/\/clickturismo.es\/palenciaromanico\/palenciaromanico_078.htm\">Santa Mar\u00eda de Nava<\/a><\/p>\n\n\n\n<p><a href=\"https:\/\/clickturismo.es\/palenciaromanico\/palenciaromanico_079.htm\">Santoyo<\/a><\/p>\n\n\n\n<h2>T<\/h2>\n\n\n\n<p><a href=\"https:\/\/clickturismo.es\/palenciaromanico\/palenciaromanico_080.htm\">T\u00e1mara de Campos<\/a><\/p>\n\n\n\n<p><a href=\"https:\/\/clickturismo.es\/palenciaromanico\/palenciaromanico_081.htm\">Torremormoj\u00f3n<\/a><\/p>\n\n\n\n<p><a href=\"https:\/\/clickturismo.es\/palenciaromanico\/palenciaromanico_082.htm\">Traspe\u00f1a de la Pe\u00f1a<\/a><\/p>\n\n\n\n<h2>V<\/h2>\n\n\n\n<p><a href=\"https:\/\/clickturismo.es\/palenciaromanico\/palenciaromanico_083.htm\">Valberzoso<\/a><\/p>\n\n\n\n<p><a href=\"https:\/\/clickturismo.es\/palenciaromanico\/palenciaromanico_084.htm\">Valdegama<\/a><\/p>\n\n\n\n<p><a href=\"https:\/\/clickturismo.es\/palenciaromanico\/palenciaromanico_085.htm\">Valdespina\/ Ntra. Sra. del Olmo<\/a><\/p>\n\n\n\n<p><a href=\"https:\/\/clickturismo.es\/palenciaromanico\/palenciaromanico_086.htm\">Valdespina\/ San Esteban<\/a><\/p>\n\n\n\n<p><a href=\"https:\/\/clickturismo.es\/palenciaromanico\/palenciaromanico_087.htm\">Valles de Valdavia<\/a><\/p>\n\n\n\n<p><a href=\"https:\/\/clickturismo.es\/palenciaromanico\/palenciaromanico_088.htm\">Vallespinoso de Aguilar<\/a><\/p>\n\n\n\n<p><a href=\"https:\/\/clickturismo.es\/palenciaromanico\/palenciaromanico_089.htm\">Valoria de Aguilar<\/a><\/p>\n\n\n\n<p><a href=\"https:\/\/clickturismo.es\/palenciaromanico\/palenciaromanico_090.htm\">Valoria del Alcor<\/a><\/p>\n\n\n\n<p><a href=\"https:\/\/clickturismo.es\/palenciaromanico\/palenciaromanico_091.htm\">Vega de Bur\/ San Tirso<\/a><\/p>\n\n\n\n<p><a href=\"https:\/\/clickturismo.es\/palenciaromanico\/palenciaromanico_092.htm\">Vega de Bur\/ San Vicente<\/a><\/p>\n\n\n\n<p><a href=\"https:\/\/clickturismo.es\/palenciaromanico\/palenciaromanico_093.htm\">Verbios<\/a><\/p>\n\n\n\n<p><a href=\"https:\/\/clickturismo.es\/palenciaromanico\/palenciaromanico_094.htm\">Villabellaco<\/a><\/p>\n\n\n\n<p><a href=\"https:\/\/clickturismo.es\/palenciaromanico\/palenciaromanico_095.htm\">Villaconancio<\/a><\/p>\n\n\n\n<p><a href=\"https:\/\/clickturismo.es\/palenciaromanico\/palenciaromanico_096.htm\">Villajimena<\/a><\/p>\n\n\n\n<p><a href=\"https:\/\/clickturismo.es\/palenciaromanico\/palenciaromanico_097.htm\">Villalcazar de Sirga<\/a><\/p>\n\n\n\n<p><a href=\"https:\/\/clickturismo.es\/palenciaromanico\/palenciaromanico_098.htm\">Villamuriel de Cerrato<\/a><\/p>\n\n\n\n<p><a href=\"https:\/\/clickturismo.es\/palenciaromanico\/palenciaromanico_099.htm\">Villanueva de la Pe\u00f1a<\/a><\/p>\n\n\n\n<p><a href=\"https:\/\/clickturismo.es\/palenciaromanico\/palenciaromanico_100.htm\">Villanueva de la Torre<\/a><\/p>\n\n\n\n<p><a href=\"https:\/\/clickturismo.es\/palenciaromanico\/palenciaromanico_101.htm\">Villar\u00e9n de Valdivia<\/a><\/p>\n\n\n\n<p><a href=\"https:\/\/clickturismo.es\/palenciaromanico\/palenciaromanico_102.htm\">Villavega de Aguilar<\/a><\/p>\n\n\n\n<p><a href=\"https:\/\/clickturismo.es\/palenciaromanico\/palenciaromanico_103.htm\">Villaverde de la Pe\u00f1a<\/a><\/p>\n\n\n\n<h2>Z<\/h2>\n\n\n\n<p><a href=\"https:\/\/clickturismo.es\/palenciaromanico\/palenciaromanico_104.htm\">Zorita del P\u00e1ramo<\/a><\/p>\n\n\n\n<hr class=\"wp-block-separator\"\/>\n\n\n\n<hr class=\"wp-block-separator\"\/>\n","protected":false},"excerpt":{"rendered":"<p>Una ruta cargada de arte e historia por Palencia, una provincia que cuenta con la mayor concentraci\u00f3n mundial de ermitas e iglesias del estilo que &hellip;<\/p>\n","protected":false},"author":1,"featured_media":1174,"parent":0,"menu_order":0,"comment_status":"closed","ping_status":"closed","template":"","meta":{"_monsterinsights_skip_tracking":false,"_monsterinsights_sitenote_active":false,"_monsterinsights_sitenote_note":"","_monsterinsights_sitenote_category":0},"_links":{"self":[{"href":"https:\/\/turismopalencia.digital\/index.php\/wp-json\/wp\/v2\/pages\/969"}],"collection":[{"href":"https:\/\/turismopalencia.digital\/index.php\/wp-json\/wp\/v2\/pages"}],"about":[{"href":"https:\/\/turismopalencia.digital\/index.php\/wp-json\/wp\/v2\/types\/page"}],"author":[{"embeddable":true,"href":"https:\/\/turismopalencia.digital\/index.php\/wp-json\/wp\/v2\/users\/1"}],"replies":[{"embeddable":true,"href":"https:\/\/turismopalencia.digital\/index.php\/wp-json\/wp\/v2\/comments?post=969"}],"version-history":[{"count":17,"href":"https:\/\/turismopalencia.digital\/index.php\/wp-json\/wp\/v2\/pages\/969\/revisions"}],"predecessor-version":[{"id":1337,"href":"https:\/\/turismopalencia.digital\/index.php\/wp-json\/wp\/v2\/pages\/969\/revisions\/1337"}],"wp:featuredmedia":[{"embeddable":true,"href":"https:\/\/turismopalencia.digital\/index.php\/wp-json\/wp\/v2\/media\/1174"}],"wp:attachment":[{"href":"https:\/\/turismopalencia.digital\/index.php\/wp-json\/wp\/v2\/media?parent=969"}],"curies":[{"name":"wp","href":"https:\/\/api.w.org\/{rel}","templated":true}]}}